{"id":785,"date":"2024-02-15T22:18:50","date_gmt":"2024-02-15T21:18:50","guid":{"rendered":"https:\/\/szekacs.lutheran.hu\/ovoda\/?page_id=785"},"modified":"2024-03-01T19:18:40","modified_gmt":"2024-03-01T18:18:40","slug":"alapitvanyunk","status":"publish","type":"page","link":"https:\/\/szekacs.lutheran.hu\/ovoda\/?page_id=785","title":{"rendered":"Alap\u00edtv\u00e1nyunk"},"content":{"rendered":"<p>[et_pb_section fb_built=&#8221;1&#8243; _builder_version=&#8221;4.24.0&#8243; _module_preset=&#8221;default&#8221; background_color=&#8221;#fffaad&#8221; min_height=&#8221;1039.1px&#8221; custom_margin=&#8221;0px||||false|false&#8221; custom_padding=&#8221;64px||||false|false&#8221; top_divider_style=&#8221;waves2&#8243; top_divider_color=&#8221;#DF946A&#8221; top_divider_repeat=&#8221;1x&#8221; top_divider_flip=&#8221;horizontal&#8221; bottom_divider_style=&#8221;waves2&#8243; bottom_divider_color=&#8221;#DF8B57&#8243; bottom_divider_repeat=&#8221;1x&#8221; bottom_divider_flip=&#8221;horizontal&#8221; global_colors_info=&#8221;{}&#8221;][et_pb_row _builder_version=&#8221;4.24.0&#8243; _module_preset=&#8221;default&#8221; global_colors_info=&#8221;{}&#8221;][et_pb_column type=&#8221;4_4&#8243; _builder_version=&#8221;4.24.0&#8243; _module_preset=&#8221;default&#8221; custom_padding=&#8221;20px||||false|false&#8221; global_colors_info=&#8221;{}&#8221;][et_pb_text _builder_version=&#8221;4.24.0&#8243; _module_preset=&#8221;default&#8221; header_2_font=&#8221;Amatic SC|700|||||||&#8221; header_2_text_align=&#8221;center&#8221; header_2_text_color=&#8221;#7C1800&#8243; header_2_font_size=&#8221;28px&#8221; header_3_font=&#8221;Amatic SC|700|||||||&#8221; header_3_text_color=&#8221;#7c1800&#8243; header_3_font_size=&#8221;26px&#8221; global_colors_info=&#8221;{}&#8221;]<\/p>\n<h2 style=\"text-align: center;\"><img loading=\"lazy\" decoding=\"async\" src=\"https:\/\/szekacs.lutheran.hu\/ovoda\/wp-content\/uploads\/2024\/02\/Ovi-logo-2024-hatter-nelkul-45x40-1.png\" width=\"45\" height=\"40\" alt=\"\" class=\"wp-image-390 alignnone size-full\" \/> \u00daJ REM\u00c9NYS\u00c9G ALAP\u00cdTV\u00c1NY<\/h2>\n<p>[\/et_pb_text][\/et_pb_column][\/et_pb_row][et_pb_row column_structure=&#8221;1_2,1_2&#8243; _builder_version=&#8221;4.24.0&#8243; _module_preset=&#8221;default&#8221; min_height=&#8221;581.8px&#8221; global_colors_info=&#8221;{}&#8221;][et_pb_column type=&#8221;1_2&#8243; _builder_version=&#8221;4.24.0&#8243; _module_preset=&#8221;default&#8221; global_colors_info=&#8221;{}&#8221;][et_pb_text ol_position=&#8221;outside&#8221; content_tablet=&#8221;<\/p>\n<p style=%22text-align: left;%22>\n<p style=%22text-align: center;%22><strong><em>\u201e A j\u00f3kedv\u0171 adakoz\u00f3t szereti az Isten.\u201d (2Kor 9,7)<\/em><\/strong><\/p>\n<p style=%22text-align: left;%22>1996 szeptember\u00e9t\u0151l m\u0171k\u00f6dik \u00f3vod\u00e1nk alap\u00edtv\u00e1nya, amely az alap\u00edt\u00f3 okirat\u00e1ban foglaltak szerint az al\u00e1bbi c\u00e9lok el\u00e9r\u00e9s\u00e9ben seg\u00edt:<\/p>\n<ol>\n<li style=%22list-style-type: none;%22>\n<ol style=%22text-align: left;%22>\n<li>J\u00e1t\u00e9k- \u00e9s sporteszk\u00f6z\u00f6k, oktat\u00e1si szeml\u00e9ltet\u0151eszk\u00f6z\u00f6k, szakk\u00f6nyvek v\u00e1s\u00e1rl\u00e1s\u00e1nak t\u00e1mogat\u00e1sa<\/li>\n<li>Az \u00f3voda otthonosabb\u00e1 t\u00e9tel\u00e9nek el\u0151seg\u00edt\u00e9se<\/li>\n<li style=%22text-align: left;%22>Az \u00f3vod\u00e1ban dolgoz\u00f3k szakmai tov\u00e1bbk\u00e9pz\u00e9s\u00e9nek anyagi t\u00e1mogat\u00e1sa<\/li>\n<\/ol>\n<\/li>\n<\/ol>\n<p style=%22text-align: left;%22>K\u00f6sz\u00f6nettel vessz\u00fck az alap\u00edtv\u00e1ny c\u00e9ljaira sz\u00e1nt k\u00f6zvetlen t\u00e1mogat\u00e1sokat. Mivel az alap\u00edtv\u00e1ny k\u00f6zhaszn\u00fa szervezetk\u00e9nt m\u0171k\u00f6dik, \u00edgy a mag\u00e1nszem\u00e9lyek \u00e1ltal felaj\u00e1nlott<strong> szem\u00e9lyi j\u00f6vedelemad\u00f3 1 %-\u00e1t<\/strong> is sz\u00edvesen fogadja.<\/p>\n<p style=%22text-align: left;%22><strong> K\u00e9rj\u00fck, amennyiben lehet\u0151s\u00e9ge van r\u00e1, seg\u00edtsen a fenti c\u00e9lok el\u00e9r\u00e9s\u00e9ben!<\/strong><\/p>\n<p>&#8221; content_phone=&#8221;<\/p>\n<p style=%22text-align: center;%22><strong><em>\u201e A j\u00f3kedv\u0171 adakoz\u00f3t szereti az Isten.\u201d (2Kor 9,7)<\/em><\/strong><\/p>\n<p style=%22text-align: left;%22>1996 szeptember\u00e9t\u0151l m\u0171k\u00f6dik \u00f3vod\u00e1nk alap\u00edtv\u00e1nya, amely az alap\u00edt\u00f3 okirat\u00e1ban foglaltak szerint az al\u00e1bbi c\u00e9lok el\u00e9r\u00e9s\u00e9ben seg\u00edt:<\/p>\n<ol>\n<li style=%22list-style-type: none;%22>\n<ol style=%22text-align: left;%22>\n<li>J\u00e1t\u00e9k- \u00e9s sporteszk\u00f6z\u00f6k, oktat\u00e1si szeml\u00e9ltet\u0151eszk\u00f6z\u00f6k, szakk\u00f6nyvek v\u00e1s\u00e1rl\u00e1s\u00e1nak t\u00e1mogat\u00e1sa<\/li>\n<li>Az \u00f3voda otthonosabb\u00e1 t\u00e9tel\u00e9nek el\u0151seg\u00edt\u00e9se<\/li>\n<li style=%22text-align: left;%22>Az \u00f3vod\u00e1ban dolgoz\u00f3k szakmai tov\u00e1bbk\u00e9pz\u00e9s\u00e9nek anyagi t\u00e1mogat\u00e1sa<\/li>\n<\/ol>\n<\/li>\n<\/ol>\n<p style=%22text-align: left;%22>K\u00f6sz\u00f6nettel vessz\u00fck az alap\u00edtv\u00e1ny c\u00e9ljaira sz\u00e1nt k\u00f6zvetlen t\u00e1mogat\u00e1sokat. Mivel az alap\u00edtv\u00e1ny k\u00f6zhaszn\u00fa szervezetk\u00e9nt m\u0171k\u00f6dik, \u00edgy a mag\u00e1nszem\u00e9lyek \u00e1ltal felaj\u00e1nlott<strong> szem\u00e9lyi j\u00f6vedelemad\u00f3 1 %-\u00e1t<\/strong> is sz\u00edvesen fogadja.<\/p>\n<p style=%22text-align: center;%22><strong> K\u00e9rj\u00fck, amennyiben lehet\u0151s\u00e9ge van r\u00e1, seg\u00edtsen a fenti c\u00e9lok el\u00e9r\u00e9s\u00e9ben!<\/strong><\/p>\n<p>&#8221; content_last_edited=&#8221;on|phone&#8221; _builder_version=&#8221;4.24.0&#8243; _module_preset=&#8221;default&#8221; text_font=&#8221;Mulish||||||||&#8221; text_text_color=&#8221;#7C1800&#8243; text_font_size=&#8221;17px&#8221; text_line_height=&#8221;1.8em&#8221; ol_font=&#8221;Mulish||||||||&#8221; ol_text_align=&#8221;left&#8221; ol_text_color=&#8221;#7C1800&#8243; ol_font_size=&#8221;17px&#8221; ol_line_height=&#8221;1.8em&#8221; background_color=&#8221;#FFFFFF&#8221; use_background_color_gradient=&#8221;on&#8221; background_color_gradient_stops=&#8221;#ffffff 0%|#fffaad 99%&#8221; custom_margin=&#8221;0px||||false|false&#8221; custom_padding=&#8221;32px|39px|32px|39px|true|true&#8221; custom_padding_tablet=&#8221;32px|39px|32px|39px|true|true&#8221; custom_padding_phone=&#8221;|20px||20px|true|true&#8221; custom_padding_last_edited=&#8221;on|phone&#8221; hover_enabled=&#8221;0&#8243; border_radii=&#8221;on|10px|10px|10px|10px&#8221; box_shadow_style=&#8221;preset1&#8243; global_colors_info=&#8221;{}&#8221; sticky_enabled=&#8221;0&#8243;]<\/p>\n<p style=\"text-align: center;\"><strong><em>\u201e A j\u00f3kedv\u0171 adakoz\u00f3t szereti az Isten.\u201d (2Kor 9,7)<\/em><\/strong><\/p>\n<p style=\"text-align: left;\">1996 szeptember\u00e9t\u0151l m\u0171k\u00f6dik \u00f3vod\u00e1nk alap\u00edtv\u00e1nya, amely az alap\u00edt\u00f3 okirat\u00e1ban foglaltak szerint az al\u00e1bbi c\u00e9lok el\u00e9r\u00e9s\u00e9ben seg\u00edt:<\/p>\n<ol>\n<li style=\"list-style-type: none;\">\n<ol style=\"text-align: left;\">\n<li>J\u00e1t\u00e9k- \u00e9s sporteszk\u00f6z\u00f6k, oktat\u00e1si szeml\u00e9ltet\u0151eszk\u00f6z\u00f6k, szakk\u00f6nyvek v\u00e1s\u00e1rl\u00e1s\u00e1nak t\u00e1mogat\u00e1sa<\/li>\n<li>Az \u00f3voda otthonosabb\u00e1 t\u00e9tel\u00e9nek el\u0151seg\u00edt\u00e9se<\/li>\n<li style=\"text-align: left;\">Az \u00f3vod\u00e1ban dolgoz\u00f3k szakmai tov\u00e1bbk\u00e9pz\u00e9s\u00e9nek anyagi t\u00e1mogat\u00e1sa<\/li>\n<\/ol>\n<\/li>\n<\/ol>\n<p style=\"text-align: left;\">K\u00f6sz\u00f6nettel vessz\u00fck az alap\u00edtv\u00e1ny c\u00e9ljaira sz\u00e1nt k\u00f6zvetlen t\u00e1mogat\u00e1sokat. Mivel az alap\u00edtv\u00e1ny k\u00f6zhaszn\u00fa szervezetk\u00e9nt m\u0171k\u00f6dik, \u00edgy a mag\u00e1nszem\u00e9lyek \u00e1ltal felaj\u00e1nlott<strong> szem\u00e9lyi j\u00f6vedelemad\u00f3 1 %-\u00e1t<\/strong> is sz\u00edvesen fogadja.<\/p>\n<p style=\"text-align: left;\"><strong> K\u00e9rj\u00fck, amennyiben lehet\u0151s\u00e9ge van r\u00e1, seg\u00edtsen a fenti c\u00e9lok el\u00e9r\u00e9s\u00e9ben!<\/strong><\/p>\n<p>[\/et_pb_text][\/et_pb_column][et_pb_column type=&#8221;1_2&#8243; _builder_version=&#8221;4.24.0&#8243; _module_preset=&#8221;default&#8221; global_colors_info=&#8221;{}&#8221;][et_pb_text _builder_version=&#8221;4.24.0&#8243; _module_preset=&#8221;default&#8221; text_font=&#8221;Mulish||||||||&#8221; text_text_color=&#8221;#7C1800&#8243; text_font_size=&#8221;17px&#8221; background_color=&#8221;#FFFFFF&#8221; use_background_color_gradient=&#8221;on&#8221; background_color_gradient_stops=&#8221;#ffffff 0%|#fffaad 99%&#8221; custom_margin=&#8221;0px||||false|false&#8221; custom_padding=&#8221;32px||32px|50px|true|false&#8221; custom_padding_tablet=&#8221;32px||32px|50px|true|false&#8221; custom_padding_phone=&#8221;|||12px|true|false&#8221; custom_padding_last_edited=&#8221;on|phone&#8221; border_radii=&#8221;on|10px|10px|10px|10px&#8221; box_shadow_style=&#8221;preset1&#8243; global_colors_info=&#8221;{}&#8221;]<\/p>\n<p><strong>Az alap\u00edtv\u00e1ny adatai:<\/strong><\/p>\n<p><strong>N\u00e9v:<\/strong> \u00daJ REM\u00c9NYS\u00c9G ALAP\u00cdTV\u00c1NY<\/p>\n<p><strong>Sz\u00e9khely:<\/strong> 5900 Orosh\u00e1za, Hajnal u. 7.<\/p>\n<p><strong>Ad\u00f3sz\u00e1m:<\/strong> 18375901-1-04<\/p>\n<p><strong>Sz\u00e1mlasz\u00e1m:<\/strong> 10402647-26413505-00000000<strong><\/strong><\/p>\n<p>&nbsp;<\/p>\n<p>[\/et_pb_text][et_pb_image src=&#8221;https:\/\/szekacs.lutheran.hu\/ovoda\/wp-content\/uploads\/2024\/02\/Farsang-2024.png&#8221; title_text=&#8221;Farsang-2024&#8243; align=&#8221;center&#8221; _builder_version=&#8221;4.24.0&#8243; _module_preset=&#8221;default&#8221; transform_rotate=&#8221;0deg|0deg|2deg&#8221; custom_padding=&#8221;10px||||false|false&#8221; animation_style=&#8221;bounce&#8221; animation_delay=&#8221;600ms&#8221; border_radii=&#8221;on|10px|10px|10px|10px&#8221; box_shadow_style=&#8221;preset6&#8243; box_shadow_horizontal=&#8221;12px&#8221; global_colors_info=&#8221;{}&#8221;][\/et_pb_image][\/et_pb_column][\/et_pb_row][\/et_pb_section]<\/p>\n","protected":false},"excerpt":{"rendered":"<p>\u00daJ REM\u00c9NYS\u00c9G ALAP\u00cdTV\u00c1NY\u201e A j\u00f3kedv\u0171 adakoz\u00f3t szereti az Isten.\u201d (2Kor 9,7) 1996 szeptember\u00e9t\u0151l m\u0171k\u00f6dik \u00f3vod\u00e1nk alap\u00edtv\u00e1nya, amely az alap\u00edt\u00f3 okirat\u00e1ban foglaltak szerint az al\u00e1bbi c\u00e9lok el\u00e9r\u00e9s\u00e9ben seg\u00edt: J\u00e1t\u00e9k- \u00e9s sporteszk\u00f6z\u00f6k, oktat\u00e1si szeml\u00e9ltet\u0151eszk\u00f6z\u00f6k, szakk\u00f6nyvek v\u00e1s\u00e1rl\u00e1s\u00e1nak t\u00e1mogat\u00e1sa Az \u00f3voda otthonosabb\u00e1 t\u00e9tel\u00e9nek el\u0151seg\u00edt\u00e9se Az \u00f3vod\u00e1ban dolgoz\u00f3k szakmai tov\u00e1bbk\u00e9pz\u00e9s\u00e9nek anyagi t\u00e1mogat\u00e1sa K\u00f6sz\u00f6nettel vessz\u00fck az alap\u00edtv\u00e1ny c\u00e9ljaira sz\u00e1nt k\u00f6zvetlen t\u00e1mogat\u00e1sokat. [&hellip;]<\/p>\n","protected":false},"author":1,"featured_media":0,"parent":0,"menu_order":0,"comment_status":"closed","ping_status":"closed","template":"","meta":{"_et_pb_use_builder":"on","_et_pb_old_content":"","_et_gb_content_width":"","footnotes":""},"class_list":["post-785","page","type-page","status-publish","hentry"],"yoast_head":"<!-- This site is optimized with the Yoast SEO plugin v27.3 - https:\/\/yoast.com\/product\/yoast-seo-wordpress\/ -->\n<title>Alap\u00edtv\u00e1nyunk - Hajnal \u00d3voda - Sz\u00e9k\u00e1cs J\u00f3zsef Evang\u00e9likus \u00d3voda, \u00c1ltal\u00e1nos Iskola \u00e9s Gimn\u00e1zium<\/title>\n<meta name=\"robots\" content=\"index, follow, max-snippet:-1, max-image-preview:large, max-video-preview:-1\" \/>\n<link rel=\"canonical\" href=\"https:\/\/szekacs.lutheran.hu\/ovoda\/?page_id=785\" \/>\n<meta property=\"og:locale\" content=\"hu_HU\" \/>\n<meta property=\"og:type\" content=\"article\" \/>\n<meta property=\"og:title\" content=\"Alap\u00edtv\u00e1nyunk - Hajnal \u00d3voda - Sz\u00e9k\u00e1cs J\u00f3zsef Evang\u00e9likus \u00d3voda, \u00c1ltal\u00e1nos Iskola \u00e9s Gimn\u00e1zium\" \/>\n<meta property=\"og:description\" content=\"\u00daJ REM\u00c9NYS\u00c9G ALAP\u00cdTV\u00c1NY\u201e A j\u00f3kedv\u0171 adakoz\u00f3t szereti az Isten.\u201d (2Kor 9,7) 1996 szeptember\u00e9t\u0151l m\u0171k\u00f6dik \u00f3vod\u00e1nk alap\u00edtv\u00e1nya, amely az alap\u00edt\u00f3 okirat\u00e1ban foglaltak szerint az al\u00e1bbi c\u00e9lok el\u00e9r\u00e9s\u00e9ben seg\u00edt: J\u00e1t\u00e9k- \u00e9s sporteszk\u00f6z\u00f6k, oktat\u00e1si szeml\u00e9ltet\u0151eszk\u00f6z\u00f6k, szakk\u00f6nyvek v\u00e1s\u00e1rl\u00e1s\u00e1nak t\u00e1mogat\u00e1sa Az \u00f3voda otthonosabb\u00e1 t\u00e9tel\u00e9nek el\u0151seg\u00edt\u00e9se Az \u00f3vod\u00e1ban dolgoz\u00f3k szakmai tov\u00e1bbk\u00e9pz\u00e9s\u00e9nek anyagi t\u00e1mogat\u00e1sa K\u00f6sz\u00f6nettel vessz\u00fck az alap\u00edtv\u00e1ny c\u00e9ljaira sz\u00e1nt k\u00f6zvetlen t\u00e1mogat\u00e1sokat. [&hellip;]\" \/>\n<meta property=\"og:url\" content=\"https:\/\/szekacs.lutheran.hu\/ovoda\/?page_id=785\" \/>\n<meta property=\"og:site_name\" content=\"Hajnal \u00d3voda - Sz\u00e9k\u00e1cs J\u00f3zsef Evang\u00e9likus \u00d3voda, \u00c1ltal\u00e1nos Iskola \u00e9s Gimn\u00e1zium\" \/>\n<meta property=\"article:publisher\" content=\"https:\/\/www.facebook.com\/hajnal.ovoda.oroshaza\" \/>\n<meta property=\"article:modified_time\" content=\"2024-03-01T18:18:40+00:00\" \/>\n<meta property=\"og:image\" content=\"https:\/\/szekacs.lutheran.hu\/ovoda\/wp-content\/uploads\/2024\/02\/Ovi-logo-2024-hatter-nelkul-45x40-1.png\" \/>\n<meta name=\"twitter:card\" content=\"summary_large_image\" \/>\n<meta name=\"twitter:label1\" content=\"Becs\u00fclt olvas\u00e1si id\u0151\" \/>\n\t<meta name=\"twitter:data1\" content=\"2 perc\" \/>\n<script type=\"application\/ld+json\" class=\"yoast-schema-graph\">{\"@context\":\"https:\\\/\\\/schema.org\",\"@graph\":[{\"@type\":\"WebPage\",\"@id\":\"https:\\\/\\\/szekacs.lutheran.hu\\\/ovoda\\\/?page_id=785\",\"url\":\"https:\\\/\\\/szekacs.lutheran.hu\\\/ovoda\\\/?page_id=785\",\"name\":\"Alap\u00edtv\u00e1nyunk - Hajnal \u00d3voda - Sz\u00e9k\u00e1cs J\u00f3zsef Evang\u00e9likus \u00d3voda, \u00c1ltal\u00e1nos Iskola \u00e9s Gimn\u00e1zium\",\"isPartOf\":{\"@id\":\"https:\\\/\\\/szekacs.lutheran.hu\\\/ovoda\\\/#website\"},\"primaryImageOfPage\":{\"@id\":\"https:\\\/\\\/szekacs.lutheran.hu\\\/ovoda\\\/?page_id=785#primaryimage\"},\"image\":{\"@id\":\"https:\\\/\\\/szekacs.lutheran.hu\\\/ovoda\\\/?page_id=785#primaryimage\"},\"thumbnailUrl\":\"https:\\\/\\\/szekacs.lutheran.hu\\\/ovoda\\\/wp-content\\\/uploads\\\/2024\\\/02\\\/Ovi-logo-2024-hatter-nelkul-45x40-1.png\",\"datePublished\":\"2024-02-15T21:18:50+00:00\",\"dateModified\":\"2024-03-01T18:18:40+00:00\",\"breadcrumb\":{\"@id\":\"https:\\\/\\\/szekacs.lutheran.hu\\\/ovoda\\\/?page_id=785#breadcrumb\"},\"inLanguage\":\"hu\",\"potentialAction\":[{\"@type\":\"ReadAction\",\"target\":[\"https:\\\/\\\/szekacs.lutheran.hu\\\/ovoda\\\/?page_id=785\"]}]},{\"@type\":\"ImageObject\",\"inLanguage\":\"hu\",\"@id\":\"https:\\\/\\\/szekacs.lutheran.hu\\\/ovoda\\\/?page_id=785#primaryimage\",\"url\":\"https:\\\/\\\/szekacs.lutheran.hu\\\/ovoda\\\/wp-content\\\/uploads\\\/2024\\\/02\\\/Ovi-logo-2024-hatter-nelkul-45x40-1.png\",\"contentUrl\":\"https:\\\/\\\/szekacs.lutheran.hu\\\/ovoda\\\/wp-content\\\/uploads\\\/2024\\\/02\\\/Ovi-logo-2024-hatter-nelkul-45x40-1.png\",\"width\":45,\"height\":40},{\"@type\":\"BreadcrumbList\",\"@id\":\"https:\\\/\\\/szekacs.lutheran.hu\\\/ovoda\\\/?page_id=785#breadcrumb\",\"itemListElement\":[{\"@type\":\"ListItem\",\"position\":1,\"name\":\"Kezd\u0151lap\",\"item\":\"https:\\\/\\\/szekacs.lutheran.hu\\\/ovoda\\\/\"},{\"@type\":\"ListItem\",\"position\":2,\"name\":\"Alap\u00edtv\u00e1nyunk\"}]},{\"@type\":\"WebSite\",\"@id\":\"https:\\\/\\\/szekacs.lutheran.hu\\\/ovoda\\\/#website\",\"url\":\"https:\\\/\\\/szekacs.lutheran.hu\\\/ovoda\\\/\",\"name\":\"Hajnal \u00d3voda - Sz\u00e9k\u00e1cs J\u00f3zsef Evang\u00e9likus \u00d3voda, \u00c1ltal\u00e1nos Iskola \u00e9s Gimn\u00e1zium\",\"description\":\"\",\"publisher\":{\"@id\":\"https:\\\/\\\/szekacs.lutheran.hu\\\/ovoda\\\/#organization\"},\"potentialAction\":[{\"@type\":\"SearchAction\",\"target\":{\"@type\":\"EntryPoint\",\"urlTemplate\":\"https:\\\/\\\/szekacs.lutheran.hu\\\/ovoda\\\/?s={search_term_string}\"},\"query-input\":{\"@type\":\"PropertyValueSpecification\",\"valueRequired\":true,\"valueName\":\"search_term_string\"}}],\"inLanguage\":\"hu\"},{\"@type\":\"Organization\",\"@id\":\"https:\\\/\\\/szekacs.lutheran.hu\\\/ovoda\\\/#organization\",\"name\":\"Hajnal \u00d3voda - Sz\u00e9k\u00e1cs J\u00f3zsef Evang\u00e9likus \u00d3voda, \u00c1ltal\u00e1nos Iskola \u00e9s Gimn\u00e1zium\",\"url\":\"https:\\\/\\\/szekacs.lutheran.hu\\\/ovoda\\\/\",\"logo\":{\"@type\":\"ImageObject\",\"inLanguage\":\"hu\",\"@id\":\"https:\\\/\\\/szekacs.lutheran.hu\\\/ovoda\\\/#\\\/schema\\\/logo\\\/image\\\/\",\"url\":\"https:\\\/\\\/szekacs.lutheran.hu\\\/ovoda\\\/wp-content\\\/uploads\\\/2024\\\/01\\\/Emblema.jpg\",\"contentUrl\":\"https:\\\/\\\/szekacs.lutheran.hu\\\/ovoda\\\/wp-content\\\/uploads\\\/2024\\\/01\\\/Emblema.jpg\",\"width\":2366,\"height\":2084,\"caption\":\"Hajnal \u00d3voda - Sz\u00e9k\u00e1cs J\u00f3zsef Evang\u00e9likus \u00d3voda, \u00c1ltal\u00e1nos Iskola \u00e9s Gimn\u00e1zium\"},\"image\":{\"@id\":\"https:\\\/\\\/szekacs.lutheran.hu\\\/ovoda\\\/#\\\/schema\\\/logo\\\/image\\\/\"},\"sameAs\":[\"https:\\\/\\\/www.facebook.com\\\/hajnal.ovoda.oroshaza\"]}]}<\/script>\n<!-- \/ Yoast SEO plugin. -->","yoast_head_json":{"title":"Alap\u00edtv\u00e1nyunk - Hajnal \u00d3voda - Sz\u00e9k\u00e1cs J\u00f3zsef Evang\u00e9likus \u00d3voda, \u00c1ltal\u00e1nos Iskola \u00e9s Gimn\u00e1zium","robots":{"index":"index","follow":"follow","max-snippet":"max-snippet:-1","max-image-preview":"max-image-preview:large","max-video-preview":"max-video-preview:-1"},"canonical":"https:\/\/szekacs.lutheran.hu\/ovoda\/?page_id=785","og_locale":"hu_HU","og_type":"article","og_title":"Alap\u00edtv\u00e1nyunk - Hajnal \u00d3voda - Sz\u00e9k\u00e1cs J\u00f3zsef Evang\u00e9likus \u00d3voda, \u00c1ltal\u00e1nos Iskola \u00e9s Gimn\u00e1zium","og_description":"\u00daJ REM\u00c9NYS\u00c9G ALAP\u00cdTV\u00c1NY\u201e A j\u00f3kedv\u0171 adakoz\u00f3t szereti az Isten.\u201d (2Kor 9,7) 1996 szeptember\u00e9t\u0151l m\u0171k\u00f6dik \u00f3vod\u00e1nk alap\u00edtv\u00e1nya, amely az alap\u00edt\u00f3 okirat\u00e1ban foglaltak szerint az al\u00e1bbi c\u00e9lok el\u00e9r\u00e9s\u00e9ben seg\u00edt: J\u00e1t\u00e9k- \u00e9s sporteszk\u00f6z\u00f6k, oktat\u00e1si szeml\u00e9ltet\u0151eszk\u00f6z\u00f6k, szakk\u00f6nyvek v\u00e1s\u00e1rl\u00e1s\u00e1nak t\u00e1mogat\u00e1sa Az \u00f3voda otthonosabb\u00e1 t\u00e9tel\u00e9nek el\u0151seg\u00edt\u00e9se Az \u00f3vod\u00e1ban dolgoz\u00f3k szakmai tov\u00e1bbk\u00e9pz\u00e9s\u00e9nek anyagi t\u00e1mogat\u00e1sa K\u00f6sz\u00f6nettel vessz\u00fck az alap\u00edtv\u00e1ny c\u00e9ljaira sz\u00e1nt k\u00f6zvetlen t\u00e1mogat\u00e1sokat. [&hellip;]","og_url":"https:\/\/szekacs.lutheran.hu\/ovoda\/?page_id=785","og_site_name":"Hajnal \u00d3voda - Sz\u00e9k\u00e1cs J\u00f3zsef Evang\u00e9likus \u00d3voda, \u00c1ltal\u00e1nos Iskola \u00e9s Gimn\u00e1zium","article_publisher":"https:\/\/www.facebook.com\/hajnal.ovoda.oroshaza","article_modified_time":"2024-03-01T18:18:40+00:00","og_image":[{"url":"https:\/\/szekacs.lutheran.hu\/ovoda\/wp-content\/uploads\/2024\/02\/Ovi-logo-2024-hatter-nelkul-45x40-1.png","type":"","width":"","height":""}],"twitter_card":"summary_large_image","twitter_misc":{"Becs\u00fclt olvas\u00e1si id\u0151":"2 perc"},"schema":{"@context":"https:\/\/schema.org","@graph":[{"@type":"WebPage","@id":"https:\/\/szekacs.lutheran.hu\/ovoda\/?page_id=785","url":"https:\/\/szekacs.lutheran.hu\/ovoda\/?page_id=785","name":"Alap\u00edtv\u00e1nyunk - Hajnal \u00d3voda - Sz\u00e9k\u00e1cs J\u00f3zsef Evang\u00e9likus \u00d3voda, \u00c1ltal\u00e1nos Iskola \u00e9s Gimn\u00e1zium","isPartOf":{"@id":"https:\/\/szekacs.lutheran.hu\/ovoda\/#website"},"primaryImageOfPage":{"@id":"https:\/\/szekacs.lutheran.hu\/ovoda\/?page_id=785#primaryimage"},"image":{"@id":"https:\/\/szekacs.lutheran.hu\/ovoda\/?page_id=785#primaryimage"},"thumbnailUrl":"https:\/\/szekacs.lutheran.hu\/ovoda\/wp-content\/uploads\/2024\/02\/Ovi-logo-2024-hatter-nelkul-45x40-1.png","datePublished":"2024-02-15T21:18:50+00:00","dateModified":"2024-03-01T18:18:40+00:00","breadcrumb":{"@id":"https:\/\/szekacs.lutheran.hu\/ovoda\/?page_id=785#breadcrumb"},"inLanguage":"hu","potentialAction":[{"@type":"ReadAction","target":["https:\/\/szekacs.lutheran.hu\/ovoda\/?page_id=785"]}]},{"@type":"ImageObject","inLanguage":"hu","@id":"https:\/\/szekacs.lutheran.hu\/ovoda\/?page_id=785#primaryimage","url":"https:\/\/szekacs.lutheran.hu\/ovoda\/wp-content\/uploads\/2024\/02\/Ovi-logo-2024-hatter-nelkul-45x40-1.png","contentUrl":"https:\/\/szekacs.lutheran.hu\/ovoda\/wp-content\/uploads\/2024\/02\/Ovi-logo-2024-hatter-nelkul-45x40-1.png","width":45,"height":40},{"@type":"BreadcrumbList","@id":"https:\/\/szekacs.lutheran.hu\/ovoda\/?page_id=785#breadcrumb","itemListElement":[{"@type":"ListItem","position":1,"name":"Kezd\u0151lap","item":"https:\/\/szekacs.lutheran.hu\/ovoda\/"},{"@type":"ListItem","position":2,"name":"Alap\u00edtv\u00e1nyunk"}]},{"@type":"WebSite","@id":"https:\/\/szekacs.lutheran.hu\/ovoda\/#website","url":"https:\/\/szekacs.lutheran.hu\/ovoda\/","name":"Hajnal \u00d3voda - Sz\u00e9k\u00e1cs J\u00f3zsef Evang\u00e9likus \u00d3voda, \u00c1ltal\u00e1nos Iskola \u00e9s Gimn\u00e1zium","description":"","publisher":{"@id":"https:\/\/szekacs.lutheran.hu\/ovoda\/#organization"},"potentialAction":[{"@type":"SearchAction","target":{"@type":"EntryPoint","urlTemplate":"https:\/\/szekacs.lutheran.hu\/ovoda\/?s={search_term_string}"},"query-input":{"@type":"PropertyValueSpecification","valueRequired":true,"valueName":"search_term_string"}}],"inLanguage":"hu"},{"@type":"Organization","@id":"https:\/\/szekacs.lutheran.hu\/ovoda\/#organization","name":"Hajnal \u00d3voda - Sz\u00e9k\u00e1cs J\u00f3zsef Evang\u00e9likus \u00d3voda, \u00c1ltal\u00e1nos Iskola \u00e9s Gimn\u00e1zium","url":"https:\/\/szekacs.lutheran.hu\/ovoda\/","logo":{"@type":"ImageObject","inLanguage":"hu","@id":"https:\/\/szekacs.lutheran.hu\/ovoda\/#\/schema\/logo\/image\/","url":"https:\/\/szekacs.lutheran.hu\/ovoda\/wp-content\/uploads\/2024\/01\/Emblema.jpg","contentUrl":"https:\/\/szekacs.lutheran.hu\/ovoda\/wp-content\/uploads\/2024\/01\/Emblema.jpg","width":2366,"height":2084,"caption":"Hajnal \u00d3voda - Sz\u00e9k\u00e1cs J\u00f3zsef Evang\u00e9likus \u00d3voda, \u00c1ltal\u00e1nos Iskola \u00e9s Gimn\u00e1zium"},"image":{"@id":"https:\/\/szekacs.lutheran.hu\/ovoda\/#\/schema\/logo\/image\/"},"sameAs":["https:\/\/www.facebook.com\/hajnal.ovoda.oroshaza"]}]}},"_links":{"self":[{"href":"https:\/\/szekacs.lutheran.hu\/ovoda\/index.php?rest_route=\/wp\/v2\/pages\/785","targetHints":{"allow":["GET"]}}],"collection":[{"href":"https:\/\/szekacs.lutheran.hu\/ovoda\/index.php?rest_route=\/wp\/v2\/pages"}],"about":[{"href":"https:\/\/szekacs.lutheran.hu\/ovoda\/index.php?rest_route=\/wp\/v2\/types\/page"}],"author":[{"embeddable":true,"href":"https:\/\/szekacs.lutheran.hu\/ovoda\/index.php?rest_route=\/wp\/v2\/users\/1"}],"replies":[{"embeddable":true,"href":"https:\/\/szekacs.lutheran.hu\/ovoda\/index.php?rest_route=%2Fwp%2Fv2%2Fcomments&post=785"}],"version-history":[{"count":14,"href":"https:\/\/szekacs.lutheran.hu\/ovoda\/index.php?rest_route=\/wp\/v2\/pages\/785\/revisions"}],"predecessor-version":[{"id":1385,"href":"https:\/\/szekacs.lutheran.hu\/ovoda\/index.php?rest_route=\/wp\/v2\/pages\/785\/revisions\/1385"}],"wp:attachment":[{"href":"https:\/\/szekacs.lutheran.hu\/ovoda\/index.php?rest_route=%2Fwp%2Fv2%2Fmedia&parent=785"}],"curies":[{"name":"wp","href":"https:\/\/api.w.org\/{rel}","templated":true}]}}