{"id":734,"date":"2024-02-15T20:51:07","date_gmt":"2024-02-15T19:51:07","guid":{"rendered":"https:\/\/szekacs.lutheran.hu\/ovoda\/?page_id=734"},"modified":"2024-03-01T19:00:24","modified_gmt":"2024-03-01T18:00:24","slug":"zold-ovoda-2","status":"publish","type":"page","link":"https:\/\/szekacs.lutheran.hu\/ovoda\/?page_id=734","title":{"rendered":"Z\u00f6ld \u00f3voda"},"content":{"rendered":"<p>[et_pb_section fb_built=&#8221;1&#8243; _builder_version=&#8221;4.24.0&#8243; _module_preset=&#8221;default&#8221; background_color=&#8221;#fffaad&#8221; background_enable_image=&#8221;off&#8221; top_divider_style=&#8221;arrow3&#8243; top_divider_color=&#8221;#DF946A&#8221; top_divider_flip=&#8221;horizontal&#8221; bottom_divider_style=&#8221;arrow3&#8243; bottom_divider_color=&#8221;#DF946A&#8221; bottom_divider_flip=&#8221;horizontal&#8221; global_colors_info=&#8221;{}&#8221;][et_pb_row column_structure=&#8221;2_5,3_5&#8243; _builder_version=&#8221;4.24.0&#8243; _module_preset=&#8221;default&#8221; custom_margin=&#8221;60px||60px||true|false&#8221; global_colors_info=&#8221;{}&#8221;][et_pb_column type=&#8221;2_5&#8243; _builder_version=&#8221;4.24.0&#8243; _module_preset=&#8221;default&#8221; custom_padding=&#8221;|||95px|false|false&#8221; global_colors_info=&#8221;{}&#8221;][et_pb_text _builder_version=&#8221;4.24.0&#8243; _module_preset=&#8221;default&#8221; header_text_align=&#8221;left&#8221; header_2_font=&#8221;Amatic SC|700|||||||&#8221; header_2_text_color=&#8221;#7C1800&#8243; header_2_font_size=&#8221;28px&#8221; background_enable_color=&#8221;off&#8221; custom_padding_tablet=&#8221;|||125px|false|false&#8221; custom_padding_phone=&#8221;|||0px|false|false&#8221; custom_padding_last_edited=&#8221;on|phone&#8221; hover_enabled=&#8221;0&#8243; global_colors_info=&#8221;{}&#8221; custom_margin_last_edited=&#8221;on|tablet&#8221; custom_margin_phone=&#8221;|||-23px|false|false&#8221; sticky_enabled=&#8221;0&#8243; custom_padding=&#8221;0px|||34px|false|false&#8221;]<\/p>\n<h2><img loading=\"lazy\" decoding=\"async\" src=\"https:\/\/szekacs.lutheran.hu\/ovoda\/wp-content\/uploads\/2024\/02\/Ovi-logo-2024-hatter-nelkul-45x40-1.png\" width=\"45\" height=\"40\" alt=\"\" class=\"wp-image-390 alignnone size-full\" \/>\u00a0 Z\u00d6LD \u00d3VODA<\/h2>\n<p>[\/et_pb_text][et_pb_image src=&#8221;https:\/\/szekacs.lutheran.hu\/ovoda\/wp-content\/uploads\/2024\/02\/Zold-ovoda-1.png&#8221; title_text=&#8221;Zold-ovoda&#8221; _builder_version=&#8221;4.24.0&#8243; _module_preset=&#8221;default&#8221; module_alignment=&#8221;left&#8221; custom_padding=&#8221;0px|||18px|false|false&#8221; custom_padding_tablet=&#8221;|||110px|false|false&#8221; custom_padding_phone=&#8221;|||0px|false|false&#8221; custom_padding_last_edited=&#8221;on|phone&#8221; hover_enabled=&#8221;0&#8243; box_shadow_style=&#8221;preset1&#8243; global_colors_info=&#8221;{}&#8221; sticky_enabled=&#8221;0&#8243; custom_margin_last_edited=&#8221;on|phone&#8221; custom_margin_phone=&#8221;|||-36px|false|false&#8221;][\/et_pb_image][\/et_pb_column][et_pb_column type=&#8221;3_5&#8243; _builder_version=&#8221;4.24.0&#8243; _module_preset=&#8221;default&#8221; global_colors_info=&#8221;{}&#8221;][et_pb_text _builder_version=&#8221;4.24.0&#8243; _module_preset=&#8221;default&#8221; text_font=&#8221;Mulish||||||||&#8221; text_text_color=&#8221;#7C1800&#8243; text_font_size=&#8221;17px&#8221; text_line_height=&#8221;1.8em&#8221; ul_line_height=&#8221;1.8em&#8221; custom_padding=&#8221;10px|||0px|false|false&#8221; global_colors_info=&#8221;{}&#8221;]<\/p>\n<p>A Z\u00f6ld \u00d3voda szakmai p\u00e1ly\u00e1zatot a k\u00f6rnyezetv\u00e9delem\u00e9rt \u00e9s az oktat\u00e1s\u00fcgy\u00e9rt felel\u0151s t\u00e1rc\u00e1k k\u00f6z\u00f6sen hirdetik meg.\u00a0 A c\u00edmet elnyer\u0151 \u00f3vod\u00e1k a k\u00f6rnyezeti nevel\u00e9s ter\u00e9n v\u00e9gzett tev\u00e9kenys\u00e9g\u00fck elismer\u00e9sek\u00e9nt a <strong>Z\u00f6ld \u00d3voda<\/strong> c\u00edm oklevelet kapj\u00e1k meg, mint \u00e1llami kit\u00fcntet\u00e9st a k\u00e9t miniszt\u00e9rium vezet\u0151it\u0151l. E titulussal rendelkez\u0151 \u00f3vod\u00e1k a Magyarorsz\u00e1gi Z\u00f6ld \u00d3vod\u00e1k H\u00e1l\u00f3zat\u00e1nak tagjai.<\/p>\n<p>Az \u00d3vodai nevel\u00e9s orsz\u00e1gos alapprogramja is hangs\u00falyos figyelmet szentel a <strong>k\u00f6rnyezettudatos nevel\u00e9s<\/strong> szerep\u00e9nek. Mindegyik \u00f3vodai tev\u00e9kenys\u00e9gi forma \u2212 tartalm\u00e1b\u00f3l ad\u00f3d\u00f3an elt\u00e9r\u0151 m\u00f3don \u2212 alkalmas k\u00f6rnyezeti attit\u0171d\u00f6k alak\u00edt\u00e1s\u00e1ra, a z\u00f6ld tartalmak megjelen\u00edt\u00e9s\u00e9re, k\u00f6zvet\u00edt\u00e9s\u00e9re, tudatos\u00edt\u00e1s\u00e1ra, azaz a fenntarthat\u00f3s\u00e1g szempontj\u00e1b\u00f3l fontos kompetenci\u00e1k fejleszt\u00e9s\u00e9re.<\/p>\n<p>Kereszt\u00e9ny pedag\u00f3giai programunk is \u00e9rt\u00e9kes gondolatokat tartalmaz az Isten \u00e1ltal r\u00e1nk b\u00edzott teremtett vil\u00e1g meg\u00f3v\u00e1s\u00e1val, az \u00e9rte v\u00e1llalt k\u00f6z\u00f6s felel\u0151ss\u00e9g\u00fcnkkel kapcsolatban. Isten ezt a sz\u00e9p vil\u00e1got szeretetb\u0151l adta nek\u00fcnk, embereknek, hogy \u00f3vjuk, v\u00e9dj\u00fck, \u0151rizz\u00fck. (Kult\u00farparancs\u00a0 \u2013\u00a0 1.M\u00f3z 1,28).<\/p>\n<p>A Z\u00f6ld \u00d3voda m\u0171k\u00f6dtet\u00e9si krit\u00e9riumainak, elveinek val\u00f3 megfelel\u00e9s seg\u00edti munk\u00e1nkat a gyermekek k\u00f6rnyezettudatos gondolkod\u00e1s\u00e1nak \u00e9s magatart\u00e1s\u00e1nak kialak\u00edt\u00e1s\u00e1ban, a fenntarthat\u00f3s\u00e1gra nevel\u00e9s folyamat\u00e1ban.<\/p>\n<p><strong>Pedag\u00f3giai Programunkban v\u00e1llalt c\u00e9ljaink \u00e9s feladataink:<\/strong><\/p>\n<ul>\n<li style=\"list-style-type: none;\">\n<ul>\n<li>A fenntarthat\u00f3s\u00e1gra nevel\u00e9s er\u0151s\u00edt\u00e9se. C\u00e9lunk, hogy feln\u00f6v\u0151 gyermekeink olyan fejl\u0151d\u00e9sre t\u00f6rekedjenek, amely kiel\u00e9g\u00edti a sz\u00fcks\u00e9gleteiket an\u00e9lk\u00fcl, hogy vesz\u00e9lyeztetn\u00e9 a j\u00f6v\u0151 gener\u00e1ci\u00f3k hasonl\u00f3 sz\u00fcks\u00e9gleteinek kiel\u00e9g\u00edt\u00e9s\u00e9t.<\/li>\n<li>Az \u00f3vod\u00e1s gyermekek k\u00f6rnyezettudatos szeml\u00e9let\u00e9nek \u00e9s magatart\u00e1s\u00e1nak alak\u00edt\u00e1sa. C\u00e9lunk, hogy feln\u00f6vekv\u0151 gyermekeink k\u00f6rnyezettudatos viszonyul\u00e1suk megalapoz\u00e1s\u00e1nak k\u00f6sz\u00f6nhet\u0151en fontosnak tarts\u00e1k:\n<ul>\n<li style=\"list-style-type: none;\">\n<ul>\n<li>az \u00e9letmin\u0151s\u00e9g \u00e9s az emberi eg\u00e9szs\u00e9g k\u00f6rnyezeti felt\u00e9teleinek jav\u00edt\u00e1s\u00e1t<\/li>\n<li>a term\u00e9szeti \u00e9rt\u00e9kek \u00e9s er\u0151forr\u00e1sok v\u00e9delm\u00e9t<\/li>\n<li>az er\u0151forr\u00e1s-takar\u00e9koss\u00e1g \u00e9s &#8211; hat\u00e9konys\u00e1g jav\u00edt\u00e1s\u00e1t<\/li>\n<li>a gazdas\u00e1g z\u00f6ld\u00edt\u00e9s\u00e9t.<\/li>\n<\/ul>\n<\/li>\n<\/ul>\n<\/li>\n<li>\u00d3vod\u00e1nkban igyeksz\u00fcnk kihaszn\u00e1lni a k\u00f6rnyezettudatoss\u00e1gra, fenntarthat\u00f3s\u00e1gra nevel\u00e9s lehet\u0151 leggazdagabb pedag\u00f3giai lehet\u0151s\u00e9geit.<\/li>\n<li>T\u00f6reksz\u00fcnk az \u00f3voda dolgoz\u00f3i, eg\u00e9sz feln\u0151tt k\u00f6z\u00f6ss\u00e9ge \u00e9s a gyermekek sz\u00fclei k\u00f6rnyezettudatos szeml\u00e9let\u00e9nek form\u00e1l\u00e1sa is.<\/li>\n<li>C\u00e9lunk a k\u00f6zvetlen \u00e9s t\u00e1gabb k\u00f6rnyezetre gyakorolt hat\u00e1s sz\u00e9les\u00edt\u00e9se, a helyes \u00e9s eg\u00e9szs\u00e9ges \u00e9letvitel, a k\u00f6rnyezetbar\u00e1t szeml\u00e9letm\u00f3d n\u00e9pszer\u0171s\u00edt\u00e9se.<\/li>\n<li>T\u00f6reksz\u00fcnk az \u00f3voda k\u00f6rnyezet\u00e9ben l\u00e9v\u0151 helyi k\u00f6z\u00f6ss\u00e9gek \u00e9rt\u00e9keinek megismer\u00e9s\u00e9re, azok v\u00e9delme fontoss\u00e1g\u00e1nak tudatos\u00edt\u00e1s\u00e1ra.<\/li>\n<li>T\u00f6reksz\u00fcnk ezen \u00e9rt\u00e9kek k\u00f6zvet\u00edt\u00e9s\u00e9re a helyi k\u00f6z\u00f6ss\u00e9gek fel\u00e9 a k\u00f6rnyezetharm\u00f3nia megteremt\u00e9se \u00e9rdek\u00e9ben.<\/li>\n<li>A partnerkapcsolatok b\u0151v\u00edt\u00e9s\u00e9vel a nevel\u00e9s sz\u00ednhelyeinek kiterjeszt\u00e9s\u00e9re, a lak\u00f3k\u00f6rnyezettel val\u00f3 harmonikus kapcsolat kialak\u00edt\u00e1s\u00e1ra t\u00f6reksz\u00fcnk.<\/li>\n<\/ul>\n<\/li>\n<\/ul>\n<p>[\/et_pb_text][\/et_pb_column][\/et_pb_row][\/et_pb_section]<\/p>\n","protected":false},"excerpt":{"rendered":"<p>\u00a0 Z\u00d6LD \u00d3VODAA Z\u00f6ld \u00d3voda szakmai p\u00e1ly\u00e1zatot a k\u00f6rnyezetv\u00e9delem\u00e9rt \u00e9s az oktat\u00e1s\u00fcgy\u00e9rt felel\u0151s t\u00e1rc\u00e1k k\u00f6z\u00f6sen hirdetik meg.\u00a0 A c\u00edmet elnyer\u0151 \u00f3vod\u00e1k a k\u00f6rnyezeti nevel\u00e9s ter\u00e9n v\u00e9gzett tev\u00e9kenys\u00e9g\u00fck elismer\u00e9sek\u00e9nt a Z\u00f6ld \u00d3voda c\u00edm oklevelet kapj\u00e1k meg, mint \u00e1llami kit\u00fcntet\u00e9st a k\u00e9t miniszt\u00e9rium vezet\u0151it\u0151l. E titulussal rendelkez\u0151 \u00f3vod\u00e1k a Magyarorsz\u00e1gi Z\u00f6ld \u00d3vod\u00e1k H\u00e1l\u00f3zat\u00e1nak tagjai. Az \u00d3vodai nevel\u00e9s [&hellip;]<\/p>\n","protected":false},"author":1,"featured_media":0,"parent":0,"menu_order":0,"comment_status":"closed","ping_status":"closed","template":"","meta":{"_et_pb_use_builder":"on","_et_pb_old_content":"","_et_gb_content_width":"","footnotes":""},"class_list":["post-734","page","type-page","status-publish","hentry"],"yoast_head":"<!-- This site is optimized with the Yoast SEO plugin v27.3 - https:\/\/yoast.com\/product\/yoast-seo-wordpress\/ -->\n<title>Z\u00f6ld \u00f3voda - Hajnal \u00d3voda - Sz\u00e9k\u00e1cs J\u00f3zsef Evang\u00e9likus \u00d3voda, \u00c1ltal\u00e1nos Iskola \u00e9s Gimn\u00e1zium<\/title>\n<meta name=\"robots\" content=\"index, follow, max-snippet:-1, max-image-preview:large, max-video-preview:-1\" \/>\n<link rel=\"canonical\" href=\"https:\/\/szekacs.lutheran.hu\/ovoda\/?page_id=734\" \/>\n<meta property=\"og:locale\" content=\"hu_HU\" \/>\n<meta property=\"og:type\" content=\"article\" \/>\n<meta property=\"og:title\" content=\"Z\u00f6ld \u00f3voda - Hajnal \u00d3voda - Sz\u00e9k\u00e1cs J\u00f3zsef Evang\u00e9likus \u00d3voda, \u00c1ltal\u00e1nos Iskola \u00e9s Gimn\u00e1zium\" \/>\n<meta property=\"og:description\" content=\"\u00a0 Z\u00d6LD \u00d3VODAA Z\u00f6ld \u00d3voda szakmai p\u00e1ly\u00e1zatot a k\u00f6rnyezetv\u00e9delem\u00e9rt \u00e9s az oktat\u00e1s\u00fcgy\u00e9rt felel\u0151s t\u00e1rc\u00e1k k\u00f6z\u00f6sen hirdetik meg.\u00a0 A c\u00edmet elnyer\u0151 \u00f3vod\u00e1k a k\u00f6rnyezeti nevel\u00e9s ter\u00e9n v\u00e9gzett tev\u00e9kenys\u00e9g\u00fck elismer\u00e9sek\u00e9nt a Z\u00f6ld \u00d3voda c\u00edm oklevelet kapj\u00e1k meg, mint \u00e1llami kit\u00fcntet\u00e9st a k\u00e9t miniszt\u00e9rium vezet\u0151it\u0151l. E titulussal rendelkez\u0151 \u00f3vod\u00e1k a Magyarorsz\u00e1gi Z\u00f6ld \u00d3vod\u00e1k H\u00e1l\u00f3zat\u00e1nak tagjai. Az \u00d3vodai nevel\u00e9s [&hellip;]\" \/>\n<meta property=\"og:url\" content=\"https:\/\/szekacs.lutheran.hu\/ovoda\/?page_id=734\" \/>\n<meta property=\"og:site_name\" content=\"Hajnal \u00d3voda - Sz\u00e9k\u00e1cs J\u00f3zsef Evang\u00e9likus \u00d3voda, \u00c1ltal\u00e1nos Iskola \u00e9s Gimn\u00e1zium\" \/>\n<meta property=\"article:publisher\" content=\"https:\/\/www.facebook.com\/hajnal.ovoda.oroshaza\" \/>\n<meta property=\"article:modified_time\" content=\"2024-03-01T18:00:24+00:00\" \/>\n<meta property=\"og:image\" content=\"https:\/\/szekacs.lutheran.hu\/ovoda\/wp-content\/uploads\/2024\/02\/Ovi-logo-2024-hatter-nelkul-45x40-1.png\" \/>\n<meta name=\"twitter:card\" content=\"summary_large_image\" \/>\n<meta name=\"twitter:label1\" content=\"Becs\u00fclt olvas\u00e1si id\u0151\" \/>\n\t<meta name=\"twitter:data1\" content=\"3 perc\" \/>\n<script type=\"application\/ld+json\" class=\"yoast-schema-graph\">{\"@context\":\"https:\\\/\\\/schema.org\",\"@graph\":[{\"@type\":\"WebPage\",\"@id\":\"https:\\\/\\\/szekacs.lutheran.hu\\\/ovoda\\\/?page_id=734\",\"url\":\"https:\\\/\\\/szekacs.lutheran.hu\\\/ovoda\\\/?page_id=734\",\"name\":\"Z\u00f6ld \u00f3voda - Hajnal \u00d3voda - Sz\u00e9k\u00e1cs J\u00f3zsef Evang\u00e9likus \u00d3voda, \u00c1ltal\u00e1nos Iskola \u00e9s Gimn\u00e1zium\",\"isPartOf\":{\"@id\":\"https:\\\/\\\/szekacs.lutheran.hu\\\/ovoda\\\/#website\"},\"primaryImageOfPage\":{\"@id\":\"https:\\\/\\\/szekacs.lutheran.hu\\\/ovoda\\\/?page_id=734#primaryimage\"},\"image\":{\"@id\":\"https:\\\/\\\/szekacs.lutheran.hu\\\/ovoda\\\/?page_id=734#primaryimage\"},\"thumbnailUrl\":\"https:\\\/\\\/szekacs.lutheran.hu\\\/ovoda\\\/wp-content\\\/uploads\\\/2024\\\/02\\\/Ovi-logo-2024-hatter-nelkul-45x40-1.png\",\"datePublished\":\"2024-02-15T19:51:07+00:00\",\"dateModified\":\"2024-03-01T18:00:24+00:00\",\"breadcrumb\":{\"@id\":\"https:\\\/\\\/szekacs.lutheran.hu\\\/ovoda\\\/?page_id=734#breadcrumb\"},\"inLanguage\":\"hu\",\"potentialAction\":[{\"@type\":\"ReadAction\",\"target\":[\"https:\\\/\\\/szekacs.lutheran.hu\\\/ovoda\\\/?page_id=734\"]}]},{\"@type\":\"ImageObject\",\"inLanguage\":\"hu\",\"@id\":\"https:\\\/\\\/szekacs.lutheran.hu\\\/ovoda\\\/?page_id=734#primaryimage\",\"url\":\"https:\\\/\\\/szekacs.lutheran.hu\\\/ovoda\\\/wp-content\\\/uploads\\\/2024\\\/02\\\/Ovi-logo-2024-hatter-nelkul-45x40-1.png\",\"contentUrl\":\"https:\\\/\\\/szekacs.lutheran.hu\\\/ovoda\\\/wp-content\\\/uploads\\\/2024\\\/02\\\/Ovi-logo-2024-hatter-nelkul-45x40-1.png\",\"width\":45,\"height\":40},{\"@type\":\"BreadcrumbList\",\"@id\":\"https:\\\/\\\/szekacs.lutheran.hu\\\/ovoda\\\/?page_id=734#breadcrumb\",\"itemListElement\":[{\"@type\":\"ListItem\",\"position\":1,\"name\":\"Kezd\u0151lap\",\"item\":\"https:\\\/\\\/szekacs.lutheran.hu\\\/ovoda\\\/\"},{\"@type\":\"ListItem\",\"position\":2,\"name\":\"Z\u00f6ld \u00f3voda\"}]},{\"@type\":\"WebSite\",\"@id\":\"https:\\\/\\\/szekacs.lutheran.hu\\\/ovoda\\\/#website\",\"url\":\"https:\\\/\\\/szekacs.lutheran.hu\\\/ovoda\\\/\",\"name\":\"Hajnal \u00d3voda - Sz\u00e9k\u00e1cs J\u00f3zsef Evang\u00e9likus \u00d3voda, \u00c1ltal\u00e1nos Iskola \u00e9s Gimn\u00e1zium\",\"description\":\"\",\"publisher\":{\"@id\":\"https:\\\/\\\/szekacs.lutheran.hu\\\/ovoda\\\/#organization\"},\"potentialAction\":[{\"@type\":\"SearchAction\",\"target\":{\"@type\":\"EntryPoint\",\"urlTemplate\":\"https:\\\/\\\/szekacs.lutheran.hu\\\/ovoda\\\/?s={search_term_string}\"},\"query-input\":{\"@type\":\"PropertyValueSpecification\",\"valueRequired\":true,\"valueName\":\"search_term_string\"}}],\"inLanguage\":\"hu\"},{\"@type\":\"Organization\",\"@id\":\"https:\\\/\\\/szekacs.lutheran.hu\\\/ovoda\\\/#organization\",\"name\":\"Hajnal \u00d3voda - Sz\u00e9k\u00e1cs J\u00f3zsef Evang\u00e9likus \u00d3voda, \u00c1ltal\u00e1nos Iskola \u00e9s Gimn\u00e1zium\",\"url\":\"https:\\\/\\\/szekacs.lutheran.hu\\\/ovoda\\\/\",\"logo\":{\"@type\":\"ImageObject\",\"inLanguage\":\"hu\",\"@id\":\"https:\\\/\\\/szekacs.lutheran.hu\\\/ovoda\\\/#\\\/schema\\\/logo\\\/image\\\/\",\"url\":\"https:\\\/\\\/szekacs.lutheran.hu\\\/ovoda\\\/wp-content\\\/uploads\\\/2024\\\/01\\\/Emblema.jpg\",\"contentUrl\":\"https:\\\/\\\/szekacs.lutheran.hu\\\/ovoda\\\/wp-content\\\/uploads\\\/2024\\\/01\\\/Emblema.jpg\",\"width\":2366,\"height\":2084,\"caption\":\"Hajnal \u00d3voda - Sz\u00e9k\u00e1cs J\u00f3zsef Evang\u00e9likus \u00d3voda, \u00c1ltal\u00e1nos Iskola \u00e9s Gimn\u00e1zium\"},\"image\":{\"@id\":\"https:\\\/\\\/szekacs.lutheran.hu\\\/ovoda\\\/#\\\/schema\\\/logo\\\/image\\\/\"},\"sameAs\":[\"https:\\\/\\\/www.facebook.com\\\/hajnal.ovoda.oroshaza\"]}]}<\/script>\n<!-- \/ Yoast SEO plugin. -->","yoast_head_json":{"title":"Z\u00f6ld \u00f3voda - Hajnal \u00d3voda - Sz\u00e9k\u00e1cs J\u00f3zsef Evang\u00e9likus \u00d3voda, \u00c1ltal\u00e1nos Iskola \u00e9s Gimn\u00e1zium","robots":{"index":"index","follow":"follow","max-snippet":"max-snippet:-1","max-image-preview":"max-image-preview:large","max-video-preview":"max-video-preview:-1"},"canonical":"https:\/\/szekacs.lutheran.hu\/ovoda\/?page_id=734","og_locale":"hu_HU","og_type":"article","og_title":"Z\u00f6ld \u00f3voda - Hajnal \u00d3voda - Sz\u00e9k\u00e1cs J\u00f3zsef Evang\u00e9likus \u00d3voda, \u00c1ltal\u00e1nos Iskola \u00e9s Gimn\u00e1zium","og_description":"\u00a0 Z\u00d6LD \u00d3VODAA Z\u00f6ld \u00d3voda szakmai p\u00e1ly\u00e1zatot a k\u00f6rnyezetv\u00e9delem\u00e9rt \u00e9s az oktat\u00e1s\u00fcgy\u00e9rt felel\u0151s t\u00e1rc\u00e1k k\u00f6z\u00f6sen hirdetik meg.\u00a0 A c\u00edmet elnyer\u0151 \u00f3vod\u00e1k a k\u00f6rnyezeti nevel\u00e9s ter\u00e9n v\u00e9gzett tev\u00e9kenys\u00e9g\u00fck elismer\u00e9sek\u00e9nt a Z\u00f6ld \u00d3voda c\u00edm oklevelet kapj\u00e1k meg, mint \u00e1llami kit\u00fcntet\u00e9st a k\u00e9t miniszt\u00e9rium vezet\u0151it\u0151l. E titulussal rendelkez\u0151 \u00f3vod\u00e1k a Magyarorsz\u00e1gi Z\u00f6ld \u00d3vod\u00e1k H\u00e1l\u00f3zat\u00e1nak tagjai. Az \u00d3vodai nevel\u00e9s [&hellip;]","og_url":"https:\/\/szekacs.lutheran.hu\/ovoda\/?page_id=734","og_site_name":"Hajnal \u00d3voda - Sz\u00e9k\u00e1cs J\u00f3zsef Evang\u00e9likus \u00d3voda, \u00c1ltal\u00e1nos Iskola \u00e9s Gimn\u00e1zium","article_publisher":"https:\/\/www.facebook.com\/hajnal.ovoda.oroshaza","article_modified_time":"2024-03-01T18:00:24+00:00","og_image":[{"url":"https:\/\/szekacs.lutheran.hu\/ovoda\/wp-content\/uploads\/2024\/02\/Ovi-logo-2024-hatter-nelkul-45x40-1.png","type":"","width":"","height":""}],"twitter_card":"summary_large_image","twitter_misc":{"Becs\u00fclt olvas\u00e1si id\u0151":"3 perc"},"schema":{"@context":"https:\/\/schema.org","@graph":[{"@type":"WebPage","@id":"https:\/\/szekacs.lutheran.hu\/ovoda\/?page_id=734","url":"https:\/\/szekacs.lutheran.hu\/ovoda\/?page_id=734","name":"Z\u00f6ld \u00f3voda - Hajnal \u00d3voda - Sz\u00e9k\u00e1cs J\u00f3zsef Evang\u00e9likus \u00d3voda, \u00c1ltal\u00e1nos Iskola \u00e9s Gimn\u00e1zium","isPartOf":{"@id":"https:\/\/szekacs.lutheran.hu\/ovoda\/#website"},"primaryImageOfPage":{"@id":"https:\/\/szekacs.lutheran.hu\/ovoda\/?page_id=734#primaryimage"},"image":{"@id":"https:\/\/szekacs.lutheran.hu\/ovoda\/?page_id=734#primaryimage"},"thumbnailUrl":"https:\/\/szekacs.lutheran.hu\/ovoda\/wp-content\/uploads\/2024\/02\/Ovi-logo-2024-hatter-nelkul-45x40-1.png","datePublished":"2024-02-15T19:51:07+00:00","dateModified":"2024-03-01T18:00:24+00:00","breadcrumb":{"@id":"https:\/\/szekacs.lutheran.hu\/ovoda\/?page_id=734#breadcrumb"},"inLanguage":"hu","potentialAction":[{"@type":"ReadAction","target":["https:\/\/szekacs.lutheran.hu\/ovoda\/?page_id=734"]}]},{"@type":"ImageObject","inLanguage":"hu","@id":"https:\/\/szekacs.lutheran.hu\/ovoda\/?page_id=734#primaryimage","url":"https:\/\/szekacs.lutheran.hu\/ovoda\/wp-content\/uploads\/2024\/02\/Ovi-logo-2024-hatter-nelkul-45x40-1.png","contentUrl":"https:\/\/szekacs.lutheran.hu\/ovoda\/wp-content\/uploads\/2024\/02\/Ovi-logo-2024-hatter-nelkul-45x40-1.png","width":45,"height":40},{"@type":"BreadcrumbList","@id":"https:\/\/szekacs.lutheran.hu\/ovoda\/?page_id=734#breadcrumb","itemListElement":[{"@type":"ListItem","position":1,"name":"Kezd\u0151lap","item":"https:\/\/szekacs.lutheran.hu\/ovoda\/"},{"@type":"ListItem","position":2,"name":"Z\u00f6ld \u00f3voda"}]},{"@type":"WebSite","@id":"https:\/\/szekacs.lutheran.hu\/ovoda\/#website","url":"https:\/\/szekacs.lutheran.hu\/ovoda\/","name":"Hajnal \u00d3voda - Sz\u00e9k\u00e1cs J\u00f3zsef Evang\u00e9likus \u00d3voda, \u00c1ltal\u00e1nos Iskola \u00e9s Gimn\u00e1zium","description":"","publisher":{"@id":"https:\/\/szekacs.lutheran.hu\/ovoda\/#organization"},"potentialAction":[{"@type":"SearchAction","target":{"@type":"EntryPoint","urlTemplate":"https:\/\/szekacs.lutheran.hu\/ovoda\/?s={search_term_string}"},"query-input":{"@type":"PropertyValueSpecification","valueRequired":true,"valueName":"search_term_string"}}],"inLanguage":"hu"},{"@type":"Organization","@id":"https:\/\/szekacs.lutheran.hu\/ovoda\/#organization","name":"Hajnal \u00d3voda - Sz\u00e9k\u00e1cs J\u00f3zsef Evang\u00e9likus \u00d3voda, \u00c1ltal\u00e1nos Iskola \u00e9s Gimn\u00e1zium","url":"https:\/\/szekacs.lutheran.hu\/ovoda\/","logo":{"@type":"ImageObject","inLanguage":"hu","@id":"https:\/\/szekacs.lutheran.hu\/ovoda\/#\/schema\/logo\/image\/","url":"https:\/\/szekacs.lutheran.hu\/ovoda\/wp-content\/uploads\/2024\/01\/Emblema.jpg","contentUrl":"https:\/\/szekacs.lutheran.hu\/ovoda\/wp-content\/uploads\/2024\/01\/Emblema.jpg","width":2366,"height":2084,"caption":"Hajnal \u00d3voda - Sz\u00e9k\u00e1cs J\u00f3zsef Evang\u00e9likus \u00d3voda, \u00c1ltal\u00e1nos Iskola \u00e9s Gimn\u00e1zium"},"image":{"@id":"https:\/\/szekacs.lutheran.hu\/ovoda\/#\/schema\/logo\/image\/"},"sameAs":["https:\/\/www.facebook.com\/hajnal.ovoda.oroshaza"]}]}},"_links":{"self":[{"href":"https:\/\/szekacs.lutheran.hu\/ovoda\/index.php?rest_route=\/wp\/v2\/pages\/734","targetHints":{"allow":["GET"]}}],"collection":[{"href":"https:\/\/szekacs.lutheran.hu\/ovoda\/index.php?rest_route=\/wp\/v2\/pages"}],"about":[{"href":"https:\/\/szekacs.lutheran.hu\/ovoda\/index.php?rest_route=\/wp\/v2\/types\/page"}],"author":[{"embeddable":true,"href":"https:\/\/szekacs.lutheran.hu\/ovoda\/index.php?rest_route=\/wp\/v2\/users\/1"}],"replies":[{"embeddable":true,"href":"https:\/\/szekacs.lutheran.hu\/ovoda\/index.php?rest_route=%2Fwp%2Fv2%2Fcomments&post=734"}],"version-history":[{"count":18,"href":"https:\/\/szekacs.lutheran.hu\/ovoda\/index.php?rest_route=\/wp\/v2\/pages\/734\/revisions"}],"predecessor-version":[{"id":1375,"href":"https:\/\/szekacs.lutheran.hu\/ovoda\/index.php?rest_route=\/wp\/v2\/pages\/734\/revisions\/1375"}],"wp:attachment":[{"href":"https:\/\/szekacs.lutheran.hu\/ovoda\/index.php?rest_route=%2Fwp%2Fv2%2Fmedia&parent=734"}],"curies":[{"name":"wp","href":"https:\/\/api.w.org\/{rel}","templated":true}]}}