{"id":732,"date":"2024-02-15T19:53:20","date_gmt":"2024-02-15T18:53:20","guid":{"rendered":"https:\/\/szekacs.lutheran.hu\/ovoda\/?page_id=732"},"modified":"2024-03-01T14:52:46","modified_gmt":"2024-03-01T13:52:46","slug":"biztonsagos-ovoda-2","status":"publish","type":"page","link":"https:\/\/szekacs.lutheran.hu\/ovoda\/?page_id=732","title":{"rendered":"Biztons\u00e1gos \u00f3voda"},"content":{"rendered":"<p>[et_pb_section fb_built=&#8221;1&#8243; _builder_version=&#8221;4.24.0&#8243; _module_preset=&#8221;default&#8221; background_color=&#8221;#fffaad&#8221; background_enable_image=&#8221;off&#8221; top_divider_style=&#8221;arrow3&#8243; top_divider_color=&#8221;#DF946A&#8221; top_divider_flip=&#8221;horizontal&#8221; bottom_divider_style=&#8221;arrow3&#8243; bottom_divider_color=&#8221;#DF946A&#8221; bottom_divider_flip=&#8221;horizontal&#8221; global_colors_info=&#8221;{}&#8221;][et_pb_row column_structure=&#8221;2_5,3_5&#8243; _builder_version=&#8221;4.24.0&#8243; _module_preset=&#8221;default&#8221; custom_margin=&#8221;60px||60px||true|false&#8221; global_colors_info=&#8221;{}&#8221;][et_pb_column type=&#8221;2_5&#8243; _builder_version=&#8221;4.24.0&#8243; _module_preset=&#8221;default&#8221; custom_padding=&#8221;|||55px|false|false&#8221; global_colors_info=&#8221;{}&#8221;][et_pb_text _builder_version=&#8221;4.24.0&#8243; _module_preset=&#8221;default&#8221; header_2_font=&#8221;Amatic SC|700|||||||&#8221; header_2_text_color=&#8221;#7C1800&#8243; header_2_font_size=&#8221;28px&#8221; background_enable_color=&#8221;off&#8221; custom_padding=&#8221;|||36px|false|false&#8221; custom_padding_tablet=&#8221;|||134px|false|false&#8221; custom_padding_phone=&#8221;|||0px|false|false&#8221; custom_padding_last_edited=&#8221;on|phone&#8221; hover_enabled=&#8221;0&#8243; global_colors_info=&#8221;{}&#8221; sticky_enabled=&#8221;0&#8243;]<\/p>\n<h2><img loading=\"lazy\" decoding=\"async\" src=\"https:\/\/szekacs.lutheran.hu\/ovoda\/wp-content\/uploads\/2024\/02\/Ovi-logo-2024-hatter-nelkul-45x40-1.png\" width=\"45\" height=\"40\" alt=\"\" class=\"wp-image-390 alignnone size-full\" \/>\u00a0 BIZTONS\u00c1GOS \u00d3VODA<\/h2>\n<p>[\/et_pb_text][et_pb_image src=&#8221;https:\/\/szekacs.lutheran.hu\/ovoda\/wp-content\/uploads\/2024\/02\/Biztonsagos-Ovoda-200&#215;200-1.png&#8221; title_text=&#8221;Biztons\u00e1gos \u00d3voda-200&#215;200&#8243; align_tablet=&#8221;left&#8221; align_phone=&#8221;left&#8221; align_last_edited=&#8221;on|tablet&#8221; _builder_version=&#8221;4.24.0&#8243; _module_preset=&#8221;default&#8221; module_alignment=&#8221;left&#8221; custom_padding=&#8221;0px|||50px|false|false&#8221; custom_padding_tablet=&#8221;|||150px|false|false&#8221; custom_padding_phone=&#8221;|||7px|false|false&#8221; custom_padding_last_edited=&#8221;on|phone&#8221; hover_enabled=&#8221;0&#8243; box_shadow_style=&#8221;preset1&#8243; global_colors_info=&#8221;{}&#8221; sticky_enabled=&#8221;0&#8243;][\/et_pb_image][\/et_pb_column][et_pb_column type=&#8221;3_5&#8243; _builder_version=&#8221;4.24.0&#8243; _module_preset=&#8221;default&#8221; global_colors_info=&#8221;{}&#8221;][et_pb_text _builder_version=&#8221;4.24.0&#8243; _module_preset=&#8221;default&#8221; text_font=&#8221;Mulish||||||||&#8221; text_text_color=&#8221;#7C1800&#8243; text_font_size=&#8221;17px&#8221; text_line_height=&#8221;1.8em&#8221; custom_padding=&#8221;10px||||false|false&#8221; global_colors_info=&#8221;{}&#8221;]<\/p>\n<p>Az <strong>\u00c9let \u00daton Program<\/strong> alap\u00edt\u00f3i \u00e9s m\u0171k\u00f6dtet\u0151i a Nemzeti Fejleszt\u00e9si Miniszt\u00e9rium, az Orsz\u00e1gos Rend\u0151r-f\u0151kapit\u00e1nys\u00e1g Orsz\u00e1gos Baleset-megel\u0151z\u00e9si Bizotts\u00e1ga, a Nemzeti K\u00f6zleked\u00e9si Hat\u00f3s\u00e1g \u00e9s a K\u00f6zleked\u00e9studom\u00e1nyi Int\u00e9zet. A program c\u00e9lja<strong> a gyermekek biztons\u00e1gos k\u00f6zleked\u00e9sre nevel\u00e9se<\/strong>. A programot megval\u00f3s\u00edt\u00f3 \u00f3vod\u00e1k elnyerik a <strong>Biztons\u00e1gos \u00d3voda<\/strong> c\u00edmet.<\/p>\n<p>A feln\u00f6vekv\u0151 gener\u00e1ci\u00f3k egyre t\u00f6megesebb \u00e9s felgyorsultabb k\u00f6zleked\u00e9sben vesznek r\u00e9szt, \u00e9s egyre bonyolultabb k\u00f6zleked\u00e9si szab\u00e1lyok k\u00f6vet\u00e9s\u00e9t v\u00e1rja el t\u0151l\u00fck a rohamosan fejl\u0151d\u0151 k\u00f6zleked\u00e9s.<\/p>\n<p>A mindennapi k\u00f6zleked\u00e9s legs\u00e9r\u00fcl\u00e9kenyebb \u00e9s legvesz\u00e9lyeztetettebb csoportj\u00e1t a gyerekek k\u00e9pezik, abb\u00f3l ad\u00f3d\u00f3an, hogy \u00e9letkorukn\u00e1l fogva t\u00e1j\u00e9koz\u00f3d\u00e1si, \u00e9szlel\u00e9si \u00e9s koordin\u00e1ci\u00f3s k\u00e9pess\u00e9geik m\u00e9g fejl\u0151d\u0151 szakaszban vannak, valamint, hogy m\u00e9g kev\u00e9s tapasztalattal rendelkeznek.<\/p>\n<p>Helyzet\u00fck m\u00e9g nagyobb odafigyel\u00e9st k\u00edv\u00e1n, amikor ker\u00e9kp\u00e1rra \u00fclnek, hiszen el\u0151bb-ut\u00f3bb a forgalom \u00f6n\u00e1ll\u00f3 r\u00e9sztvev\u0151iv\u00e9 fognak v\u00e1lni, id\u0151vel pedig \u0151k lesznek a j\u00f6v\u0151 feln\u0151tt k\u00f6zleked\u0151i, g\u00e9pj\u00e1rm\u0171vezet\u0151i. Ez\u00e9rt nagyon fontos, hogy a biztons\u00e1gos k\u00f6zleked\u00e9sre val\u00f3 felk\u00e9sz\u00edt\u00e9s\u00fck min\u00e9l hamar\u00e1bb megkezd\u0151dj\u00f6n.<\/p>\n<p>Ebben a folyamatban legal\u00e1bb annyira fontos szerepet j\u00e1tszik a j\u00e1t\u00e9koss\u00e1g \u00e9s kreativit\u00e1s, mint a gyermekek nyelv\u00e9n megfogalmazott elm\u00e9leti ismeretanyag-\u00e1tad\u00e1s. Ezt a nevel\u00e9si folyamatot t\u00e1mogatja az \u00c9let \u00daton Program.<\/p>\n<p><strong>A program megval\u00f3s\u00edt\u00e1s\u00e1val kit\u0171z\u00f6tt c\u00e9ljaink:<\/strong><\/p>\n<ul>\n<li style=\"list-style-type: none;\">\n<ul>\n<li>N\u00f6velj\u00fck a gyermekek biztons\u00e1g\u00e1t, nevelj\u00fck \u0151ket kultur\u00e1lt, j\u00f3l felk\u00e9sz\u00fclt \u00e9s biztons\u00e1gos k\u00f6zleked\u00e9sre<\/li>\n<li>Tudatosuljon a biztons\u00e1g ig\u00e9nye, n\u0151j\u00f6n a szab\u00e1lyk\u00f6vet\u00e9si hajland\u00f3s\u00e1g, javuljon a k\u00f6zleked\u00e9si kult\u00fara<\/li>\n<li>Gyarapodjon a gyermekek szab\u00e1lyismerete<\/li>\n<li>A sz\u00fcl\u0151k bevon\u00e1s\u00e1val seg\u00edts\u00fck el\u0151, hogy a sz\u00fcl\u0151k vigy\u00e1zzanak gyermekeikre, legyenek felel\u0151ss\u00e9gteljes k\u00f6zleked\u0151k (p\u00e9ldak\u00e9pek).<\/li>\n<\/ul>\n<\/li>\n<\/ul>\n<p>Gyermekeinkben tudatos\u00edtjuk, hogy a Mennyei Atya az \u00e9let\u00fcnk vezet\u00e9s\u00e9hez gondoskod\u00f3 szeretettel ad sz\u00e1munkra \u00fatmutat\u00e1st, betarthat\u00f3, k\u00f6vethet\u0151 szab\u00e1lyokat (T\u00edzparancsolat &#8211; 2M\u00f3z 20,1-17). Ehhez hasonl\u00f3an a k\u00f6zleked\u00e9si szab\u00e1lyok ismeret\u00e9re \u00e9s azok betart\u00e1s\u00e1ra is a saj\u00e1t biztons\u00e1gunk, v\u00e9delm\u00fcnk \u00e9rdek\u00e9ben van sz\u00fcks\u00e9g.<\/p>\n<p>[\/et_pb_text][\/et_pb_column][\/et_pb_row][\/et_pb_section]<\/p>\n","protected":false},"excerpt":{"rendered":"<p>\u00a0 BIZTONS\u00c1GOS \u00d3VODAAz \u00c9let \u00daton Program alap\u00edt\u00f3i \u00e9s m\u0171k\u00f6dtet\u0151i a Nemzeti Fejleszt\u00e9si Miniszt\u00e9rium, az Orsz\u00e1gos Rend\u0151r-f\u0151kapit\u00e1nys\u00e1g Orsz\u00e1gos Baleset-megel\u0151z\u00e9si Bizotts\u00e1ga, a Nemzeti K\u00f6zleked\u00e9si Hat\u00f3s\u00e1g \u00e9s a K\u00f6zleked\u00e9studom\u00e1nyi Int\u00e9zet. A program c\u00e9lja a gyermekek biztons\u00e1gos k\u00f6zleked\u00e9sre nevel\u00e9se. A programot megval\u00f3s\u00edt\u00f3 \u00f3vod\u00e1k elnyerik a Biztons\u00e1gos \u00d3voda c\u00edmet. A feln\u00f6vekv\u0151 gener\u00e1ci\u00f3k egyre t\u00f6megesebb \u00e9s felgyorsultabb k\u00f6zleked\u00e9sben vesznek r\u00e9szt, \u00e9s [&hellip;]<\/p>\n","protected":false},"author":1,"featured_media":0,"parent":0,"menu_order":0,"comment_status":"closed","ping_status":"closed","template":"","meta":{"_et_pb_use_builder":"on","_et_pb_old_content":"","_et_gb_content_width":"","footnotes":""},"class_list":["post-732","page","type-page","status-publish","hentry"],"yoast_head":"<!-- This site is optimized with the Yoast SEO plugin v27.3 - https:\/\/yoast.com\/product\/yoast-seo-wordpress\/ -->\n<title>Biztons\u00e1gos \u00f3voda - Hajnal \u00d3voda - Sz\u00e9k\u00e1cs J\u00f3zsef Evang\u00e9likus \u00d3voda, \u00c1ltal\u00e1nos Iskola \u00e9s Gimn\u00e1zium<\/title>\n<meta name=\"robots\" content=\"index, follow, max-snippet:-1, max-image-preview:large, max-video-preview:-1\" \/>\n<link rel=\"canonical\" href=\"https:\/\/szekacs.lutheran.hu\/ovoda\/?page_id=732\" \/>\n<meta property=\"og:locale\" content=\"hu_HU\" \/>\n<meta property=\"og:type\" content=\"article\" \/>\n<meta property=\"og:title\" content=\"Biztons\u00e1gos \u00f3voda - Hajnal \u00d3voda - Sz\u00e9k\u00e1cs J\u00f3zsef Evang\u00e9likus \u00d3voda, \u00c1ltal\u00e1nos Iskola \u00e9s Gimn\u00e1zium\" \/>\n<meta property=\"og:description\" content=\"\u00a0 BIZTONS\u00c1GOS \u00d3VODAAz \u00c9let \u00daton Program alap\u00edt\u00f3i \u00e9s m\u0171k\u00f6dtet\u0151i a Nemzeti Fejleszt\u00e9si Miniszt\u00e9rium, az Orsz\u00e1gos Rend\u0151r-f\u0151kapit\u00e1nys\u00e1g Orsz\u00e1gos Baleset-megel\u0151z\u00e9si Bizotts\u00e1ga, a Nemzeti K\u00f6zleked\u00e9si Hat\u00f3s\u00e1g \u00e9s a K\u00f6zleked\u00e9studom\u00e1nyi Int\u00e9zet. A program c\u00e9lja a gyermekek biztons\u00e1gos k\u00f6zleked\u00e9sre nevel\u00e9se. A programot megval\u00f3s\u00edt\u00f3 \u00f3vod\u00e1k elnyerik a Biztons\u00e1gos \u00d3voda c\u00edmet. A feln\u00f6vekv\u0151 gener\u00e1ci\u00f3k egyre t\u00f6megesebb \u00e9s felgyorsultabb k\u00f6zleked\u00e9sben vesznek r\u00e9szt, \u00e9s [&hellip;]\" \/>\n<meta property=\"og:url\" content=\"https:\/\/szekacs.lutheran.hu\/ovoda\/?page_id=732\" \/>\n<meta property=\"og:site_name\" content=\"Hajnal \u00d3voda - Sz\u00e9k\u00e1cs J\u00f3zsef Evang\u00e9likus \u00d3voda, \u00c1ltal\u00e1nos Iskola \u00e9s Gimn\u00e1zium\" \/>\n<meta property=\"article:publisher\" content=\"https:\/\/www.facebook.com\/hajnal.ovoda.oroshaza\" \/>\n<meta property=\"article:modified_time\" content=\"2024-03-01T13:52:46+00:00\" \/>\n<meta property=\"og:image\" content=\"https:\/\/szekacs.lutheran.hu\/ovoda\/wp-content\/uploads\/2024\/02\/Ovi-logo-2024-hatter-nelkul-45x40-1.png\" \/>\n<meta name=\"twitter:card\" content=\"summary_large_image\" \/>\n<meta name=\"twitter:label1\" content=\"Becs\u00fclt olvas\u00e1si id\u0151\" \/>\n\t<meta name=\"twitter:data1\" content=\"2 perc\" \/>\n<script type=\"application\/ld+json\" class=\"yoast-schema-graph\">{\"@context\":\"https:\\\/\\\/schema.org\",\"@graph\":[{\"@type\":\"WebPage\",\"@id\":\"https:\\\/\\\/szekacs.lutheran.hu\\\/ovoda\\\/?page_id=732\",\"url\":\"https:\\\/\\\/szekacs.lutheran.hu\\\/ovoda\\\/?page_id=732\",\"name\":\"Biztons\u00e1gos \u00f3voda - Hajnal \u00d3voda - Sz\u00e9k\u00e1cs J\u00f3zsef Evang\u00e9likus \u00d3voda, \u00c1ltal\u00e1nos Iskola \u00e9s Gimn\u00e1zium\",\"isPartOf\":{\"@id\":\"https:\\\/\\\/szekacs.lutheran.hu\\\/ovoda\\\/#website\"},\"primaryImageOfPage\":{\"@id\":\"https:\\\/\\\/szekacs.lutheran.hu\\\/ovoda\\\/?page_id=732#primaryimage\"},\"image\":{\"@id\":\"https:\\\/\\\/szekacs.lutheran.hu\\\/ovoda\\\/?page_id=732#primaryimage\"},\"thumbnailUrl\":\"https:\\\/\\\/szekacs.lutheran.hu\\\/ovoda\\\/wp-content\\\/uploads\\\/2024\\\/02\\\/Ovi-logo-2024-hatter-nelkul-45x40-1.png\",\"datePublished\":\"2024-02-15T18:53:20+00:00\",\"dateModified\":\"2024-03-01T13:52:46+00:00\",\"breadcrumb\":{\"@id\":\"https:\\\/\\\/szekacs.lutheran.hu\\\/ovoda\\\/?page_id=732#breadcrumb\"},\"inLanguage\":\"hu\",\"potentialAction\":[{\"@type\":\"ReadAction\",\"target\":[\"https:\\\/\\\/szekacs.lutheran.hu\\\/ovoda\\\/?page_id=732\"]}]},{\"@type\":\"ImageObject\",\"inLanguage\":\"hu\",\"@id\":\"https:\\\/\\\/szekacs.lutheran.hu\\\/ovoda\\\/?page_id=732#primaryimage\",\"url\":\"https:\\\/\\\/szekacs.lutheran.hu\\\/ovoda\\\/wp-content\\\/uploads\\\/2024\\\/02\\\/Ovi-logo-2024-hatter-nelkul-45x40-1.png\",\"contentUrl\":\"https:\\\/\\\/szekacs.lutheran.hu\\\/ovoda\\\/wp-content\\\/uploads\\\/2024\\\/02\\\/Ovi-logo-2024-hatter-nelkul-45x40-1.png\",\"width\":45,\"height\":40},{\"@type\":\"BreadcrumbList\",\"@id\":\"https:\\\/\\\/szekacs.lutheran.hu\\\/ovoda\\\/?page_id=732#breadcrumb\",\"itemListElement\":[{\"@type\":\"ListItem\",\"position\":1,\"name\":\"Kezd\u0151lap\",\"item\":\"https:\\\/\\\/szekacs.lutheran.hu\\\/ovoda\\\/\"},{\"@type\":\"ListItem\",\"position\":2,\"name\":\"Biztons\u00e1gos \u00f3voda\"}]},{\"@type\":\"WebSite\",\"@id\":\"https:\\\/\\\/szekacs.lutheran.hu\\\/ovoda\\\/#website\",\"url\":\"https:\\\/\\\/szekacs.lutheran.hu\\\/ovoda\\\/\",\"name\":\"Hajnal \u00d3voda - Sz\u00e9k\u00e1cs J\u00f3zsef Evang\u00e9likus \u00d3voda, \u00c1ltal\u00e1nos Iskola \u00e9s Gimn\u00e1zium\",\"description\":\"\",\"publisher\":{\"@id\":\"https:\\\/\\\/szekacs.lutheran.hu\\\/ovoda\\\/#organization\"},\"potentialAction\":[{\"@type\":\"SearchAction\",\"target\":{\"@type\":\"EntryPoint\",\"urlTemplate\":\"https:\\\/\\\/szekacs.lutheran.hu\\\/ovoda\\\/?s={search_term_string}\"},\"query-input\":{\"@type\":\"PropertyValueSpecification\",\"valueRequired\":true,\"valueName\":\"search_term_string\"}}],\"inLanguage\":\"hu\"},{\"@type\":\"Organization\",\"@id\":\"https:\\\/\\\/szekacs.lutheran.hu\\\/ovoda\\\/#organization\",\"name\":\"Hajnal \u00d3voda - Sz\u00e9k\u00e1cs J\u00f3zsef Evang\u00e9likus \u00d3voda, \u00c1ltal\u00e1nos Iskola \u00e9s Gimn\u00e1zium\",\"url\":\"https:\\\/\\\/szekacs.lutheran.hu\\\/ovoda\\\/\",\"logo\":{\"@type\":\"ImageObject\",\"inLanguage\":\"hu\",\"@id\":\"https:\\\/\\\/szekacs.lutheran.hu\\\/ovoda\\\/#\\\/schema\\\/logo\\\/image\\\/\",\"url\":\"https:\\\/\\\/szekacs.lutheran.hu\\\/ovoda\\\/wp-content\\\/uploads\\\/2024\\\/01\\\/Emblema.jpg\",\"contentUrl\":\"https:\\\/\\\/szekacs.lutheran.hu\\\/ovoda\\\/wp-content\\\/uploads\\\/2024\\\/01\\\/Emblema.jpg\",\"width\":2366,\"height\":2084,\"caption\":\"Hajnal \u00d3voda - Sz\u00e9k\u00e1cs J\u00f3zsef Evang\u00e9likus \u00d3voda, \u00c1ltal\u00e1nos Iskola \u00e9s Gimn\u00e1zium\"},\"image\":{\"@id\":\"https:\\\/\\\/szekacs.lutheran.hu\\\/ovoda\\\/#\\\/schema\\\/logo\\\/image\\\/\"},\"sameAs\":[\"https:\\\/\\\/www.facebook.com\\\/hajnal.ovoda.oroshaza\"]}]}<\/script>\n<!-- \/ Yoast SEO plugin. -->","yoast_head_json":{"title":"Biztons\u00e1gos \u00f3voda - Hajnal \u00d3voda - Sz\u00e9k\u00e1cs J\u00f3zsef Evang\u00e9likus \u00d3voda, \u00c1ltal\u00e1nos Iskola \u00e9s Gimn\u00e1zium","robots":{"index":"index","follow":"follow","max-snippet":"max-snippet:-1","max-image-preview":"max-image-preview:large","max-video-preview":"max-video-preview:-1"},"canonical":"https:\/\/szekacs.lutheran.hu\/ovoda\/?page_id=732","og_locale":"hu_HU","og_type":"article","og_title":"Biztons\u00e1gos \u00f3voda - Hajnal \u00d3voda - Sz\u00e9k\u00e1cs J\u00f3zsef Evang\u00e9likus \u00d3voda, \u00c1ltal\u00e1nos Iskola \u00e9s Gimn\u00e1zium","og_description":"\u00a0 BIZTONS\u00c1GOS \u00d3VODAAz \u00c9let \u00daton Program alap\u00edt\u00f3i \u00e9s m\u0171k\u00f6dtet\u0151i a Nemzeti Fejleszt\u00e9si Miniszt\u00e9rium, az Orsz\u00e1gos Rend\u0151r-f\u0151kapit\u00e1nys\u00e1g Orsz\u00e1gos Baleset-megel\u0151z\u00e9si Bizotts\u00e1ga, a Nemzeti K\u00f6zleked\u00e9si Hat\u00f3s\u00e1g \u00e9s a K\u00f6zleked\u00e9studom\u00e1nyi Int\u00e9zet. A program c\u00e9lja a gyermekek biztons\u00e1gos k\u00f6zleked\u00e9sre nevel\u00e9se. A programot megval\u00f3s\u00edt\u00f3 \u00f3vod\u00e1k elnyerik a Biztons\u00e1gos \u00d3voda c\u00edmet. A feln\u00f6vekv\u0151 gener\u00e1ci\u00f3k egyre t\u00f6megesebb \u00e9s felgyorsultabb k\u00f6zleked\u00e9sben vesznek r\u00e9szt, \u00e9s [&hellip;]","og_url":"https:\/\/szekacs.lutheran.hu\/ovoda\/?page_id=732","og_site_name":"Hajnal \u00d3voda - Sz\u00e9k\u00e1cs J\u00f3zsef Evang\u00e9likus \u00d3voda, \u00c1ltal\u00e1nos Iskola \u00e9s Gimn\u00e1zium","article_publisher":"https:\/\/www.facebook.com\/hajnal.ovoda.oroshaza","article_modified_time":"2024-03-01T13:52:46+00:00","og_image":[{"url":"https:\/\/szekacs.lutheran.hu\/ovoda\/wp-content\/uploads\/2024\/02\/Ovi-logo-2024-hatter-nelkul-45x40-1.png","type":"","width":"","height":""}],"twitter_card":"summary_large_image","twitter_misc":{"Becs\u00fclt olvas\u00e1si id\u0151":"2 perc"},"schema":{"@context":"https:\/\/schema.org","@graph":[{"@type":"WebPage","@id":"https:\/\/szekacs.lutheran.hu\/ovoda\/?page_id=732","url":"https:\/\/szekacs.lutheran.hu\/ovoda\/?page_id=732","name":"Biztons\u00e1gos \u00f3voda - Hajnal \u00d3voda - Sz\u00e9k\u00e1cs J\u00f3zsef Evang\u00e9likus \u00d3voda, \u00c1ltal\u00e1nos Iskola \u00e9s Gimn\u00e1zium","isPartOf":{"@id":"https:\/\/szekacs.lutheran.hu\/ovoda\/#website"},"primaryImageOfPage":{"@id":"https:\/\/szekacs.lutheran.hu\/ovoda\/?page_id=732#primaryimage"},"image":{"@id":"https:\/\/szekacs.lutheran.hu\/ovoda\/?page_id=732#primaryimage"},"thumbnailUrl":"https:\/\/szekacs.lutheran.hu\/ovoda\/wp-content\/uploads\/2024\/02\/Ovi-logo-2024-hatter-nelkul-45x40-1.png","datePublished":"2024-02-15T18:53:20+00:00","dateModified":"2024-03-01T13:52:46+00:00","breadcrumb":{"@id":"https:\/\/szekacs.lutheran.hu\/ovoda\/?page_id=732#breadcrumb"},"inLanguage":"hu","potentialAction":[{"@type":"ReadAction","target":["https:\/\/szekacs.lutheran.hu\/ovoda\/?page_id=732"]}]},{"@type":"ImageObject","inLanguage":"hu","@id":"https:\/\/szekacs.lutheran.hu\/ovoda\/?page_id=732#primaryimage","url":"https:\/\/szekacs.lutheran.hu\/ovoda\/wp-content\/uploads\/2024\/02\/Ovi-logo-2024-hatter-nelkul-45x40-1.png","contentUrl":"https:\/\/szekacs.lutheran.hu\/ovoda\/wp-content\/uploads\/2024\/02\/Ovi-logo-2024-hatter-nelkul-45x40-1.png","width":45,"height":40},{"@type":"BreadcrumbList","@id":"https:\/\/szekacs.lutheran.hu\/ovoda\/?page_id=732#breadcrumb","itemListElement":[{"@type":"ListItem","position":1,"name":"Kezd\u0151lap","item":"https:\/\/szekacs.lutheran.hu\/ovoda\/"},{"@type":"ListItem","position":2,"name":"Biztons\u00e1gos \u00f3voda"}]},{"@type":"WebSite","@id":"https:\/\/szekacs.lutheran.hu\/ovoda\/#website","url":"https:\/\/szekacs.lutheran.hu\/ovoda\/","name":"Hajnal \u00d3voda - Sz\u00e9k\u00e1cs J\u00f3zsef Evang\u00e9likus \u00d3voda, \u00c1ltal\u00e1nos Iskola \u00e9s Gimn\u00e1zium","description":"","publisher":{"@id":"https:\/\/szekacs.lutheran.hu\/ovoda\/#organization"},"potentialAction":[{"@type":"SearchAction","target":{"@type":"EntryPoint","urlTemplate":"https:\/\/szekacs.lutheran.hu\/ovoda\/?s={search_term_string}"},"query-input":{"@type":"PropertyValueSpecification","valueRequired":true,"valueName":"search_term_string"}}],"inLanguage":"hu"},{"@type":"Organization","@id":"https:\/\/szekacs.lutheran.hu\/ovoda\/#organization","name":"Hajnal \u00d3voda - Sz\u00e9k\u00e1cs J\u00f3zsef Evang\u00e9likus \u00d3voda, \u00c1ltal\u00e1nos Iskola \u00e9s Gimn\u00e1zium","url":"https:\/\/szekacs.lutheran.hu\/ovoda\/","logo":{"@type":"ImageObject","inLanguage":"hu","@id":"https:\/\/szekacs.lutheran.hu\/ovoda\/#\/schema\/logo\/image\/","url":"https:\/\/szekacs.lutheran.hu\/ovoda\/wp-content\/uploads\/2024\/01\/Emblema.jpg","contentUrl":"https:\/\/szekacs.lutheran.hu\/ovoda\/wp-content\/uploads\/2024\/01\/Emblema.jpg","width":2366,"height":2084,"caption":"Hajnal \u00d3voda - Sz\u00e9k\u00e1cs J\u00f3zsef Evang\u00e9likus \u00d3voda, \u00c1ltal\u00e1nos Iskola \u00e9s Gimn\u00e1zium"},"image":{"@id":"https:\/\/szekacs.lutheran.hu\/ovoda\/#\/schema\/logo\/image\/"},"sameAs":["https:\/\/www.facebook.com\/hajnal.ovoda.oroshaza"]}]}},"_links":{"self":[{"href":"https:\/\/szekacs.lutheran.hu\/ovoda\/index.php?rest_route=\/wp\/v2\/pages\/732","targetHints":{"allow":["GET"]}}],"collection":[{"href":"https:\/\/szekacs.lutheran.hu\/ovoda\/index.php?rest_route=\/wp\/v2\/pages"}],"about":[{"href":"https:\/\/szekacs.lutheran.hu\/ovoda\/index.php?rest_route=\/wp\/v2\/types\/page"}],"author":[{"embeddable":true,"href":"https:\/\/szekacs.lutheran.hu\/ovoda\/index.php?rest_route=\/wp\/v2\/users\/1"}],"replies":[{"embeddable":true,"href":"https:\/\/szekacs.lutheran.hu\/ovoda\/index.php?rest_route=%2Fwp%2Fv2%2Fcomments&post=732"}],"version-history":[{"count":12,"href":"https:\/\/szekacs.lutheran.hu\/ovoda\/index.php?rest_route=\/wp\/v2\/pages\/732\/revisions"}],"predecessor-version":[{"id":1367,"href":"https:\/\/szekacs.lutheran.hu\/ovoda\/index.php?rest_route=\/wp\/v2\/pages\/732\/revisions\/1367"}],"wp:attachment":[{"href":"https:\/\/szekacs.lutheran.hu\/ovoda\/index.php?rest_route=%2Fwp%2Fv2%2Fmedia&parent=732"}],"curies":[{"name":"wp","href":"https:\/\/api.w.org\/{rel}","templated":true}]}}