{"id":730,"date":"2024-02-15T19:52:54","date_gmt":"2024-02-15T18:52:54","guid":{"rendered":"https:\/\/szekacs.lutheran.hu\/ovoda\/?page_id=730"},"modified":"2024-03-01T19:00:51","modified_gmt":"2024-03-01T18:00:51","slug":"boldog-ovoda-2","status":"publish","type":"page","link":"https:\/\/szekacs.lutheran.hu\/ovoda\/?page_id=730","title":{"rendered":"Boldog \u00f3voda"},"content":{"rendered":"<p>[et_pb_section fb_built=&#8221;1&#8243; _builder_version=&#8221;4.24.0&#8243; _module_preset=&#8221;default&#8221; background_color=&#8221;#fffaad&#8221; background_enable_image=&#8221;off&#8221; top_divider_style=&#8221;arrow3&#8243; top_divider_color=&#8221;#DF946A&#8221; top_divider_flip=&#8221;horizontal&#8221; bottom_divider_style=&#8221;arrow3&#8243; bottom_divider_color=&#8221;#DF946A&#8221; bottom_divider_flip=&#8221;horizontal&#8221; global_colors_info=&#8221;{}&#8221;][et_pb_row column_structure=&#8221;2_5,3_5&#8243; _builder_version=&#8221;4.24.0&#8243; _module_preset=&#8221;default&#8221; custom_margin=&#8221;60px||60px||true|false&#8221; global_colors_info=&#8221;{}&#8221;][et_pb_column type=&#8221;2_5&#8243; _builder_version=&#8221;4.24.0&#8243; _module_preset=&#8221;default&#8221; custom_padding=&#8221;|||120px|false|false&#8221; custom_padding_tablet=&#8221;|||162px|false|false&#8221; custom_padding_phone=&#8221;|||33px|false|false&#8221; custom_padding_last_edited=&#8221;on|phone&#8221; global_colors_info=&#8221;{}&#8221;][et_pb_text content_tablet=&#8221;<\/p>\n<h2 style=%22text-align: left;%22><img src=%22https:\/\/szekacs.lutheran.hu\/ovoda\/wp-content\/uploads\/2024\/02\/Ovi-logo-2024-hatter-nelkul-45x40-1.png%22 width=%2245%22 height=%2240%22 alt=%22%22 class=%22wp-image-390 alignnone size-full%22 \/> BOLDOG \u00d3VODA<\/h2>\n<p>&#8221; content_phone=&#8221;<\/p>\n<h2 style=%22text-align: left;%22><img src=%22https:\/\/szekacs.lutheran.hu\/ovoda\/wp-content\/uploads\/2024\/02\/Ovi-logo-2024-hatter-nelkul-45x40-1.png%22 width=%2245%22 height=%2240%22 alt=%22%22 class=%22wp-image-390 alignnone size-full%22 \/> BOLDOG \u00d3VODA<\/h2>\n<p>&#8221; content_last_edited=&#8221;on|desktop&#8221; _builder_version=&#8221;4.24.0&#8243; _module_preset=&#8221;default&#8221; header_2_font=&#8221;Amatic SC|700|||||||&#8221; header_2_text_align=&#8221;left&#8221; header_2_text_color=&#8221;#7C1800&#8243; header_2_font_size=&#8221;28px&#8221; background_enable_color=&#8221;off&#8221; custom_padding=&#8221;|||42px|false|false&#8221; hover_enabled=&#8221;0&#8243; header_2_line_height_tablet=&#8221;&#8221; header_2_line_height_phone=&#8221;1.4em&#8221; header_2_line_height_last_edited=&#8221;on|phone&#8221; global_colors_info=&#8221;{}&#8221; sticky_enabled=&#8221;0&#8243; custom_padding_last_edited=&#8221;on|phone&#8221; custom_padding_tablet=&#8221;|||60px|false|false&#8221; custom_padding_phone=&#8221;|||39px|false|false&#8221;]<\/p>\n<h2 style=\"text-align: left;\"><img loading=\"lazy\" decoding=\"async\" src=\"https:\/\/szekacs.lutheran.hu\/ovoda\/wp-content\/uploads\/2024\/02\/Ovi-logo-2024-hatter-nelkul-45x40-1.png\" width=\"45\" height=\"40\" alt=\"\" class=\"wp-image-390 alignnone size-full\" \/> BOLDOG \u00d3VODA<\/h2>\n<p>[\/et_pb_text][et_pb_image src=&#8221;https:\/\/szekacs.lutheran.hu\/ovoda\/wp-content\/uploads\/2024\/02\/Boldog-ovoda-200&#215;200-1.png&#8221; title_text=&#8221;Boldog-\u00f3voda-200&#215;200&#8243; _builder_version=&#8221;4.24.0&#8243; _module_preset=&#8221;default&#8221; module_alignment=&#8221;left&#8221; custom_padding=&#8221;0px|||35px|false|false&#8221; custom_padding_tablet=&#8221;|||53px|false|false&#8221; custom_padding_phone=&#8221;|||29px|false|false&#8221; custom_padding_last_edited=&#8221;on|phone&#8221; hover_enabled=&#8221;0&#8243; border_radii=&#8221;on|10px|10px|10px|10px&#8221; box_shadow_style=&#8221;preset1&#8243; global_colors_info=&#8221;{}&#8221; sticky_enabled=&#8221;0&#8243;][\/et_pb_image][\/et_pb_column][et_pb_column type=&#8221;3_5&#8243; _builder_version=&#8221;4.24.0&#8243; _module_preset=&#8221;default&#8221; global_colors_info=&#8221;{}&#8221;][et_pb_text _builder_version=&#8221;4.24.0&#8243; _module_preset=&#8221;default&#8221; text_font=&#8221;Mulish||||||||&#8221; text_text_color=&#8221;#7C1800&#8243; text_font_size=&#8221;17px&#8221; text_line_height=&#8221;1.8em&#8221; ol_font=&#8221;Mulish||||||||&#8221; ol_line_height=&#8221;1.8em&#8221; custom_padding=&#8221;10px||||false|false&#8221; global_colors_info=&#8221;{}&#8221;]<\/p>\n<p>A <strong>Boldogs\u00e1g\u00f3ra Program<\/strong> kidolgoz\u00f3ja \u00e9s m\u0171k\u00f6dtet\u0151je a Jobb Veled a Vil\u00e1g Alap\u00edtv\u00e1ny. A program f\u0151v\u00e9dn\u00f6ke Prof. Dr. Bagdi Em\u0151ke, klinikai szakpszichol\u00f3gus, pszichoterapeuta, az ELTE Szem\u00e9lyis\u00e9g- \u00e9s Klinikai Pszichol\u00f3giai Tansz\u00e9k\u00e9nek professor emeritusa. A programot megval\u00f3s\u00edt\u00f3 int\u00e9zm\u00e9nyek elnyerik a <strong>Boldog \u00d3voda,<\/strong> illetve Boldog Iskola c\u00edmet.<\/p>\n<p>K\u00fcl\u00f6n\u00f6sen fontosnak tartjuk, hogy gyermekeinket az \u00f3vod\u00e1ban \u00e9rzelmi biztons\u00e1g, \u00e1lland\u00f3 \u00e9rt\u00e9krend, der\u0171s, kiegyens\u00falyozott, szeretetteljes l\u00e9gk\u00f6r vegye k\u00f6r\u00fcl. Nagy hangs\u00falyt fektet\u00fcnk k\u00f6z\u00f6ss\u00e9g\u00fcnkben a szeretetkapcsolatok kialak\u00edt\u00e1s\u00e1ra \u00e9s \u00e1pol\u00e1s\u00e1ra. A gyermekek \u00e9s a nevel\u0151k, illetve a gyermekek egym\u00e1s k\u00f6z\u00f6tti kapcsolat\u00e1t pozit\u00edv attit\u0171d, \u00e9rzelmi t\u00f6lt\u00e9s jellemzi.<\/p>\n<p>A Mennyei Aty\u00e1val val\u00f3 transzcendens kapcsolat kialak\u00edt\u00e1sa is a gyermekek \u00e9rzelmi biztons\u00e1g\u00e1t, lelki boldogs\u00e1g\u00e1t er\u0151s\u00edti. \u00d3vod\u00e1sainkban tudatos\u00edtjuk, hogy Isten v\u00e9gtelen szeretete \u00e9s oltalma alatt \u00e1llnak, gondvisel\u00e9s\u00e9re mindig sz\u00e1m\u00edthatnak, r\u00e1b\u00edzhatj\u00e1k \u00e9let\u00fcket. Nevel\u0151munk\u00e1nk \u00e1ltal igyeksz\u00fcnk hozz\u00e1j\u00e1rulni \u00f3vod\u00e1saink boldog gyermekkor\u00e1hoz. Ezt a t\u00f6rekv\u00e9s\u00fcnket t\u00e1mogatja a Boldogs\u00e1g\u00f3ra Program.<\/p>\n<p>A program a pedag\u00f3gusok \u00e9s a gyermekek lelki j\u00f3ll\u00e9t\u00e9vel foglalkozik, valamint a sz\u00fcl\u0151k bevon\u00e1s\u00e1ra is lehet\u0151s\u00e9get ny\u00fajt. A <strong>pozit\u00edv pszichol\u00f3gia<\/strong> eredm\u00e9nyeire \u00e9p\u00edtve ad \u00f6tleteket \u00e9s m\u00f3dszertani seg\u00edts\u00e9get a boldogs\u00e1gra val\u00f3 k\u00e9pess\u00e9g fejleszt\u00e9s\u00e9hez.<\/p>\n<p>Seg\u00edti a gyerekeket a h\u00e9tk\u00f6znapi probl\u00e9m\u00e1kkal val\u00f3 megk\u00fczd\u00e9sben, \u00e9s a folyamatos \u00f6nismereti fejleszt\u00e9ssel \u00e9s boldogs\u00e1g\u00e9rzetet fokoz\u00f3 technik\u00e1k bemutat\u00e1s\u00e1val szem\u00e9lyes, lelki eg\u00e9szs\u00e9g\u00fcket is t\u00e1pl\u00e1l\u00f3 kompetenci\u00e1ikat fejleszti. \u00d6sszhangba hozza a hagyom\u00e1nyos tud\u00e1smegoszt\u00e1st \u00e9s az \u00e9letben sz\u00fcks\u00e9ges szem\u00e9lyes \u00e9s szoci\u00e1lis kompetenci\u00e1k fejleszt\u00e9s\u00e9t.<\/p>\n<p>Kiv\u00e1l\u00f3 <strong>szem\u00e9lyis\u00e9gform\u00e1l\u00f3<\/strong> szerepe mellett fontos <strong>k\u00f6z\u00f6ss\u00e9g\u00e9p\u00edt\u0151<\/strong> szerepe is van a pozit\u00edv k\u00f6z\u00f6s \u00e9lm\u00e9nyek biztos\u00edt\u00e1s\u00e1val, \u00e9s egym\u00e1s szeretetteljes elfogad\u00e1s\u00e1ra nevel.<\/p>\n<p>A Boldogs\u00e1g\u00f3ra program kereszt\u00e9ny pedag\u00f3gi\u00e1nkhoz kiv\u00e1l\u00f3an illeszked\u0151, t\u00edz egym\u00e1sra \u00e9p\u00fcl\u0151 t\u00e9m\u00e1b\u00f3l \u00e1ll, amelyek fokozatosan ismertetik meg a boldogs\u00e1g k\u00fcl\u00f6nb\u00f6z\u0151 \u00f6sszetev\u0151it, felt\u00e9teleit:<\/p>\n<ol>\n<li style=\"list-style-type: none;\">\n<ol>\n<li>A h\u00e1la gyakorl\u00e1sa<\/li>\n<li>Az optimizmus gyakorl\u00e1sa<\/li>\n<li>T\u00e1rsas kapcsolatok \u00e1pol\u00e1sa<\/li>\n<li>Boldog\u00edt\u00f3 j\u00f3cselekedetek<\/li>\n<li>C\u00e9lok kit\u0171z\u00e9se \u00e9s el\u00e9r\u00e9se<\/li>\n<li>Megk\u00fczd\u00e9si strat\u00e9gi\u00e1k<\/li>\n<li>Apr\u00f3 \u00f6r\u00f6m\u00f6k \u00e9lvezete<\/li>\n<li>A megbocs\u00e1t\u00e1s gyakorl\u00e1sa<\/li>\n<li>Testmozg\u00e1s<\/li>\n<li>Fenntarthat\u00f3 boldogs\u00e1g<\/li>\n<\/ol>\n<\/li>\n<\/ol>\n<ol><\/ol>\n<p style=\"text-align: center;\"><strong><em>\u201e \u00d6r\u00fcljetek az \u00darban mindenkor!\u201d (Fil 4,4)<\/em><\/strong><\/p>\n<p>[\/et_pb_text][\/et_pb_column][\/et_pb_row][\/et_pb_section]<\/p>\n","protected":false},"excerpt":{"rendered":"<p>BOLDOG \u00d3VODAA Boldogs\u00e1g\u00f3ra Program kidolgoz\u00f3ja \u00e9s m\u0171k\u00f6dtet\u0151je a Jobb Veled a Vil\u00e1g Alap\u00edtv\u00e1ny. A program f\u0151v\u00e9dn\u00f6ke Prof. Dr. Bagdi Em\u0151ke, klinikai szakpszichol\u00f3gus, pszichoterapeuta, az ELTE Szem\u00e9lyis\u00e9g- \u00e9s Klinikai Pszichol\u00f3giai Tansz\u00e9k\u00e9nek professor emeritusa. A programot megval\u00f3s\u00edt\u00f3 int\u00e9zm\u00e9nyek elnyerik a Boldog \u00d3voda, illetve Boldog Iskola c\u00edmet. K\u00fcl\u00f6n\u00f6sen fontosnak tartjuk, hogy gyermekeinket az \u00f3vod\u00e1ban \u00e9rzelmi biztons\u00e1g, \u00e1lland\u00f3 \u00e9rt\u00e9krend, [&hellip;]<\/p>\n","protected":false},"author":1,"featured_media":0,"parent":0,"menu_order":0,"comment_status":"closed","ping_status":"closed","template":"","meta":{"_et_pb_use_builder":"on","_et_pb_old_content":"","_et_gb_content_width":"","footnotes":""},"class_list":["post-730","page","type-page","status-publish","hentry"],"yoast_head":"<!-- This site is optimized with the Yoast SEO plugin v27.3 - https:\/\/yoast.com\/product\/yoast-seo-wordpress\/ -->\n<title>Boldog \u00f3voda - Hajnal \u00d3voda - Sz\u00e9k\u00e1cs J\u00f3zsef Evang\u00e9likus \u00d3voda, \u00c1ltal\u00e1nos Iskola \u00e9s Gimn\u00e1zium<\/title>\n<meta name=\"robots\" content=\"index, follow, max-snippet:-1, max-image-preview:large, max-video-preview:-1\" \/>\n<link rel=\"canonical\" href=\"https:\/\/szekacs.lutheran.hu\/ovoda\/?page_id=730\" \/>\n<meta property=\"og:locale\" content=\"hu_HU\" \/>\n<meta property=\"og:type\" content=\"article\" \/>\n<meta property=\"og:title\" content=\"Boldog \u00f3voda - Hajnal \u00d3voda - Sz\u00e9k\u00e1cs J\u00f3zsef Evang\u00e9likus \u00d3voda, \u00c1ltal\u00e1nos Iskola \u00e9s Gimn\u00e1zium\" \/>\n<meta property=\"og:description\" content=\"BOLDOG \u00d3VODAA Boldogs\u00e1g\u00f3ra Program kidolgoz\u00f3ja \u00e9s m\u0171k\u00f6dtet\u0151je a Jobb Veled a Vil\u00e1g Alap\u00edtv\u00e1ny. A program f\u0151v\u00e9dn\u00f6ke Prof. Dr. Bagdi Em\u0151ke, klinikai szakpszichol\u00f3gus, pszichoterapeuta, az ELTE Szem\u00e9lyis\u00e9g- \u00e9s Klinikai Pszichol\u00f3giai Tansz\u00e9k\u00e9nek professor emeritusa. A programot megval\u00f3s\u00edt\u00f3 int\u00e9zm\u00e9nyek elnyerik a Boldog \u00d3voda, illetve Boldog Iskola c\u00edmet. K\u00fcl\u00f6n\u00f6sen fontosnak tartjuk, hogy gyermekeinket az \u00f3vod\u00e1ban \u00e9rzelmi biztons\u00e1g, \u00e1lland\u00f3 \u00e9rt\u00e9krend, [&hellip;]\" \/>\n<meta property=\"og:url\" content=\"https:\/\/szekacs.lutheran.hu\/ovoda\/?page_id=730\" \/>\n<meta property=\"og:site_name\" content=\"Hajnal \u00d3voda - Sz\u00e9k\u00e1cs J\u00f3zsef Evang\u00e9likus \u00d3voda, \u00c1ltal\u00e1nos Iskola \u00e9s Gimn\u00e1zium\" \/>\n<meta property=\"article:publisher\" content=\"https:\/\/www.facebook.com\/hajnal.ovoda.oroshaza\" \/>\n<meta property=\"article:modified_time\" content=\"2024-03-01T18:00:51+00:00\" \/>\n<meta property=\"og:image\" content=\"https:\/\/szekacs.lutheran.hu\/ovoda\/wp-content\/uploads\/2024\/02\/Ovi-logo-2024-hatter-nelkul-45x40-1.png\" \/>\n<meta name=\"twitter:card\" content=\"summary_large_image\" \/>\n<meta name=\"twitter:label1\" content=\"Becs\u00fclt olvas\u00e1si id\u0151\" \/>\n\t<meta name=\"twitter:data1\" content=\"2 perc\" \/>\n<script type=\"application\/ld+json\" class=\"yoast-schema-graph\">{\"@context\":\"https:\\\/\\\/schema.org\",\"@graph\":[{\"@type\":\"WebPage\",\"@id\":\"https:\\\/\\\/szekacs.lutheran.hu\\\/ovoda\\\/?page_id=730\",\"url\":\"https:\\\/\\\/szekacs.lutheran.hu\\\/ovoda\\\/?page_id=730\",\"name\":\"Boldog \u00f3voda - Hajnal \u00d3voda - Sz\u00e9k\u00e1cs J\u00f3zsef Evang\u00e9likus \u00d3voda, \u00c1ltal\u00e1nos Iskola \u00e9s Gimn\u00e1zium\",\"isPartOf\":{\"@id\":\"https:\\\/\\\/szekacs.lutheran.hu\\\/ovoda\\\/#website\"},\"primaryImageOfPage\":{\"@id\":\"https:\\\/\\\/szekacs.lutheran.hu\\\/ovoda\\\/?page_id=730#primaryimage\"},\"image\":{\"@id\":\"https:\\\/\\\/szekacs.lutheran.hu\\\/ovoda\\\/?page_id=730#primaryimage\"},\"thumbnailUrl\":\"https:\\\/\\\/szekacs.lutheran.hu\\\/ovoda\\\/wp-content\\\/uploads\\\/2024\\\/02\\\/Ovi-logo-2024-hatter-nelkul-45x40-1.png\",\"datePublished\":\"2024-02-15T18:52:54+00:00\",\"dateModified\":\"2024-03-01T18:00:51+00:00\",\"breadcrumb\":{\"@id\":\"https:\\\/\\\/szekacs.lutheran.hu\\\/ovoda\\\/?page_id=730#breadcrumb\"},\"inLanguage\":\"hu\",\"potentialAction\":[{\"@type\":\"ReadAction\",\"target\":[\"https:\\\/\\\/szekacs.lutheran.hu\\\/ovoda\\\/?page_id=730\"]}]},{\"@type\":\"ImageObject\",\"inLanguage\":\"hu\",\"@id\":\"https:\\\/\\\/szekacs.lutheran.hu\\\/ovoda\\\/?page_id=730#primaryimage\",\"url\":\"https:\\\/\\\/szekacs.lutheran.hu\\\/ovoda\\\/wp-content\\\/uploads\\\/2024\\\/02\\\/Ovi-logo-2024-hatter-nelkul-45x40-1.png\",\"contentUrl\":\"https:\\\/\\\/szekacs.lutheran.hu\\\/ovoda\\\/wp-content\\\/uploads\\\/2024\\\/02\\\/Ovi-logo-2024-hatter-nelkul-45x40-1.png\",\"width\":45,\"height\":40},{\"@type\":\"BreadcrumbList\",\"@id\":\"https:\\\/\\\/szekacs.lutheran.hu\\\/ovoda\\\/?page_id=730#breadcrumb\",\"itemListElement\":[{\"@type\":\"ListItem\",\"position\":1,\"name\":\"Kezd\u0151lap\",\"item\":\"https:\\\/\\\/szekacs.lutheran.hu\\\/ovoda\\\/\"},{\"@type\":\"ListItem\",\"position\":2,\"name\":\"Boldog \u00f3voda\"}]},{\"@type\":\"WebSite\",\"@id\":\"https:\\\/\\\/szekacs.lutheran.hu\\\/ovoda\\\/#website\",\"url\":\"https:\\\/\\\/szekacs.lutheran.hu\\\/ovoda\\\/\",\"name\":\"Hajnal \u00d3voda - Sz\u00e9k\u00e1cs J\u00f3zsef Evang\u00e9likus \u00d3voda, \u00c1ltal\u00e1nos Iskola \u00e9s Gimn\u00e1zium\",\"description\":\"\",\"publisher\":{\"@id\":\"https:\\\/\\\/szekacs.lutheran.hu\\\/ovoda\\\/#organization\"},\"potentialAction\":[{\"@type\":\"SearchAction\",\"target\":{\"@type\":\"EntryPoint\",\"urlTemplate\":\"https:\\\/\\\/szekacs.lutheran.hu\\\/ovoda\\\/?s={search_term_string}\"},\"query-input\":{\"@type\":\"PropertyValueSpecification\",\"valueRequired\":true,\"valueName\":\"search_term_string\"}}],\"inLanguage\":\"hu\"},{\"@type\":\"Organization\",\"@id\":\"https:\\\/\\\/szekacs.lutheran.hu\\\/ovoda\\\/#organization\",\"name\":\"Hajnal \u00d3voda - Sz\u00e9k\u00e1cs J\u00f3zsef Evang\u00e9likus \u00d3voda, \u00c1ltal\u00e1nos Iskola \u00e9s Gimn\u00e1zium\",\"url\":\"https:\\\/\\\/szekacs.lutheran.hu\\\/ovoda\\\/\",\"logo\":{\"@type\":\"ImageObject\",\"inLanguage\":\"hu\",\"@id\":\"https:\\\/\\\/szekacs.lutheran.hu\\\/ovoda\\\/#\\\/schema\\\/logo\\\/image\\\/\",\"url\":\"https:\\\/\\\/szekacs.lutheran.hu\\\/ovoda\\\/wp-content\\\/uploads\\\/2024\\\/01\\\/Emblema.jpg\",\"contentUrl\":\"https:\\\/\\\/szekacs.lutheran.hu\\\/ovoda\\\/wp-content\\\/uploads\\\/2024\\\/01\\\/Emblema.jpg\",\"width\":2366,\"height\":2084,\"caption\":\"Hajnal \u00d3voda - Sz\u00e9k\u00e1cs J\u00f3zsef Evang\u00e9likus \u00d3voda, \u00c1ltal\u00e1nos Iskola \u00e9s Gimn\u00e1zium\"},\"image\":{\"@id\":\"https:\\\/\\\/szekacs.lutheran.hu\\\/ovoda\\\/#\\\/schema\\\/logo\\\/image\\\/\"},\"sameAs\":[\"https:\\\/\\\/www.facebook.com\\\/hajnal.ovoda.oroshaza\"]}]}<\/script>\n<!-- \/ Yoast SEO plugin. -->","yoast_head_json":{"title":"Boldog \u00f3voda - Hajnal \u00d3voda - Sz\u00e9k\u00e1cs J\u00f3zsef Evang\u00e9likus \u00d3voda, \u00c1ltal\u00e1nos Iskola \u00e9s Gimn\u00e1zium","robots":{"index":"index","follow":"follow","max-snippet":"max-snippet:-1","max-image-preview":"max-image-preview:large","max-video-preview":"max-video-preview:-1"},"canonical":"https:\/\/szekacs.lutheran.hu\/ovoda\/?page_id=730","og_locale":"hu_HU","og_type":"article","og_title":"Boldog \u00f3voda - Hajnal \u00d3voda - Sz\u00e9k\u00e1cs J\u00f3zsef Evang\u00e9likus \u00d3voda, \u00c1ltal\u00e1nos Iskola \u00e9s Gimn\u00e1zium","og_description":"BOLDOG \u00d3VODAA Boldogs\u00e1g\u00f3ra Program kidolgoz\u00f3ja \u00e9s m\u0171k\u00f6dtet\u0151je a Jobb Veled a Vil\u00e1g Alap\u00edtv\u00e1ny. A program f\u0151v\u00e9dn\u00f6ke Prof. Dr. Bagdi Em\u0151ke, klinikai szakpszichol\u00f3gus, pszichoterapeuta, az ELTE Szem\u00e9lyis\u00e9g- \u00e9s Klinikai Pszichol\u00f3giai Tansz\u00e9k\u00e9nek professor emeritusa. A programot megval\u00f3s\u00edt\u00f3 int\u00e9zm\u00e9nyek elnyerik a Boldog \u00d3voda, illetve Boldog Iskola c\u00edmet. K\u00fcl\u00f6n\u00f6sen fontosnak tartjuk, hogy gyermekeinket az \u00f3vod\u00e1ban \u00e9rzelmi biztons\u00e1g, \u00e1lland\u00f3 \u00e9rt\u00e9krend, [&hellip;]","og_url":"https:\/\/szekacs.lutheran.hu\/ovoda\/?page_id=730","og_site_name":"Hajnal \u00d3voda - Sz\u00e9k\u00e1cs J\u00f3zsef Evang\u00e9likus \u00d3voda, \u00c1ltal\u00e1nos Iskola \u00e9s Gimn\u00e1zium","article_publisher":"https:\/\/www.facebook.com\/hajnal.ovoda.oroshaza","article_modified_time":"2024-03-01T18:00:51+00:00","og_image":[{"url":"https:\/\/szekacs.lutheran.hu\/ovoda\/wp-content\/uploads\/2024\/02\/Ovi-logo-2024-hatter-nelkul-45x40-1.png","type":"","width":"","height":""}],"twitter_card":"summary_large_image","twitter_misc":{"Becs\u00fclt olvas\u00e1si id\u0151":"2 perc"},"schema":{"@context":"https:\/\/schema.org","@graph":[{"@type":"WebPage","@id":"https:\/\/szekacs.lutheran.hu\/ovoda\/?page_id=730","url":"https:\/\/szekacs.lutheran.hu\/ovoda\/?page_id=730","name":"Boldog \u00f3voda - Hajnal \u00d3voda - Sz\u00e9k\u00e1cs J\u00f3zsef Evang\u00e9likus \u00d3voda, \u00c1ltal\u00e1nos Iskola \u00e9s Gimn\u00e1zium","isPartOf":{"@id":"https:\/\/szekacs.lutheran.hu\/ovoda\/#website"},"primaryImageOfPage":{"@id":"https:\/\/szekacs.lutheran.hu\/ovoda\/?page_id=730#primaryimage"},"image":{"@id":"https:\/\/szekacs.lutheran.hu\/ovoda\/?page_id=730#primaryimage"},"thumbnailUrl":"https:\/\/szekacs.lutheran.hu\/ovoda\/wp-content\/uploads\/2024\/02\/Ovi-logo-2024-hatter-nelkul-45x40-1.png","datePublished":"2024-02-15T18:52:54+00:00","dateModified":"2024-03-01T18:00:51+00:00","breadcrumb":{"@id":"https:\/\/szekacs.lutheran.hu\/ovoda\/?page_id=730#breadcrumb"},"inLanguage":"hu","potentialAction":[{"@type":"ReadAction","target":["https:\/\/szekacs.lutheran.hu\/ovoda\/?page_id=730"]}]},{"@type":"ImageObject","inLanguage":"hu","@id":"https:\/\/szekacs.lutheran.hu\/ovoda\/?page_id=730#primaryimage","url":"https:\/\/szekacs.lutheran.hu\/ovoda\/wp-content\/uploads\/2024\/02\/Ovi-logo-2024-hatter-nelkul-45x40-1.png","contentUrl":"https:\/\/szekacs.lutheran.hu\/ovoda\/wp-content\/uploads\/2024\/02\/Ovi-logo-2024-hatter-nelkul-45x40-1.png","width":45,"height":40},{"@type":"BreadcrumbList","@id":"https:\/\/szekacs.lutheran.hu\/ovoda\/?page_id=730#breadcrumb","itemListElement":[{"@type":"ListItem","position":1,"name":"Kezd\u0151lap","item":"https:\/\/szekacs.lutheran.hu\/ovoda\/"},{"@type":"ListItem","position":2,"name":"Boldog \u00f3voda"}]},{"@type":"WebSite","@id":"https:\/\/szekacs.lutheran.hu\/ovoda\/#website","url":"https:\/\/szekacs.lutheran.hu\/ovoda\/","name":"Hajnal \u00d3voda - Sz\u00e9k\u00e1cs J\u00f3zsef Evang\u00e9likus \u00d3voda, \u00c1ltal\u00e1nos Iskola \u00e9s Gimn\u00e1zium","description":"","publisher":{"@id":"https:\/\/szekacs.lutheran.hu\/ovoda\/#organization"},"potentialAction":[{"@type":"SearchAction","target":{"@type":"EntryPoint","urlTemplate":"https:\/\/szekacs.lutheran.hu\/ovoda\/?s={search_term_string}"},"query-input":{"@type":"PropertyValueSpecification","valueRequired":true,"valueName":"search_term_string"}}],"inLanguage":"hu"},{"@type":"Organization","@id":"https:\/\/szekacs.lutheran.hu\/ovoda\/#organization","name":"Hajnal \u00d3voda - Sz\u00e9k\u00e1cs J\u00f3zsef Evang\u00e9likus \u00d3voda, \u00c1ltal\u00e1nos Iskola \u00e9s Gimn\u00e1zium","url":"https:\/\/szekacs.lutheran.hu\/ovoda\/","logo":{"@type":"ImageObject","inLanguage":"hu","@id":"https:\/\/szekacs.lutheran.hu\/ovoda\/#\/schema\/logo\/image\/","url":"https:\/\/szekacs.lutheran.hu\/ovoda\/wp-content\/uploads\/2024\/01\/Emblema.jpg","contentUrl":"https:\/\/szekacs.lutheran.hu\/ovoda\/wp-content\/uploads\/2024\/01\/Emblema.jpg","width":2366,"height":2084,"caption":"Hajnal \u00d3voda - Sz\u00e9k\u00e1cs J\u00f3zsef Evang\u00e9likus \u00d3voda, \u00c1ltal\u00e1nos Iskola \u00e9s Gimn\u00e1zium"},"image":{"@id":"https:\/\/szekacs.lutheran.hu\/ovoda\/#\/schema\/logo\/image\/"},"sameAs":["https:\/\/www.facebook.com\/hajnal.ovoda.oroshaza"]}]}},"_links":{"self":[{"href":"https:\/\/szekacs.lutheran.hu\/ovoda\/index.php?rest_route=\/wp\/v2\/pages\/730","targetHints":{"allow":["GET"]}}],"collection":[{"href":"https:\/\/szekacs.lutheran.hu\/ovoda\/index.php?rest_route=\/wp\/v2\/pages"}],"about":[{"href":"https:\/\/szekacs.lutheran.hu\/ovoda\/index.php?rest_route=\/wp\/v2\/types\/page"}],"author":[{"embeddable":true,"href":"https:\/\/szekacs.lutheran.hu\/ovoda\/index.php?rest_route=\/wp\/v2\/users\/1"}],"replies":[{"embeddable":true,"href":"https:\/\/szekacs.lutheran.hu\/ovoda\/index.php?rest_route=%2Fwp%2Fv2%2Fcomments&post=730"}],"version-history":[{"count":13,"href":"https:\/\/szekacs.lutheran.hu\/ovoda\/index.php?rest_route=\/wp\/v2\/pages\/730\/revisions"}],"predecessor-version":[{"id":1370,"href":"https:\/\/szekacs.lutheran.hu\/ovoda\/index.php?rest_route=\/wp\/v2\/pages\/730\/revisions\/1370"}],"wp:attachment":[{"href":"https:\/\/szekacs.lutheran.hu\/ovoda\/index.php?rest_route=%2Fwp%2Fv2%2Fmedia&parent=730"}],"curies":[{"name":"wp","href":"https:\/\/api.w.org\/{rel}","templated":true}]}}