{"id":465,"date":"2024-02-07T09:11:39","date_gmt":"2024-02-07T08:11:39","guid":{"rendered":"https:\/\/szekacs.lutheran.hu\/ovoda\/?page_id=465"},"modified":"2024-03-01T14:41:29","modified_gmt":"2024-03-01T13:41:29","slug":"akkreditalt-kivalo-tehetsegpont-2","status":"publish","type":"page","link":"https:\/\/szekacs.lutheran.hu\/ovoda\/?page_id=465","title":{"rendered":"Akkredit\u00e1lt kiv\u00e1l\u00f3 tehets\u00e9gpont"},"content":{"rendered":"<p>[et_pb_section fb_built=&#8221;1&#8243; _builder_version=&#8221;4.24.0&#8243; _module_preset=&#8221;default&#8221; background_color=&#8221;#fffaad&#8221; background_enable_image=&#8221;off&#8221; top_divider_style=&#8221;arrow3&#8243; top_divider_color=&#8221;#DF946A&#8221; top_divider_flip=&#8221;horizontal&#8221; bottom_divider_style=&#8221;arrow3&#8243; bottom_divider_color=&#8221;#DF946A&#8221; bottom_divider_flip=&#8221;horizontal&#8221; global_colors_info=&#8221;{}&#8221;][et_pb_row column_structure=&#8221;2_5,3_5&#8243; _builder_version=&#8221;4.24.0&#8243; _module_preset=&#8221;default&#8221; custom_margin=&#8221;60px||60px||true|false&#8221; hover_enabled=&#8221;0&#8243; global_colors_info=&#8221;{}&#8221; sticky_enabled=&#8221;0&#8243;][et_pb_column type=&#8221;2_5&#8243; _builder_version=&#8221;4.24.0&#8243; _module_preset=&#8221;default&#8221; custom_padding=&#8221;|||55px|false|false&#8221; global_colors_info=&#8221;{}&#8221;][et_pb_text content_tablet=&#8221;<\/p>\n<h2><img src=%22https:\/\/szekacs.lutheran.hu\/ovoda\/wp-content\/uploads\/2024\/02\/Ovi-logo-2024-hatter-nelkul-45x40-1.png%22 width=%2245%22 height=%2240%22 alt=%22%22 class=%22wp-image-390 alignnone size-full%22 \/> AKKREDIT\u00c1LT KIV\u00c1L\u00d3 TEHETS\u00c9GPONT<\/h2>\n<p>&#8221; content_phone=&#8221;<\/p>\n<h2 style=%22text-align: center;%22><img src=%22https:\/\/szekacs.lutheran.hu\/ovoda\/wp-content\/uploads\/2024\/02\/Ovi-logo-2024-hatter-nelkul-45x40-1.png%22 width=%2245%22 height=%2240%22 alt=%22%22 class=%22wp-image-390 alignnone size-full%22 \/> AKKREDIT\u00c1LT KIV\u00c1L\u00d3 TEHETS\u00c9GPONT<\/h2>\n<p>&#8221; content_last_edited=&#8221;on|phone&#8221; _builder_version=&#8221;4.24.0&#8243; _module_preset=&#8221;default&#8221; header_2_font=&#8221;Amatic SC|700|||||||&#8221; header_2_text_align=&#8221;left&#8221; header_2_text_color=&#8221;#7C1800&#8243; header_2_font_size=&#8221;28px&#8221; header_2_line_height=&#8221;1.4em&#8221; background_enable_color=&#8221;off&#8221; custom_padding_tablet=&#8221;|||70px|false|false&#8221; custom_padding_phone=&#8221;|||0px|false|false&#8221; custom_padding_last_edited=&#8221;on|phone&#8221; hover_enabled=&#8221;0&#8243; header_2_font_tablet=&#8221;Amatic SC|700|||||||&#8221; header_2_font_phone=&#8221;Amatic SC|700|||||||&#8221; header_2_font_last_edited=&#8221;on|phone&#8221; global_colors_info=&#8221;{}&#8221; sticky_enabled=&#8221;0&#8243; custom_margin=&#8221;|||-62px||&#8221; custom_padding=&#8221;|||50px||&#8221; custom_margin_last_edited=&#8221;on|phone&#8221; custom_margin_tablet=&#8221;|||0px|false|false&#8221; custom_margin_phone=&#8221;|||-60px|false|false&#8221;]<\/p>\n<h2><img loading=\"lazy\" decoding=\"async\" src=\"https:\/\/szekacs.lutheran.hu\/ovoda\/wp-content\/uploads\/2024\/02\/Ovi-logo-2024-hatter-nelkul-45x40-1.png\" width=\"45\" height=\"40\" alt=\"\" class=\"wp-image-390 alignnone size-full\" \/>\u00a0 AKKREDIT\u00c1LT KIV\u00c1L\u00d3 TEHETS\u00c9GPONT<\/h2>\n<p>[\/et_pb_text][et_pb_image src=&#8221;https:\/\/szekacs.lutheran.hu\/ovoda\/wp-content\/uploads\/2024\/02\/Akkreditalt-kivalo-tehetsegpont-200&#215;200-1.png&#8221; title_text=&#8221;Akkreditalt-kivalo-tehetsegpont-200&#215;200&#8243; _builder_version=&#8221;4.24.0&#8243; _module_preset=&#8221;default&#8221; module_alignment=&#8221;left&#8221; custom_padding=&#8221;0px|||68px|false|false&#8221; custom_padding_tablet=&#8221;|||140px|false|false&#8221; custom_padding_phone=&#8221;|||10px|false|false&#8221; custom_padding_last_edited=&#8221;on|phone&#8221; hover_enabled=&#8221;0&#8243; border_radii=&#8221;on|100px|100px|100px|100px&#8221; box_shadow_style=&#8221;preset1&#8243; global_colors_info=&#8221;{}&#8221; width=&#8221;93%&#8221; sticky_enabled=&#8221;0&#8243;][\/et_pb_image][\/et_pb_column][et_pb_column type=&#8221;3_5&#8243; _builder_version=&#8221;4.24.0&#8243; _module_preset=&#8221;default&#8221; global_colors_info=&#8221;{}&#8221;][et_pb_text _builder_version=&#8221;4.24.0&#8243; _module_preset=&#8221;default&#8221; text_font=&#8221;Mulish||||||||&#8221; text_text_color=&#8221;#7C1800&#8243; text_font_size=&#8221;17px&#8221; text_line_height=&#8221;1.8em&#8221; ul_line_height=&#8221;1.8em&#8221; custom_padding=&#8221;10px||||false|false&#8221; global_colors_info=&#8221;{}&#8221;]<\/p>\n<p>\u00d3vod\u00e1nk a Magyar Tehets\u00e9gseg\u00edt\u0151 Szervezetek Sz\u00f6vets\u00e9ge (MATEHETSZ) \u00e1ltal kijel\u00f6lt <strong>Akkredit\u00e1lt kiv\u00e1l\u00f3 Tehets\u00e9gpontk\u00e9nt<\/strong> m\u0171k\u00f6dik.<\/p>\n<p>\u00d3vod\u00e1s kor\u00fa kisgyermekeink eset\u00e9ben nem besz\u00e9lhet\u00fcnk konkr\u00e9t tehets\u00e9gr\u0151l, csak tehets\u00e9g\u00edg\u00e9retes adotts\u00e1gokr\u00f3l, hajlamokr\u00f3l, k\u00e9pess\u00e9gekr\u0151l. Ebben az \u00e9letkorban a gyermek \u00e1tlagon fel\u00fcli teljes\u00edtm\u00e9ny\u00e9t emelj\u00fck ki, konkr\u00e9t cselekv\u00e9sre koncentr\u00e1lva. Tehets\u00e9ggondoz\u00f3 tev\u00e9kenys\u00e9g\u00fcnk c\u00e9lja, hogy minden gyermekben fel tudjuk fedezni azt az \u00e9rt\u00e9k\u00e9t, amelyben a legjobbak a k\u00e9pess\u00e9gei, amiben sikert \u00e9rhet el. Ezt k\u00f6veti a gyermeki k\u00e9pess\u00e9g kibontakoztat\u00e1s\u00e1nak seg\u00edt\u00e9se, a tanul\u00e1s ir\u00e1nti \u00e9rdekl\u0151d\u00e9s felkelt\u00e9se \u00e9s a sz\u00fcl\u0151k figyelm\u00e9nek a tehets\u00e9g\u00edg\u00e9retes ter\u00fcletre val\u00f3 ir\u00e1ny\u00edt\u00e1sa. T\u00f6reksz\u00fcnk a tehets\u00e9g min\u00e9l sz\u00e9lesebb k\u00f6r\u0171 elismertet\u00e9s\u00e9re, siker\u00e9lm\u00e9nyek biztos\u00edt\u00e1s\u00e1ra. Ez\u00e1ltal pr\u00f3b\u00e1ljuk motiv\u00e1lni, lelkes\u00edteni a gyermekeket, hogy \u0151k maguk is komolyan vegy\u00e9k Istent\u0151l kapott tehets\u00e9g\u00fcket \u00e9s a k\u00e9s\u0151bbiekben is k\u00e9szek legyenek kamatoztatni azt \u2013 mint a t\u00e1lentumokr\u00f3l sz\u00f3l\u00f3 p\u00e9ldabesz\u00e9dben. (Mt 25, 14-30)<\/p>\n<p>Akkredit\u00e1lt kiv\u00e1l\u00f3 tehets\u00e9gpontk\u00e9nt m\u0171k\u00f6d\u0151 \u00f3vod\u00e1nkban tehets\u00e9gm\u0171helyeket vezet\u00fcnk:<\/p>\n<ul>\n<li><strong>N\u00e9pt\u00e1nc<\/strong> tehets\u00e9gm\u0171hely a testi- kinesztetikus tehets\u00e9gter\u00fclet \u00e1pol\u00e1s\u00e1ra, a j\u00f3 ritmus\u00e9rz\u00e9k\u0171, fejlett mozg\u00e1skoordin\u00e1ci\u00f3val rendelkez\u0151 gyermekek sz\u00e1m\u00e1ra<\/li>\n<li><strong>\u00c9nek-zene<\/strong> tehets\u00e9gm\u0171hely a zenei tehets\u00e9gter\u00fclet \u00e1pol\u00e1s\u00e1ra, a kiemelked\u0151 zenei hall\u00e1s\u00fa, sz\u00e9p, tiszta \u00e9nekhang\u00fa gyermekek sz\u00e1m\u00e1ra.<\/li>\n<li><strong>K\u00e9zm\u0171ves<\/strong> tehets\u00e9gm\u0171hely a t\u00e9rbeli- vizu\u00e1lis tehets\u00e9gter\u00fclet \u00e1pol\u00e1s\u00e1ra, a j\u00f3 k\u00e9z\u00fcgyess\u00e9g\u0171, fejlett finommotorik\u00e1val rendelkez\u0151, kreat\u00edv gyermekek sz\u00e1m\u00e1ra<\/li>\n<li><strong>Sakkj\u00e1tsz\u00f3t\u00e9r<\/strong> tehets\u00e9gm\u0171hely a logikai- matematikai tehets\u00e9gter\u00fclet \u00e1pol\u00e1s\u00e1ra, a j\u00f3 logikai k\u00e9szs\u00e9ggel rendelkez\u0151 gyermekek sz\u00e1m\u00e1ra<\/li>\n<\/ul>\n<p>Az \u00f3vodapedag\u00f3gusok fontos feladata, hogy a mindennapi nevel\u0151munk\u00e1ba, fejleszt\u0151 tev\u00e9kenys\u00e9gbe be\u00e9p\u00edtve megtal\u00e1lj\u00e1k a csoporton bel\u00fcli egy\u00e9ni tehets\u00e9ggondoz\u00e1s lehet\u0151s\u00e9geit, hely\u00e9t \u00e9s idej\u00e9t is. Legyen sz\u00f3 logikai, verb\u00e1lis, finommotorikus, zenei vagy b\u00e1rmilyen k\u00e9pess\u00e9gr\u0151l.<\/p>\n<p>Az eml\u00edtett t\u00e1lentumokr\u00f3l sz\u00f3l\u00f3 p\u00e9ldabesz\u00e9d j\u00f3l \u00e9rz\u00e9kelteti, mennyire elt\u00e9r\u0151en akn\u00e1zzuk ki a k\u00e9pess\u00e9geinket. Adotts\u00e1gaink nyilv\u00e1nval\u00f3an nem egyform\u00e1k, azonban sokat sz\u00e1m\u00edt az is, hogy egy\u00e9nileg hogyan s\u00e1f\u00e1rkodunk vel\u00fck. Ha nem fejlesztj\u00fck k\u00e9pess\u00e9geinket, akkor azok a semmibe veszhetnek. A kisgyermekek ebben a folyamatban a feln\u0151ttek seg\u00edts\u00e9g\u00e9re szorulnak \u00e9s ezt a seg\u00edts\u00e9get lelkiismeretes munk\u00e1nkkal mi tudjuk biztos\u00edtani sz\u00e1mukra.<\/p>\n<p><strong><em>\u201eNe hanyagold el a benned lev\u0151 kegyelmi aj\u00e1nd\u00e9kot\u2026\u201d (1Tim 4,14)<\/em><\/strong><\/p>\n<p>[\/et_pb_text][\/et_pb_column][\/et_pb_row][\/et_pb_section]<\/p>\n","protected":false},"excerpt":{"rendered":"<p>\u00a0 AKKREDIT\u00c1LT KIV\u00c1L\u00d3 TEHETS\u00c9GPONT\u00d3vod\u00e1nk a Magyar Tehets\u00e9gseg\u00edt\u0151 Szervezetek Sz\u00f6vets\u00e9ge (MATEHETSZ) \u00e1ltal kijel\u00f6lt Akkredit\u00e1lt kiv\u00e1l\u00f3 Tehets\u00e9gpontk\u00e9nt m\u0171k\u00f6dik. \u00d3vod\u00e1s kor\u00fa kisgyermekeink eset\u00e9ben nem besz\u00e9lhet\u00fcnk konkr\u00e9t tehets\u00e9gr\u0151l, csak tehets\u00e9g\u00edg\u00e9retes adotts\u00e1gokr\u00f3l, hajlamokr\u00f3l, k\u00e9pess\u00e9gekr\u0151l. Ebben az \u00e9letkorban a gyermek \u00e1tlagon fel\u00fcli teljes\u00edtm\u00e9ny\u00e9t emelj\u00fck ki, konkr\u00e9t cselekv\u00e9sre koncentr\u00e1lva. Tehets\u00e9ggondoz\u00f3 tev\u00e9kenys\u00e9g\u00fcnk c\u00e9lja, hogy minden gyermekben fel tudjuk fedezni azt az \u00e9rt\u00e9k\u00e9t, amelyben [&hellip;]<\/p>\n","protected":false},"author":1,"featured_media":0,"parent":0,"menu_order":0,"comment_status":"closed","ping_status":"closed","template":"","meta":{"_et_pb_use_builder":"on","_et_pb_old_content":"","_et_gb_content_width":"","footnotes":""},"class_list":["post-465","page","type-page","status-publish","hentry"],"yoast_head":"<!-- This site is optimized with the Yoast SEO plugin v27.3 - https:\/\/yoast.com\/product\/yoast-seo-wordpress\/ -->\n<title>Akkredit\u00e1lt kiv\u00e1l\u00f3 tehets\u00e9gpont - Hajnal \u00d3voda - Sz\u00e9k\u00e1cs J\u00f3zsef Evang\u00e9likus \u00d3voda, \u00c1ltal\u00e1nos Iskola \u00e9s Gimn\u00e1zium<\/title>\n<meta name=\"robots\" content=\"index, follow, max-snippet:-1, max-image-preview:large, max-video-preview:-1\" \/>\n<link rel=\"canonical\" href=\"https:\/\/szekacs.lutheran.hu\/ovoda\/?page_id=465\" \/>\n<meta property=\"og:locale\" content=\"hu_HU\" \/>\n<meta property=\"og:type\" content=\"article\" \/>\n<meta property=\"og:title\" content=\"Akkredit\u00e1lt kiv\u00e1l\u00f3 tehets\u00e9gpont - Hajnal \u00d3voda - Sz\u00e9k\u00e1cs J\u00f3zsef Evang\u00e9likus \u00d3voda, \u00c1ltal\u00e1nos Iskola \u00e9s Gimn\u00e1zium\" \/>\n<meta property=\"og:description\" content=\"\u00a0 AKKREDIT\u00c1LT KIV\u00c1L\u00d3 TEHETS\u00c9GPONT\u00d3vod\u00e1nk a Magyar Tehets\u00e9gseg\u00edt\u0151 Szervezetek Sz\u00f6vets\u00e9ge (MATEHETSZ) \u00e1ltal kijel\u00f6lt Akkredit\u00e1lt kiv\u00e1l\u00f3 Tehets\u00e9gpontk\u00e9nt m\u0171k\u00f6dik. \u00d3vod\u00e1s kor\u00fa kisgyermekeink eset\u00e9ben nem besz\u00e9lhet\u00fcnk konkr\u00e9t tehets\u00e9gr\u0151l, csak tehets\u00e9g\u00edg\u00e9retes adotts\u00e1gokr\u00f3l, hajlamokr\u00f3l, k\u00e9pess\u00e9gekr\u0151l. Ebben az \u00e9letkorban a gyermek \u00e1tlagon fel\u00fcli teljes\u00edtm\u00e9ny\u00e9t emelj\u00fck ki, konkr\u00e9t cselekv\u00e9sre koncentr\u00e1lva. Tehets\u00e9ggondoz\u00f3 tev\u00e9kenys\u00e9g\u00fcnk c\u00e9lja, hogy minden gyermekben fel tudjuk fedezni azt az \u00e9rt\u00e9k\u00e9t, amelyben [&hellip;]\" \/>\n<meta property=\"og:url\" content=\"https:\/\/szekacs.lutheran.hu\/ovoda\/?page_id=465\" \/>\n<meta property=\"og:site_name\" content=\"Hajnal \u00d3voda - Sz\u00e9k\u00e1cs J\u00f3zsef Evang\u00e9likus \u00d3voda, \u00c1ltal\u00e1nos Iskola \u00e9s Gimn\u00e1zium\" \/>\n<meta property=\"article:publisher\" content=\"https:\/\/www.facebook.com\/hajnal.ovoda.oroshaza\" \/>\n<meta property=\"article:modified_time\" content=\"2024-03-01T13:41:29+00:00\" \/>\n<meta property=\"og:image\" content=\"https:\/\/szekacs.lutheran.hu\/ovoda\/wp-content\/uploads\/2024\/02\/Ovi-logo-2024-hatter-nelkul-45x40-1.png\" \/>\n<meta name=\"twitter:card\" content=\"summary_large_image\" \/>\n<meta name=\"twitter:label1\" content=\"Becs\u00fclt olvas\u00e1si id\u0151\" \/>\n\t<meta name=\"twitter:data1\" content=\"3 perc\" \/>\n<script type=\"application\/ld+json\" class=\"yoast-schema-graph\">{\"@context\":\"https:\\\/\\\/schema.org\",\"@graph\":[{\"@type\":\"WebPage\",\"@id\":\"https:\\\/\\\/szekacs.lutheran.hu\\\/ovoda\\\/?page_id=465\",\"url\":\"https:\\\/\\\/szekacs.lutheran.hu\\\/ovoda\\\/?page_id=465\",\"name\":\"Akkredit\u00e1lt kiv\u00e1l\u00f3 tehets\u00e9gpont - Hajnal \u00d3voda - Sz\u00e9k\u00e1cs J\u00f3zsef Evang\u00e9likus \u00d3voda, \u00c1ltal\u00e1nos Iskola \u00e9s Gimn\u00e1zium\",\"isPartOf\":{\"@id\":\"https:\\\/\\\/szekacs.lutheran.hu\\\/ovoda\\\/#website\"},\"primaryImageOfPage\":{\"@id\":\"https:\\\/\\\/szekacs.lutheran.hu\\\/ovoda\\\/?page_id=465#primaryimage\"},\"image\":{\"@id\":\"https:\\\/\\\/szekacs.lutheran.hu\\\/ovoda\\\/?page_id=465#primaryimage\"},\"thumbnailUrl\":\"https:\\\/\\\/szekacs.lutheran.hu\\\/ovoda\\\/wp-content\\\/uploads\\\/2024\\\/02\\\/Ovi-logo-2024-hatter-nelkul-45x40-1.png\",\"datePublished\":\"2024-02-07T08:11:39+00:00\",\"dateModified\":\"2024-03-01T13:41:29+00:00\",\"breadcrumb\":{\"@id\":\"https:\\\/\\\/szekacs.lutheran.hu\\\/ovoda\\\/?page_id=465#breadcrumb\"},\"inLanguage\":\"hu\",\"potentialAction\":[{\"@type\":\"ReadAction\",\"target\":[\"https:\\\/\\\/szekacs.lutheran.hu\\\/ovoda\\\/?page_id=465\"]}]},{\"@type\":\"ImageObject\",\"inLanguage\":\"hu\",\"@id\":\"https:\\\/\\\/szekacs.lutheran.hu\\\/ovoda\\\/?page_id=465#primaryimage\",\"url\":\"https:\\\/\\\/szekacs.lutheran.hu\\\/ovoda\\\/wp-content\\\/uploads\\\/2024\\\/02\\\/Ovi-logo-2024-hatter-nelkul-45x40-1.png\",\"contentUrl\":\"https:\\\/\\\/szekacs.lutheran.hu\\\/ovoda\\\/wp-content\\\/uploads\\\/2024\\\/02\\\/Ovi-logo-2024-hatter-nelkul-45x40-1.png\",\"width\":45,\"height\":40},{\"@type\":\"BreadcrumbList\",\"@id\":\"https:\\\/\\\/szekacs.lutheran.hu\\\/ovoda\\\/?page_id=465#breadcrumb\",\"itemListElement\":[{\"@type\":\"ListItem\",\"position\":1,\"name\":\"Kezd\u0151lap\",\"item\":\"https:\\\/\\\/szekacs.lutheran.hu\\\/ovoda\\\/\"},{\"@type\":\"ListItem\",\"position\":2,\"name\":\"Akkredit\u00e1lt kiv\u00e1l\u00f3 tehets\u00e9gpont\"}]},{\"@type\":\"WebSite\",\"@id\":\"https:\\\/\\\/szekacs.lutheran.hu\\\/ovoda\\\/#website\",\"url\":\"https:\\\/\\\/szekacs.lutheran.hu\\\/ovoda\\\/\",\"name\":\"Hajnal \u00d3voda - Sz\u00e9k\u00e1cs J\u00f3zsef Evang\u00e9likus \u00d3voda, \u00c1ltal\u00e1nos Iskola \u00e9s Gimn\u00e1zium\",\"description\":\"\",\"publisher\":{\"@id\":\"https:\\\/\\\/szekacs.lutheran.hu\\\/ovoda\\\/#organization\"},\"potentialAction\":[{\"@type\":\"SearchAction\",\"target\":{\"@type\":\"EntryPoint\",\"urlTemplate\":\"https:\\\/\\\/szekacs.lutheran.hu\\\/ovoda\\\/?s={search_term_string}\"},\"query-input\":{\"@type\":\"PropertyValueSpecification\",\"valueRequired\":true,\"valueName\":\"search_term_string\"}}],\"inLanguage\":\"hu\"},{\"@type\":\"Organization\",\"@id\":\"https:\\\/\\\/szekacs.lutheran.hu\\\/ovoda\\\/#organization\",\"name\":\"Hajnal \u00d3voda - Sz\u00e9k\u00e1cs J\u00f3zsef Evang\u00e9likus \u00d3voda, \u00c1ltal\u00e1nos Iskola \u00e9s Gimn\u00e1zium\",\"url\":\"https:\\\/\\\/szekacs.lutheran.hu\\\/ovoda\\\/\",\"logo\":{\"@type\":\"ImageObject\",\"inLanguage\":\"hu\",\"@id\":\"https:\\\/\\\/szekacs.lutheran.hu\\\/ovoda\\\/#\\\/schema\\\/logo\\\/image\\\/\",\"url\":\"https:\\\/\\\/szekacs.lutheran.hu\\\/ovoda\\\/wp-content\\\/uploads\\\/2024\\\/01\\\/Emblema.jpg\",\"contentUrl\":\"https:\\\/\\\/szekacs.lutheran.hu\\\/ovoda\\\/wp-content\\\/uploads\\\/2024\\\/01\\\/Emblema.jpg\",\"width\":2366,\"height\":2084,\"caption\":\"Hajnal \u00d3voda - Sz\u00e9k\u00e1cs J\u00f3zsef Evang\u00e9likus \u00d3voda, \u00c1ltal\u00e1nos Iskola \u00e9s Gimn\u00e1zium\"},\"image\":{\"@id\":\"https:\\\/\\\/szekacs.lutheran.hu\\\/ovoda\\\/#\\\/schema\\\/logo\\\/image\\\/\"},\"sameAs\":[\"https:\\\/\\\/www.facebook.com\\\/hajnal.ovoda.oroshaza\"]}]}<\/script>\n<!-- \/ Yoast SEO plugin. -->","yoast_head_json":{"title":"Akkredit\u00e1lt kiv\u00e1l\u00f3 tehets\u00e9gpont - Hajnal \u00d3voda - Sz\u00e9k\u00e1cs J\u00f3zsef Evang\u00e9likus \u00d3voda, \u00c1ltal\u00e1nos Iskola \u00e9s Gimn\u00e1zium","robots":{"index":"index","follow":"follow","max-snippet":"max-snippet:-1","max-image-preview":"max-image-preview:large","max-video-preview":"max-video-preview:-1"},"canonical":"https:\/\/szekacs.lutheran.hu\/ovoda\/?page_id=465","og_locale":"hu_HU","og_type":"article","og_title":"Akkredit\u00e1lt kiv\u00e1l\u00f3 tehets\u00e9gpont - Hajnal \u00d3voda - Sz\u00e9k\u00e1cs J\u00f3zsef Evang\u00e9likus \u00d3voda, \u00c1ltal\u00e1nos Iskola \u00e9s Gimn\u00e1zium","og_description":"\u00a0 AKKREDIT\u00c1LT KIV\u00c1L\u00d3 TEHETS\u00c9GPONT\u00d3vod\u00e1nk a Magyar Tehets\u00e9gseg\u00edt\u0151 Szervezetek Sz\u00f6vets\u00e9ge (MATEHETSZ) \u00e1ltal kijel\u00f6lt Akkredit\u00e1lt kiv\u00e1l\u00f3 Tehets\u00e9gpontk\u00e9nt m\u0171k\u00f6dik. \u00d3vod\u00e1s kor\u00fa kisgyermekeink eset\u00e9ben nem besz\u00e9lhet\u00fcnk konkr\u00e9t tehets\u00e9gr\u0151l, csak tehets\u00e9g\u00edg\u00e9retes adotts\u00e1gokr\u00f3l, hajlamokr\u00f3l, k\u00e9pess\u00e9gekr\u0151l. Ebben az \u00e9letkorban a gyermek \u00e1tlagon fel\u00fcli teljes\u00edtm\u00e9ny\u00e9t emelj\u00fck ki, konkr\u00e9t cselekv\u00e9sre koncentr\u00e1lva. Tehets\u00e9ggondoz\u00f3 tev\u00e9kenys\u00e9g\u00fcnk c\u00e9lja, hogy minden gyermekben fel tudjuk fedezni azt az \u00e9rt\u00e9k\u00e9t, amelyben [&hellip;]","og_url":"https:\/\/szekacs.lutheran.hu\/ovoda\/?page_id=465","og_site_name":"Hajnal \u00d3voda - Sz\u00e9k\u00e1cs J\u00f3zsef Evang\u00e9likus \u00d3voda, \u00c1ltal\u00e1nos Iskola \u00e9s Gimn\u00e1zium","article_publisher":"https:\/\/www.facebook.com\/hajnal.ovoda.oroshaza","article_modified_time":"2024-03-01T13:41:29+00:00","og_image":[{"url":"https:\/\/szekacs.lutheran.hu\/ovoda\/wp-content\/uploads\/2024\/02\/Ovi-logo-2024-hatter-nelkul-45x40-1.png","type":"","width":"","height":""}],"twitter_card":"summary_large_image","twitter_misc":{"Becs\u00fclt olvas\u00e1si id\u0151":"3 perc"},"schema":{"@context":"https:\/\/schema.org","@graph":[{"@type":"WebPage","@id":"https:\/\/szekacs.lutheran.hu\/ovoda\/?page_id=465","url":"https:\/\/szekacs.lutheran.hu\/ovoda\/?page_id=465","name":"Akkredit\u00e1lt kiv\u00e1l\u00f3 tehets\u00e9gpont - Hajnal \u00d3voda - Sz\u00e9k\u00e1cs J\u00f3zsef Evang\u00e9likus \u00d3voda, \u00c1ltal\u00e1nos Iskola \u00e9s Gimn\u00e1zium","isPartOf":{"@id":"https:\/\/szekacs.lutheran.hu\/ovoda\/#website"},"primaryImageOfPage":{"@id":"https:\/\/szekacs.lutheran.hu\/ovoda\/?page_id=465#primaryimage"},"image":{"@id":"https:\/\/szekacs.lutheran.hu\/ovoda\/?page_id=465#primaryimage"},"thumbnailUrl":"https:\/\/szekacs.lutheran.hu\/ovoda\/wp-content\/uploads\/2024\/02\/Ovi-logo-2024-hatter-nelkul-45x40-1.png","datePublished":"2024-02-07T08:11:39+00:00","dateModified":"2024-03-01T13:41:29+00:00","breadcrumb":{"@id":"https:\/\/szekacs.lutheran.hu\/ovoda\/?page_id=465#breadcrumb"},"inLanguage":"hu","potentialAction":[{"@type":"ReadAction","target":["https:\/\/szekacs.lutheran.hu\/ovoda\/?page_id=465"]}]},{"@type":"ImageObject","inLanguage":"hu","@id":"https:\/\/szekacs.lutheran.hu\/ovoda\/?page_id=465#primaryimage","url":"https:\/\/szekacs.lutheran.hu\/ovoda\/wp-content\/uploads\/2024\/02\/Ovi-logo-2024-hatter-nelkul-45x40-1.png","contentUrl":"https:\/\/szekacs.lutheran.hu\/ovoda\/wp-content\/uploads\/2024\/02\/Ovi-logo-2024-hatter-nelkul-45x40-1.png","width":45,"height":40},{"@type":"BreadcrumbList","@id":"https:\/\/szekacs.lutheran.hu\/ovoda\/?page_id=465#breadcrumb","itemListElement":[{"@type":"ListItem","position":1,"name":"Kezd\u0151lap","item":"https:\/\/szekacs.lutheran.hu\/ovoda\/"},{"@type":"ListItem","position":2,"name":"Akkredit\u00e1lt kiv\u00e1l\u00f3 tehets\u00e9gpont"}]},{"@type":"WebSite","@id":"https:\/\/szekacs.lutheran.hu\/ovoda\/#website","url":"https:\/\/szekacs.lutheran.hu\/ovoda\/","name":"Hajnal \u00d3voda - Sz\u00e9k\u00e1cs J\u00f3zsef Evang\u00e9likus \u00d3voda, \u00c1ltal\u00e1nos Iskola \u00e9s Gimn\u00e1zium","description":"","publisher":{"@id":"https:\/\/szekacs.lutheran.hu\/ovoda\/#organization"},"potentialAction":[{"@type":"SearchAction","target":{"@type":"EntryPoint","urlTemplate":"https:\/\/szekacs.lutheran.hu\/ovoda\/?s={search_term_string}"},"query-input":{"@type":"PropertyValueSpecification","valueRequired":true,"valueName":"search_term_string"}}],"inLanguage":"hu"},{"@type":"Organization","@id":"https:\/\/szekacs.lutheran.hu\/ovoda\/#organization","name":"Hajnal \u00d3voda - Sz\u00e9k\u00e1cs J\u00f3zsef Evang\u00e9likus \u00d3voda, \u00c1ltal\u00e1nos Iskola \u00e9s Gimn\u00e1zium","url":"https:\/\/szekacs.lutheran.hu\/ovoda\/","logo":{"@type":"ImageObject","inLanguage":"hu","@id":"https:\/\/szekacs.lutheran.hu\/ovoda\/#\/schema\/logo\/image\/","url":"https:\/\/szekacs.lutheran.hu\/ovoda\/wp-content\/uploads\/2024\/01\/Emblema.jpg","contentUrl":"https:\/\/szekacs.lutheran.hu\/ovoda\/wp-content\/uploads\/2024\/01\/Emblema.jpg","width":2366,"height":2084,"caption":"Hajnal \u00d3voda - Sz\u00e9k\u00e1cs J\u00f3zsef Evang\u00e9likus \u00d3voda, \u00c1ltal\u00e1nos Iskola \u00e9s Gimn\u00e1zium"},"image":{"@id":"https:\/\/szekacs.lutheran.hu\/ovoda\/#\/schema\/logo\/image\/"},"sameAs":["https:\/\/www.facebook.com\/hajnal.ovoda.oroshaza"]}]}},"_links":{"self":[{"href":"https:\/\/szekacs.lutheran.hu\/ovoda\/index.php?rest_route=\/wp\/v2\/pages\/465","targetHints":{"allow":["GET"]}}],"collection":[{"href":"https:\/\/szekacs.lutheran.hu\/ovoda\/index.php?rest_route=\/wp\/v2\/pages"}],"about":[{"href":"https:\/\/szekacs.lutheran.hu\/ovoda\/index.php?rest_route=\/wp\/v2\/types\/page"}],"author":[{"embeddable":true,"href":"https:\/\/szekacs.lutheran.hu\/ovoda\/index.php?rest_route=\/wp\/v2\/users\/1"}],"replies":[{"embeddable":true,"href":"https:\/\/szekacs.lutheran.hu\/ovoda\/index.php?rest_route=%2Fwp%2Fv2%2Fcomments&post=465"}],"version-history":[{"count":20,"href":"https:\/\/szekacs.lutheran.hu\/ovoda\/index.php?rest_route=\/wp\/v2\/pages\/465\/revisions"}],"predecessor-version":[{"id":1362,"href":"https:\/\/szekacs.lutheran.hu\/ovoda\/index.php?rest_route=\/wp\/v2\/pages\/465\/revisions\/1362"}],"wp:attachment":[{"href":"https:\/\/szekacs.lutheran.hu\/ovoda\/index.php?rest_route=%2Fwp%2Fv2%2Fmedia&parent=465"}],"curies":[{"name":"wp","href":"https:\/\/api.w.org\/{rel}","templated":true}]}}