{"id":238,"date":"2024-01-28T19:55:21","date_gmt":"2024-01-28T18:55:21","guid":{"rendered":"https:\/\/szekacs.lutheran.hu\/ovoda\/?page_id=238"},"modified":"2025-09-01T19:08:36","modified_gmt":"2025-09-01T17:08:36","slug":"kapcsolat","status":"publish","type":"page","link":"https:\/\/szekacs.lutheran.hu\/ovoda\/?page_id=238","title":{"rendered":"Kapcsolat"},"content":{"rendered":"<p>[et_pb_section fb_built=&#8221;1&#8243; _builder_version=&#8221;4.24.0&#8243; _module_preset=&#8221;default&#8221; background_color=&#8221;#fffaad&#8221; custom_margin=&#8221;0px||||false|false&#8221; custom_padding=&#8221;64px||||false|false&#8221; top_divider_style=&#8221;waves2&#8243; top_divider_color=&#8221;#DF946A&#8221; top_divider_repeat=&#8221;1x&#8221; top_divider_flip=&#8221;horizontal&#8221; bottom_divider_style=&#8221;waves2&#8243; bottom_divider_color=&#8221;#DF8B57&#8243; global_colors_info=&#8221;{}&#8221;][et_pb_row _builder_version=&#8221;4.24.0&#8243; _module_preset=&#8221;default&#8221; global_colors_info=&#8221;{}&#8221;][et_pb_column type=&#8221;4_4&#8243; _builder_version=&#8221;4.24.0&#8243; _module_preset=&#8221;default&#8221; custom_padding=&#8221;20px||||false|false&#8221; global_colors_info=&#8221;{}&#8221;][et_pb_text _builder_version=&#8221;4.24.0&#8243; _module_preset=&#8221;default&#8221; header_2_font=&#8221;Amatic SC|700|||||||&#8221; header_2_text_align=&#8221;center&#8221; header_2_text_color=&#8221;#7C1800&#8243; header_2_font_size=&#8221;28px&#8221; header_3_font=&#8221;Amatic SC|700|||||||&#8221; header_3_text_color=&#8221;#7c1800&#8243; header_3_font_size=&#8221;26px&#8221; global_colors_info=&#8221;{}&#8221;]<\/p>\n<h2 style=\"text-align: center;\"><img loading=\"lazy\" decoding=\"async\" src=\"https:\/\/szekacs.lutheran.hu\/ovoda\/wp-content\/uploads\/2024\/02\/Ovi-logo-2024-hatter-nelkul-45x40-1.png\" width=\"45\" height=\"40\" alt=\"\" class=\"wp-image-390 alignnone size-full\" \/> KAPCSOLAT<\/h2>\n<p>[\/et_pb_text][\/et_pb_column][\/et_pb_row][et_pb_row column_structure=&#8221;1_2,1_2&#8243; _builder_version=&#8221;4.24.0&#8243; _module_preset=&#8221;default&#8221; min_height=&#8221;581.8px&#8221; global_colors_info=&#8221;{}&#8221;][et_pb_column type=&#8221;1_2&#8243; _builder_version=&#8221;4.24.0&#8243; _module_preset=&#8221;default&#8221; global_colors_info=&#8221;{}&#8221;][et_pb_text _builder_version=&#8221;4.24.0&#8243; _module_preset=&#8221;default&#8221; text_font=&#8221;Mulish||||||||&#8221; text_text_color=&#8221;#7C1800&#8243; text_font_size=&#8221;17px&#8221; background_color=&#8221;#FFFFFF&#8221; use_background_color_gradient=&#8221;on&#8221; background_color_gradient_stops=&#8221;#ffffff 0%|#fffaad 99%&#8221; custom_margin=&#8221;0px||||false|false&#8221; custom_padding=&#8221;54px||54px|20px|true|false&#8221; custom_padding_tablet=&#8221;|||50px|true|false&#8221; custom_padding_phone=&#8221;|||20px|true|false&#8221; custom_padding_last_edited=&#8221;on|phone&#8221; border_radii=&#8221;on|10px|10px|10px|10px&#8221; box_shadow_style=&#8221;preset1&#8243; global_colors_info=&#8221;{}&#8221;]<\/p>\n<p><strong>Az \u00f3voda vezet\u0151je:<\/strong> Vajer T\u00edmea<br \/><strong><\/strong><\/p>\n<p><strong>Szem\u00e9lyes el\u00e9rhet\u0151s\u00e9ge: <\/strong>+36-20-775-3903<\/p>\n<p><strong><\/strong><\/p>\n<p><strong>Az int\u00e9zm\u00e9ny OM azonos\u00edt\u00f3ja:<\/strong> 028280<\/p>\n<p><strong><\/strong><strong>C\u00edm:<\/strong> 5900 Orosh\u00e1za, Hajnal utca 7.<br \/><strong><\/strong><\/p>\n<p><strong>Telefon:<\/strong> 68-412-590<strong><\/strong><\/p>\n<p><strong>E-mail:<\/strong> <a href=\"mailto:hajnalov@lutheran.hu\">hajnalov@lutheran.hu<\/a><br \/><strong><\/strong><\/p>\n<p><strong><br \/>Honlap:<\/strong> <a href=\"https:\/\/szekacs.lutheran.hu\/ovoda\">https:\/\/szekacs.lutheran.hu\/ovoda<\/a><br \/><strong><\/strong><\/p>\n<p><strong>Facebook:<\/strong> <a href=\"https:\/\/www.facebook.com\/hajnal.ovoda.oroshaza\" target=\"_blank\" rel=\"noopener\">https:\/\/www.facebook.com\/hajnal.ovoda.oroshaza<\/a><\/p>\n<p>[\/et_pb_text][\/et_pb_column][et_pb_column type=&#8221;1_2&#8243; _builder_version=&#8221;4.24.0&#8243; _module_preset=&#8221;default&#8221; global_colors_info=&#8221;{}&#8221;][et_pb_text _builder_version=&#8221;4.24.0&#8243; _module_preset=&#8221;default&#8221; border_radii=&#8221;on|10px|10px|10px|10px&#8221; box_shadow_style=&#8221;preset2&#8243; global_colors_info=&#8221;{}&#8221;]<\/p>\n<p style=\"text-align: center;\"><iframe src=\"https:\/\/www.google.com\/maps\/embed?pb=!1m18!1m12!1m3!1d2743.4903996067087!2d20.672523775303954!3d46.5577667598153!2m3!1f0!2f0!3f0!3m2!1i1024!2i768!4f13.1!3m3!1m2!1s0x47443eed149c7b8f%3A0xb61bb139125fbef2!2sHajnal%20%C3%93voda!5e0!3m2!1shu!2shu!4v1707463130591!5m2!1shu!2shu\" width=\"600&quot;\" height=\"450\" style=\"border: 0;\" allowfullscreen=\"\" loading=\"lazy\" referrerpolicy=\"no-referrer-when-downgrade\"><\/iframe><\/p>\n<p>[\/et_pb_text][\/et_pb_column][\/et_pb_row][\/et_pb_section]<\/p>\n","protected":false},"excerpt":{"rendered":"<p>KAPCSOLATAz \u00f3voda vezet\u0151je: Vajer T\u00edmea Szem\u00e9lyes el\u00e9rhet\u0151s\u00e9ge: +36-20-775-3903 Az int\u00e9zm\u00e9ny OM azonos\u00edt\u00f3ja: 028280 C\u00edm: 5900 Orosh\u00e1za, Hajnal utca 7. Telefon: 68-412-590 E-mail: hajnalov@lutheran.hu Honlap: https:\/\/szekacs.lutheran.hu\/ovoda Facebook: https:\/\/www.facebook.com\/hajnal.ovoda.oroshaza<\/p>\n","protected":false},"author":1,"featured_media":0,"parent":0,"menu_order":0,"comment_status":"closed","ping_status":"closed","template":"","meta":{"_et_pb_use_builder":"on","_et_pb_old_content":"","_et_gb_content_width":"","footnotes":""},"class_list":["post-238","page","type-page","status-publish","hentry"],"yoast_head":"<!-- This site is optimized with the Yoast SEO plugin v27.3 - https:\/\/yoast.com\/product\/yoast-seo-wordpress\/ -->\n<title>Kapcsolat - Hajnal \u00d3voda - Sz\u00e9k\u00e1cs J\u00f3zsef Evang\u00e9likus \u00d3voda, \u00c1ltal\u00e1nos Iskola \u00e9s Gimn\u00e1zium<\/title>\n<meta name=\"robots\" content=\"index, follow, max-snippet:-1, max-image-preview:large, max-video-preview:-1\" \/>\n<link rel=\"canonical\" href=\"https:\/\/szekacs.lutheran.hu\/ovoda\/?page_id=238\" \/>\n<meta property=\"og:locale\" content=\"hu_HU\" \/>\n<meta property=\"og:type\" content=\"article\" \/>\n<meta property=\"og:title\" content=\"Kapcsolat - Hajnal \u00d3voda - Sz\u00e9k\u00e1cs J\u00f3zsef Evang\u00e9likus \u00d3voda, \u00c1ltal\u00e1nos Iskola \u00e9s Gimn\u00e1zium\" \/>\n<meta property=\"og:description\" content=\"KAPCSOLATAz \u00f3voda vezet\u0151je: Vajer T\u00edmea Szem\u00e9lyes el\u00e9rhet\u0151s\u00e9ge: +36-20-775-3903 Az int\u00e9zm\u00e9ny OM azonos\u00edt\u00f3ja: 028280 C\u00edm: 5900 Orosh\u00e1za, Hajnal utca 7. Telefon: 68-412-590 E-mail: hajnalov@lutheran.hu Honlap: https:\/\/szekacs.lutheran.hu\/ovoda Facebook: https:\/\/www.facebook.com\/hajnal.ovoda.oroshaza\" \/>\n<meta property=\"og:url\" content=\"https:\/\/szekacs.lutheran.hu\/ovoda\/?page_id=238\" \/>\n<meta property=\"og:site_name\" content=\"Hajnal \u00d3voda - Sz\u00e9k\u00e1cs J\u00f3zsef Evang\u00e9likus \u00d3voda, \u00c1ltal\u00e1nos Iskola \u00e9s Gimn\u00e1zium\" \/>\n<meta property=\"article:publisher\" content=\"https:\/\/www.facebook.com\/hajnal.ovoda.oroshaza\" \/>\n<meta property=\"article:modified_time\" content=\"2025-09-01T17:08:36+00:00\" \/>\n<meta property=\"og:image\" content=\"https:\/\/szekacs.lutheran.hu\/ovoda\/wp-content\/uploads\/2024\/02\/Ovi-logo-2024-hatter-nelkul-45x40-1.png\" \/>\n\t<meta property=\"og:image:width\" content=\"45\" \/>\n\t<meta property=\"og:image:height\" content=\"40\" \/>\n\t<meta property=\"og:image:type\" content=\"image\/png\" \/>\n<meta name=\"twitter:card\" content=\"summary_large_image\" \/>\n<meta name=\"twitter:label1\" content=\"Becs\u00fclt olvas\u00e1si id\u0151\" \/>\n\t<meta name=\"twitter:data1\" content=\"1 perc\" \/>\n<script type=\"application\/ld+json\" class=\"yoast-schema-graph\">{\"@context\":\"https:\\\/\\\/schema.org\",\"@graph\":[{\"@type\":\"WebPage\",\"@id\":\"https:\\\/\\\/szekacs.lutheran.hu\\\/ovoda\\\/?page_id=238\",\"url\":\"https:\\\/\\\/szekacs.lutheran.hu\\\/ovoda\\\/?page_id=238\",\"name\":\"Kapcsolat - Hajnal \u00d3voda - Sz\u00e9k\u00e1cs J\u00f3zsef Evang\u00e9likus \u00d3voda, \u00c1ltal\u00e1nos Iskola \u00e9s Gimn\u00e1zium\",\"isPartOf\":{\"@id\":\"https:\\\/\\\/szekacs.lutheran.hu\\\/ovoda\\\/#website\"},\"primaryImageOfPage\":{\"@id\":\"https:\\\/\\\/szekacs.lutheran.hu\\\/ovoda\\\/?page_id=238#primaryimage\"},\"image\":{\"@id\":\"https:\\\/\\\/szekacs.lutheran.hu\\\/ovoda\\\/?page_id=238#primaryimage\"},\"thumbnailUrl\":\"https:\\\/\\\/szekacs.lutheran.hu\\\/ovoda\\\/wp-content\\\/uploads\\\/2024\\\/02\\\/Ovi-logo-2024-hatter-nelkul-45x40-1.png\",\"datePublished\":\"2024-01-28T18:55:21+00:00\",\"dateModified\":\"2025-09-01T17:08:36+00:00\",\"breadcrumb\":{\"@id\":\"https:\\\/\\\/szekacs.lutheran.hu\\\/ovoda\\\/?page_id=238#breadcrumb\"},\"inLanguage\":\"hu\",\"potentialAction\":[{\"@type\":\"ReadAction\",\"target\":[\"https:\\\/\\\/szekacs.lutheran.hu\\\/ovoda\\\/?page_id=238\"]}]},{\"@type\":\"ImageObject\",\"inLanguage\":\"hu\",\"@id\":\"https:\\\/\\\/szekacs.lutheran.hu\\\/ovoda\\\/?page_id=238#primaryimage\",\"url\":\"https:\\\/\\\/szekacs.lutheran.hu\\\/ovoda\\\/wp-content\\\/uploads\\\/2024\\\/02\\\/Ovi-logo-2024-hatter-nelkul-45x40-1.png\",\"contentUrl\":\"https:\\\/\\\/szekacs.lutheran.hu\\\/ovoda\\\/wp-content\\\/uploads\\\/2024\\\/02\\\/Ovi-logo-2024-hatter-nelkul-45x40-1.png\",\"width\":45,\"height\":40},{\"@type\":\"BreadcrumbList\",\"@id\":\"https:\\\/\\\/szekacs.lutheran.hu\\\/ovoda\\\/?page_id=238#breadcrumb\",\"itemListElement\":[{\"@type\":\"ListItem\",\"position\":1,\"name\":\"Kezd\u0151lap\",\"item\":\"https:\\\/\\\/szekacs.lutheran.hu\\\/ovoda\\\/\"},{\"@type\":\"ListItem\",\"position\":2,\"name\":\"Kapcsolat\"}]},{\"@type\":\"WebSite\",\"@id\":\"https:\\\/\\\/szekacs.lutheran.hu\\\/ovoda\\\/#website\",\"url\":\"https:\\\/\\\/szekacs.lutheran.hu\\\/ovoda\\\/\",\"name\":\"Hajnal \u00d3voda - Sz\u00e9k\u00e1cs J\u00f3zsef Evang\u00e9likus \u00d3voda, \u00c1ltal\u00e1nos Iskola \u00e9s Gimn\u00e1zium\",\"description\":\"\",\"publisher\":{\"@id\":\"https:\\\/\\\/szekacs.lutheran.hu\\\/ovoda\\\/#organization\"},\"potentialAction\":[{\"@type\":\"SearchAction\",\"target\":{\"@type\":\"EntryPoint\",\"urlTemplate\":\"https:\\\/\\\/szekacs.lutheran.hu\\\/ovoda\\\/?s={search_term_string}\"},\"query-input\":{\"@type\":\"PropertyValueSpecification\",\"valueRequired\":true,\"valueName\":\"search_term_string\"}}],\"inLanguage\":\"hu\"},{\"@type\":\"Organization\",\"@id\":\"https:\\\/\\\/szekacs.lutheran.hu\\\/ovoda\\\/#organization\",\"name\":\"Hajnal \u00d3voda - Sz\u00e9k\u00e1cs J\u00f3zsef Evang\u00e9likus \u00d3voda, \u00c1ltal\u00e1nos Iskola \u00e9s Gimn\u00e1zium\",\"url\":\"https:\\\/\\\/szekacs.lutheran.hu\\\/ovoda\\\/\",\"logo\":{\"@type\":\"ImageObject\",\"inLanguage\":\"hu\",\"@id\":\"https:\\\/\\\/szekacs.lutheran.hu\\\/ovoda\\\/#\\\/schema\\\/logo\\\/image\\\/\",\"url\":\"https:\\\/\\\/szekacs.lutheran.hu\\\/ovoda\\\/wp-content\\\/uploads\\\/2024\\\/01\\\/Emblema.jpg\",\"contentUrl\":\"https:\\\/\\\/szekacs.lutheran.hu\\\/ovoda\\\/wp-content\\\/uploads\\\/2024\\\/01\\\/Emblema.jpg\",\"width\":2366,\"height\":2084,\"caption\":\"Hajnal \u00d3voda - Sz\u00e9k\u00e1cs J\u00f3zsef Evang\u00e9likus \u00d3voda, \u00c1ltal\u00e1nos Iskola \u00e9s Gimn\u00e1zium\"},\"image\":{\"@id\":\"https:\\\/\\\/szekacs.lutheran.hu\\\/ovoda\\\/#\\\/schema\\\/logo\\\/image\\\/\"},\"sameAs\":[\"https:\\\/\\\/www.facebook.com\\\/hajnal.ovoda.oroshaza\"]}]}<\/script>\n<!-- \/ Yoast SEO plugin. -->","yoast_head_json":{"title":"Kapcsolat - Hajnal \u00d3voda - Sz\u00e9k\u00e1cs J\u00f3zsef Evang\u00e9likus \u00d3voda, \u00c1ltal\u00e1nos Iskola \u00e9s Gimn\u00e1zium","robots":{"index":"index","follow":"follow","max-snippet":"max-snippet:-1","max-image-preview":"max-image-preview:large","max-video-preview":"max-video-preview:-1"},"canonical":"https:\/\/szekacs.lutheran.hu\/ovoda\/?page_id=238","og_locale":"hu_HU","og_type":"article","og_title":"Kapcsolat - Hajnal \u00d3voda - Sz\u00e9k\u00e1cs J\u00f3zsef Evang\u00e9likus \u00d3voda, \u00c1ltal\u00e1nos Iskola \u00e9s Gimn\u00e1zium","og_description":"KAPCSOLATAz \u00f3voda vezet\u0151je: Vajer T\u00edmea Szem\u00e9lyes el\u00e9rhet\u0151s\u00e9ge: +36-20-775-3903 Az int\u00e9zm\u00e9ny OM azonos\u00edt\u00f3ja: 028280 C\u00edm: 5900 Orosh\u00e1za, Hajnal utca 7. Telefon: 68-412-590 E-mail: hajnalov@lutheran.hu Honlap: https:\/\/szekacs.lutheran.hu\/ovoda Facebook: https:\/\/www.facebook.com\/hajnal.ovoda.oroshaza","og_url":"https:\/\/szekacs.lutheran.hu\/ovoda\/?page_id=238","og_site_name":"Hajnal \u00d3voda - Sz\u00e9k\u00e1cs J\u00f3zsef Evang\u00e9likus \u00d3voda, \u00c1ltal\u00e1nos Iskola \u00e9s Gimn\u00e1zium","article_publisher":"https:\/\/www.facebook.com\/hajnal.ovoda.oroshaza","article_modified_time":"2025-09-01T17:08:36+00:00","og_image":[{"width":45,"height":40,"url":"https:\/\/szekacs.lutheran.hu\/ovoda\/wp-content\/uploads\/2024\/02\/Ovi-logo-2024-hatter-nelkul-45x40-1.png","type":"image\/png"}],"twitter_card":"summary_large_image","twitter_misc":{"Becs\u00fclt olvas\u00e1si id\u0151":"1 perc"},"schema":{"@context":"https:\/\/schema.org","@graph":[{"@type":"WebPage","@id":"https:\/\/szekacs.lutheran.hu\/ovoda\/?page_id=238","url":"https:\/\/szekacs.lutheran.hu\/ovoda\/?page_id=238","name":"Kapcsolat - Hajnal \u00d3voda - Sz\u00e9k\u00e1cs J\u00f3zsef Evang\u00e9likus \u00d3voda, \u00c1ltal\u00e1nos Iskola \u00e9s Gimn\u00e1zium","isPartOf":{"@id":"https:\/\/szekacs.lutheran.hu\/ovoda\/#website"},"primaryImageOfPage":{"@id":"https:\/\/szekacs.lutheran.hu\/ovoda\/?page_id=238#primaryimage"},"image":{"@id":"https:\/\/szekacs.lutheran.hu\/ovoda\/?page_id=238#primaryimage"},"thumbnailUrl":"https:\/\/szekacs.lutheran.hu\/ovoda\/wp-content\/uploads\/2024\/02\/Ovi-logo-2024-hatter-nelkul-45x40-1.png","datePublished":"2024-01-28T18:55:21+00:00","dateModified":"2025-09-01T17:08:36+00:00","breadcrumb":{"@id":"https:\/\/szekacs.lutheran.hu\/ovoda\/?page_id=238#breadcrumb"},"inLanguage":"hu","potentialAction":[{"@type":"ReadAction","target":["https:\/\/szekacs.lutheran.hu\/ovoda\/?page_id=238"]}]},{"@type":"ImageObject","inLanguage":"hu","@id":"https:\/\/szekacs.lutheran.hu\/ovoda\/?page_id=238#primaryimage","url":"https:\/\/szekacs.lutheran.hu\/ovoda\/wp-content\/uploads\/2024\/02\/Ovi-logo-2024-hatter-nelkul-45x40-1.png","contentUrl":"https:\/\/szekacs.lutheran.hu\/ovoda\/wp-content\/uploads\/2024\/02\/Ovi-logo-2024-hatter-nelkul-45x40-1.png","width":45,"height":40},{"@type":"BreadcrumbList","@id":"https:\/\/szekacs.lutheran.hu\/ovoda\/?page_id=238#breadcrumb","itemListElement":[{"@type":"ListItem","position":1,"name":"Kezd\u0151lap","item":"https:\/\/szekacs.lutheran.hu\/ovoda\/"},{"@type":"ListItem","position":2,"name":"Kapcsolat"}]},{"@type":"WebSite","@id":"https:\/\/szekacs.lutheran.hu\/ovoda\/#website","url":"https:\/\/szekacs.lutheran.hu\/ovoda\/","name":"Hajnal \u00d3voda - Sz\u00e9k\u00e1cs J\u00f3zsef Evang\u00e9likus \u00d3voda, \u00c1ltal\u00e1nos Iskola \u00e9s Gimn\u00e1zium","description":"","publisher":{"@id":"https:\/\/szekacs.lutheran.hu\/ovoda\/#organization"},"potentialAction":[{"@type":"SearchAction","target":{"@type":"EntryPoint","urlTemplate":"https:\/\/szekacs.lutheran.hu\/ovoda\/?s={search_term_string}"},"query-input":{"@type":"PropertyValueSpecification","valueRequired":true,"valueName":"search_term_string"}}],"inLanguage":"hu"},{"@type":"Organization","@id":"https:\/\/szekacs.lutheran.hu\/ovoda\/#organization","name":"Hajnal \u00d3voda - Sz\u00e9k\u00e1cs J\u00f3zsef Evang\u00e9likus \u00d3voda, \u00c1ltal\u00e1nos Iskola \u00e9s Gimn\u00e1zium","url":"https:\/\/szekacs.lutheran.hu\/ovoda\/","logo":{"@type":"ImageObject","inLanguage":"hu","@id":"https:\/\/szekacs.lutheran.hu\/ovoda\/#\/schema\/logo\/image\/","url":"https:\/\/szekacs.lutheran.hu\/ovoda\/wp-content\/uploads\/2024\/01\/Emblema.jpg","contentUrl":"https:\/\/szekacs.lutheran.hu\/ovoda\/wp-content\/uploads\/2024\/01\/Emblema.jpg","width":2366,"height":2084,"caption":"Hajnal \u00d3voda - Sz\u00e9k\u00e1cs J\u00f3zsef Evang\u00e9likus \u00d3voda, \u00c1ltal\u00e1nos Iskola \u00e9s Gimn\u00e1zium"},"image":{"@id":"https:\/\/szekacs.lutheran.hu\/ovoda\/#\/schema\/logo\/image\/"},"sameAs":["https:\/\/www.facebook.com\/hajnal.ovoda.oroshaza"]}]}},"_links":{"self":[{"href":"https:\/\/szekacs.lutheran.hu\/ovoda\/index.php?rest_route=\/wp\/v2\/pages\/238","targetHints":{"allow":["GET"]}}],"collection":[{"href":"https:\/\/szekacs.lutheran.hu\/ovoda\/index.php?rest_route=\/wp\/v2\/pages"}],"about":[{"href":"https:\/\/szekacs.lutheran.hu\/ovoda\/index.php?rest_route=\/wp\/v2\/types\/page"}],"author":[{"embeddable":true,"href":"https:\/\/szekacs.lutheran.hu\/ovoda\/index.php?rest_route=\/wp\/v2\/users\/1"}],"replies":[{"embeddable":true,"href":"https:\/\/szekacs.lutheran.hu\/ovoda\/index.php?rest_route=%2Fwp%2Fv2%2Fcomments&post=238"}],"version-history":[{"count":16,"href":"https:\/\/szekacs.lutheran.hu\/ovoda\/index.php?rest_route=\/wp\/v2\/pages\/238\/revisions"}],"predecessor-version":[{"id":1427,"href":"https:\/\/szekacs.lutheran.hu\/ovoda\/index.php?rest_route=\/wp\/v2\/pages\/238\/revisions\/1427"}],"wp:attachment":[{"href":"https:\/\/szekacs.lutheran.hu\/ovoda\/index.php?rest_route=%2Fwp%2Fv2%2Fmedia&parent=238"}],"curies":[{"name":"wp","href":"https:\/\/api.w.org\/{rel}","templated":true}]}}