{"id":219,"date":"2024-01-28T19:50:24","date_gmt":"2024-01-28T18:50:24","guid":{"rendered":"https:\/\/szekacs.lutheran.hu\/ovoda\/?page_id=219"},"modified":"2025-09-30T16:45:10","modified_gmt":"2025-09-30T14:45:10","slug":"ovodai-csoportjaink","status":"publish","type":"page","link":"https:\/\/szekacs.lutheran.hu\/ovoda\/?page_id=219","title":{"rendered":"\u00d3vodai csoportjaink"},"content":{"rendered":"<p>[et_pb_section fb_built=&#8221;1&#8243; _builder_version=&#8221;4.24.0&#8243; _module_preset=&#8221;default&#8221; background_color=&#8221;#fffaad&#8221; background_enable_mask_style=&#8221;on&#8221; background_mask_style=&#8221;corner-lake&#8221; background_mask_color=&#8221;rgba(223,148,106,0.28)&#8221; min_height=&#8221;642px&#8221; custom_margin=&#8221;||5px||false|false&#8221; top_divider_style=&#8221;waves2&#8243; top_divider_color=&#8221;#DF8B57&#8243; top_divider_flip=&#8221;horizontal&#8221; bottom_divider_style=&#8221;waves2&#8243; bottom_divider_color=&#8221;#DF8B57&#8243; global_colors_info=&#8221;{}&#8221;][et_pb_row _builder_version=&#8221;4.24.0&#8243; _module_preset=&#8221;default&#8221; custom_padding=&#8221;60px|||||&#8221; global_colors_info=&#8221;{}&#8221;][et_pb_column type=&#8221;4_4&#8243; _builder_version=&#8221;4.24.0&#8243; _module_preset=&#8221;default&#8221; global_colors_info=&#8221;{}&#8221;][et_pb_text _builder_version=&#8221;4.24.0&#8243; _module_preset=&#8221;default&#8221; header_2_font=&#8221;Amatic SC|700|||||||&#8221; header_2_text_color=&#8221;#7C1800&#8243; header_2_font_size=&#8221;28px&#8221; min_height=&#8221;46px&#8221; global_colors_info=&#8221;{}&#8221;]<\/p>\n<h2 style=\"text-align: center;\"><img loading=\"lazy\" decoding=\"async\" src=\"https:\/\/szekacs.lutheran.hu\/ovoda\/wp-content\/uploads\/2024\/02\/Ovi-logo-2024-hatter-nelkul-45x40-1.png\" width=\"45\" height=\"40\" alt=\"\" class=\"wp-image-390 alignnone size-full\" \/>\u00a0 \u00d3VODAI CSOPORTJAINK<\/h2>\n<p>[\/et_pb_text][et_pb_text _builder_version=&#8221;4.24.0&#8243; _module_preset=&#8221;default&#8221; text_font=&#8221;Mulish||||||||&#8221; text_text_color=&#8221;#7C1800&#8243; text_font_size=&#8221;17px&#8221; background_color=&#8221;rgba(255,255,255,0.96)&#8221; background_enable_image=&#8221;off&#8221; custom_padding=&#8221;20px|70px|20px|70px|true|true&#8221; custom_padding_tablet=&#8221;20px|70px|20px|70px|true|true&#8221; custom_padding_phone=&#8221;20px|18px|20px|18px|true|true&#8221; custom_padding_last_edited=&#8221;on|desktop&#8221; animation_style=&#8221;fade&#8221; border_radii=&#8221;on|10px|10px|10px|10px&#8221; box_shadow_style=&#8221;preset1&#8243; global_colors_info=&#8221;{}&#8221; custom_padding__hover_enabled=&#8221;off|desktop&#8221;]<\/p>\n<p style=\"text-align: center;\">\u00d3vod\u00e1nkban 6 gyermekcsoportban folyik a nevel\u0151munka.<\/p>\n<p style=\"text-align: center;\">K\u00e9t vegyes \u00e9letkor\u00fa \u00e9s n\u00e9gy tiszta korcsoport\u00fa (mini, kicsi, k\u00f6z\u00e9ps\u0151, nagy) csoportot m\u0171k\u00f6dtet\u00fcnk.<\/p>\n<p style=\"text-align: center;\"><em><strong>&#8222;Arr\u00f3l tudj\u00e1k majd meg r\u00f3latok, hogy a tan\u00edtv\u00e1nyaim vagytok, hogy szeretettel vagytok egym\u00e1s ir\u00e1nt.&#8221; (Jn 13,35)<\/strong><\/em><\/p>\n<p>[\/et_pb_text][\/et_pb_column][\/et_pb_row][et_pb_row column_structure=&#8221;1_3,1_3,1_3&#8243; _builder_version=&#8221;4.24.0&#8243; _module_preset=&#8221;default&#8221; global_colors_info=&#8221;{}&#8221;][et_pb_column type=&#8221;1_3&#8243; _builder_version=&#8221;4.24.0&#8243; _module_preset=&#8221;default&#8221; global_colors_info=&#8221;{}&#8221;][et_pb_text _builder_version=&#8221;4.24.0&#8243; _module_preset=&#8221;default&#8221; text_font=&#8221;Mulish||||||||&#8221; text_font_size=&#8221;18px&#8221; text_line_height=&#8221;1em&#8221; header_3_font=&#8221;Amatic SC|700|||||||&#8221; header_3_text_color=&#8221;#7C1800&#8243; header_3_font_size=&#8221;26px&#8221; background_color=&#8221;#FFFFFF&#8221; use_background_color_gradient=&#8221;on&#8221; background_color_gradient_stops=&#8221;#ffffff 34%|#fffaad 99%&#8221; custom_padding=&#8221;22px|18px|32px|18px|false|true&#8221; animation_style=&#8221;fade&#8221; animation_duration=&#8221;800ms&#8221; animation_delay=&#8221;300ms&#8221; border_radii=&#8221;on|10px|10px|10px|10px&#8221; box_shadow_style=&#8221;preset2&#8243; global_colors_info=&#8221;{}&#8221;]<\/p>\n<h3 style=\"text-align: center;\"><img loading=\"lazy\" decoding=\"async\" src=\"https:\/\/szekacs.lutheran.hu\/ovoda\/wp-content\/uploads\/2024\/02\/Halacska.jpg\" width=\"68\" height=\"68\" alt=\"\" class=\"wp-image-590 alignnone size-full\" \/><\/h3>\n<h3 style=\"text-align: center;\">HALACSKA CSOPORT<\/h3>\n<p style=\"text-align: center;\">vegyes csoport<\/p>\n<p>&nbsp;<\/p>\n<p style=\"text-align: center;\"><strong>\u2665\u00a0\u00d3v\u00f3n\u0151k:<\/strong><\/p>\n<p style=\"text-align: center;\">Kishonti-Menyh\u00e1rt Rita<\/p>\n<p style=\"text-align: center;\">Petovszky Brigitta<\/p>\n<p style=\"text-align: center;\"><span style=\"color: #ffff99;\">.<\/span><\/p>\n<p style=\"text-align: center;\"><strong>\u2665\u00a0Dajka:<\/strong><\/p>\n<p style=\"text-align: center;\">Kov\u00e1cs M\u00e1rta<\/p>\n<p>[\/et_pb_text][et_pb_text _builder_version=&#8221;4.27.3&#8243; _module_preset=&#8221;default&#8221; text_font=&#8221;Mulish||||||||&#8221; text_font_size=&#8221;18px&#8221; text_line_height=&#8221;1em&#8221; header_3_font=&#8221;Amatic SC|700|||||||&#8221; header_3_text_color=&#8221;#7C1800&#8243; header_3_font_size=&#8221;26px&#8221; background_color=&#8221;#FFFFFF&#8221; use_background_color_gradient=&#8221;on&#8221; background_color_gradient_stops=&#8221;#ffffff 34%|#fffaad 99%&#8221; custom_padding=&#8221;22px|18px|32px|18px|false|true&#8221; animation_style=&#8221;fade&#8221; animation_duration=&#8221;800ms&#8221; animation_delay=&#8221;300ms&#8221; border_radii=&#8221;on|10px|10px|10px|10px&#8221; box_shadow_style=&#8221;preset2&#8243; global_colors_info=&#8221;{}&#8221;]<\/p>\n<h3 style=\"text-align: center;\"><img loading=\"lazy\" decoding=\"async\" src=\"https:\/\/szekacs.lutheran.hu\/ovoda\/wp-content\/uploads\/2024\/02\/Mokus.jpg\" width=\"70\" height=\"70\" alt=\"\" class=\"wp-image-602 alignnone size-full\" \/><\/h3>\n<h3 style=\"text-align: center;\">M\u00d3KUS CSOPORT<\/h3>\n<p style=\"text-align: center;\">kiscsoport<\/p>\n<p>&nbsp;<\/p>\n<p style=\"text-align: center;\"><strong>\u2665\u00a0\u00d3v\u00f3n\u0151k:<\/strong><\/p>\n<p style=\"text-align: center;\">Kov\u00e1cs Erzs\u00e9bet<\/p>\n<p style=\"text-align: center;\">Moln\u00e1r Vivien<\/p>\n<p style=\"text-align: center;\"><span style=\"color: #ffff99;\">.<\/span><\/p>\n<p style=\"text-align: center;\"><strong>\u2665\u00a0Dajka:<\/strong><\/p>\n<p style=\"text-align: center;\">Ravasz Hajnalka<\/p>\n<p>[\/et_pb_text][\/et_pb_column][et_pb_column type=&#8221;1_3&#8243; _builder_version=&#8221;4.24.0&#8243; _module_preset=&#8221;default&#8221; global_colors_info=&#8221;{}&#8221;][et_pb_text _builder_version=&#8221;4.24.0&#8243; _module_preset=&#8221;default&#8221; text_font=&#8221;Mulish||||||||&#8221; text_font_size=&#8221;18px&#8221; text_line_height=&#8221;1em&#8221; header_3_font=&#8221;Amatic SC|700|||||||&#8221; header_3_text_color=&#8221;#7C1800&#8243; header_3_font_size=&#8221;26px&#8221; background_color=&#8221;#FFFFFF&#8221; use_background_color_gradient=&#8221;on&#8221; background_color_gradient_stops=&#8221;#ffffff 34%|#fffaad 99%&#8221; custom_padding=&#8221;22px|18px|32px|18px|false|true&#8221; animation_style=&#8221;fade&#8221; animation_duration=&#8221;800ms&#8221; animation_delay=&#8221;600ms&#8221; border_radii=&#8221;on|10px|10px|10px|10px&#8221; box_shadow_style=&#8221;preset2&#8243; global_colors_info=&#8221;{}&#8221;]<\/p>\n<h3 style=\"text-align: center;\"><img loading=\"lazy\" decoding=\"async\" src=\"https:\/\/szekacs.lutheran.hu\/ovoda\/wp-content\/uploads\/2024\/02\/Katica.jpg\" width=\"70\" height=\"70\" alt=\"\" class=\"wp-image-600 alignnone size-full\" \/><\/h3>\n<h3 style=\"text-align: center;\">KATICA CSOPORT<\/h3>\n<p style=\"text-align: center;\">nagycsoport<\/p>\n<p>&nbsp;<\/p>\n<p style=\"text-align: center;\"><strong>\u2665\u00a0\u00d3v\u00f3n\u0151k:<\/strong><\/p>\n<p style=\"text-align: center;\">Kir\u00e1ly Edina<\/p>\n<p style=\"text-align: center;\">Mikl\u00f3s-T\u00f3th Nikolett<\/p>\n<p style=\"text-align: center;\"><span style=\"color: #ffff99;\">.<\/span><\/p>\n<p style=\"text-align: center;\"><strong>\u2665\u00a0Dajka:<\/strong><\/p>\n<p style=\"text-align: center;\">T\u00f3thn\u00e9 Szal\u00f3k Edit<\/p>\n<p>[\/et_pb_text][et_pb_text _builder_version=&#8221;4.27.4&#8243; _module_preset=&#8221;default&#8221; text_font=&#8221;Mulish||||||||&#8221; text_font_size=&#8221;18px&#8221; text_line_height=&#8221;1em&#8221; header_3_font=&#8221;Amatic SC|700|||||||&#8221; header_3_text_color=&#8221;#7C1800&#8243; header_3_font_size=&#8221;26px&#8221; background_color=&#8221;#FFFFFF&#8221; use_background_color_gradient=&#8221;on&#8221; background_color_gradient_stops=&#8221;#ffffff 34%|#fffaad 99%&#8221; custom_padding=&#8221;25px|18px|32px|18px|false|true&#8221; animation_style=&#8221;fade&#8221; animation_duration=&#8221;800ms&#8221; animation_delay=&#8221;600ms&#8221; hover_enabled=&#8221;0&#8243; border_radii=&#8221;on|10px|10px|10px|10px&#8221; box_shadow_style=&#8221;preset2&#8243; global_colors_info=&#8221;{}&#8221; sticky_enabled=&#8221;0&#8243;]<\/p>\n<h3 style=\"text-align: center;\"><img loading=\"lazy\" decoding=\"async\" src=\"https:\/\/szekacs.lutheran.hu\/ovoda\/wp-content\/uploads\/2024\/02\/Pillango.jpg\" width=\"74\" height=\"74\" alt=\"\" class=\"wp-image-603 alignnone size-full\" \/><\/h3>\n<h3 style=\"text-align: center;\">PILLANG\u00d3 CSOPORT<\/h3>\n<p style=\"text-align: center;\">kiscsoport<\/p>\n<p>&nbsp;<\/p>\n<p style=\"text-align: center;\"><strong>\u2665\u00a0\u00d3v\u00f3n\u0151k:<\/strong><\/p>\n<p style=\"text-align: center;\">Gavall\u00e9rn\u00e9 Koszor\u00fas \u00c9va<\/p>\n<p style=\"text-align: center;\">Szab\u00f3 M\u00f3nika<\/p>\n<h5 style=\"text-align: center;\"><strong><\/strong><span style=\"color: #ffffff;\">.<\/span><\/h5>\n<p style=\"text-align: center;\"><strong>\u2665\u00a0Dajka:<\/strong><\/p>\n<p style=\"text-align: center;\">Ravasz S\u00e1ndorn\u00e9<\/p>\n<p>[\/et_pb_text][\/et_pb_column][et_pb_column type=&#8221;1_3&#8243; _builder_version=&#8221;4.24.0&#8243; _module_preset=&#8221;default&#8221; global_colors_info=&#8221;{}&#8221;][et_pb_text _builder_version=&#8221;4.24.0&#8243; _module_preset=&#8221;default&#8221; text_font=&#8221;Mulish||||||||&#8221; text_font_size=&#8221;18px&#8221; text_line_height=&#8221;1em&#8221; header_3_font=&#8221;Amatic SC|700|||||||&#8221; header_3_text_color=&#8221;#7C1800&#8243; header_3_font_size=&#8221;26px&#8221; background_color=&#8221;#FFFFFF&#8221; use_background_color_gradient=&#8221;on&#8221; background_color_gradient_stops=&#8221;#ffffff 34%|#fffaad 99%&#8221; custom_padding=&#8221;26px|18px|32px|18px|false|true&#8221; animation_style=&#8221;fade&#8221; animation_duration=&#8221;800ms&#8221; animation_delay=&#8221;900ms&#8221; border_radii=&#8221;on|10px|10px|10px|10px&#8221; box_shadow_style=&#8221;preset2&#8243; global_colors_info=&#8221;{}&#8221;]<\/p>\n<h3 style=\"text-align: center;\"><img loading=\"lazy\" decoding=\"async\" src=\"https:\/\/szekacs.lutheran.hu\/ovoda\/wp-content\/uploads\/2024\/02\/Macika.png\" width=\"66\" height=\"66\" alt=\"\" class=\"wp-image-616 alignnone size-full\" \/><\/h3>\n<h3 style=\"text-align: center;\">MACI CSOPORT<\/h3>\n<p style=\"text-align: center;\">vegyes csoport<\/p>\n<p>&nbsp;<\/p>\n<p style=\"text-align: center;\"><strong>\u2665\u00a0\u00d3v\u00f3n\u0151k:<\/strong><\/p>\n<p style=\"text-align: center;\">Trippe Krisztina<\/p>\n<p style=\"text-align: center;\">Vincz\u00e9n\u00e9 Botos Erika<\/p>\n<p style=\"text-align: center;\"><span style=\"color: #fffaad;\">.<\/span><\/p>\n<p style=\"text-align: center;\"><strong>\u2665\u00a0Dajka:<\/strong><\/p>\n<p style=\"text-align: center;\">Szab\u00f3 Istv\u00e1nn\u00e9<\/p>\n<p>[\/et_pb_text][et_pb_text _builder_version=&#8221;4.27.4&#8243; _module_preset=&#8221;default&#8221; text_font=&#8221;Mulish||||||||&#8221; text_font_size=&#8221;18px&#8221; text_line_height=&#8221;1em&#8221; header_3_font=&#8221;Amatic SC|700|||||||&#8221; header_3_text_color=&#8221;#7C1800&#8243; header_3_font_size=&#8221;26px&#8221; background_color=&#8221;#FFFFFF&#8221; use_background_color_gradient=&#8221;on&#8221; background_color_gradient_stops=&#8221;#ffffff 34%|#fffaad 99%&#8221; custom_padding=&#8221;25px|18px|32px|18px|false|true&#8221; animation_style=&#8221;fade&#8221; animation_duration=&#8221;800ms&#8221; animation_delay=&#8221;900ms&#8221; hover_enabled=&#8221;0&#8243; border_radii=&#8221;on|10px|10px|10px|10px&#8221; box_shadow_style=&#8221;preset2&#8243; global_colors_info=&#8221;{}&#8221; sticky_enabled=&#8221;0&#8243;]<\/p>\n<h3 style=\"text-align: center;\"><img loading=\"lazy\" decoding=\"async\" src=\"https:\/\/szekacs.lutheran.hu\/ovoda\/wp-content\/uploads\/2024\/02\/Suni.png\" width=\"75\" height=\"75\" alt=\"\" class=\"wp-image-611 alignnone size-full\" \/><\/h3>\n<h3 style=\"text-align: center;\">S\u00dcNI CSOPORT<\/h3>\n<p style=\"text-align: center;\">mini csoport<\/p>\n<p>&nbsp;<\/p>\n<p style=\"text-align: center;\"><strong>\u2665\u00a0\u00d3v\u00f3n\u0151k:<\/strong><\/p>\n<p style=\"text-align: center;\">\u00c1rusn\u00e9 Seres Angelika<\/p>\n<p style=\"text-align: center;\">Kern Anik\u00f3 Eszter<\/p>\n<p style=\"text-align: center;\">\n<p style=\"text-align: center;\">\n<p style=\"text-align: center;\"><strong>\u2665 Ped. asszisztens:<\/strong><\/p>\n<p style=\"text-align: center;\">B\u00e9csi Bernadett<\/p>\n<p style=\"text-align: center;\"><span style=\"color: #ffff99;\">.<\/span><span style=\"color: #ffff99;\"><\/span><\/p>\n<p style=\"text-align: center;\"><strong>\u2665\u00a0Dajka:<\/strong><\/p>\n<p style=\"text-align: center;\">Zsoldi Attil\u00e1n\u00e9<\/p>\n<p>[\/et_pb_text][\/et_pb_column][\/et_pb_row][\/et_pb_section]<\/p>\n","protected":false},"excerpt":{"rendered":"<p>\u00a0 \u00d3VODAI CSOPORTJAINK\u00d3vod\u00e1nkban 6 gyermekcsoportban folyik a nevel\u0151munka. K\u00e9t vegyes \u00e9letkor\u00fa \u00e9s n\u00e9gy tiszta korcsoport\u00fa (mini, kicsi, k\u00f6z\u00e9ps\u0151, nagy) csoportot m\u0171k\u00f6dtet\u00fcnk. &#8222;Arr\u00f3l tudj\u00e1k majd meg r\u00f3latok, hogy a tan\u00edtv\u00e1nyaim vagytok, hogy szeretettel vagytok egym\u00e1s ir\u00e1nt.&#8221; (Jn 13,35) HALACSKA CSOPORT vegyes csoport &nbsp; \u2665\u00a0\u00d3v\u00f3n\u0151k: Kishonti-Menyh\u00e1rt Rita Petovszky Brigitta . \u2665\u00a0Dajka: Kov\u00e1cs M\u00e1rta M\u00d3KUS CSOPORT kiscsoport &nbsp; [&hellip;]<\/p>\n","protected":false},"author":1,"featured_media":0,"parent":0,"menu_order":0,"comment_status":"closed","ping_status":"closed","template":"","meta":{"_et_pb_use_builder":"on","_et_pb_old_content":"","_et_gb_content_width":"","footnotes":""},"class_list":["post-219","page","type-page","status-publish","hentry"],"yoast_head":"<!-- This site is optimized with the Yoast SEO plugin v27.3 - https:\/\/yoast.com\/product\/yoast-seo-wordpress\/ -->\n<title>\u00d3vodai csoportjaink - Hajnal \u00d3voda - Sz\u00e9k\u00e1cs J\u00f3zsef Evang\u00e9likus \u00d3voda, \u00c1ltal\u00e1nos Iskola \u00e9s Gimn\u00e1zium<\/title>\n<meta name=\"robots\" content=\"index, follow, max-snippet:-1, max-image-preview:large, max-video-preview:-1\" \/>\n<link rel=\"canonical\" href=\"https:\/\/szekacs.lutheran.hu\/ovoda\/?page_id=219\" \/>\n<meta property=\"og:locale\" content=\"hu_HU\" \/>\n<meta property=\"og:type\" content=\"article\" \/>\n<meta property=\"og:title\" content=\"\u00d3vodai csoportjaink - Hajnal \u00d3voda - Sz\u00e9k\u00e1cs J\u00f3zsef Evang\u00e9likus \u00d3voda, \u00c1ltal\u00e1nos Iskola \u00e9s Gimn\u00e1zium\" \/>\n<meta property=\"og:description\" content=\"\u00a0 \u00d3VODAI CSOPORTJAINK\u00d3vod\u00e1nkban 6 gyermekcsoportban folyik a nevel\u0151munka. K\u00e9t vegyes \u00e9letkor\u00fa \u00e9s n\u00e9gy tiszta korcsoport\u00fa (mini, kicsi, k\u00f6z\u00e9ps\u0151, nagy) csoportot m\u0171k\u00f6dtet\u00fcnk. &quot;Arr\u00f3l tudj\u00e1k majd meg r\u00f3latok, hogy a tan\u00edtv\u00e1nyaim vagytok, hogy szeretettel vagytok egym\u00e1s ir\u00e1nt.&quot; (Jn 13,35) HALACSKA CSOPORT vegyes csoport &nbsp; \u2665\u00a0\u00d3v\u00f3n\u0151k: Kishonti-Menyh\u00e1rt Rita Petovszky Brigitta . \u2665\u00a0Dajka: Kov\u00e1cs M\u00e1rta M\u00d3KUS CSOPORT kiscsoport &nbsp; [&hellip;]\" \/>\n<meta property=\"og:url\" content=\"https:\/\/szekacs.lutheran.hu\/ovoda\/?page_id=219\" \/>\n<meta property=\"og:site_name\" content=\"Hajnal \u00d3voda - Sz\u00e9k\u00e1cs J\u00f3zsef Evang\u00e9likus \u00d3voda, \u00c1ltal\u00e1nos Iskola \u00e9s Gimn\u00e1zium\" \/>\n<meta property=\"article:publisher\" content=\"https:\/\/www.facebook.com\/hajnal.ovoda.oroshaza\" \/>\n<meta property=\"article:modified_time\" content=\"2025-09-30T14:45:10+00:00\" \/>\n<meta property=\"og:image\" content=\"https:\/\/szekacs.lutheran.hu\/ovoda\/wp-content\/uploads\/2024\/02\/Ovi-logo-2024-hatter-nelkul-45x40-1.png\" \/>\n\t<meta property=\"og:image:width\" content=\"45\" \/>\n\t<meta property=\"og:image:height\" content=\"40\" \/>\n\t<meta property=\"og:image:type\" content=\"image\/png\" \/>\n<meta name=\"twitter:card\" content=\"summary_large_image\" \/>\n<meta name=\"twitter:label1\" content=\"Becs\u00fclt olvas\u00e1si id\u0151\" \/>\n\t<meta name=\"twitter:data1\" content=\"3 perc\" \/>\n<script type=\"application\/ld+json\" class=\"yoast-schema-graph\">{\"@context\":\"https:\\\/\\\/schema.org\",\"@graph\":[{\"@type\":\"WebPage\",\"@id\":\"https:\\\/\\\/szekacs.lutheran.hu\\\/ovoda\\\/?page_id=219\",\"url\":\"https:\\\/\\\/szekacs.lutheran.hu\\\/ovoda\\\/?page_id=219\",\"name\":\"\u00d3vodai csoportjaink - Hajnal \u00d3voda - Sz\u00e9k\u00e1cs J\u00f3zsef Evang\u00e9likus \u00d3voda, \u00c1ltal\u00e1nos Iskola \u00e9s Gimn\u00e1zium\",\"isPartOf\":{\"@id\":\"https:\\\/\\\/szekacs.lutheran.hu\\\/ovoda\\\/#website\"},\"primaryImageOfPage\":{\"@id\":\"https:\\\/\\\/szekacs.lutheran.hu\\\/ovoda\\\/?page_id=219#primaryimage\"},\"image\":{\"@id\":\"https:\\\/\\\/szekacs.lutheran.hu\\\/ovoda\\\/?page_id=219#primaryimage\"},\"thumbnailUrl\":\"https:\\\/\\\/szekacs.lutheran.hu\\\/ovoda\\\/wp-content\\\/uploads\\\/2024\\\/02\\\/Ovi-logo-2024-hatter-nelkul-45x40-1.png\",\"datePublished\":\"2024-01-28T18:50:24+00:00\",\"dateModified\":\"2025-09-30T14:45:10+00:00\",\"breadcrumb\":{\"@id\":\"https:\\\/\\\/szekacs.lutheran.hu\\\/ovoda\\\/?page_id=219#breadcrumb\"},\"inLanguage\":\"hu\",\"potentialAction\":[{\"@type\":\"ReadAction\",\"target\":[\"https:\\\/\\\/szekacs.lutheran.hu\\\/ovoda\\\/?page_id=219\"]}]},{\"@type\":\"ImageObject\",\"inLanguage\":\"hu\",\"@id\":\"https:\\\/\\\/szekacs.lutheran.hu\\\/ovoda\\\/?page_id=219#primaryimage\",\"url\":\"https:\\\/\\\/szekacs.lutheran.hu\\\/ovoda\\\/wp-content\\\/uploads\\\/2024\\\/02\\\/Ovi-logo-2024-hatter-nelkul-45x40-1.png\",\"contentUrl\":\"https:\\\/\\\/szekacs.lutheran.hu\\\/ovoda\\\/wp-content\\\/uploads\\\/2024\\\/02\\\/Ovi-logo-2024-hatter-nelkul-45x40-1.png\",\"width\":45,\"height\":40},{\"@type\":\"BreadcrumbList\",\"@id\":\"https:\\\/\\\/szekacs.lutheran.hu\\\/ovoda\\\/?page_id=219#breadcrumb\",\"itemListElement\":[{\"@type\":\"ListItem\",\"position\":1,\"name\":\"Kezd\u0151lap\",\"item\":\"https:\\\/\\\/szekacs.lutheran.hu\\\/ovoda\\\/\"},{\"@type\":\"ListItem\",\"position\":2,\"name\":\"\u00d3vodai csoportjaink\"}]},{\"@type\":\"WebSite\",\"@id\":\"https:\\\/\\\/szekacs.lutheran.hu\\\/ovoda\\\/#website\",\"url\":\"https:\\\/\\\/szekacs.lutheran.hu\\\/ovoda\\\/\",\"name\":\"Hajnal \u00d3voda - Sz\u00e9k\u00e1cs J\u00f3zsef Evang\u00e9likus \u00d3voda, \u00c1ltal\u00e1nos Iskola \u00e9s Gimn\u00e1zium\",\"description\":\"\",\"publisher\":{\"@id\":\"https:\\\/\\\/szekacs.lutheran.hu\\\/ovoda\\\/#organization\"},\"potentialAction\":[{\"@type\":\"SearchAction\",\"target\":{\"@type\":\"EntryPoint\",\"urlTemplate\":\"https:\\\/\\\/szekacs.lutheran.hu\\\/ovoda\\\/?s={search_term_string}\"},\"query-input\":{\"@type\":\"PropertyValueSpecification\",\"valueRequired\":true,\"valueName\":\"search_term_string\"}}],\"inLanguage\":\"hu\"},{\"@type\":\"Organization\",\"@id\":\"https:\\\/\\\/szekacs.lutheran.hu\\\/ovoda\\\/#organization\",\"name\":\"Hajnal \u00d3voda - Sz\u00e9k\u00e1cs J\u00f3zsef Evang\u00e9likus \u00d3voda, \u00c1ltal\u00e1nos Iskola \u00e9s Gimn\u00e1zium\",\"url\":\"https:\\\/\\\/szekacs.lutheran.hu\\\/ovoda\\\/\",\"logo\":{\"@type\":\"ImageObject\",\"inLanguage\":\"hu\",\"@id\":\"https:\\\/\\\/szekacs.lutheran.hu\\\/ovoda\\\/#\\\/schema\\\/logo\\\/image\\\/\",\"url\":\"https:\\\/\\\/szekacs.lutheran.hu\\\/ovoda\\\/wp-content\\\/uploads\\\/2024\\\/01\\\/Emblema.jpg\",\"contentUrl\":\"https:\\\/\\\/szekacs.lutheran.hu\\\/ovoda\\\/wp-content\\\/uploads\\\/2024\\\/01\\\/Emblema.jpg\",\"width\":2366,\"height\":2084,\"caption\":\"Hajnal \u00d3voda - Sz\u00e9k\u00e1cs J\u00f3zsef Evang\u00e9likus \u00d3voda, \u00c1ltal\u00e1nos Iskola \u00e9s Gimn\u00e1zium\"},\"image\":{\"@id\":\"https:\\\/\\\/szekacs.lutheran.hu\\\/ovoda\\\/#\\\/schema\\\/logo\\\/image\\\/\"},\"sameAs\":[\"https:\\\/\\\/www.facebook.com\\\/hajnal.ovoda.oroshaza\"]}]}<\/script>\n<!-- \/ Yoast SEO plugin. -->","yoast_head_json":{"title":"\u00d3vodai csoportjaink - Hajnal \u00d3voda - Sz\u00e9k\u00e1cs J\u00f3zsef Evang\u00e9likus \u00d3voda, \u00c1ltal\u00e1nos Iskola \u00e9s Gimn\u00e1zium","robots":{"index":"index","follow":"follow","max-snippet":"max-snippet:-1","max-image-preview":"max-image-preview:large","max-video-preview":"max-video-preview:-1"},"canonical":"https:\/\/szekacs.lutheran.hu\/ovoda\/?page_id=219","og_locale":"hu_HU","og_type":"article","og_title":"\u00d3vodai csoportjaink - Hajnal \u00d3voda - Sz\u00e9k\u00e1cs J\u00f3zsef Evang\u00e9likus \u00d3voda, \u00c1ltal\u00e1nos Iskola \u00e9s Gimn\u00e1zium","og_description":"\u00a0 \u00d3VODAI CSOPORTJAINK\u00d3vod\u00e1nkban 6 gyermekcsoportban folyik a nevel\u0151munka. K\u00e9t vegyes \u00e9letkor\u00fa \u00e9s n\u00e9gy tiszta korcsoport\u00fa (mini, kicsi, k\u00f6z\u00e9ps\u0151, nagy) csoportot m\u0171k\u00f6dtet\u00fcnk. \"Arr\u00f3l tudj\u00e1k majd meg r\u00f3latok, hogy a tan\u00edtv\u00e1nyaim vagytok, hogy szeretettel vagytok egym\u00e1s ir\u00e1nt.\" (Jn 13,35) HALACSKA CSOPORT vegyes csoport &nbsp; \u2665\u00a0\u00d3v\u00f3n\u0151k: Kishonti-Menyh\u00e1rt Rita Petovszky Brigitta . \u2665\u00a0Dajka: Kov\u00e1cs M\u00e1rta M\u00d3KUS CSOPORT kiscsoport &nbsp; [&hellip;]","og_url":"https:\/\/szekacs.lutheran.hu\/ovoda\/?page_id=219","og_site_name":"Hajnal \u00d3voda - Sz\u00e9k\u00e1cs J\u00f3zsef Evang\u00e9likus \u00d3voda, \u00c1ltal\u00e1nos Iskola \u00e9s Gimn\u00e1zium","article_publisher":"https:\/\/www.facebook.com\/hajnal.ovoda.oroshaza","article_modified_time":"2025-09-30T14:45:10+00:00","og_image":[{"width":45,"height":40,"url":"https:\/\/szekacs.lutheran.hu\/ovoda\/wp-content\/uploads\/2024\/02\/Ovi-logo-2024-hatter-nelkul-45x40-1.png","type":"image\/png"}],"twitter_card":"summary_large_image","twitter_misc":{"Becs\u00fclt olvas\u00e1si id\u0151":"3 perc"},"schema":{"@context":"https:\/\/schema.org","@graph":[{"@type":"WebPage","@id":"https:\/\/szekacs.lutheran.hu\/ovoda\/?page_id=219","url":"https:\/\/szekacs.lutheran.hu\/ovoda\/?page_id=219","name":"\u00d3vodai csoportjaink - Hajnal \u00d3voda - Sz\u00e9k\u00e1cs J\u00f3zsef Evang\u00e9likus \u00d3voda, \u00c1ltal\u00e1nos Iskola \u00e9s Gimn\u00e1zium","isPartOf":{"@id":"https:\/\/szekacs.lutheran.hu\/ovoda\/#website"},"primaryImageOfPage":{"@id":"https:\/\/szekacs.lutheran.hu\/ovoda\/?page_id=219#primaryimage"},"image":{"@id":"https:\/\/szekacs.lutheran.hu\/ovoda\/?page_id=219#primaryimage"},"thumbnailUrl":"https:\/\/szekacs.lutheran.hu\/ovoda\/wp-content\/uploads\/2024\/02\/Ovi-logo-2024-hatter-nelkul-45x40-1.png","datePublished":"2024-01-28T18:50:24+00:00","dateModified":"2025-09-30T14:45:10+00:00","breadcrumb":{"@id":"https:\/\/szekacs.lutheran.hu\/ovoda\/?page_id=219#breadcrumb"},"inLanguage":"hu","potentialAction":[{"@type":"ReadAction","target":["https:\/\/szekacs.lutheran.hu\/ovoda\/?page_id=219"]}]},{"@type":"ImageObject","inLanguage":"hu","@id":"https:\/\/szekacs.lutheran.hu\/ovoda\/?page_id=219#primaryimage","url":"https:\/\/szekacs.lutheran.hu\/ovoda\/wp-content\/uploads\/2024\/02\/Ovi-logo-2024-hatter-nelkul-45x40-1.png","contentUrl":"https:\/\/szekacs.lutheran.hu\/ovoda\/wp-content\/uploads\/2024\/02\/Ovi-logo-2024-hatter-nelkul-45x40-1.png","width":45,"height":40},{"@type":"BreadcrumbList","@id":"https:\/\/szekacs.lutheran.hu\/ovoda\/?page_id=219#breadcrumb","itemListElement":[{"@type":"ListItem","position":1,"name":"Kezd\u0151lap","item":"https:\/\/szekacs.lutheran.hu\/ovoda\/"},{"@type":"ListItem","position":2,"name":"\u00d3vodai csoportjaink"}]},{"@type":"WebSite","@id":"https:\/\/szekacs.lutheran.hu\/ovoda\/#website","url":"https:\/\/szekacs.lutheran.hu\/ovoda\/","name":"Hajnal \u00d3voda - Sz\u00e9k\u00e1cs J\u00f3zsef Evang\u00e9likus \u00d3voda, \u00c1ltal\u00e1nos Iskola \u00e9s Gimn\u00e1zium","description":"","publisher":{"@id":"https:\/\/szekacs.lutheran.hu\/ovoda\/#organization"},"potentialAction":[{"@type":"SearchAction","target":{"@type":"EntryPoint","urlTemplate":"https:\/\/szekacs.lutheran.hu\/ovoda\/?s={search_term_string}"},"query-input":{"@type":"PropertyValueSpecification","valueRequired":true,"valueName":"search_term_string"}}],"inLanguage":"hu"},{"@type":"Organization","@id":"https:\/\/szekacs.lutheran.hu\/ovoda\/#organization","name":"Hajnal \u00d3voda - Sz\u00e9k\u00e1cs J\u00f3zsef Evang\u00e9likus \u00d3voda, \u00c1ltal\u00e1nos Iskola \u00e9s Gimn\u00e1zium","url":"https:\/\/szekacs.lutheran.hu\/ovoda\/","logo":{"@type":"ImageObject","inLanguage":"hu","@id":"https:\/\/szekacs.lutheran.hu\/ovoda\/#\/schema\/logo\/image\/","url":"https:\/\/szekacs.lutheran.hu\/ovoda\/wp-content\/uploads\/2024\/01\/Emblema.jpg","contentUrl":"https:\/\/szekacs.lutheran.hu\/ovoda\/wp-content\/uploads\/2024\/01\/Emblema.jpg","width":2366,"height":2084,"caption":"Hajnal \u00d3voda - Sz\u00e9k\u00e1cs J\u00f3zsef Evang\u00e9likus \u00d3voda, \u00c1ltal\u00e1nos Iskola \u00e9s Gimn\u00e1zium"},"image":{"@id":"https:\/\/szekacs.lutheran.hu\/ovoda\/#\/schema\/logo\/image\/"},"sameAs":["https:\/\/www.facebook.com\/hajnal.ovoda.oroshaza"]}]}},"_links":{"self":[{"href":"https:\/\/szekacs.lutheran.hu\/ovoda\/index.php?rest_route=\/wp\/v2\/pages\/219","targetHints":{"allow":["GET"]}}],"collection":[{"href":"https:\/\/szekacs.lutheran.hu\/ovoda\/index.php?rest_route=\/wp\/v2\/pages"}],"about":[{"href":"https:\/\/szekacs.lutheran.hu\/ovoda\/index.php?rest_route=\/wp\/v2\/types\/page"}],"author":[{"embeddable":true,"href":"https:\/\/szekacs.lutheran.hu\/ovoda\/index.php?rest_route=\/wp\/v2\/users\/1"}],"replies":[{"embeddable":true,"href":"https:\/\/szekacs.lutheran.hu\/ovoda\/index.php?rest_route=%2Fwp%2Fv2%2Fcomments&post=219"}],"version-history":[{"count":43,"href":"https:\/\/szekacs.lutheran.hu\/ovoda\/index.php?rest_route=\/wp\/v2\/pages\/219\/revisions"}],"predecessor-version":[{"id":1437,"href":"https:\/\/szekacs.lutheran.hu\/ovoda\/index.php?rest_route=\/wp\/v2\/pages\/219\/revisions\/1437"}],"wp:attachment":[{"href":"https:\/\/szekacs.lutheran.hu\/ovoda\/index.php?rest_route=%2Fwp%2Fv2%2Fmedia&parent=219"}],"curies":[{"name":"wp","href":"https:\/\/api.w.org\/{rel}","templated":true}]}}