{"id":148,"date":"2024-01-28T19:48:32","date_gmt":"2024-01-28T18:48:32","guid":{"rendered":"https:\/\/szekacs.lutheran.hu\/ovoda\/?page_id=148"},"modified":"2024-03-05T23:21:40","modified_gmt":"2024-03-05T22:21:40","slug":"tortenetunk","status":"publish","type":"page","link":"https:\/\/szekacs.lutheran.hu\/ovoda\/?page_id=148","title":{"rendered":"T\u00f6rt\u00e9net\u00fcnk"},"content":{"rendered":"<p>[et_pb_section fb_built=&#8221;1&#8243; _builder_version=&#8221;4.24.0&#8243; _module_preset=&#8221;default&#8221; background_color=&#8221;#FFFAAD&#8221; background_image=&#8221;https:\/\/szekacs.lutheran.hu\/ovoda\/wp-content\/uploads\/2024\/02\/Emblema-vilagos-scaled.jpg&#8221; background_size=&#8221;initial&#8221; min_height=&#8221;1078.5px&#8221; top_divider_style=&#8221;wave2&#8243; top_divider_color=&#8221;#DF946A&#8221; top_divider_flip=&#8221;vertical&#8221; bottom_divider_style=&#8221;wave2&#8243; bottom_divider_color=&#8221;#DF946A&#8221; bottom_divider_repeat=&#8221;1x&#8221; background_last_edited=&#8221;on|phone&#8221; background_enable_image_tablet=&#8221;off&#8221; background_enable_image_phone=&#8221;off&#8221; background_enable_mask_style_phone=&#8221;off&#8221; background_mask_color_phone=&#8221;#DF946A&#8221; global_colors_info=&#8221;{}&#8221; custom_margin=&#8221;||5px|||&#8221; custom_padding=&#8221;||113px|||&#8221;][et_pb_row custom_padding_last_edited=&#8221;on|phone&#8221; _builder_version=&#8221;4.24.0&#8243; _module_preset=&#8221;default&#8221; background_color=&#8221;rgba(255,255,255,0.75)&#8221; min_height=&#8221;821.5px&#8221; custom_margin=&#8221;60px||||false|false&#8221; custom_padding=&#8221;40px|81px|40px|81px|true|true&#8221; custom_padding_tablet=&#8221;40px|81px|40px|81px|true|true&#8221; custom_padding_phone=&#8221;40px|26px|40px|26px|true|true&#8221; animation_style=&#8221;fade&#8221; hover_enabled=&#8221;0&#8243; background_last_edited=&#8221;on|phone&#8221; use_background_color_gradient_tablet=&#8221;on&#8221; background_color_gradient_stops_tablet=&#8221;#ffffff 47%|#fffaad 100%&#8221; border_radii=&#8221;on|10px|10px|10px|10px&#8221; global_colors_info=&#8221;{}&#8221; background_color_gradient_stops_phone=&#8221;#ffffff 47%|rgba(255,250,173,0.82) 98%&#8221; use_background_color_gradient_phone=&#8221;on&#8221; sticky_enabled=&#8221;0&#8243;][et_pb_column type=&#8221;4_4&#8243; _builder_version=&#8221;4.24.0&#8243; _module_preset=&#8221;default&#8221; global_colors_info=&#8221;{}&#8221;][et_pb_text _builder_version=&#8221;4.24.0&#8243; _module_preset=&#8221;default&#8221; header_2_font=&#8221;Amatic SC|700|||||||&#8221; header_2_text_align=&#8221;center&#8221; header_2_text_color=&#8221;#7C1800&#8243; header_2_font_size=&#8221;28px&#8221; custom_padding=&#8221;10px||||false|false&#8221; global_colors_info=&#8221;{}&#8221;]<\/p>\n<h2><img loading=\"lazy\" decoding=\"async\" src=\"https:\/\/szekacs.lutheran.hu\/ovoda\/wp-content\/uploads\/2024\/02\/Ovi-logo-2024-hatter-nelkul-45x40-1.png\" width=\"45\" height=\"40\" alt=\"\" class=\"wp-image-390 alignnone size-full\" \/> T\u00d6RT\u00c9NET\u00dcNK<\/h2>\n<p>[\/et_pb_text][et_pb_text _builder_version=&#8221;4.24.0&#8243; _module_preset=&#8221;default&#8221; text_font=&#8221;Mulish||||||||&#8221; text_text_color=&#8221;#7C1800&#8243; text_font_size=&#8221;17px&#8221; text_line_height=&#8221;1.8em&#8221; background_enable_image=&#8221;off&#8221; custom_padding=&#8221;20px||||false|false&#8221; global_colors_info=&#8221;{}&#8221;]<\/p>\n<p style=\"text-align: center;\"><strong><em>\u201eEml\u00e9kezz vissza az eg\u00e9sz \u00fatra, amelyen vezetett Istened, az \u00dar\u2026\u201d (5M\u00f3z 8,2)<\/em><\/strong><\/p>\n<p>\u00d3vod\u00e1nk 1978-ban kezdte meg m\u0171k\u00f6d\u00e9s\u00e9t, \u00f6nkorm\u00e1nyzati, tan\u00e1csi fenntart\u00e1s\u00fa \u00f3vodak\u00e9nt. A sz\u00fcl\u0151k k\u00f6r\u00e9ben jelentkez\u0151 ig\u00e9ny, valamint a helyi Evang\u00e9likus Egyh\u00e1zk\u00f6zs\u00e9ggel kialak\u00edtott kapcsolat tette lehet\u0151v\u00e9, hogy 1991-t\u0151l felmen\u0151 rendszerben egyh\u00e1zi tagozatos csoportok indulhassanak. \u00d3vod\u00e1nk 1995. szeptember 1-j\u00e9vel ker\u00fclt az Orosh\u00e1zi Evang\u00e9likus Egyh\u00e1zk\u00f6zs\u00e9g fenntart\u00e1s\u00e1ba. Alap\u00edt\u00f3 lelk\u00e9sz\u00fcnk, Gy\u0151ri G\u00e1bor t\u00e1mogat\u00e1s\u00e1val \u00e9s alap\u00edt\u00f3 \u00f3vodavezet\u0151nk, R\u00e9v\u00e9sz J\u00f3zsefn\u00e9 vezet\u00e9s\u00e9vel \u00f6kumenikus nyitotts\u00e1g\u00fa egyh\u00e1zi \u00f3vodak\u00e9nt folytatta nevel\u0151munk\u00e1j\u00e1t, <strong>Evang\u00e9likus Hajnal \u00d3voda<\/strong> n\u00e9ven.<\/p>\n<p>A bajor-magyar evang\u00e9likus testv\u00e9rkapcsolat r\u00e9v\u00e9n a kezdeti \u00e9vekben \u00f3vod\u00e1nk jelent\u0151s anyagi seg\u00edts\u00e9get kapott a Bajor Tartom\u00e1nyi Egyh\u00e1zt\u00f3l, valamint ir\u00e1nymutat\u00f3 szakmai seg\u00edts\u00e9get a kereszt\u00e9ny szellem\u0171 nevel\u00e9s ter\u00e9n m\u00e1r nagy tapasztalattal rendelkez\u0151 bajor evang\u00e9likus \u00f3vod\u00e1kt\u00f3l. Ennek hat\u00e1s\u00e1ra az \u00f3voda \u00faj arculata egyre ink\u00e1bb kirajzol\u00f3dott, mind k\u00fcls\u0151s\u00e9gekben, mind a nevel\u0151munka saj\u00e1tos jellemz\u0151iben. Ebben az id\u0151szakban alakult ki testv\u00e9r\u00f3vodai kapcsolatunk az Ortenburgi Evang\u00e9likus \u00d3vod\u00e1val.<\/p>\n<p>2008-ban Vajer T\u00edmea vette \u00e1t az \u00f3voda vezet\u00e9s\u00e9t, ett\u0151l az \u00e9vt\u0151l az Orosh\u00e1zi Evang\u00e9likus \u00c1ltal\u00e1nos Iskola \u00e9s Gimn\u00e1ziummal k\u00f6z\u00f6sen, t\u00f6bbc\u00e9l\u00fa \u00f6sszevont int\u00e9zm\u00e9nyk\u00e9nt szolg\u00e1ljuk v\u00e1rosunkban a kereszt\u00e9ny nevel\u00e9s- \u00e9s oktat\u00e1s\u00fcgyet. 2009. szeptember 1-j\u00e9vel int\u00e9zm\u00e9ny\u00fcnk felvette Sz\u00e9k\u00e1cs J\u00f3zsef n\u00e9hai evang\u00e9likus p\u00fcsp\u00f6k nev\u00e9t, ez\u00e1ltal a <strong>Sz\u00e9k\u00e1cs J\u00f3zsef Evang\u00e9likus \u00d3voda, \u00c1ltal\u00e1nos Iskola \u00e9s Gimn\u00e1zium <\/strong>nevet kapta.<\/p>\n<p>Az \u00e9vek sor\u00e1n \u00f3vod\u00e1nk j\u00f3 h\u00edr\u00e9t er\u0151s\u00edtette a folyamatos fejleszt\u00e9s \u00e9s fejl\u0151d\u00e9s biztos\u00edt\u00e1sa, mind a t\u00e1rgyi k\u00f6rnyezet, mind pedig a szakmai innov\u00e1ci\u00f3kkal tark\u00edtott kereszt\u00e9ny szellem\u0171 nevel\u0151munka ter\u00e9n.<\/p>\n<p style=\"text-align: center;\"><strong><em>H\u00e1la legyen Istennek kimondhatatlan aj\u00e1nd\u00e9k\u00e1\u00e9rt<\/em><em>! (2Kor 9,15)<\/em><\/strong><\/p>\n<p>[\/et_pb_text][\/et_pb_column][\/et_pb_row][\/et_pb_section]<\/p>\n","protected":false},"excerpt":{"rendered":"<p>T\u00d6RT\u00c9NET\u00dcNK\u201eEml\u00e9kezz vissza az eg\u00e9sz \u00fatra, amelyen vezetett Istened, az \u00dar\u2026\u201d (5M\u00f3z 8,2) \u00d3vod\u00e1nk 1978-ban kezdte meg m\u0171k\u00f6d\u00e9s\u00e9t, \u00f6nkorm\u00e1nyzati, tan\u00e1csi fenntart\u00e1s\u00fa \u00f3vodak\u00e9nt. A sz\u00fcl\u0151k k\u00f6r\u00e9ben jelentkez\u0151 ig\u00e9ny, valamint a helyi Evang\u00e9likus Egyh\u00e1zk\u00f6zs\u00e9ggel kialak\u00edtott kapcsolat tette lehet\u0151v\u00e9, hogy 1991-t\u0151l felmen\u0151 rendszerben egyh\u00e1zi tagozatos csoportok indulhassanak. \u00d3vod\u00e1nk 1995. szeptember 1-j\u00e9vel ker\u00fclt az Orosh\u00e1zi Evang\u00e9likus Egyh\u00e1zk\u00f6zs\u00e9g fenntart\u00e1s\u00e1ba. Alap\u00edt\u00f3 lelk\u00e9sz\u00fcnk, [&hellip;]<\/p>\n","protected":false},"author":1,"featured_media":0,"parent":0,"menu_order":0,"comment_status":"closed","ping_status":"closed","template":"","meta":{"_et_pb_use_builder":"on","_et_pb_old_content":"","_et_gb_content_width":"","footnotes":""},"class_list":["post-148","page","type-page","status-publish","hentry"],"yoast_head":"<!-- This site is optimized with the Yoast SEO plugin v27.4 - https:\/\/yoast.com\/product\/yoast-seo-wordpress\/ -->\n<title>T\u00f6rt\u00e9net\u00fcnk - Hajnal \u00d3voda - Sz\u00e9k\u00e1cs J\u00f3zsef Evang\u00e9likus \u00d3voda, \u00c1ltal\u00e1nos Iskola \u00e9s Gimn\u00e1zium<\/title>\n<meta name=\"robots\" content=\"index, follow, max-snippet:-1, max-image-preview:large, max-video-preview:-1\" \/>\n<link rel=\"canonical\" href=\"https:\/\/szekacs.lutheran.hu\/ovoda\/?page_id=148\" \/>\n<meta property=\"og:locale\" content=\"hu_HU\" \/>\n<meta property=\"og:type\" content=\"article\" \/>\n<meta property=\"og:title\" content=\"T\u00f6rt\u00e9net\u00fcnk - Hajnal \u00d3voda - Sz\u00e9k\u00e1cs J\u00f3zsef Evang\u00e9likus \u00d3voda, \u00c1ltal\u00e1nos Iskola \u00e9s Gimn\u00e1zium\" \/>\n<meta property=\"og:description\" content=\"T\u00d6RT\u00c9NET\u00dcNK\u201eEml\u00e9kezz vissza az eg\u00e9sz \u00fatra, amelyen vezetett Istened, az \u00dar\u2026\u201d (5M\u00f3z 8,2) \u00d3vod\u00e1nk 1978-ban kezdte meg m\u0171k\u00f6d\u00e9s\u00e9t, \u00f6nkorm\u00e1nyzati, tan\u00e1csi fenntart\u00e1s\u00fa \u00f3vodak\u00e9nt. A sz\u00fcl\u0151k k\u00f6r\u00e9ben jelentkez\u0151 ig\u00e9ny, valamint a helyi Evang\u00e9likus Egyh\u00e1zk\u00f6zs\u00e9ggel kialak\u00edtott kapcsolat tette lehet\u0151v\u00e9, hogy 1991-t\u0151l felmen\u0151 rendszerben egyh\u00e1zi tagozatos csoportok indulhassanak. \u00d3vod\u00e1nk 1995. szeptember 1-j\u00e9vel ker\u00fclt az Orosh\u00e1zi Evang\u00e9likus Egyh\u00e1zk\u00f6zs\u00e9g fenntart\u00e1s\u00e1ba. Alap\u00edt\u00f3 lelk\u00e9sz\u00fcnk, [&hellip;]\" \/>\n<meta property=\"og:url\" content=\"https:\/\/szekacs.lutheran.hu\/ovoda\/?page_id=148\" \/>\n<meta property=\"og:site_name\" content=\"Hajnal \u00d3voda - Sz\u00e9k\u00e1cs J\u00f3zsef Evang\u00e9likus \u00d3voda, \u00c1ltal\u00e1nos Iskola \u00e9s Gimn\u00e1zium\" \/>\n<meta property=\"article:publisher\" content=\"https:\/\/www.facebook.com\/hajnal.ovoda.oroshaza\" \/>\n<meta property=\"article:modified_time\" content=\"2024-03-05T22:21:40+00:00\" \/>\n<meta property=\"og:image\" content=\"https:\/\/szekacs.lutheran.hu\/ovoda\/wp-content\/uploads\/2024\/02\/Ovi-logo-2024-hatter-nelkul-45x40-1.png\" \/>\n<meta name=\"twitter:card\" content=\"summary_large_image\" \/>\n<meta name=\"twitter:label1\" content=\"Becs\u00fclt olvas\u00e1si id\u0151\" \/>\n\t<meta name=\"twitter:data1\" content=\"2 perc\" \/>\n<script type=\"application\/ld+json\" class=\"yoast-schema-graph\">{\"@context\":\"https:\\\/\\\/schema.org\",\"@graph\":[{\"@type\":\"WebPage\",\"@id\":\"https:\\\/\\\/szekacs.lutheran.hu\\\/ovoda\\\/?page_id=148\",\"url\":\"https:\\\/\\\/szekacs.lutheran.hu\\\/ovoda\\\/?page_id=148\",\"name\":\"T\u00f6rt\u00e9net\u00fcnk - Hajnal \u00d3voda - Sz\u00e9k\u00e1cs J\u00f3zsef Evang\u00e9likus \u00d3voda, \u00c1ltal\u00e1nos Iskola \u00e9s Gimn\u00e1zium\",\"isPartOf\":{\"@id\":\"https:\\\/\\\/szekacs.lutheran.hu\\\/ovoda\\\/#website\"},\"primaryImageOfPage\":{\"@id\":\"https:\\\/\\\/szekacs.lutheran.hu\\\/ovoda\\\/?page_id=148#primaryimage\"},\"image\":{\"@id\":\"https:\\\/\\\/szekacs.lutheran.hu\\\/ovoda\\\/?page_id=148#primaryimage\"},\"thumbnailUrl\":\"https:\\\/\\\/szekacs.lutheran.hu\\\/ovoda\\\/wp-content\\\/uploads\\\/2024\\\/02\\\/Ovi-logo-2024-hatter-nelkul-45x40-1.png\",\"datePublished\":\"2024-01-28T18:48:32+00:00\",\"dateModified\":\"2024-03-05T22:21:40+00:00\",\"breadcrumb\":{\"@id\":\"https:\\\/\\\/szekacs.lutheran.hu\\\/ovoda\\\/?page_id=148#breadcrumb\"},\"inLanguage\":\"hu\",\"potentialAction\":[{\"@type\":\"ReadAction\",\"target\":[\"https:\\\/\\\/szekacs.lutheran.hu\\\/ovoda\\\/?page_id=148\"]}]},{\"@type\":\"ImageObject\",\"inLanguage\":\"hu\",\"@id\":\"https:\\\/\\\/szekacs.lutheran.hu\\\/ovoda\\\/?page_id=148#primaryimage\",\"url\":\"https:\\\/\\\/szekacs.lutheran.hu\\\/ovoda\\\/wp-content\\\/uploads\\\/2024\\\/02\\\/Ovi-logo-2024-hatter-nelkul-45x40-1.png\",\"contentUrl\":\"https:\\\/\\\/szekacs.lutheran.hu\\\/ovoda\\\/wp-content\\\/uploads\\\/2024\\\/02\\\/Ovi-logo-2024-hatter-nelkul-45x40-1.png\",\"width\":45,\"height\":40},{\"@type\":\"BreadcrumbList\",\"@id\":\"https:\\\/\\\/szekacs.lutheran.hu\\\/ovoda\\\/?page_id=148#breadcrumb\",\"itemListElement\":[{\"@type\":\"ListItem\",\"position\":1,\"name\":\"Kezd\u0151lap\",\"item\":\"https:\\\/\\\/szekacs.lutheran.hu\\\/ovoda\\\/\"},{\"@type\":\"ListItem\",\"position\":2,\"name\":\"T\u00f6rt\u00e9net\u00fcnk\"}]},{\"@type\":\"WebSite\",\"@id\":\"https:\\\/\\\/szekacs.lutheran.hu\\\/ovoda\\\/#website\",\"url\":\"https:\\\/\\\/szekacs.lutheran.hu\\\/ovoda\\\/\",\"name\":\"Hajnal \u00d3voda - Sz\u00e9k\u00e1cs J\u00f3zsef Evang\u00e9likus \u00d3voda, \u00c1ltal\u00e1nos Iskola \u00e9s Gimn\u00e1zium\",\"description\":\"\",\"publisher\":{\"@id\":\"https:\\\/\\\/szekacs.lutheran.hu\\\/ovoda\\\/#organization\"},\"potentialAction\":[{\"@type\":\"SearchAction\",\"target\":{\"@type\":\"EntryPoint\",\"urlTemplate\":\"https:\\\/\\\/szekacs.lutheran.hu\\\/ovoda\\\/?s={search_term_string}\"},\"query-input\":{\"@type\":\"PropertyValueSpecification\",\"valueRequired\":true,\"valueName\":\"search_term_string\"}}],\"inLanguage\":\"hu\"},{\"@type\":\"Organization\",\"@id\":\"https:\\\/\\\/szekacs.lutheran.hu\\\/ovoda\\\/#organization\",\"name\":\"Hajnal \u00d3voda - Sz\u00e9k\u00e1cs J\u00f3zsef Evang\u00e9likus \u00d3voda, \u00c1ltal\u00e1nos Iskola \u00e9s Gimn\u00e1zium\",\"url\":\"https:\\\/\\\/szekacs.lutheran.hu\\\/ovoda\\\/\",\"logo\":{\"@type\":\"ImageObject\",\"inLanguage\":\"hu\",\"@id\":\"https:\\\/\\\/szekacs.lutheran.hu\\\/ovoda\\\/#\\\/schema\\\/logo\\\/image\\\/\",\"url\":\"https:\\\/\\\/szekacs.lutheran.hu\\\/ovoda\\\/wp-content\\\/uploads\\\/2024\\\/01\\\/Emblema.jpg\",\"contentUrl\":\"https:\\\/\\\/szekacs.lutheran.hu\\\/ovoda\\\/wp-content\\\/uploads\\\/2024\\\/01\\\/Emblema.jpg\",\"width\":2366,\"height\":2084,\"caption\":\"Hajnal \u00d3voda - Sz\u00e9k\u00e1cs J\u00f3zsef Evang\u00e9likus \u00d3voda, \u00c1ltal\u00e1nos Iskola \u00e9s Gimn\u00e1zium\"},\"image\":{\"@id\":\"https:\\\/\\\/szekacs.lutheran.hu\\\/ovoda\\\/#\\\/schema\\\/logo\\\/image\\\/\"},\"sameAs\":[\"https:\\\/\\\/www.facebook.com\\\/hajnal.ovoda.oroshaza\"]}]}<\/script>\n<!-- \/ Yoast SEO plugin. -->","yoast_head_json":{"title":"T\u00f6rt\u00e9net\u00fcnk - Hajnal \u00d3voda - Sz\u00e9k\u00e1cs J\u00f3zsef Evang\u00e9likus \u00d3voda, \u00c1ltal\u00e1nos Iskola \u00e9s Gimn\u00e1zium","robots":{"index":"index","follow":"follow","max-snippet":"max-snippet:-1","max-image-preview":"max-image-preview:large","max-video-preview":"max-video-preview:-1"},"canonical":"https:\/\/szekacs.lutheran.hu\/ovoda\/?page_id=148","og_locale":"hu_HU","og_type":"article","og_title":"T\u00f6rt\u00e9net\u00fcnk - Hajnal \u00d3voda - Sz\u00e9k\u00e1cs J\u00f3zsef Evang\u00e9likus \u00d3voda, \u00c1ltal\u00e1nos Iskola \u00e9s Gimn\u00e1zium","og_description":"T\u00d6RT\u00c9NET\u00dcNK\u201eEml\u00e9kezz vissza az eg\u00e9sz \u00fatra, amelyen vezetett Istened, az \u00dar\u2026\u201d (5M\u00f3z 8,2) \u00d3vod\u00e1nk 1978-ban kezdte meg m\u0171k\u00f6d\u00e9s\u00e9t, \u00f6nkorm\u00e1nyzati, tan\u00e1csi fenntart\u00e1s\u00fa \u00f3vodak\u00e9nt. A sz\u00fcl\u0151k k\u00f6r\u00e9ben jelentkez\u0151 ig\u00e9ny, valamint a helyi Evang\u00e9likus Egyh\u00e1zk\u00f6zs\u00e9ggel kialak\u00edtott kapcsolat tette lehet\u0151v\u00e9, hogy 1991-t\u0151l felmen\u0151 rendszerben egyh\u00e1zi tagozatos csoportok indulhassanak. \u00d3vod\u00e1nk 1995. szeptember 1-j\u00e9vel ker\u00fclt az Orosh\u00e1zi Evang\u00e9likus Egyh\u00e1zk\u00f6zs\u00e9g fenntart\u00e1s\u00e1ba. Alap\u00edt\u00f3 lelk\u00e9sz\u00fcnk, [&hellip;]","og_url":"https:\/\/szekacs.lutheran.hu\/ovoda\/?page_id=148","og_site_name":"Hajnal \u00d3voda - Sz\u00e9k\u00e1cs J\u00f3zsef Evang\u00e9likus \u00d3voda, \u00c1ltal\u00e1nos Iskola \u00e9s Gimn\u00e1zium","article_publisher":"https:\/\/www.facebook.com\/hajnal.ovoda.oroshaza","article_modified_time":"2024-03-05T22:21:40+00:00","og_image":[{"url":"https:\/\/szekacs.lutheran.hu\/ovoda\/wp-content\/uploads\/2024\/02\/Ovi-logo-2024-hatter-nelkul-45x40-1.png","type":"","width":"","height":""}],"twitter_card":"summary_large_image","twitter_misc":{"Becs\u00fclt olvas\u00e1si id\u0151":"2 perc"},"schema":{"@context":"https:\/\/schema.org","@graph":[{"@type":"WebPage","@id":"https:\/\/szekacs.lutheran.hu\/ovoda\/?page_id=148","url":"https:\/\/szekacs.lutheran.hu\/ovoda\/?page_id=148","name":"T\u00f6rt\u00e9net\u00fcnk - Hajnal \u00d3voda - Sz\u00e9k\u00e1cs J\u00f3zsef Evang\u00e9likus \u00d3voda, \u00c1ltal\u00e1nos Iskola \u00e9s Gimn\u00e1zium","isPartOf":{"@id":"https:\/\/szekacs.lutheran.hu\/ovoda\/#website"},"primaryImageOfPage":{"@id":"https:\/\/szekacs.lutheran.hu\/ovoda\/?page_id=148#primaryimage"},"image":{"@id":"https:\/\/szekacs.lutheran.hu\/ovoda\/?page_id=148#primaryimage"},"thumbnailUrl":"https:\/\/szekacs.lutheran.hu\/ovoda\/wp-content\/uploads\/2024\/02\/Ovi-logo-2024-hatter-nelkul-45x40-1.png","datePublished":"2024-01-28T18:48:32+00:00","dateModified":"2024-03-05T22:21:40+00:00","breadcrumb":{"@id":"https:\/\/szekacs.lutheran.hu\/ovoda\/?page_id=148#breadcrumb"},"inLanguage":"hu","potentialAction":[{"@type":"ReadAction","target":["https:\/\/szekacs.lutheran.hu\/ovoda\/?page_id=148"]}]},{"@type":"ImageObject","inLanguage":"hu","@id":"https:\/\/szekacs.lutheran.hu\/ovoda\/?page_id=148#primaryimage","url":"https:\/\/szekacs.lutheran.hu\/ovoda\/wp-content\/uploads\/2024\/02\/Ovi-logo-2024-hatter-nelkul-45x40-1.png","contentUrl":"https:\/\/szekacs.lutheran.hu\/ovoda\/wp-content\/uploads\/2024\/02\/Ovi-logo-2024-hatter-nelkul-45x40-1.png","width":45,"height":40},{"@type":"BreadcrumbList","@id":"https:\/\/szekacs.lutheran.hu\/ovoda\/?page_id=148#breadcrumb","itemListElement":[{"@type":"ListItem","position":1,"name":"Kezd\u0151lap","item":"https:\/\/szekacs.lutheran.hu\/ovoda\/"},{"@type":"ListItem","position":2,"name":"T\u00f6rt\u00e9net\u00fcnk"}]},{"@type":"WebSite","@id":"https:\/\/szekacs.lutheran.hu\/ovoda\/#website","url":"https:\/\/szekacs.lutheran.hu\/ovoda\/","name":"Hajnal \u00d3voda - Sz\u00e9k\u00e1cs J\u00f3zsef Evang\u00e9likus \u00d3voda, \u00c1ltal\u00e1nos Iskola \u00e9s Gimn\u00e1zium","description":"","publisher":{"@id":"https:\/\/szekacs.lutheran.hu\/ovoda\/#organization"},"potentialAction":[{"@type":"SearchAction","target":{"@type":"EntryPoint","urlTemplate":"https:\/\/szekacs.lutheran.hu\/ovoda\/?s={search_term_string}"},"query-input":{"@type":"PropertyValueSpecification","valueRequired":true,"valueName":"search_term_string"}}],"inLanguage":"hu"},{"@type":"Organization","@id":"https:\/\/szekacs.lutheran.hu\/ovoda\/#organization","name":"Hajnal \u00d3voda - Sz\u00e9k\u00e1cs J\u00f3zsef Evang\u00e9likus \u00d3voda, \u00c1ltal\u00e1nos Iskola \u00e9s Gimn\u00e1zium","url":"https:\/\/szekacs.lutheran.hu\/ovoda\/","logo":{"@type":"ImageObject","inLanguage":"hu","@id":"https:\/\/szekacs.lutheran.hu\/ovoda\/#\/schema\/logo\/image\/","url":"https:\/\/szekacs.lutheran.hu\/ovoda\/wp-content\/uploads\/2024\/01\/Emblema.jpg","contentUrl":"https:\/\/szekacs.lutheran.hu\/ovoda\/wp-content\/uploads\/2024\/01\/Emblema.jpg","width":2366,"height":2084,"caption":"Hajnal \u00d3voda - Sz\u00e9k\u00e1cs J\u00f3zsef Evang\u00e9likus \u00d3voda, \u00c1ltal\u00e1nos Iskola \u00e9s Gimn\u00e1zium"},"image":{"@id":"https:\/\/szekacs.lutheran.hu\/ovoda\/#\/schema\/logo\/image\/"},"sameAs":["https:\/\/www.facebook.com\/hajnal.ovoda.oroshaza"]}]}},"_links":{"self":[{"href":"https:\/\/szekacs.lutheran.hu\/ovoda\/index.php?rest_route=\/wp\/v2\/pages\/148","targetHints":{"allow":["GET"]}}],"collection":[{"href":"https:\/\/szekacs.lutheran.hu\/ovoda\/index.php?rest_route=\/wp\/v2\/pages"}],"about":[{"href":"https:\/\/szekacs.lutheran.hu\/ovoda\/index.php?rest_route=\/wp\/v2\/types\/page"}],"author":[{"embeddable":true,"href":"https:\/\/szekacs.lutheran.hu\/ovoda\/index.php?rest_route=\/wp\/v2\/users\/1"}],"replies":[{"embeddable":true,"href":"https:\/\/szekacs.lutheran.hu\/ovoda\/index.php?rest_route=%2Fwp%2Fv2%2Fcomments&post=148"}],"version-history":[{"count":20,"href":"https:\/\/szekacs.lutheran.hu\/ovoda\/index.php?rest_route=\/wp\/v2\/pages\/148\/revisions"}],"predecessor-version":[{"id":1399,"href":"https:\/\/szekacs.lutheran.hu\/ovoda\/index.php?rest_route=\/wp\/v2\/pages\/148\/revisions\/1399"}],"wp:attachment":[{"href":"https:\/\/szekacs.lutheran.hu\/ovoda\/index.php?rest_route=%2Fwp%2Fv2%2Fmedia&parent=148"}],"curies":[{"name":"wp","href":"https:\/\/api.w.org\/{rel}","templated":true}]}}