{"id":1152,"date":"2024-02-19T17:40:34","date_gmt":"2024-02-19T16:40:34","guid":{"rendered":"https:\/\/szekacs.lutheran.hu\/ovoda\/?page_id=1152"},"modified":"2024-03-01T14:45:26","modified_gmt":"2024-03-01T13:45:26","slug":"bajor-testverkapcsolat","status":"publish","type":"page","link":"https:\/\/szekacs.lutheran.hu\/ovoda\/?page_id=1152","title":{"rendered":"Bajor testv\u00e9rkapcsolat"},"content":{"rendered":"<p>[et_pb_section fb_built=&#8221;1&#8243; _builder_version=&#8221;4.24.0&#8243; _module_preset=&#8221;default&#8221; background_color=&#8221;#fffaad&#8221; background_enable_image=&#8221;off&#8221; top_divider_style=&#8221;arrow3&#8243; top_divider_color=&#8221;#DF946A&#8221; top_divider_flip=&#8221;horizontal&#8221; bottom_divider_style=&#8221;arrow3&#8243; bottom_divider_color=&#8221;#DF946A&#8221; bottom_divider_flip=&#8221;horizontal&#8221; global_colors_info=&#8221;{}&#8221;][et_pb_row column_structure=&#8221;2_5,3_5&#8243; _builder_version=&#8221;4.24.0&#8243; _module_preset=&#8221;default&#8221; custom_margin=&#8221;60px||60px||true|false&#8221; global_colors_info=&#8221;{}&#8221;][et_pb_column type=&#8221;2_5&#8243; _builder_version=&#8221;4.24.0&#8243; _module_preset=&#8221;default&#8221; custom_padding=&#8221;|||120px|false|false&#8221; custom_padding_tablet=&#8221;|||162px|false|false&#8221; custom_padding_phone=&#8221;|||33px|false|false&#8221; custom_padding_last_edited=&#8221;on|phone&#8221; global_colors_info=&#8221;{}&#8221;][et_pb_text content_tablet=&#8221;<\/p>\n<h2 style=%22text-align: left;%22><img src=%22https:\/\/szekacs.lutheran.hu\/ovoda\/wp-content\/uploads\/2024\/02\/Ovi-logo-2024-hatter-nelkul-45x40-1.png%22 width=%2245%22 height=%2240%22 alt=%22%22 class=%22wp-image-390 alignnone size-full%22 \/> BAJOR TESTV\u00c9RKAPCSOLAT<\/h2>\n<p>&#8221; content_phone=&#8221;<\/p>\n<h2 style=%22text-align: left;%22><img src=%22https:\/\/szekacs.lutheran.hu\/ovoda\/wp-content\/uploads\/2024\/02\/Ovi-logo-2024-hatter-nelkul-45x40-1.png%22 width=%2245%22 height=%2240%22 alt=%22%22 class=%22wp-image-390 alignnone size-full%22 \/> BAJOR TESTV\u00c9RKAPCSOLAT<\/h2>\n<p>&#8221; content_last_edited=&#8221;on|phone&#8221; _builder_version=&#8221;4.24.0&#8243; _module_preset=&#8221;default&#8221; header_2_font=&#8221;Amatic SC|700|||||||&#8221; header_2_text_align=&#8221;left&#8221; header_2_text_color=&#8221;#7C1800&#8243; header_2_font_size=&#8221;28px&#8221; background_enable_color=&#8221;off&#8221; custom_padding=&#8221;|||0px|false|false&#8221; header_2_line_height_tablet=&#8221;&#8221; header_2_line_height_phone=&#8221;1.4em&#8221; header_2_line_height_last_edited=&#8221;on|phone&#8221; global_colors_info=&#8221;{}&#8221;]<\/p>\n<h2 style=\"text-align: left;\"><img loading=\"lazy\" decoding=\"async\" src=\"https:\/\/szekacs.lutheran.hu\/ovoda\/wp-content\/uploads\/2024\/02\/Ovi-logo-2024-hatter-nelkul-45x40-1.png\" width=\"45\" height=\"40\" alt=\"\" class=\"wp-image-390 alignnone size-full\" \/> BAJOR TESTV\u00c9RKAPCSOLAT<\/h2>\n<p>[\/et_pb_text][et_pb_image src=&#8221;https:\/\/szekacs.lutheran.hu\/ovoda\/wp-content\/uploads\/2024\/02\/KiGa-Orthenburg-250&#215;250-hn.png&#8221; title_text=&#8221;KiGa-Orthenburg-250&#215;250-hn&#8221; _builder_version=&#8221;4.24.0&#8243; _module_preset=&#8221;default&#8221; module_alignment=&#8221;left&#8221; custom_padding=&#8221;0px|||2px|false|false&#8221; custom_padding_tablet=&#8221;|||20px|false|false&#8221; custom_padding_phone=&#8221;|||7px|false|false&#8221; custom_padding_last_edited=&#8221;on|phone&#8221; hover_enabled=&#8221;0&#8243; border_radii=&#8221;on|10px|10px|10px|10px&#8221; global_colors_info=&#8221;{}&#8221; sticky_enabled=&#8221;0&#8243;][\/et_pb_image][\/et_pb_column][et_pb_column type=&#8221;3_5&#8243; _builder_version=&#8221;4.24.0&#8243; _module_preset=&#8221;default&#8221; global_colors_info=&#8221;{}&#8221;][et_pb_text content_tablet=&#8221;<\/p>\n<p>A Magyarorsz\u00e1gi Evang\u00e9likus Egyh\u00e1z \u00e9s a Bajor Tartom\u00e1nyi Evang\u00e9likus Egyh\u00e1z partnerkapcsolat\u00e1nak k\u00f6sz\u00f6nhet\u0151en sz\u00e1mos magyar \u00e9s bajor \u00f3voda, iskola \u00e9s gy\u00fclekezet k\u00f6z\u00f6tt alakult ki partneri egy\u00fcttm\u0171k\u00f6d\u00e9s. \u00d3vod\u00e1nk 2003. \u00f3ta \u00e1pol testv\u00e9rkapcsolatot az <strong>Ortenburgi Evang\u00e9likus \u00d3vod\u00e1val.<\/strong><\/p>\n<p>Az \u00f3vod\u00e1k k\u00f6z\u00f6tti kapcsolattart\u00e1st, szakmai tapasztalatcser\u00e9t az orsz\u00e1gos egyh\u00e1zak \u00e1ltal koordin\u00e1lt, \u00e9vente megrendez\u00e9sre ker\u00fcl\u0151 bajor-magyar \u00f3vodai tal\u00e1lkoz\u00f3 \u00e9s tov\u00e1bbk\u00e9pz\u00e9s seg\u00edti.<\/p>\n<p><strong>Bajor testv\u00e9r\u00f3vod\u00e1nk honlapja az al\u00e1bbi k\u00e9pre kattintva \u00e9rhet\u0151 el:<\/strong><\/p>\n<p><strong><\/strong><\/p>\n<p><strong><\/strong><\/p>\n<p style=%22text-align: center;%22><a href=%22https:\/\/www.kindergarten-ortenburg.de\/%22 data-et-target-link=%22_blank%22 rel=%22noopener%22 title=%22Evangelischer Kindergarten Ortenburg%22><img src=%22https:\/\/szekacs.lutheran.hu\/ovoda\/wp-content\/uploads\/2024\/02\/EvKiGa_Orthenburg-300x225.jpg%22 width=%22269%22 height=%22202%22 alt=%22%22 class=%22wp-image-1207 alignnone size-medium%22 \/><\/a><\/p>\n<p>&#8221; content_phone=&#8221;<\/p>\n<p>A Magyarorsz\u00e1gi Evang\u00e9likus Egyh\u00e1z \u00e9s a Bajor Tartom\u00e1nyi Evang\u00e9likus Egyh\u00e1z partnerkapcsolat\u00e1nak k\u00f6sz\u00f6nhet\u0151en sz\u00e1mos magyar \u00e9s bajor \u00f3voda, iskola \u00e9s gy\u00fclekezet k\u00f6z\u00f6tt alakult ki partneri egy\u00fcttm\u0171k\u00f6d\u00e9s. \u00d3vod\u00e1nk 2003. \u00f3ta \u00e1pol testv\u00e9rkapcsolatot az <strong>Ortenburgi Evang\u00e9likus \u00d3vod\u00e1val.<\/strong><\/p>\n<p>Az \u00f3vod\u00e1k k\u00f6z\u00f6tti kapcsolattart\u00e1st, szakmai tapasztalatcser\u00e9t az orsz\u00e1gos egyh\u00e1zak \u00e1ltal koordin\u00e1lt, \u00e9vente megrendez\u00e9sre ker\u00fcl\u0151 bajor-magyar \u00f3vodai tal\u00e1lkoz\u00f3 \u00e9s tov\u00e1bbk\u00e9pz\u00e9s seg\u00edti.<\/p>\n<p><strong>Bajor testv\u00e9r\u00f3vod\u00e1nk honlapja az al\u00e1bbi k\u00e9pre kattintva \u00e9rhet\u0151 el:<\/strong><\/p>\n<p><strong><\/strong><\/p>\n<p><strong><\/strong><\/p>\n<p style=%22text-align: center;%22><a href=%22https:\/\/www.kindergarten-ortenburg.de\/%22 data-et-target-link=%22_blank%22 rel=%22noopener%22 title=%22Evangelischer Kindergarten Ortenburg%22><img src=%22https:\/\/szekacs.lutheran.hu\/ovoda\/wp-content\/uploads\/2024\/02\/EvKiGa_Orthenburg-300x225.jpg%22 width=%22269%22 height=%22202%22 alt=%22%22 class=%22wp-image-1207 alignnone size-medium%22 \/><\/a><\/p>\n<p>&#8221; content_last_edited=&#8221;on|desktop&#8221; _builder_version=&#8221;4.24.0&#8243; _module_preset=&#8221;default&#8221; text_font=&#8221;Mulish||||||||&#8221; text_text_color=&#8221;#7C1800&#8243; text_font_size=&#8221;17px&#8221; text_line_height=&#8221;1.8em&#8221; ol_font=&#8221;Mulish||||||||&#8221; ol_line_height=&#8221;1.8em&#8221; custom_padding=&#8221;10px||||false|false&#8221; global_colors_info=&#8221;{}&#8221;]<\/p>\n<p>A Magyarorsz\u00e1gi Evang\u00e9likus Egyh\u00e1z \u00e9s a Bajor Tartom\u00e1nyi Evang\u00e9likus Egyh\u00e1z partnerkapcsolat\u00e1nak k\u00f6sz\u00f6nhet\u0151en sz\u00e1mos magyar \u00e9s bajor \u00f3voda, iskola \u00e9s gy\u00fclekezet k\u00f6z\u00f6tt alakult ki partneri egy\u00fcttm\u0171k\u00f6d\u00e9s<strong>. <\/strong>\u00d3vod\u00e1nk 2003. \u00f3ta \u00e1pol testv\u00e9rkapcsolatot az <strong>Ortenburgi Evang\u00e9likus \u00d3vod\u00e1val.<\/strong><\/p>\n<p>Az \u00f3vod\u00e1k k\u00f6z\u00f6tti kapcsolattart\u00e1st, szakmai tapasztalatcser\u00e9t az orsz\u00e1gos egyh\u00e1zak \u00e1ltal koordin\u00e1lt, \u00e9vente megrendez\u00e9sre ker\u00fcl\u0151 bajor-magyar \u00f3vodai tal\u00e1lkoz\u00f3 \u00e9s tov\u00e1bbk\u00e9pz\u00e9s seg\u00edti.<\/p>\n<p><strong>Bajor testv\u00e9r\u00f3vod\u00e1nk honlapja az al\u00e1bbi k\u00e9pre kattintva \u00e9rhet\u0151 el:<\/strong><\/p>\n<p><strong><\/strong><\/p>\n<p><strong><\/strong><\/p>\n<p style=\"text-align: center;\"><a href=\"https:\/\/www.kindergarten-ortenburg.de\/\" target=\"_blank\" rel=\"noopener\" title=\"Evangelischer Kindergarten Ortenburg\"><img loading=\"lazy\" decoding=\"async\" src=\"https:\/\/szekacs.lutheran.hu\/ovoda\/wp-content\/uploads\/2024\/02\/EvKiGa_Orthenburg-300x225.jpg\" width=\"269\" height=\"202\" alt=\"\" class=\"wp-image-1207 alignnone size-medium\" srcset=\"https:\/\/szekacs.lutheran.hu\/ovoda\/wp-content\/uploads\/2024\/02\/EvKiGa_Orthenburg-300x225.jpg 300w, https:\/\/szekacs.lutheran.hu\/ovoda\/wp-content\/uploads\/2024\/02\/EvKiGa_Orthenburg.jpg 444w\" sizes=\"(max-width: 269px) 100vw, 269px\" \/><\/a><\/p>\n<p>[\/et_pb_text][\/et_pb_column][\/et_pb_row][\/et_pb_section]<\/p>\n","protected":false},"excerpt":{"rendered":"<p>BAJOR TESTV\u00c9RKAPCSOLATA Magyarorsz\u00e1gi Evang\u00e9likus Egyh\u00e1z \u00e9s a Bajor Tartom\u00e1nyi Evang\u00e9likus Egyh\u00e1z partnerkapcsolat\u00e1nak k\u00f6sz\u00f6nhet\u0151en sz\u00e1mos magyar \u00e9s bajor \u00f3voda, iskola \u00e9s gy\u00fclekezet k\u00f6z\u00f6tt alakult ki partneri egy\u00fcttm\u0171k\u00f6d\u00e9s. \u00d3vod\u00e1nk 2003. \u00f3ta \u00e1pol testv\u00e9rkapcsolatot az Ortenburgi Evang\u00e9likus \u00d3vod\u00e1val. Az \u00f3vod\u00e1k k\u00f6z\u00f6tti kapcsolattart\u00e1st, szakmai tapasztalatcser\u00e9t az orsz\u00e1gos egyh\u00e1zak \u00e1ltal koordin\u00e1lt, \u00e9vente megrendez\u00e9sre ker\u00fcl\u0151 bajor-magyar \u00f3vodai tal\u00e1lkoz\u00f3 \u00e9s tov\u00e1bbk\u00e9pz\u00e9s seg\u00edti. [&hellip;]<\/p>\n","protected":false},"author":1,"featured_media":0,"parent":0,"menu_order":0,"comment_status":"closed","ping_status":"closed","template":"","meta":{"_et_pb_use_builder":"on","_et_pb_old_content":"","_et_gb_content_width":"","footnotes":""},"class_list":["post-1152","page","type-page","status-publish","hentry"],"yoast_head":"<!-- This site is optimized with the Yoast SEO plugin v27.3 - https:\/\/yoast.com\/product\/yoast-seo-wordpress\/ -->\n<title>Bajor testv\u00e9rkapcsolat - Hajnal \u00d3voda - Sz\u00e9k\u00e1cs J\u00f3zsef Evang\u00e9likus \u00d3voda, \u00c1ltal\u00e1nos Iskola \u00e9s Gimn\u00e1zium<\/title>\n<meta name=\"robots\" content=\"index, follow, max-snippet:-1, max-image-preview:large, max-video-preview:-1\" \/>\n<link rel=\"canonical\" href=\"https:\/\/szekacs.lutheran.hu\/ovoda\/?page_id=1152\" \/>\n<meta property=\"og:locale\" content=\"hu_HU\" \/>\n<meta property=\"og:type\" content=\"article\" \/>\n<meta property=\"og:title\" content=\"Bajor testv\u00e9rkapcsolat - Hajnal \u00d3voda - Sz\u00e9k\u00e1cs J\u00f3zsef Evang\u00e9likus \u00d3voda, \u00c1ltal\u00e1nos Iskola \u00e9s Gimn\u00e1zium\" \/>\n<meta property=\"og:description\" content=\"BAJOR TESTV\u00c9RKAPCSOLATA Magyarorsz\u00e1gi Evang\u00e9likus Egyh\u00e1z \u00e9s a Bajor Tartom\u00e1nyi Evang\u00e9likus Egyh\u00e1z partnerkapcsolat\u00e1nak k\u00f6sz\u00f6nhet\u0151en sz\u00e1mos magyar \u00e9s bajor \u00f3voda, iskola \u00e9s gy\u00fclekezet k\u00f6z\u00f6tt alakult ki partneri egy\u00fcttm\u0171k\u00f6d\u00e9s. \u00d3vod\u00e1nk 2003. \u00f3ta \u00e1pol testv\u00e9rkapcsolatot az Ortenburgi Evang\u00e9likus \u00d3vod\u00e1val. Az \u00f3vod\u00e1k k\u00f6z\u00f6tti kapcsolattart\u00e1st, szakmai tapasztalatcser\u00e9t az orsz\u00e1gos egyh\u00e1zak \u00e1ltal koordin\u00e1lt, \u00e9vente megrendez\u00e9sre ker\u00fcl\u0151 bajor-magyar \u00f3vodai tal\u00e1lkoz\u00f3 \u00e9s tov\u00e1bbk\u00e9pz\u00e9s seg\u00edti. [&hellip;]\" \/>\n<meta property=\"og:url\" content=\"https:\/\/szekacs.lutheran.hu\/ovoda\/?page_id=1152\" \/>\n<meta property=\"og:site_name\" content=\"Hajnal \u00d3voda - Sz\u00e9k\u00e1cs J\u00f3zsef Evang\u00e9likus \u00d3voda, \u00c1ltal\u00e1nos Iskola \u00e9s Gimn\u00e1zium\" \/>\n<meta property=\"article:publisher\" content=\"https:\/\/www.facebook.com\/hajnal.ovoda.oroshaza\" \/>\n<meta property=\"article:modified_time\" content=\"2024-03-01T13:45:26+00:00\" \/>\n<meta property=\"og:image\" content=\"https:\/\/szekacs.lutheran.hu\/ovoda\/wp-content\/uploads\/2024\/02\/Ovi-logo-2024-hatter-nelkul-45x40-1.png\" \/>\n<meta name=\"twitter:card\" content=\"summary_large_image\" \/>\n<meta name=\"twitter:label1\" content=\"Becs\u00fclt olvas\u00e1si id\u0151\" \/>\n\t<meta name=\"twitter:data1\" content=\"2 perc\" \/>\n<script type=\"application\/ld+json\" class=\"yoast-schema-graph\">{\"@context\":\"https:\\\/\\\/schema.org\",\"@graph\":[{\"@type\":\"WebPage\",\"@id\":\"https:\\\/\\\/szekacs.lutheran.hu\\\/ovoda\\\/?page_id=1152\",\"url\":\"https:\\\/\\\/szekacs.lutheran.hu\\\/ovoda\\\/?page_id=1152\",\"name\":\"Bajor testv\u00e9rkapcsolat - Hajnal \u00d3voda - Sz\u00e9k\u00e1cs J\u00f3zsef Evang\u00e9likus \u00d3voda, \u00c1ltal\u00e1nos Iskola \u00e9s Gimn\u00e1zium\",\"isPartOf\":{\"@id\":\"https:\\\/\\\/szekacs.lutheran.hu\\\/ovoda\\\/#website\"},\"primaryImageOfPage\":{\"@id\":\"https:\\\/\\\/szekacs.lutheran.hu\\\/ovoda\\\/?page_id=1152#primaryimage\"},\"image\":{\"@id\":\"https:\\\/\\\/szekacs.lutheran.hu\\\/ovoda\\\/?page_id=1152#primaryimage\"},\"thumbnailUrl\":\"https:\\\/\\\/szekacs.lutheran.hu\\\/ovoda\\\/wp-content\\\/uploads\\\/2024\\\/02\\\/Ovi-logo-2024-hatter-nelkul-45x40-1.png\",\"datePublished\":\"2024-02-19T16:40:34+00:00\",\"dateModified\":\"2024-03-01T13:45:26+00:00\",\"breadcrumb\":{\"@id\":\"https:\\\/\\\/szekacs.lutheran.hu\\\/ovoda\\\/?page_id=1152#breadcrumb\"},\"inLanguage\":\"hu\",\"potentialAction\":[{\"@type\":\"ReadAction\",\"target\":[\"https:\\\/\\\/szekacs.lutheran.hu\\\/ovoda\\\/?page_id=1152\"]}]},{\"@type\":\"ImageObject\",\"inLanguage\":\"hu\",\"@id\":\"https:\\\/\\\/szekacs.lutheran.hu\\\/ovoda\\\/?page_id=1152#primaryimage\",\"url\":\"https:\\\/\\\/szekacs.lutheran.hu\\\/ovoda\\\/wp-content\\\/uploads\\\/2024\\\/02\\\/Ovi-logo-2024-hatter-nelkul-45x40-1.png\",\"contentUrl\":\"https:\\\/\\\/szekacs.lutheran.hu\\\/ovoda\\\/wp-content\\\/uploads\\\/2024\\\/02\\\/Ovi-logo-2024-hatter-nelkul-45x40-1.png\",\"width\":45,\"height\":40},{\"@type\":\"BreadcrumbList\",\"@id\":\"https:\\\/\\\/szekacs.lutheran.hu\\\/ovoda\\\/?page_id=1152#breadcrumb\",\"itemListElement\":[{\"@type\":\"ListItem\",\"position\":1,\"name\":\"Kezd\u0151lap\",\"item\":\"https:\\\/\\\/szekacs.lutheran.hu\\\/ovoda\\\/\"},{\"@type\":\"ListItem\",\"position\":2,\"name\":\"Bajor testv\u00e9rkapcsolat\"}]},{\"@type\":\"WebSite\",\"@id\":\"https:\\\/\\\/szekacs.lutheran.hu\\\/ovoda\\\/#website\",\"url\":\"https:\\\/\\\/szekacs.lutheran.hu\\\/ovoda\\\/\",\"name\":\"Hajnal \u00d3voda - Sz\u00e9k\u00e1cs J\u00f3zsef Evang\u00e9likus \u00d3voda, \u00c1ltal\u00e1nos Iskola \u00e9s Gimn\u00e1zium\",\"description\":\"\",\"publisher\":{\"@id\":\"https:\\\/\\\/szekacs.lutheran.hu\\\/ovoda\\\/#organization\"},\"potentialAction\":[{\"@type\":\"SearchAction\",\"target\":{\"@type\":\"EntryPoint\",\"urlTemplate\":\"https:\\\/\\\/szekacs.lutheran.hu\\\/ovoda\\\/?s={search_term_string}\"},\"query-input\":{\"@type\":\"PropertyValueSpecification\",\"valueRequired\":true,\"valueName\":\"search_term_string\"}}],\"inLanguage\":\"hu\"},{\"@type\":\"Organization\",\"@id\":\"https:\\\/\\\/szekacs.lutheran.hu\\\/ovoda\\\/#organization\",\"name\":\"Hajnal \u00d3voda - Sz\u00e9k\u00e1cs J\u00f3zsef Evang\u00e9likus \u00d3voda, \u00c1ltal\u00e1nos Iskola \u00e9s Gimn\u00e1zium\",\"url\":\"https:\\\/\\\/szekacs.lutheran.hu\\\/ovoda\\\/\",\"logo\":{\"@type\":\"ImageObject\",\"inLanguage\":\"hu\",\"@id\":\"https:\\\/\\\/szekacs.lutheran.hu\\\/ovoda\\\/#\\\/schema\\\/logo\\\/image\\\/\",\"url\":\"https:\\\/\\\/szekacs.lutheran.hu\\\/ovoda\\\/wp-content\\\/uploads\\\/2024\\\/01\\\/Emblema.jpg\",\"contentUrl\":\"https:\\\/\\\/szekacs.lutheran.hu\\\/ovoda\\\/wp-content\\\/uploads\\\/2024\\\/01\\\/Emblema.jpg\",\"width\":2366,\"height\":2084,\"caption\":\"Hajnal \u00d3voda - Sz\u00e9k\u00e1cs J\u00f3zsef Evang\u00e9likus \u00d3voda, \u00c1ltal\u00e1nos Iskola \u00e9s Gimn\u00e1zium\"},\"image\":{\"@id\":\"https:\\\/\\\/szekacs.lutheran.hu\\\/ovoda\\\/#\\\/schema\\\/logo\\\/image\\\/\"},\"sameAs\":[\"https:\\\/\\\/www.facebook.com\\\/hajnal.ovoda.oroshaza\"]}]}<\/script>\n<!-- \/ Yoast SEO plugin. -->","yoast_head_json":{"title":"Bajor testv\u00e9rkapcsolat - Hajnal \u00d3voda - Sz\u00e9k\u00e1cs J\u00f3zsef Evang\u00e9likus \u00d3voda, \u00c1ltal\u00e1nos Iskola \u00e9s Gimn\u00e1zium","robots":{"index":"index","follow":"follow","max-snippet":"max-snippet:-1","max-image-preview":"max-image-preview:large","max-video-preview":"max-video-preview:-1"},"canonical":"https:\/\/szekacs.lutheran.hu\/ovoda\/?page_id=1152","og_locale":"hu_HU","og_type":"article","og_title":"Bajor testv\u00e9rkapcsolat - Hajnal \u00d3voda - Sz\u00e9k\u00e1cs J\u00f3zsef Evang\u00e9likus \u00d3voda, \u00c1ltal\u00e1nos Iskola \u00e9s Gimn\u00e1zium","og_description":"BAJOR TESTV\u00c9RKAPCSOLATA Magyarorsz\u00e1gi Evang\u00e9likus Egyh\u00e1z \u00e9s a Bajor Tartom\u00e1nyi Evang\u00e9likus Egyh\u00e1z partnerkapcsolat\u00e1nak k\u00f6sz\u00f6nhet\u0151en sz\u00e1mos magyar \u00e9s bajor \u00f3voda, iskola \u00e9s gy\u00fclekezet k\u00f6z\u00f6tt alakult ki partneri egy\u00fcttm\u0171k\u00f6d\u00e9s. \u00d3vod\u00e1nk 2003. \u00f3ta \u00e1pol testv\u00e9rkapcsolatot az Ortenburgi Evang\u00e9likus \u00d3vod\u00e1val. Az \u00f3vod\u00e1k k\u00f6z\u00f6tti kapcsolattart\u00e1st, szakmai tapasztalatcser\u00e9t az orsz\u00e1gos egyh\u00e1zak \u00e1ltal koordin\u00e1lt, \u00e9vente megrendez\u00e9sre ker\u00fcl\u0151 bajor-magyar \u00f3vodai tal\u00e1lkoz\u00f3 \u00e9s tov\u00e1bbk\u00e9pz\u00e9s seg\u00edti. [&hellip;]","og_url":"https:\/\/szekacs.lutheran.hu\/ovoda\/?page_id=1152","og_site_name":"Hajnal \u00d3voda - Sz\u00e9k\u00e1cs J\u00f3zsef Evang\u00e9likus \u00d3voda, \u00c1ltal\u00e1nos Iskola \u00e9s Gimn\u00e1zium","article_publisher":"https:\/\/www.facebook.com\/hajnal.ovoda.oroshaza","article_modified_time":"2024-03-01T13:45:26+00:00","og_image":[{"url":"https:\/\/szekacs.lutheran.hu\/ovoda\/wp-content\/uploads\/2024\/02\/Ovi-logo-2024-hatter-nelkul-45x40-1.png","type":"","width":"","height":""}],"twitter_card":"summary_large_image","twitter_misc":{"Becs\u00fclt olvas\u00e1si id\u0151":"2 perc"},"schema":{"@context":"https:\/\/schema.org","@graph":[{"@type":"WebPage","@id":"https:\/\/szekacs.lutheran.hu\/ovoda\/?page_id=1152","url":"https:\/\/szekacs.lutheran.hu\/ovoda\/?page_id=1152","name":"Bajor testv\u00e9rkapcsolat - Hajnal \u00d3voda - Sz\u00e9k\u00e1cs J\u00f3zsef Evang\u00e9likus \u00d3voda, \u00c1ltal\u00e1nos Iskola \u00e9s Gimn\u00e1zium","isPartOf":{"@id":"https:\/\/szekacs.lutheran.hu\/ovoda\/#website"},"primaryImageOfPage":{"@id":"https:\/\/szekacs.lutheran.hu\/ovoda\/?page_id=1152#primaryimage"},"image":{"@id":"https:\/\/szekacs.lutheran.hu\/ovoda\/?page_id=1152#primaryimage"},"thumbnailUrl":"https:\/\/szekacs.lutheran.hu\/ovoda\/wp-content\/uploads\/2024\/02\/Ovi-logo-2024-hatter-nelkul-45x40-1.png","datePublished":"2024-02-19T16:40:34+00:00","dateModified":"2024-03-01T13:45:26+00:00","breadcrumb":{"@id":"https:\/\/szekacs.lutheran.hu\/ovoda\/?page_id=1152#breadcrumb"},"inLanguage":"hu","potentialAction":[{"@type":"ReadAction","target":["https:\/\/szekacs.lutheran.hu\/ovoda\/?page_id=1152"]}]},{"@type":"ImageObject","inLanguage":"hu","@id":"https:\/\/szekacs.lutheran.hu\/ovoda\/?page_id=1152#primaryimage","url":"https:\/\/szekacs.lutheran.hu\/ovoda\/wp-content\/uploads\/2024\/02\/Ovi-logo-2024-hatter-nelkul-45x40-1.png","contentUrl":"https:\/\/szekacs.lutheran.hu\/ovoda\/wp-content\/uploads\/2024\/02\/Ovi-logo-2024-hatter-nelkul-45x40-1.png","width":45,"height":40},{"@type":"BreadcrumbList","@id":"https:\/\/szekacs.lutheran.hu\/ovoda\/?page_id=1152#breadcrumb","itemListElement":[{"@type":"ListItem","position":1,"name":"Kezd\u0151lap","item":"https:\/\/szekacs.lutheran.hu\/ovoda\/"},{"@type":"ListItem","position":2,"name":"Bajor testv\u00e9rkapcsolat"}]},{"@type":"WebSite","@id":"https:\/\/szekacs.lutheran.hu\/ovoda\/#website","url":"https:\/\/szekacs.lutheran.hu\/ovoda\/","name":"Hajnal \u00d3voda - Sz\u00e9k\u00e1cs J\u00f3zsef Evang\u00e9likus \u00d3voda, \u00c1ltal\u00e1nos Iskola \u00e9s Gimn\u00e1zium","description":"","publisher":{"@id":"https:\/\/szekacs.lutheran.hu\/ovoda\/#organization"},"potentialAction":[{"@type":"SearchAction","target":{"@type":"EntryPoint","urlTemplate":"https:\/\/szekacs.lutheran.hu\/ovoda\/?s={search_term_string}"},"query-input":{"@type":"PropertyValueSpecification","valueRequired":true,"valueName":"search_term_string"}}],"inLanguage":"hu"},{"@type":"Organization","@id":"https:\/\/szekacs.lutheran.hu\/ovoda\/#organization","name":"Hajnal \u00d3voda - Sz\u00e9k\u00e1cs J\u00f3zsef Evang\u00e9likus \u00d3voda, \u00c1ltal\u00e1nos Iskola \u00e9s Gimn\u00e1zium","url":"https:\/\/szekacs.lutheran.hu\/ovoda\/","logo":{"@type":"ImageObject","inLanguage":"hu","@id":"https:\/\/szekacs.lutheran.hu\/ovoda\/#\/schema\/logo\/image\/","url":"https:\/\/szekacs.lutheran.hu\/ovoda\/wp-content\/uploads\/2024\/01\/Emblema.jpg","contentUrl":"https:\/\/szekacs.lutheran.hu\/ovoda\/wp-content\/uploads\/2024\/01\/Emblema.jpg","width":2366,"height":2084,"caption":"Hajnal \u00d3voda - Sz\u00e9k\u00e1cs J\u00f3zsef Evang\u00e9likus \u00d3voda, \u00c1ltal\u00e1nos Iskola \u00e9s Gimn\u00e1zium"},"image":{"@id":"https:\/\/szekacs.lutheran.hu\/ovoda\/#\/schema\/logo\/image\/"},"sameAs":["https:\/\/www.facebook.com\/hajnal.ovoda.oroshaza"]}]}},"_links":{"self":[{"href":"https:\/\/szekacs.lutheran.hu\/ovoda\/index.php?rest_route=\/wp\/v2\/pages\/1152","targetHints":{"allow":["GET"]}}],"collection":[{"href":"https:\/\/szekacs.lutheran.hu\/ovoda\/index.php?rest_route=\/wp\/v2\/pages"}],"about":[{"href":"https:\/\/szekacs.lutheran.hu\/ovoda\/index.php?rest_route=\/wp\/v2\/types\/page"}],"author":[{"embeddable":true,"href":"https:\/\/szekacs.lutheran.hu\/ovoda\/index.php?rest_route=\/wp\/v2\/users\/1"}],"replies":[{"embeddable":true,"href":"https:\/\/szekacs.lutheran.hu\/ovoda\/index.php?rest_route=%2Fwp%2Fv2%2Fcomments&post=1152"}],"version-history":[{"count":11,"href":"https:\/\/szekacs.lutheran.hu\/ovoda\/index.php?rest_route=\/wp\/v2\/pages\/1152\/revisions"}],"predecessor-version":[{"id":1363,"href":"https:\/\/szekacs.lutheran.hu\/ovoda\/index.php?rest_route=\/wp\/v2\/pages\/1152\/revisions\/1363"}],"wp:attachment":[{"href":"https:\/\/szekacs.lutheran.hu\/ovoda\/index.php?rest_route=%2Fwp%2Fv2%2Fmedia&parent=1152"}],"curies":[{"name":"wp","href":"https:\/\/api.w.org\/{rel}","templated":true}]}}