{"id":110,"date":"2024-01-26T17:21:09","date_gmt":"2024-01-26T16:21:09","guid":{"rendered":"https:\/\/szekacs.lutheran.hu\/ovoda\/?page_id=110"},"modified":"2025-09-30T16:27:07","modified_gmt":"2025-09-30T14:27:07","slug":"koszonto","status":"publish","type":"page","link":"https:\/\/szekacs.lutheran.hu\/ovoda\/?page_id=110","title":{"rendered":"K\u00f6sz\u00f6nt\u0151"},"content":{"rendered":"<p>[et_pb_section fb_built=&#8221;1&#8243; _builder_version=&#8221;4.24.0&#8243; _module_preset=&#8221;default&#8221; background_color=&#8221;#fffaad&#8221; top_divider_style=&#8221;waves2&#8243; top_divider_color=&#8221;#DF946A&#8221; top_divider_flip=&#8221;vertical&#8221; bottom_divider_style=&#8221;waves2&#8243; bottom_divider_color=&#8221;#DF8B57&#8243; bottom_divider_flip=&#8221;vertical&#8221; global_colors_info=&#8221;{}&#8221;][et_pb_row column_structure=&#8221;1_3,2_3&#8243; _builder_version=&#8221;4.24.0&#8243; _module_preset=&#8221;default&#8221; min_height=&#8221;1079.5px&#8221; custom_margin=&#8221;26px||26px||true|false&#8221; global_colors_info=&#8221;{}&#8221;][et_pb_column type=&#8221;1_3&#8243; _builder_version=&#8221;4.16&#8243; _module_preset=&#8221;default&#8221; global_colors_info=&#8221;{}&#8221;][et_pb_text content_tablet=&#8221;<\/p>\n<h2 style=%22text-align: center;%22><strong><img src=%22https:\/\/szekacs.lutheran.hu\/ovoda\/wp-content\/uploads\/2024\/02\/Ovi-logo-2024-hatter-nelkul-45x40-1.png%22 width=%2245%22 height=%2240%22 alt=%22%22 class=%22wp-image-390 alignnone size-full%22 \/>  \u00d3VODAVEZET\u0150I K\u00d6SZ\u00d6NT\u0150<\/strong><\/h2>\n<p>&#8221; content_phone=&#8221;<\/p>\n<h2 style=%22text-align: center;%22><strong><img src=%22https:\/\/szekacs.lutheran.hu\/ovoda\/wp-content\/uploads\/2024\/02\/Ovi-logo-2024-hatter-nelkul-45x40-1.png%22 width=%2245%22 height=%2240%22 alt=%22%22 class=%22wp-image-390 alignnone size-full%22 \/>  \u00d3VODAVEZET\u0150I K\u00d6SZ\u00d6NT\u0150<\/strong><\/h2>\n<p>&#8221; content_last_edited=&#8221;on|phone&#8221; _builder_version=&#8221;4.27.4&#8243; _module_preset=&#8221;default&#8221; text_font=&#8221;Alegreya||||||||&#8221; text_text_color=&#8221;#4f1a0d&#8221; text_font_size=&#8221;18px&#8221; header_2_font=&#8221;Amatic SC|700|||||||&#8221; header_2_text_color=&#8221;#7c1800&#8243; header_2_font_size=&#8221;28px&#8221; hover_enabled=&#8221;0&#8243; global_colors_info=&#8221;{}&#8221; sticky_enabled=&#8221;0&#8243;]<\/p>\n<h2 style=\"text-align: left;\"><strong><img loading=\"lazy\" decoding=\"async\" src=\"https:\/\/szekacs.lutheran.hu\/ovoda\/wp-content\/uploads\/2024\/02\/Ovi-logo-2024-hatter-nelkul-45x40-1.png\" width=\"45\" height=\"40\" alt=\"\" class=\"wp-image-390 alignnone size-full\" \/>\u00a0 \u00a0\u00d3VODAVEZET\u0150I K\u00d6SZ\u00d6NT\u0150<\/strong><\/h2>\n<p>[\/et_pb_text][et_pb_image src=&#8221;https:\/\/szekacs.lutheran.hu\/ovoda\/wp-content\/uploads\/2025\/09\/VajerTimea.jpg&#8221; _builder_version=&#8221;4.27.4&#8243; _module_preset=&#8221;default&#8221; title_text=&#8221;VajerTimea&#8221; hover_enabled=&#8221;0&#8243; sticky_enabled=&#8221;0&#8243; align=&#8221;center&#8221; border_radii=&#8221;on|10px|10px|10px|10px&#8221;][\/et_pb_image][\/et_pb_column][et_pb_column type=&#8221;2_3&#8243; _builder_version=&#8221;4.16&#8243; _module_preset=&#8221;default&#8221; global_colors_info=&#8221;{}&#8221;][et_pb_text content_tablet=&#8221;<\/p>\n<div>\n<p style=%22text-align: center;%22>Er\u0151s v\u00e1r a mi Isten\u00fcnk!<\/p>\n<\/div>\n<p>&#8221; content_phone=&#8221;<\/p>\n<div>\n<p style=%22text-align: center;%22>Er\u0151s v\u00e1r a mi Isten\u00fcnk!<\/p>\n<\/div>\n<p>&#8221; content_last_edited=&#8221;on|phone&#8221; _builder_version=&#8221;4.24.0&#8243; _module_preset=&#8221;default&#8221; text_font=&#8221;Dancing Script||||||||&#8221; text_text_color=&#8221;#7C1800&#8243; text_font_size=&#8221;30px&#8221; custom_padding=&#8221;36px||||false|false&#8221; global_colors_info=&#8221;{}&#8221;]<\/p>\n<div style=\"text-align: left;\">\n<p>Er\u0151s v\u00e1r a mi Isten\u00fcnk!<\/p>\n<\/div>\n<p>[\/et_pb_text][et_pb_text _builder_version=&#8221;4.24.0&#8243; _module_preset=&#8221;default&#8221; text_font=&#8221;Mulish||||||||&#8221; text_text_color=&#8221;#7C1800&#8243; text_font_size=&#8221;17px&#8221; text_line_height=&#8221;1.8em&#8221; custom_padding=&#8221;8px||||false|false&#8221; global_colors_info=&#8221;{}&#8221;]<\/p>\n<p>Szeretettel k\u00f6sz\u00f6nt\u00f6m a Kedves \u00c9rdekl\u0151d\u0151ket \u00f3vod\u00e1nk honlapj\u00e1n!<\/p>\n<p style=\"text-align: justify;\">Weboldalunkon az idel\u00e1togat\u00f3k sz\u00e1m\u00e1ra szeretn\u00e9nk bemutatni int\u00e9zm\u00e9ny\u00fcnket, t\u00e1rgyi k\u00f6rnyezet\u00fcnket, nevel\u0151munk\u00e1nkat \u00e9s nevel\u0151k\u00f6z\u00f6ss\u00e9g\u00fcnket.<\/p>\n<p style=\"text-align: justify;\"><em><strong>\u201eBizony, az \u00dar aj\u00e1nd\u00e9ka a gyermek, az anyam\u00e9h gy\u00fcm\u00f6lcse jutalom.\u201d (Zsolt 127,3)<\/strong><\/em><\/p>\n<p style=\"text-align: justify;\">Kisgyermekeinkre Isten aj\u00e1nd\u00e9kak\u00e9nt tekint\u00fcnk, \u00e9s e r\u00e1nk b\u00edzott kincseket Isten el\u0151tti felel\u0151ss\u00e9ggel, hitbeli meggy\u0151z\u0151d\u00e9ssel \u00e9s korszer\u0171, sz\u00ednvonalas pedag\u00f3giai munk\u00e1val nevelj\u00fck. Minden gyermek m\u00e1s, egyedi \u00e9rt\u00e9k, ez\u00e9rt \u00f6nmagukhoz m\u00e9rt fejl\u0151d\u00e9s\u00fck alapj\u00e1n, egy\u00e9ni b\u00e1n\u00e1sm\u00f3ddal seg\u00edtj\u00fck k\u00e9szs\u00e9geik, k\u00e9pess\u00e9geik fejl\u0151d\u00e9s\u00e9t \u00e9s szem\u00e9lyis\u00e9g\u00fck, pozit\u00edv \u00e9nk\u00e9p\u00fck kibontakoz\u00e1s\u00e1t.<\/p>\n<p style=\"text-align: justify;\">A kereszt\u00e9ny pedag\u00f3gia alapjaira \u00e9p\u00fcl\u0151, tev\u00e9kenys\u00e9gk\u00f6zpont\u00fa nevel\u0151munk\u00e1nk sor\u00e1n sok sz\u00ednes esem\u00e9ny, v\u00e1ltozatos rendezv\u00e9nyek, a sz\u00fcl\u0151k sz\u00e1m\u00e1ra l\u00e1togathat\u00f3 ny\u00edlt napok, \u00fcnnep\u00e9lyek tark\u00edtj\u00e1k a nevel\u00e9si \u00e9vet, a mindennapokban pedig tartalmas nevel\u0151munka, \u00e9p\u00edt\u0151 jelleg\u0171 benyom\u00e1sok, a tapasztalatokra \u00e9p\u00fcl\u0151 j\u00e1t\u00e9kos tanul\u00e1s seg\u00edtik a gyermekek testi, lelki \u00e9s \u00e9rtelmi fejl\u0151d\u00e9s\u00e9t.<\/p>\n<p style=\"text-align: justify;\">Kisgyermekeink nevel\u00e9s\u00e9t az \u00f3voda \u00e9s a csal\u00e1d \u00f6sszehangolt, k\u00f6z\u00f6s feladat\u00e1nak tekintj\u00fck, a sz\u00fcl\u0151kkel val\u00f3 folyamatos kapcsolattart\u00e1sra, egym\u00e1st seg\u00edt\u0151 egy\u00fcttm\u0171k\u00f6d\u00e9sre t\u00f6reksz\u00fcnk, ez\u00e1ltal lesz teljes k\u00f6z\u00f6s k\u00fcldet\u00e9s\u00fcnk.<\/p>\n<p style=\"text-align: justify;\">L\u00e1togat\u00f3inknak k\u00f6sz\u00f6nj\u00fck az \u00f3vod\u00e1nk ir\u00e1nti \u00e9rdekl\u0151d\u00e9s\u00e9t, a honlapunkra szentelt figyelm\u00e9t! Szeretettel v\u00e1rjuk \u00d6n\u00f6ket \u00f3vod\u00e1nkban, ismerjenek meg minket szem\u00e9lyesen is!<\/p>\n<p style=\"text-align: justify;\">J\u00e9zus mondja: <em><strong>\u201eEngedj\u00e9tek hozz\u00e1m j\u00f6nni a kisgyermekeket, \u00e9s ne tilts\u00e1tok el t\u0151lem \u0151ket, mert ilyenek\u00e9 az Isten orsz\u00e1ga.\u201d (Mk 10,14)<\/strong><\/em><\/p>\n<p>\u00dcdv\u00f6zlettel, \u00e1ld\u00e1sk\u00edv\u00e1n\u00e1ssal:<\/p>\n<p>[\/et_pb_text][et_pb_text _builder_version=&#8221;4.24.0&#8243; _module_preset=&#8221;default&#8221; text_font=&#8221;Mulish||||||||&#8221; text_text_color=&#8221;#7C1800&#8243; text_font_size=&#8221;17px&#8221; header_3_font=&#8221;Dancing Script||||||||&#8221; header_3_text_color=&#8221;#7C1800&#8243; header_3_font_size=&#8221;26px&#8221; global_colors_info=&#8221;{}&#8221;]<\/p>\n<h3>Vajer T\u00edmea<\/h3>\n<p>\u00f3vodavezet\u0151<\/p>\n<p>[\/et_pb_text][et_pb_text _builder_version=&#8221;4.16&#8243; _module_preset=&#8221;default&#8221; text_font=&#8221;Alegreya||||||||&#8221; text_text_color=&#8221;#4f1a0d&#8221; text_font_size=&#8221;18px&#8221; global_colors_info=&#8221;{}&#8221;][\/et_pb_text][\/et_pb_column][\/et_pb_row][\/et_pb_section]<\/p>\n","protected":false},"excerpt":{"rendered":"<p>\u00a0 \u00a0\u00d3VODAVEZET\u0150I K\u00d6SZ\u00d6NT\u0150 Er\u0151s v\u00e1r a mi Isten\u00fcnk! Szeretettel k\u00f6sz\u00f6nt\u00f6m a Kedves \u00c9rdekl\u0151d\u0151ket \u00f3vod\u00e1nk honlapj\u00e1n! Weboldalunkon az idel\u00e1togat\u00f3k sz\u00e1m\u00e1ra szeretn\u00e9nk bemutatni int\u00e9zm\u00e9ny\u00fcnket, t\u00e1rgyi k\u00f6rnyezet\u00fcnket, nevel\u0151munk\u00e1nkat \u00e9s nevel\u0151k\u00f6z\u00f6ss\u00e9g\u00fcnket. \u201eBizony, az \u00dar aj\u00e1nd\u00e9ka a gyermek, az anyam\u00e9h gy\u00fcm\u00f6lcse jutalom.\u201d (Zsolt 127,3) Kisgyermekeinkre Isten aj\u00e1nd\u00e9kak\u00e9nt tekint\u00fcnk, \u00e9s e r\u00e1nk b\u00edzott kincseket Isten el\u0151tti felel\u0151ss\u00e9ggel, hitbeli meggy\u0151z\u0151d\u00e9ssel \u00e9s korszer\u0171, [&hellip;]<\/p>\n","protected":false},"author":1,"featured_media":0,"parent":0,"menu_order":0,"comment_status":"closed","ping_status":"closed","template":"","meta":{"_et_pb_use_builder":"on","_et_pb_old_content":"","_et_gb_content_width":"","footnotes":""},"class_list":["post-110","page","type-page","status-publish","hentry"],"yoast_head":"<!-- This site is optimized with the Yoast SEO plugin v27.3 - https:\/\/yoast.com\/product\/yoast-seo-wordpress\/ -->\n<title>K\u00f6sz\u00f6nt\u0151 - Hajnal \u00d3voda - Sz\u00e9k\u00e1cs J\u00f3zsef Evang\u00e9likus \u00d3voda, \u00c1ltal\u00e1nos Iskola \u00e9s Gimn\u00e1zium<\/title>\n<meta name=\"robots\" content=\"index, follow, max-snippet:-1, max-image-preview:large, max-video-preview:-1\" \/>\n<link rel=\"canonical\" href=\"https:\/\/szekacs.lutheran.hu\/ovoda\/?page_id=110\" \/>\n<meta property=\"og:locale\" content=\"hu_HU\" \/>\n<meta property=\"og:type\" content=\"article\" \/>\n<meta property=\"og:title\" content=\"K\u00f6sz\u00f6nt\u0151 - Hajnal \u00d3voda - Sz\u00e9k\u00e1cs J\u00f3zsef Evang\u00e9likus \u00d3voda, \u00c1ltal\u00e1nos Iskola \u00e9s Gimn\u00e1zium\" \/>\n<meta property=\"og:description\" content=\"\u00a0 \u00a0\u00d3VODAVEZET\u0150I K\u00d6SZ\u00d6NT\u0150 Er\u0151s v\u00e1r a mi Isten\u00fcnk! Szeretettel k\u00f6sz\u00f6nt\u00f6m a Kedves \u00c9rdekl\u0151d\u0151ket \u00f3vod\u00e1nk honlapj\u00e1n! Weboldalunkon az idel\u00e1togat\u00f3k sz\u00e1m\u00e1ra szeretn\u00e9nk bemutatni int\u00e9zm\u00e9ny\u00fcnket, t\u00e1rgyi k\u00f6rnyezet\u00fcnket, nevel\u0151munk\u00e1nkat \u00e9s nevel\u0151k\u00f6z\u00f6ss\u00e9g\u00fcnket. \u201eBizony, az \u00dar aj\u00e1nd\u00e9ka a gyermek, az anyam\u00e9h gy\u00fcm\u00f6lcse jutalom.\u201d (Zsolt 127,3) Kisgyermekeinkre Isten aj\u00e1nd\u00e9kak\u00e9nt tekint\u00fcnk, \u00e9s e r\u00e1nk b\u00edzott kincseket Isten el\u0151tti felel\u0151ss\u00e9ggel, hitbeli meggy\u0151z\u0151d\u00e9ssel \u00e9s korszer\u0171, [&hellip;]\" \/>\n<meta property=\"og:url\" content=\"https:\/\/szekacs.lutheran.hu\/ovoda\/?page_id=110\" \/>\n<meta property=\"og:site_name\" content=\"Hajnal \u00d3voda - Sz\u00e9k\u00e1cs J\u00f3zsef Evang\u00e9likus \u00d3voda, \u00c1ltal\u00e1nos Iskola \u00e9s Gimn\u00e1zium\" \/>\n<meta property=\"article:publisher\" content=\"https:\/\/www.facebook.com\/hajnal.ovoda.oroshaza\" \/>\n<meta property=\"article:modified_time\" content=\"2025-09-30T14:27:07+00:00\" \/>\n<meta property=\"og:image\" content=\"https:\/\/szekacs.lutheran.hu\/ovoda\/wp-content\/uploads\/2024\/02\/Ovi-logo-2024-hatter-nelkul-45x40-1.png\" \/>\n\t<meta property=\"og:image:width\" content=\"45\" \/>\n\t<meta property=\"og:image:height\" content=\"40\" \/>\n\t<meta property=\"og:image:type\" content=\"image\/png\" \/>\n<meta name=\"twitter:card\" content=\"summary_large_image\" \/>\n<meta name=\"twitter:label1\" content=\"Becs\u00fclt olvas\u00e1si id\u0151\" \/>\n\t<meta name=\"twitter:data1\" content=\"2 perc\" \/>\n<script type=\"application\/ld+json\" class=\"yoast-schema-graph\">{\"@context\":\"https:\\\/\\\/schema.org\",\"@graph\":[{\"@type\":\"WebPage\",\"@id\":\"https:\\\/\\\/szekacs.lutheran.hu\\\/ovoda\\\/?page_id=110\",\"url\":\"https:\\\/\\\/szekacs.lutheran.hu\\\/ovoda\\\/?page_id=110\",\"name\":\"K\u00f6sz\u00f6nt\u0151 - Hajnal \u00d3voda - Sz\u00e9k\u00e1cs J\u00f3zsef Evang\u00e9likus \u00d3voda, \u00c1ltal\u00e1nos Iskola \u00e9s Gimn\u00e1zium\",\"isPartOf\":{\"@id\":\"https:\\\/\\\/szekacs.lutheran.hu\\\/ovoda\\\/#website\"},\"primaryImageOfPage\":{\"@id\":\"https:\\\/\\\/szekacs.lutheran.hu\\\/ovoda\\\/?page_id=110#primaryimage\"},\"image\":{\"@id\":\"https:\\\/\\\/szekacs.lutheran.hu\\\/ovoda\\\/?page_id=110#primaryimage\"},\"thumbnailUrl\":\"https:\\\/\\\/szekacs.lutheran.hu\\\/ovoda\\\/wp-content\\\/uploads\\\/2024\\\/02\\\/Ovi-logo-2024-hatter-nelkul-45x40-1.png\",\"datePublished\":\"2024-01-26T16:21:09+00:00\",\"dateModified\":\"2025-09-30T14:27:07+00:00\",\"breadcrumb\":{\"@id\":\"https:\\\/\\\/szekacs.lutheran.hu\\\/ovoda\\\/?page_id=110#breadcrumb\"},\"inLanguage\":\"hu\",\"potentialAction\":[{\"@type\":\"ReadAction\",\"target\":[\"https:\\\/\\\/szekacs.lutheran.hu\\\/ovoda\\\/?page_id=110\"]}]},{\"@type\":\"ImageObject\",\"inLanguage\":\"hu\",\"@id\":\"https:\\\/\\\/szekacs.lutheran.hu\\\/ovoda\\\/?page_id=110#primaryimage\",\"url\":\"https:\\\/\\\/szekacs.lutheran.hu\\\/ovoda\\\/wp-content\\\/uploads\\\/2024\\\/02\\\/Ovi-logo-2024-hatter-nelkul-45x40-1.png\",\"contentUrl\":\"https:\\\/\\\/szekacs.lutheran.hu\\\/ovoda\\\/wp-content\\\/uploads\\\/2024\\\/02\\\/Ovi-logo-2024-hatter-nelkul-45x40-1.png\",\"width\":45,\"height\":40},{\"@type\":\"BreadcrumbList\",\"@id\":\"https:\\\/\\\/szekacs.lutheran.hu\\\/ovoda\\\/?page_id=110#breadcrumb\",\"itemListElement\":[{\"@type\":\"ListItem\",\"position\":1,\"name\":\"Kezd\u0151lap\",\"item\":\"https:\\\/\\\/szekacs.lutheran.hu\\\/ovoda\\\/\"},{\"@type\":\"ListItem\",\"position\":2,\"name\":\"K\u00f6sz\u00f6nt\u0151\"}]},{\"@type\":\"WebSite\",\"@id\":\"https:\\\/\\\/szekacs.lutheran.hu\\\/ovoda\\\/#website\",\"url\":\"https:\\\/\\\/szekacs.lutheran.hu\\\/ovoda\\\/\",\"name\":\"Hajnal \u00d3voda - Sz\u00e9k\u00e1cs J\u00f3zsef Evang\u00e9likus \u00d3voda, \u00c1ltal\u00e1nos Iskola \u00e9s Gimn\u00e1zium\",\"description\":\"\",\"publisher\":{\"@id\":\"https:\\\/\\\/szekacs.lutheran.hu\\\/ovoda\\\/#organization\"},\"potentialAction\":[{\"@type\":\"SearchAction\",\"target\":{\"@type\":\"EntryPoint\",\"urlTemplate\":\"https:\\\/\\\/szekacs.lutheran.hu\\\/ovoda\\\/?s={search_term_string}\"},\"query-input\":{\"@type\":\"PropertyValueSpecification\",\"valueRequired\":true,\"valueName\":\"search_term_string\"}}],\"inLanguage\":\"hu\"},{\"@type\":\"Organization\",\"@id\":\"https:\\\/\\\/szekacs.lutheran.hu\\\/ovoda\\\/#organization\",\"name\":\"Hajnal \u00d3voda - Sz\u00e9k\u00e1cs J\u00f3zsef Evang\u00e9likus \u00d3voda, \u00c1ltal\u00e1nos Iskola \u00e9s Gimn\u00e1zium\",\"url\":\"https:\\\/\\\/szekacs.lutheran.hu\\\/ovoda\\\/\",\"logo\":{\"@type\":\"ImageObject\",\"inLanguage\":\"hu\",\"@id\":\"https:\\\/\\\/szekacs.lutheran.hu\\\/ovoda\\\/#\\\/schema\\\/logo\\\/image\\\/\",\"url\":\"https:\\\/\\\/szekacs.lutheran.hu\\\/ovoda\\\/wp-content\\\/uploads\\\/2024\\\/01\\\/Emblema.jpg\",\"contentUrl\":\"https:\\\/\\\/szekacs.lutheran.hu\\\/ovoda\\\/wp-content\\\/uploads\\\/2024\\\/01\\\/Emblema.jpg\",\"width\":2366,\"height\":2084,\"caption\":\"Hajnal \u00d3voda - Sz\u00e9k\u00e1cs J\u00f3zsef Evang\u00e9likus \u00d3voda, \u00c1ltal\u00e1nos Iskola \u00e9s Gimn\u00e1zium\"},\"image\":{\"@id\":\"https:\\\/\\\/szekacs.lutheran.hu\\\/ovoda\\\/#\\\/schema\\\/logo\\\/image\\\/\"},\"sameAs\":[\"https:\\\/\\\/www.facebook.com\\\/hajnal.ovoda.oroshaza\"]}]}<\/script>\n<!-- \/ Yoast SEO plugin. -->","yoast_head_json":{"title":"K\u00f6sz\u00f6nt\u0151 - Hajnal \u00d3voda - Sz\u00e9k\u00e1cs J\u00f3zsef Evang\u00e9likus \u00d3voda, \u00c1ltal\u00e1nos Iskola \u00e9s Gimn\u00e1zium","robots":{"index":"index","follow":"follow","max-snippet":"max-snippet:-1","max-image-preview":"max-image-preview:large","max-video-preview":"max-video-preview:-1"},"canonical":"https:\/\/szekacs.lutheran.hu\/ovoda\/?page_id=110","og_locale":"hu_HU","og_type":"article","og_title":"K\u00f6sz\u00f6nt\u0151 - Hajnal \u00d3voda - Sz\u00e9k\u00e1cs J\u00f3zsef Evang\u00e9likus \u00d3voda, \u00c1ltal\u00e1nos Iskola \u00e9s Gimn\u00e1zium","og_description":"\u00a0 \u00a0\u00d3VODAVEZET\u0150I K\u00d6SZ\u00d6NT\u0150 Er\u0151s v\u00e1r a mi Isten\u00fcnk! Szeretettel k\u00f6sz\u00f6nt\u00f6m a Kedves \u00c9rdekl\u0151d\u0151ket \u00f3vod\u00e1nk honlapj\u00e1n! Weboldalunkon az idel\u00e1togat\u00f3k sz\u00e1m\u00e1ra szeretn\u00e9nk bemutatni int\u00e9zm\u00e9ny\u00fcnket, t\u00e1rgyi k\u00f6rnyezet\u00fcnket, nevel\u0151munk\u00e1nkat \u00e9s nevel\u0151k\u00f6z\u00f6ss\u00e9g\u00fcnket. \u201eBizony, az \u00dar aj\u00e1nd\u00e9ka a gyermek, az anyam\u00e9h gy\u00fcm\u00f6lcse jutalom.\u201d (Zsolt 127,3) Kisgyermekeinkre Isten aj\u00e1nd\u00e9kak\u00e9nt tekint\u00fcnk, \u00e9s e r\u00e1nk b\u00edzott kincseket Isten el\u0151tti felel\u0151ss\u00e9ggel, hitbeli meggy\u0151z\u0151d\u00e9ssel \u00e9s korszer\u0171, [&hellip;]","og_url":"https:\/\/szekacs.lutheran.hu\/ovoda\/?page_id=110","og_site_name":"Hajnal \u00d3voda - Sz\u00e9k\u00e1cs J\u00f3zsef Evang\u00e9likus \u00d3voda, \u00c1ltal\u00e1nos Iskola \u00e9s Gimn\u00e1zium","article_publisher":"https:\/\/www.facebook.com\/hajnal.ovoda.oroshaza","article_modified_time":"2025-09-30T14:27:07+00:00","og_image":[{"width":45,"height":40,"url":"https:\/\/szekacs.lutheran.hu\/ovoda\/wp-content\/uploads\/2024\/02\/Ovi-logo-2024-hatter-nelkul-45x40-1.png","type":"image\/png"}],"twitter_card":"summary_large_image","twitter_misc":{"Becs\u00fclt olvas\u00e1si id\u0151":"2 perc"},"schema":{"@context":"https:\/\/schema.org","@graph":[{"@type":"WebPage","@id":"https:\/\/szekacs.lutheran.hu\/ovoda\/?page_id=110","url":"https:\/\/szekacs.lutheran.hu\/ovoda\/?page_id=110","name":"K\u00f6sz\u00f6nt\u0151 - Hajnal \u00d3voda - Sz\u00e9k\u00e1cs J\u00f3zsef Evang\u00e9likus \u00d3voda, \u00c1ltal\u00e1nos Iskola \u00e9s Gimn\u00e1zium","isPartOf":{"@id":"https:\/\/szekacs.lutheran.hu\/ovoda\/#website"},"primaryImageOfPage":{"@id":"https:\/\/szekacs.lutheran.hu\/ovoda\/?page_id=110#primaryimage"},"image":{"@id":"https:\/\/szekacs.lutheran.hu\/ovoda\/?page_id=110#primaryimage"},"thumbnailUrl":"https:\/\/szekacs.lutheran.hu\/ovoda\/wp-content\/uploads\/2024\/02\/Ovi-logo-2024-hatter-nelkul-45x40-1.png","datePublished":"2024-01-26T16:21:09+00:00","dateModified":"2025-09-30T14:27:07+00:00","breadcrumb":{"@id":"https:\/\/szekacs.lutheran.hu\/ovoda\/?page_id=110#breadcrumb"},"inLanguage":"hu","potentialAction":[{"@type":"ReadAction","target":["https:\/\/szekacs.lutheran.hu\/ovoda\/?page_id=110"]}]},{"@type":"ImageObject","inLanguage":"hu","@id":"https:\/\/szekacs.lutheran.hu\/ovoda\/?page_id=110#primaryimage","url":"https:\/\/szekacs.lutheran.hu\/ovoda\/wp-content\/uploads\/2024\/02\/Ovi-logo-2024-hatter-nelkul-45x40-1.png","contentUrl":"https:\/\/szekacs.lutheran.hu\/ovoda\/wp-content\/uploads\/2024\/02\/Ovi-logo-2024-hatter-nelkul-45x40-1.png","width":45,"height":40},{"@type":"BreadcrumbList","@id":"https:\/\/szekacs.lutheran.hu\/ovoda\/?page_id=110#breadcrumb","itemListElement":[{"@type":"ListItem","position":1,"name":"Kezd\u0151lap","item":"https:\/\/szekacs.lutheran.hu\/ovoda\/"},{"@type":"ListItem","position":2,"name":"K\u00f6sz\u00f6nt\u0151"}]},{"@type":"WebSite","@id":"https:\/\/szekacs.lutheran.hu\/ovoda\/#website","url":"https:\/\/szekacs.lutheran.hu\/ovoda\/","name":"Hajnal \u00d3voda - Sz\u00e9k\u00e1cs J\u00f3zsef Evang\u00e9likus \u00d3voda, \u00c1ltal\u00e1nos Iskola \u00e9s Gimn\u00e1zium","description":"","publisher":{"@id":"https:\/\/szekacs.lutheran.hu\/ovoda\/#organization"},"potentialAction":[{"@type":"SearchAction","target":{"@type":"EntryPoint","urlTemplate":"https:\/\/szekacs.lutheran.hu\/ovoda\/?s={search_term_string}"},"query-input":{"@type":"PropertyValueSpecification","valueRequired":true,"valueName":"search_term_string"}}],"inLanguage":"hu"},{"@type":"Organization","@id":"https:\/\/szekacs.lutheran.hu\/ovoda\/#organization","name":"Hajnal \u00d3voda - Sz\u00e9k\u00e1cs J\u00f3zsef Evang\u00e9likus \u00d3voda, \u00c1ltal\u00e1nos Iskola \u00e9s Gimn\u00e1zium","url":"https:\/\/szekacs.lutheran.hu\/ovoda\/","logo":{"@type":"ImageObject","inLanguage":"hu","@id":"https:\/\/szekacs.lutheran.hu\/ovoda\/#\/schema\/logo\/image\/","url":"https:\/\/szekacs.lutheran.hu\/ovoda\/wp-content\/uploads\/2024\/01\/Emblema.jpg","contentUrl":"https:\/\/szekacs.lutheran.hu\/ovoda\/wp-content\/uploads\/2024\/01\/Emblema.jpg","width":2366,"height":2084,"caption":"Hajnal \u00d3voda - Sz\u00e9k\u00e1cs J\u00f3zsef Evang\u00e9likus \u00d3voda, \u00c1ltal\u00e1nos Iskola \u00e9s Gimn\u00e1zium"},"image":{"@id":"https:\/\/szekacs.lutheran.hu\/ovoda\/#\/schema\/logo\/image\/"},"sameAs":["https:\/\/www.facebook.com\/hajnal.ovoda.oroshaza"]}]}},"_links":{"self":[{"href":"https:\/\/szekacs.lutheran.hu\/ovoda\/index.php?rest_route=\/wp\/v2\/pages\/110","targetHints":{"allow":["GET"]}}],"collection":[{"href":"https:\/\/szekacs.lutheran.hu\/ovoda\/index.php?rest_route=\/wp\/v2\/pages"}],"about":[{"href":"https:\/\/szekacs.lutheran.hu\/ovoda\/index.php?rest_route=\/wp\/v2\/types\/page"}],"author":[{"embeddable":true,"href":"https:\/\/szekacs.lutheran.hu\/ovoda\/index.php?rest_route=\/wp\/v2\/users\/1"}],"replies":[{"embeddable":true,"href":"https:\/\/szekacs.lutheran.hu\/ovoda\/index.php?rest_route=%2Fwp%2Fv2%2Fcomments&post=110"}],"version-history":[{"count":41,"href":"https:\/\/szekacs.lutheran.hu\/ovoda\/index.php?rest_route=\/wp\/v2\/pages\/110\/revisions"}],"predecessor-version":[{"id":1435,"href":"https:\/\/szekacs.lutheran.hu\/ovoda\/index.php?rest_route=\/wp\/v2\/pages\/110\/revisions\/1435"}],"wp:attachment":[{"href":"https:\/\/szekacs.lutheran.hu\/ovoda\/index.php?rest_route=%2Fwp%2Fv2%2Fmedia&parent=110"}],"curies":[{"name":"wp","href":"https:\/\/api.w.org\/{rel}","templated":true}]}}