{"id":23296,"date":"2021-03-08T13:15:42","date_gmt":"2021-03-08T13:15:42","guid":{"rendered":"https:\/\/szekacs.lutheran.hu\/iskola\/?page_id=23296"},"modified":"2021-03-12T07:18:21","modified_gmt":"2021-03-12T07:18:21","slug":"orokos-okoiskola","status":"publish","type":"page","link":"https:\/\/szekacs.lutheran.hu\/iskola\/orokos-okoiskola\/","title":{"rendered":"\u00d6r\u00f6k\u00f6s \u00d6koiskola"},"content":{"rendered":"<div id=\"cmsmasters_row_io4p8mxlbp\" class=\"cmsmasters_row cmsmasters_color_scheme_default cmsmasters_row_top_default cmsmasters_row_bot_default cmsmasters_row_boxed\">\n<div class=\"cmsmasters_row_outer_parent\">\n<div class=\"cmsmasters_row_outer\">\n<div class=\"cmsmasters_row_inner\">\n<div class=\"cmsmasters_row_margin\">\n<div id=\"cmsmasters_column_pucbgddush\" class=\"cmsmasters_column one_half\">\n<div class=\"cmsmasters_column_inner\"><div id=\"cmsmasters_heading_ct8xl8u94n\" class=\"cmsmasters_heading_wrap cmsmasters_heading_align_left\">\n\t<h2 class=\"cmsmasters_heading\">Bejegyz\u00e9sek<\/h2>\n<\/div><div class=\"cmsmasters_img  cmsmasters_image_l\"><img decoding=\"async\" src=\"https:\/\/szekacs.lutheran.hu\/iskola\/wp-content\/uploads\/2015\/04\/67F3F4728A7E1EE0D41B5F00BF650076E67E200CC98451EF9Epimgpsh_fullsize_distr.png\" alt=\"Picture\" \/><\/div><div class=\"cmsmasters_text\">\n<p>&nbsp;<\/p>\n<p>&nbsp;<\/p>\n<\/div>\n<div id=\"blog_los61x9rgn\" class=\"cmsmasters_wrap_blog entry-summary\" data-layout=\"columns\" data-layout-mode=\"grid\" data-url=\"https:\/\/szekacs.lutheran.hu\/iskola\/wp-content\/plugins\/cmsmasters-content-composer\/\" data-orderby=\"date\" data-order=\"DESC\" data-count=\"5\" data-categories=\"orokos-okoiskola\" data-metadata=\"date,categories,author,comments,likes,more\" data-pagination=\"pagination\"><div class=\"blog columns grid cmsmasters_3\"><!-- Start Post Masonry Article -->\r\n<article id=\"post-33001\" class=\"cmsmasters_post_masonry post-33001 post type-post status-publish format-standard has-post-thumbnail hentry category-aktualis category-iskolai-elet category-orokos-okoiskola\" data-category=\"aktualis iskolai-elet orokos-okoiskola\">\r\n\t<div class=\"cmsmasters_post_cont\">\r\n\t\t<div class=\"cmsmasters_img_date\"><figure class=\"cmsmasters_img_wrap\"><a href=\"https:\/\/szekacs.lutheran.hu\/iskola\/anna-liget-2025\/\" title=\"K\u00f6z\u00f6ss\u00e9g\u00e9p\u00edt\u00e9s \u00e9s teremt\u00e9sv\u00e9delem\" class=\"cmsmasters_img_link preloader\"><img loading=\"lazy\" decoding=\"async\" width=\"580\" height=\"366\" src=\"https:\/\/szekacs.lutheran.hu\/iskola\/wp-content\/uploads\/2025\/10\/5a-2-580x366.jpg\" class=\"full-width wp-post-image\" alt=\"Teremt\u00e9sv\u00e9delmi kir\u00e1ndul\u00e1s Szarvason az Anna-ligetben\" title=\"5a Szarvason az Anna-ligetben\" \/><\/a><\/figure><div class=\"cmsmasters_post_cont_info entry-meta\"><span class=\"cmsmasters_post_date\"><abbr class=\"published\" title=\"2025.10.21.\">2025.10.21.<\/abbr><abbr class=\"dn date updated\" title=\"2025.10.21.\">2025.10.21.<\/abbr><\/span><span class=\"cmsmasters_post_author\"><a href=\"https:\/\/szekacs.lutheran.hu\/iskola\/author\/admin\/\" title=\"Posts by admin\" class=\"vcard author\" rel=\"author\"><span class=\"fn\">admin<\/span><\/a><\/span><\/div><\/div><span class=\"cmsmasters_post_category\"><a href=\"https:\/\/szekacs.lutheran.hu\/iskola\/category\/aktualis\/\" class=\"cmsmasters_cat_color cmsmasters_cat_42\" rel=\"category tag\">Aktu\u00e1lis<\/a> \/ <a href=\"https:\/\/szekacs.lutheran.hu\/iskola\/category\/iskolai-elet\/\" class=\"cmsmasters_cat_color cmsmasters_cat_43\" rel=\"category tag\">Iskolai \u00e9let<\/a> \/ <a href=\"https:\/\/szekacs.lutheran.hu\/iskola\/category\/orokos-okoiskola\/\" class=\"cmsmasters_cat_color cmsmasters_cat_47\" rel=\"category tag\">\u00d6r\u00f6k\u00f6s \u00d6koiskola<\/a><\/span><header class=\"cmsmasters_post_header entry-header\"><h2 class=\"cmsmasters_post_title entry-title\"><a href=\"https:\/\/szekacs.lutheran.hu\/iskola\/anna-liget-2025\/\">K\u00f6z\u00f6ss\u00e9g\u00e9p\u00edt\u00e9s \u00e9s teremt\u00e9sv\u00e9delem<\/a><\/h2><\/header><div class=\"cmsmasters_post_content entry-content\">\n<p>A Teremt\u00e9s hete rendezv\u00e9nyeihez kapcsol\u00f3d\u00f3an 2025. szeptember 19-\u00e9n a K\u00f6r\u00f6sv\u00f6lgyi L\u00e1togat\u00f3k\u00f6zpont \u00e9s \u00c1llatparkban j\u00e1rtak int\u00e9zm\u00e9ny\u00fcnk 5. \u00e9s 9. \u00e9vfolyamos tanul\u00f3i...<\/p>\n<\/div>\n<footer class=\"cmsmasters_post_footer enable_meta_info entry-meta\"><a class=\"cmsmasters_post_read_more\" href=\"https:\/\/szekacs.lutheran.hu\/iskola\/anna-liget-2025\/\">Tov\u00e1bb<\/a><div class=\"cmsmasters_post_meta_info\"><span class=\"cmsmasters_likes cmsmasters_post_likes\"><a href=\"#\" onclick=\"cmsmastersLike(33001, false); return false;\" id=\"cmsmastersLike-33001\" class=\"cmsmastersLike cmsmasters_theme_icon_like\"><span>0 <\/span><\/a><\/span><\/div><\/footer>\t<\/div>\r\n<\/article>\r\n<!-- Finish Post Masonry Article -->\r\n\r\n<!-- Start Post Masonry Article -->\r\n<article id=\"post-33003\" class=\"cmsmasters_post_masonry post-33003 post type-post status-publish format-standard has-post-thumbnail hentry category-aktualis category-iskolai-elet category-orokos-okoiskola\" data-category=\"aktualis iskolai-elet orokos-okoiskola\">\r\n\t<div class=\"cmsmasters_post_cont\">\r\n\t\t<div class=\"cmsmasters_img_date\"><figure class=\"cmsmasters_img_wrap\"><a href=\"https:\/\/szekacs.lutheran.hu\/iskola\/feher-to-napja-2025\/\" title=\"Ker\u00e9kp\u00e1rral a Feh\u00e9r-t\u00f3 napj\u00e1ra\" class=\"cmsmasters_img_link preloader\"><img loading=\"lazy\" decoding=\"async\" width=\"580\" height=\"366\" src=\"https:\/\/szekacs.lutheran.hu\/iskola\/wp-content\/uploads\/2025\/10\/20250920_090504_f-580x366.jpg\" class=\"full-width wp-post-image\" alt=\"A Kardosk\u00fatra indul\u00f3 ker\u00e9kp\u00e1ros csapat a Sz\u00e9k\u00e1cs Evang\u00e9likus Iskola el\u0151tt\" title=\"Kerekpartura Kardoskutra 2025\" \/><\/a><\/figure><div class=\"cmsmasters_post_cont_info entry-meta\"><span class=\"cmsmasters_post_date\"><abbr class=\"published\" title=\"2025.10.21.\">2025.10.21.<\/abbr><abbr class=\"dn date updated\" title=\"2025.10.21.\">2025.10.21.<\/abbr><\/span><span class=\"cmsmasters_post_author\"><a href=\"https:\/\/szekacs.lutheran.hu\/iskola\/author\/admin\/\" title=\"Posts by admin\" class=\"vcard author\" rel=\"author\"><span class=\"fn\">admin<\/span><\/a><\/span><\/div><\/div><span class=\"cmsmasters_post_category\"><a href=\"https:\/\/szekacs.lutheran.hu\/iskola\/category\/aktualis\/\" class=\"cmsmasters_cat_color cmsmasters_cat_42\" rel=\"category tag\">Aktu\u00e1lis<\/a> \/ <a href=\"https:\/\/szekacs.lutheran.hu\/iskola\/category\/iskolai-elet\/\" class=\"cmsmasters_cat_color cmsmasters_cat_43\" rel=\"category tag\">Iskolai \u00e9let<\/a> \/ <a href=\"https:\/\/szekacs.lutheran.hu\/iskola\/category\/orokos-okoiskola\/\" class=\"cmsmasters_cat_color cmsmasters_cat_47\" rel=\"category tag\">\u00d6r\u00f6k\u00f6s \u00d6koiskola<\/a><\/span><header class=\"cmsmasters_post_header entry-header\"><h2 class=\"cmsmasters_post_title entry-title\"><a href=\"https:\/\/szekacs.lutheran.hu\/iskola\/feher-to-napja-2025\/\">Ker\u00e9kp\u00e1rral a Feh\u00e9r-t\u00f3 napj\u00e1ra<\/a><\/h2><\/header><div class=\"cmsmasters_post_content entry-content\">\n<p>M\u00e1r hagyom\u00e1ny iskol\u00e1nkban, hogy t\u00f6bbf\u00e9le m\u00f3don r\u00e9szt vesz\u00fcnk a kardosk\u00fati Feh\u00e9r-t\u00f3 napj\u00e1n, amit a K\u00f6r\u00f6s-Maros Nemzeti Park szervez minden szeptemberben....<\/p>\n<\/div>\n<footer class=\"cmsmasters_post_footer enable_meta_info entry-meta\"><a class=\"cmsmasters_post_read_more\" href=\"https:\/\/szekacs.lutheran.hu\/iskola\/feher-to-napja-2025\/\">Tov\u00e1bb<\/a><div class=\"cmsmasters_post_meta_info\"><span class=\"cmsmasters_likes cmsmasters_post_likes\"><a href=\"#\" onclick=\"cmsmastersLike(33003, false); return false;\" id=\"cmsmastersLike-33003\" class=\"cmsmastersLike cmsmasters_theme_icon_like\"><span>0 <\/span><\/a><\/span><\/div><\/footer>\t<\/div>\r\n<\/article>\r\n<!-- Finish Post Masonry Article -->\r\n\r\n<!-- Start Post Masonry Article -->\r\n<article id=\"post-29440\" class=\"cmsmasters_post_masonry post-29440 post type-post status-publish format-standard has-post-thumbnail hentry category-aktualis category-iskolai-elet category-orokos-okoiskola\" data-category=\"aktualis iskolai-elet orokos-okoiskola\">\r\n\t<div class=\"cmsmasters_post_cont\">\r\n\t\t<div class=\"cmsmasters_img_date\"><figure class=\"cmsmasters_img_wrap\"><a href=\"https:\/\/szekacs.lutheran.hu\/iskola\/meseiro-verseny-szekacsos-gyoztesei\/\" title=\"Mese\u00edr\u00f3 verseny sz\u00e9k\u00e1csos gy\u0151ztesei\" class=\"cmsmasters_img_link preloader\"><img loading=\"lazy\" decoding=\"async\" width=\"580\" height=\"366\" src=\"https:\/\/szekacs.lutheran.hu\/iskola\/wp-content\/uploads\/2023\/12\/20231213_100250-580x366.jpg\" class=\"full-width wp-post-image\" alt=\"Mese\u00edr\u00f3 verseny sz\u00e9k\u00e1csos gy\u0151ztesei\" title=\"20231213_100250\" \/><\/a><\/figure><div class=\"cmsmasters_post_cont_info entry-meta\"><span class=\"cmsmasters_post_date\"><abbr class=\"published\" title=\"2023.12.13.\">2023.12.13.<\/abbr><abbr class=\"dn date updated\" title=\"2023.12.13.\">2023.12.13.<\/abbr><\/span><span class=\"cmsmasters_post_author\"><a href=\"https:\/\/szekacs.lutheran.hu\/iskola\/author\/admin\/\" title=\"Posts by admin\" class=\"vcard author\" rel=\"author\"><span class=\"fn\">admin<\/span><\/a><\/span><\/div><\/div><span class=\"cmsmasters_post_category\"><a href=\"https:\/\/szekacs.lutheran.hu\/iskola\/category\/aktualis\/\" class=\"cmsmasters_cat_color cmsmasters_cat_42\" rel=\"category tag\">Aktu\u00e1lis<\/a> \/ <a href=\"https:\/\/szekacs.lutheran.hu\/iskola\/category\/iskolai-elet\/\" class=\"cmsmasters_cat_color cmsmasters_cat_43\" rel=\"category tag\">Iskolai \u00e9let<\/a> \/ <a href=\"https:\/\/szekacs.lutheran.hu\/iskola\/category\/orokos-okoiskola\/\" class=\"cmsmasters_cat_color cmsmasters_cat_47\" rel=\"category tag\">\u00d6r\u00f6k\u00f6s \u00d6koiskola<\/a><\/span><header class=\"cmsmasters_post_header entry-header\"><h2 class=\"cmsmasters_post_title entry-title\"><a href=\"https:\/\/szekacs.lutheran.hu\/iskola\/meseiro-verseny-szekacsos-gyoztesei\/\">Mese\u00edr\u00f3 verseny sz\u00e9k\u00e1csos gy\u0151ztesei<\/a><\/h2><\/header><div class=\"cmsmasters_post_content entry-content\">\n<p>A p\u00e1pai Gyur\u00e1tz Ferenc Evang\u00e9likus \u00c1ltal\u00e1nos Iskola 2023-ban is meghirdette\u00a0 Mesenapj\u00e1hoz k\u00f6t\u0151d\u0151 mese\u00edr\u00f3 verseny\u00e9t. A versenyen az evang\u00e9likus iskol\u00e1kba j\u00e1r\u00f3...<\/p>\n<\/div>\n<footer class=\"cmsmasters_post_footer enable_meta_info entry-meta\"><a class=\"cmsmasters_post_read_more\" href=\"https:\/\/szekacs.lutheran.hu\/iskola\/meseiro-verseny-szekacsos-gyoztesei\/\">Tov\u00e1bb<\/a><div class=\"cmsmasters_post_meta_info\"><span class=\"cmsmasters_likes cmsmasters_post_likes\"><a href=\"#\" onclick=\"cmsmastersLike(29440, false); return false;\" id=\"cmsmastersLike-29440\" class=\"cmsmastersLike cmsmasters_theme_icon_like\"><span>1 <\/span><\/a><\/span><\/div><\/footer>\t<\/div>\r\n<\/article>\r\n<!-- Finish Post Masonry Article -->\r\n\r\n<!-- Start Post Masonry Article -->\r\n<article id=\"post-29370\" class=\"cmsmasters_post_masonry post-29370 post type-post status-publish format-standard has-post-thumbnail hentry category-aktualis category-iskolai-elet category-orokos-okoiskola\" data-category=\"aktualis iskolai-elet orokos-okoiskola\">\r\n\t<div class=\"cmsmasters_post_cont\">\r\n\t\t<div class=\"cmsmasters_img_date\"><figure class=\"cmsmasters_img_wrap\"><a href=\"https:\/\/szekacs.lutheran.hu\/iskola\/okoiskolak-vetelkedoje-zajlott-2\/\" title=\"\u00d6koiskol\u00e1k vet\u00e9lked\u0151je zajlott\" class=\"cmsmasters_img_link preloader\"><img loading=\"lazy\" decoding=\"async\" width=\"580\" height=\"366\" src=\"https:\/\/szekacs.lutheran.hu\/iskola\/wp-content\/uploads\/2023\/11\/J\u00f3madarak-580x366.jpg\" class=\"full-width wp-post-image\" alt=\"\u00d6koiskol\u00e1k vet\u00e9lked\u0151je zajlott\" title=\"J\u00f3madarak\" \/><\/a><\/figure><div class=\"cmsmasters_post_cont_info entry-meta\"><span class=\"cmsmasters_post_date\"><abbr class=\"published\" title=\"2023.11.29.\">2023.11.29.<\/abbr><abbr class=\"dn date updated\" title=\"2023.11.29.\">2023.11.29.<\/abbr><\/span><span class=\"cmsmasters_post_author\"><a href=\"https:\/\/szekacs.lutheran.hu\/iskola\/author\/admin\/\" title=\"Posts by admin\" class=\"vcard author\" rel=\"author\"><span class=\"fn\">admin<\/span><\/a><\/span><\/div><\/div><span class=\"cmsmasters_post_category\"><a href=\"https:\/\/szekacs.lutheran.hu\/iskola\/category\/aktualis\/\" class=\"cmsmasters_cat_color cmsmasters_cat_42\" rel=\"category tag\">Aktu\u00e1lis<\/a> \/ <a href=\"https:\/\/szekacs.lutheran.hu\/iskola\/category\/iskolai-elet\/\" class=\"cmsmasters_cat_color cmsmasters_cat_43\" rel=\"category tag\">Iskolai \u00e9let<\/a> \/ <a href=\"https:\/\/szekacs.lutheran.hu\/iskola\/category\/orokos-okoiskola\/\" class=\"cmsmasters_cat_color cmsmasters_cat_47\" rel=\"category tag\">\u00d6r\u00f6k\u00f6s \u00d6koiskola<\/a><\/span><header class=\"cmsmasters_post_header entry-header\"><h2 class=\"cmsmasters_post_title entry-title\"><a href=\"https:\/\/szekacs.lutheran.hu\/iskola\/okoiskolak-vetelkedoje-zajlott-2\/\">\u00d6koiskol\u00e1k vet\u00e9lked\u0151je zajlott<\/a><\/h2><\/header><div class=\"cmsmasters_post_content entry-content\">\n<p>Iskol\u00e1nk hagyom\u00e1nyosan r\u00e9szt vesz az Algy\u0151i Feh\u00e9r Ign\u00e1c \u00c1ltal\u00e1nos Iskola \u00e1ltal a d\u00e9l-alf\u00f6ldi \u00f6koiskol\u00e1knak rendezett region\u00e1lis term\u00e9szetismereti vet\u00e9lked\u0151n. Ebben a...<\/p>\n<\/div>\n<footer class=\"cmsmasters_post_footer enable_meta_info entry-meta\"><a class=\"cmsmasters_post_read_more\" href=\"https:\/\/szekacs.lutheran.hu\/iskola\/okoiskolak-vetelkedoje-zajlott-2\/\">Tov\u00e1bb<\/a><div class=\"cmsmasters_post_meta_info\"><span class=\"cmsmasters_likes cmsmasters_post_likes\"><a href=\"#\" onclick=\"cmsmastersLike(29370, false); return false;\" id=\"cmsmastersLike-29370\" class=\"cmsmastersLike cmsmasters_theme_icon_like\"><span>1 <\/span><\/a><\/span><\/div><\/footer>\t<\/div>\r\n<\/article>\r\n<!-- Finish Post Masonry Article -->\r\n\r\n<!-- Start Post Masonry Article -->\r\n<article id=\"post-29249\" class=\"cmsmasters_post_masonry post-29249 post type-post status-publish format-standard has-post-thumbnail hentry category-aktualis category-iskolai-elet category-orokos-okoiskola\" data-category=\"aktualis iskolai-elet orokos-okoiskola\">\r\n\t<div class=\"cmsmasters_post_cont\">\r\n\t\t<div class=\"cmsmasters_img_date\"><figure class=\"cmsmasters_img_wrap\"><a href=\"https:\/\/szekacs.lutheran.hu\/iskola\/a-korosvolgyi-allatparkban-2\/\" title=\"Ism\u00e9t a K\u00f6r\u00f6sv\u00f6lgyi \u00c1llatparkban j\u00e1rtak a sz\u00e9k\u00e1csosok\" class=\"cmsmasters_img_link preloader\"><img loading=\"lazy\" decoding=\"async\" width=\"580\" height=\"366\" src=\"https:\/\/szekacs.lutheran.hu\/iskola\/wp-content\/uploads\/2023\/09\/Anna-liget-580x366.jpg\" class=\"full-width wp-post-image\" alt=\"Ism\u00e9t a K\u00f6r\u00f6sv\u00f6lgyi \u00c1llatparkban j\u00e1rtak a sz\u00e9k\u00e1csosok\" title=\"Anna liget\" \/><\/a><\/figure><div class=\"cmsmasters_post_cont_info entry-meta\"><span class=\"cmsmasters_post_date\"><abbr class=\"published\" title=\"2023.09.27.\">2023.09.27.<\/abbr><abbr class=\"dn date updated\" title=\"2023.09.27.\">2023.09.27.<\/abbr><\/span><span class=\"cmsmasters_post_author\"><a href=\"https:\/\/szekacs.lutheran.hu\/iskola\/author\/admin\/\" title=\"Posts by admin\" class=\"vcard author\" rel=\"author\"><span class=\"fn\">admin<\/span><\/a><\/span><\/div><\/div><span class=\"cmsmasters_post_category\"><a href=\"https:\/\/szekacs.lutheran.hu\/iskola\/category\/aktualis\/\" class=\"cmsmasters_cat_color cmsmasters_cat_42\" rel=\"category tag\">Aktu\u00e1lis<\/a> \/ <a href=\"https:\/\/szekacs.lutheran.hu\/iskola\/category\/iskolai-elet\/\" class=\"cmsmasters_cat_color cmsmasters_cat_43\" rel=\"category tag\">Iskolai \u00e9let<\/a> \/ <a href=\"https:\/\/szekacs.lutheran.hu\/iskola\/category\/orokos-okoiskola\/\" class=\"cmsmasters_cat_color cmsmasters_cat_47\" rel=\"category tag\">\u00d6r\u00f6k\u00f6s \u00d6koiskola<\/a><\/span><header class=\"cmsmasters_post_header entry-header\"><h2 class=\"cmsmasters_post_title entry-title\"><a href=\"https:\/\/szekacs.lutheran.hu\/iskola\/a-korosvolgyi-allatparkban-2\/\">Ism\u00e9t a K\u00f6r\u00f6sv\u00f6lgyi \u00c1llatparkban j\u00e1rtak a sz\u00e9k\u00e1csosok<\/a><\/h2><\/header><div class=\"cmsmasters_post_content entry-content\">\n<p>A Teremt\u00e9s hete rendezv\u00e9nyeihez kapcsol\u00f3d\u00f3an 2023. szeptember 20-\u00e1n a K\u00f6r\u00f6sv\u00f6lgyi L\u00e1togat\u00f3k\u00f6zpont \u00e9s \u00c1llatparkban j\u00e1rtak int\u00e9zm\u00e9ny\u00fcnk 5. \u00e9s 9. \u00e9vfolyamos tanul\u00f3i...<\/p>\n<\/div>\n<footer class=\"cmsmasters_post_footer enable_meta_info entry-meta\"><a class=\"cmsmasters_post_read_more\" href=\"https:\/\/szekacs.lutheran.hu\/iskola\/a-korosvolgyi-allatparkban-2\/\">Tov\u00e1bb<\/a><div class=\"cmsmasters_post_meta_info\"><span class=\"cmsmasters_likes cmsmasters_post_likes\"><a href=\"#\" onclick=\"cmsmastersLike(29249, false); return false;\" id=\"cmsmastersLike-29249\" class=\"cmsmastersLike cmsmasters_theme_icon_like\"><span>1 <\/span><\/a><\/span><\/div><\/footer>\t<\/div>\r\n<\/article>\r\n<!-- Finish Post Masonry Article -->\r\n\r\n<\/div><div class=\"cmsmasters_wrap_more_posts cmsmasters_wrap_more_items\"><div class=\"cmsmasters_wrap_pagination\"><ul class='page-numbers'>\n\t<li><span aria-current=\"page\" class=\"page-numbers current\">1<\/span><\/li>\n\t<li><a class=\"page-numbers\" href=\"\/iskola\/wp-json\/wp\/v2\/pages\/23296?cmsmasters-los61x9rgn-page=2\">2<\/a><\/li>\n\t<li><span class=\"page-numbers dots\">&hellip;<\/span><\/li>\n\t<li><a class=\"page-numbers\" href=\"\/iskola\/wp-json\/wp\/v2\/pages\/23296?cmsmasters-los61x9rgn-page=6\">6<\/a><\/li>\n\t<li><a class=\"next page-numbers\" href=\"\/iskola\/wp-json\/wp\/v2\/pages\/23296?cmsmasters-los61x9rgn-page=2\"><span class=\"cmsmasters_theme_icon_pagination_next\"><span>Next<\/span><\/span><\/a><\/li>\n<\/ul>\n<\/div><\/div><\/div>\n<\/div><\/div>\n<div id=\"cmsmasters_column_8mm1wh73qr\" class=\"cmsmasters_column one_fourth\">\n<div class=\"cmsmasters_column_inner\"><\/div><\/div>\n<div id=\"cmsmasters_column_k9ibfidh36\" class=\"cmsmasters_column one_fourth\">\n<div class=\"cmsmasters_column_inner\"><div id=\"cmsmasters_heading_qmdh3bean9\" class=\"cmsmasters_heading_wrap cmsmasters_heading_align_left\">\n\t<h2 class=\"cmsmasters_heading\">Dokumentumok<\/h2>\n<\/div><div class=\"cmsmasters_img  cmsmasters_image_l\"><img decoding=\"async\" src=\"https:\/\/szekacs.lutheran.hu\/iskola\/wp-content\/uploads\/2015\/04\/67F3F4728A7E1EE0D41B5F00BF650076E67E200CC98451EF9Epimgpsh_fullsize_distr.png\" alt=\"Picture\" \/><\/div><div class=\"cmsmasters_text\">\n<p style=\"clear: both;\">\n<p><a href=\"https:\/\/szekacs.lutheran.hu\/iskola\/okoiskolai-tevekenysegunk.doc\">\u00d6koiskolai tev\u00e9kenys\u00e9g\u00fcnk<\/a><\/p>\n<p><a href=\"https:\/\/szekacs.lutheran.hu\/iskola\/OKO_munkaterv_2020-21.doc\">\u00d6KO munkaterv 2020-2021<\/a><\/p>\n<p><a href=\"https:\/\/szekacs.lutheran.hu\/iskola\/OKO_beszamolo_2019-2020.doc\">\u00d6KO besz\u00e1mol\u00f3 2019-2020<\/a><\/p>\n<p><a href=\"https:\/\/szekacs.lutheran.hu\/iskola\/OKO_beszamolo_2018-2019.doc\">\u00d6KO besz\u00e1mol\u00f3 2018-2019<\/a><\/p>\n<p><a href=\"https:\/\/szekacs.lutheran.hu\/iskola\/OKO_beszamolo_2017-2018.docx\">\u00d6KO besz\u00e1mol\u00f3 2017-2018<\/a><\/p>\n<p><a href=\"https:\/\/szekacs.lutheran.hu\/iskola\/OKO_beszamolo_2016-2017.docx\">\u00d6KO besz\u00e1mol\u00f3 2016-2017<\/a><\/p>\n<p><a href=\"https:\/\/szekacs.lutheran.hu\/iskola\/OKO_beszamolo_2015-2016.docx\">\u00d6KO besz\u00e1mol\u00f3 2015-2016<\/a><\/p>\n<p><a href=\"https:\/\/szekacs.lutheran.hu\/iskola\/bufe-arlista.docx\">B\u00dcF\u00c9 \u00c1RLISTA<\/a><\/p>\n<\/div>\n<div id=\"cmsmasters_heading_51okwudv7a\" class=\"cmsmasters_heading_wrap cmsmasters_heading_align_left\">\n\t<h2 class=\"cmsmasters_heading\">K\u00e9pek<\/h2>\n<\/div><div class=\"cmsmasters_img  cmsmasters_image_l\"><img decoding=\"async\" src=\"https:\/\/szekacs.lutheran.hu\/iskola\/wp-content\/uploads\/2015\/04\/67F3F4728A7E1EE0D41B5F00BF650076E67E200CC98451EF9Epimgpsh_fullsize_distr.png\" alt=\"Picture\" \/><\/div><div class=\"cmsmasters_text\">\n<p style=\"clear: both;\">\n<p><a href=\"https:\/\/szekacs.lutheran.hu\/iskola\/galeriak\/72-ora-papirgyujtes-osszes\/\">72 \u00f3ra \u2013 Pap\u00edrgy\u0171jt\u00e9s<\/a><\/p>\n<\/div>\n<\/div><\/div>\n<\/div>\n<\/div>\n<\/div>\n<\/div>\n<\/div>\n\n","protected":false},"excerpt":{"rendered":"","protected":false},"author":3,"featured_media":0,"parent":0,"menu_order":0,"comment_status":"closed","ping_status":"closed","template":"","meta":{"footnotes":""},"class_list":["post-23296","page","type-page","status-publish","hentry"],"yoast_head":"<!-- This site is optimized with the Yoast SEO plugin v26.2 - https:\/\/yoast.com\/wordpress\/plugins\/seo\/ -->\n<title>\u00d6r\u00f6k\u00f6s \u00d6koiskola - Sz\u00e9k\u00e1cs J\u00f3zsef Evang\u00e9likus \u00d3voda, \u00c1ltal\u00e1nos Iskola \u00e9s Gimn\u00e1zium<\/title>\n<meta name=\"robots\" content=\"index, follow, max-snippet:-1, max-image-preview:large, max-video-preview:-1\" \/>\n<link rel=\"canonical\" href=\"https:\/\/szekacs.lutheran.hu\/iskola\/orokos-okoiskola\/\" \/>\n<meta property=\"og:locale\" content=\"hu_HU\" \/>\n<meta property=\"og:type\" content=\"article\" \/>\n<meta property=\"og:title\" content=\"\u00d6r\u00f6k\u00f6s \u00d6koiskola - Sz\u00e9k\u00e1cs J\u00f3zsef Evang\u00e9likus \u00d3voda, \u00c1ltal\u00e1nos Iskola \u00e9s Gimn\u00e1zium\" \/>\n<meta property=\"og:url\" content=\"https:\/\/szekacs.lutheran.hu\/iskola\/orokos-okoiskola\/\" \/>\n<meta property=\"og:site_name\" content=\"Sz\u00e9k\u00e1cs J\u00f3zsef Evang\u00e9likus \u00d3voda, \u00c1ltal\u00e1nos Iskola \u00e9s Gimn\u00e1zium\" \/>\n<meta property=\"article:modified_time\" content=\"2021-03-12T07:18:21+00:00\" \/>\n<meta name=\"twitter:card\" content=\"summary_large_image\" \/>\n<meta name=\"twitter:label1\" content=\"Becs\u00fclt olvas\u00e1si id\u0151\" \/>\n\t<meta name=\"twitter:data1\" content=\"2 perc\" \/>\n<script type=\"application\/ld+json\" class=\"yoast-schema-graph\">{\"@context\":\"https:\/\/schema.org\",\"@graph\":[{\"@type\":\"WebPage\",\"@id\":\"https:\/\/szekacs.lutheran.hu\/iskola\/orokos-okoiskola\/\",\"url\":\"https:\/\/szekacs.lutheran.hu\/iskola\/orokos-okoiskola\/\",\"name\":\"\u00d6r\u00f6k\u00f6s \u00d6koiskola - Sz\u00e9k\u00e1cs J\u00f3zsef Evang\u00e9likus \u00d3voda, \u00c1ltal\u00e1nos Iskola \u00e9s Gimn\u00e1zium\",\"isPartOf\":{\"@id\":\"https:\/\/szekacs.lutheran.hu\/iskola\/#website\"},\"datePublished\":\"2021-03-08T13:15:42+00:00\",\"dateModified\":\"2021-03-12T07:18:21+00:00\",\"breadcrumb\":{\"@id\":\"https:\/\/szekacs.lutheran.hu\/iskola\/orokos-okoiskola\/#breadcrumb\"},\"inLanguage\":\"hu\",\"potentialAction\":[{\"@type\":\"ReadAction\",\"target\":[\"https:\/\/szekacs.lutheran.hu\/iskola\/orokos-okoiskola\/\"]}]},{\"@type\":\"BreadcrumbList\",\"@id\":\"https:\/\/szekacs.lutheran.hu\/iskola\/orokos-okoiskola\/#breadcrumb\",\"itemListElement\":[{\"@type\":\"ListItem\",\"position\":1,\"name\":\"Home\",\"item\":\"https:\/\/szekacs.lutheran.hu\/iskola\/\"},{\"@type\":\"ListItem\",\"position\":2,\"name\":\"\u00d6r\u00f6k\u00f6s \u00d6koiskola\"}]},{\"@type\":\"WebSite\",\"@id\":\"https:\/\/szekacs.lutheran.hu\/iskola\/#website\",\"url\":\"https:\/\/szekacs.lutheran.hu\/iskola\/\",\"name\":\"Sz\u00e9k\u00e1cs J\u00f3zsef Evang\u00e9likus \u00d3voda, \u00c1ltal\u00e1nos Iskola \u00e9s Gimn\u00e1zium\",\"description\":\"\",\"potentialAction\":[{\"@type\":\"SearchAction\",\"target\":{\"@type\":\"EntryPoint\",\"urlTemplate\":\"https:\/\/szekacs.lutheran.hu\/iskola\/?s={search_term_string}\"},\"query-input\":{\"@type\":\"PropertyValueSpecification\",\"valueRequired\":true,\"valueName\":\"search_term_string\"}}],\"inLanguage\":\"hu\"}]}<\/script>\n<!-- \/ Yoast SEO plugin. -->","yoast_head_json":{"title":"\u00d6r\u00f6k\u00f6s \u00d6koiskola - Sz\u00e9k\u00e1cs J\u00f3zsef Evang\u00e9likus \u00d3voda, \u00c1ltal\u00e1nos Iskola \u00e9s Gimn\u00e1zium","robots":{"index":"index","follow":"follow","max-snippet":"max-snippet:-1","max-image-preview":"max-image-preview:large","max-video-preview":"max-video-preview:-1"},"canonical":"https:\/\/szekacs.lutheran.hu\/iskola\/orokos-okoiskola\/","og_locale":"hu_HU","og_type":"article","og_title":"\u00d6r\u00f6k\u00f6s \u00d6koiskola - Sz\u00e9k\u00e1cs J\u00f3zsef Evang\u00e9likus \u00d3voda, \u00c1ltal\u00e1nos Iskola \u00e9s Gimn\u00e1zium","og_url":"https:\/\/szekacs.lutheran.hu\/iskola\/orokos-okoiskola\/","og_site_name":"Sz\u00e9k\u00e1cs J\u00f3zsef Evang\u00e9likus \u00d3voda, \u00c1ltal\u00e1nos Iskola \u00e9s Gimn\u00e1zium","article_modified_time":"2021-03-12T07:18:21+00:00","twitter_card":"summary_large_image","twitter_misc":{"Becs\u00fclt olvas\u00e1si id\u0151":"2 perc"},"schema":{"@context":"https:\/\/schema.org","@graph":[{"@type":"WebPage","@id":"https:\/\/szekacs.lutheran.hu\/iskola\/orokos-okoiskola\/","url":"https:\/\/szekacs.lutheran.hu\/iskola\/orokos-okoiskola\/","name":"\u00d6r\u00f6k\u00f6s \u00d6koiskola - Sz\u00e9k\u00e1cs J\u00f3zsef Evang\u00e9likus \u00d3voda, \u00c1ltal\u00e1nos Iskola \u00e9s Gimn\u00e1zium","isPartOf":{"@id":"https:\/\/szekacs.lutheran.hu\/iskola\/#website"},"datePublished":"2021-03-08T13:15:42+00:00","dateModified":"2021-03-12T07:18:21+00:00","breadcrumb":{"@id":"https:\/\/szekacs.lutheran.hu\/iskola\/orokos-okoiskola\/#breadcrumb"},"inLanguage":"hu","potentialAction":[{"@type":"ReadAction","target":["https:\/\/szekacs.lutheran.hu\/iskola\/orokos-okoiskola\/"]}]},{"@type":"BreadcrumbList","@id":"https:\/\/szekacs.lutheran.hu\/iskola\/orokos-okoiskola\/#breadcrumb","itemListElement":[{"@type":"ListItem","position":1,"name":"Home","item":"https:\/\/szekacs.lutheran.hu\/iskola\/"},{"@type":"ListItem","position":2,"name":"\u00d6r\u00f6k\u00f6s \u00d6koiskola"}]},{"@type":"WebSite","@id":"https:\/\/szekacs.lutheran.hu\/iskola\/#website","url":"https:\/\/szekacs.lutheran.hu\/iskola\/","name":"Sz\u00e9k\u00e1cs J\u00f3zsef Evang\u00e9likus \u00d3voda, \u00c1ltal\u00e1nos Iskola \u00e9s Gimn\u00e1zium","description":"","potentialAction":[{"@type":"SearchAction","target":{"@type":"EntryPoint","urlTemplate":"https:\/\/szekacs.lutheran.hu\/iskola\/?s={search_term_string}"},"query-input":{"@type":"PropertyValueSpecification","valueRequired":true,"valueName":"search_term_string"}}],"inLanguage":"hu"}]}},"_links":{"self":[{"href":"https:\/\/szekacs.lutheran.hu\/iskola\/wp-json\/wp\/v2\/pages\/23296","targetHints":{"allow":["GET"]}}],"collection":[{"href":"https:\/\/szekacs.lutheran.hu\/iskola\/wp-json\/wp\/v2\/pages"}],"about":[{"href":"https:\/\/szekacs.lutheran.hu\/iskola\/wp-json\/wp\/v2\/types\/page"}],"author":[{"embeddable":true,"href":"https:\/\/szekacs.lutheran.hu\/iskola\/wp-json\/wp\/v2\/users\/3"}],"replies":[{"embeddable":true,"href":"https:\/\/szekacs.lutheran.hu\/iskola\/wp-json\/wp\/v2\/comments?post=23296"}],"version-history":[{"count":10,"href":"https:\/\/szekacs.lutheran.hu\/iskola\/wp-json\/wp\/v2\/pages\/23296\/revisions"}],"predecessor-version":[{"id":23311,"href":"https:\/\/szekacs.lutheran.hu\/iskola\/wp-json\/wp\/v2\/pages\/23296\/revisions\/23311"}],"wp:attachment":[{"href":"https:\/\/szekacs.lutheran.hu\/iskola\/wp-json\/wp\/v2\/media?parent=23296"}],"curies":[{"name":"wp","href":"https:\/\/api.w.org\/{rel}","templated":true}]}}