{"id":19810,"date":"2019-12-13T11:11:44","date_gmt":"2019-12-13T11:11:44","guid":{"rendered":"https:\/\/szekacs.lutheran.hu\/iskola\/?page_id=19810"},"modified":"2025-10-14T12:52:58","modified_gmt":"2025-10-14T12:52:58","slug":"egyuttmukodesi-megallapodasok","status":"publish","type":"page","link":"https:\/\/szekacs.lutheran.hu\/iskola\/egyuttmukodesi-megallapodasok\/","title":{"rendered":"Egy\u00fcttm\u0171k\u00f6d\u00e9si meg\u00e1llapod\u00e1sok"},"content":{"rendered":"<div id=\"cmsmasters_row_9f4qscaft\" class=\"cmsmasters_row cmsmasters_color_scheme_default cmsmasters_row_top_default cmsmasters_row_bot_default cmsmasters_row_boxed\">\n<div class=\"cmsmasters_row_outer_parent\">\n<div class=\"cmsmasters_row_outer\">\n<div class=\"cmsmasters_row_inner\">\n<div class=\"cmsmasters_row_margin\">\n<div id=\"cmsmasters_column_9d3n648rho\" class=\"cmsmasters_column one_first\">\n<div class=\"cmsmasters_column_inner\"><div id=\"cmsmasters_heading_w0vv1l24x\" class=\"cmsmasters_heading_wrap cmsmasters_heading_align_left\">\n\t<h1 class=\"cmsmasters_heading\">Egy\u00fcttm\u0171k\u00f6d\u00e9si meg\u00e1llapod\u00e1sok<\/h1>\n<\/div><div id=\"cmsmasters_heading_ytvm27dkhq\" class=\"cmsmasters_heading_wrap cmsmasters_heading_align_left\">\n\t<h3 class=\"cmsmasters_heading\">a k\u00f6z\u00f6ss\u00e9gi szolg\u00e1lat ter\u00fcleteihez kapcsol\u00f3d\u00f3an<\/h3>\n<\/div><div class=\"cmsmasters_img  cmsmasters_image_l\"><img decoding=\"async\" src=\"https:\/\/szekacs.lutheran.hu\/iskola\/wp-content\/uploads\/2015\/04\/67F3F4728A7E1EE0D41B5F00BF650076E67E200CC98451EF9Epimgpsh_fullsize_distr.png\" alt=\"Picture\" \/><\/div><div class=\"cmsmasters_text\">\n<p><strong>a) az eg\u00e9szs\u00e9g\u00fcgyi,<\/strong><\/p>\n<ol>\n<li style=\"list-style-type: none;\">\n<ol>\n<li>Szegedi \u00dajsz\u00fcl\u00f6tt \u00c9letment\u0151 Szolg\u00e1lat Alap\u00edtv\u00e1ny \u2013 k\u00e9pvisel\u0151 prof. Dr. Pint\u00e9r S\u00e1ndor (6720 Szeged, J\u00f3kai utca 6. I\/4. ) 6-12\/2018.<\/li>\n<li>Orosh\u00e1za V\u00e1rosi \u00d6nkorm\u00e1nyzat K\u00f3rh\u00e1za \u2013 kapcsolattart\u00f3: Greksza L\u00e1szl\u00f3n\u00e9, \u00e1pol\u00e1si igazgat\u00f3 (5900 Orosh\u00e1za, K\u00f6nd u. 59.) 6-32\/2017.<\/li>\n<li>Eg\u00e9szs\u00e9ges B\u00e9k\u00e9s Megy\u00e9\u00e9rt Alap\u00edtv\u00e1ny \u2013 kapcsolattart\u00f3: Csepregi \u00c9va (5662 Csan\u00e1dap\u00e1ca, Batthy\u00e1ny 29. ) 6-12\/2017.<\/li>\n<\/ol>\n<\/li>\n<\/ol>\n<p><strong>b) a szoci\u00e1lis \u00e9s j\u00f3t\u00e9konys\u00e1gi,<\/strong><\/p>\n<ol>\n<li style=\"list-style-type: none;\">\n<ol>\n<li>K\u00f6r\u00f6s-menti Integr\u00e1lt Szoci\u00e1lis Int\u00e9zm\u00e9ny B\u00e9k\u00e9s V\u00e1rmegye \u2013 k\u00e9pvisel\u0151: Chugyikn\u00e9 B\u00f3nus Gabriella (5800 Mez\u0151kov\u00e1csh\u00e1za, Tanya 36.) 6-1\/2025<\/li>\n<li>T\u00f3tkoml\u00f3si Szoci\u00e1lis Szolg\u00e1ltat\u00f3 K\u00f6zpont \u2013 k\u00e9pvisel\u0151: Kov\u00e1csn\u00e9 Csisz\u00e1r Kl\u00e1ra (5940 T\u00f3tkoml\u00f3s, P\u00f3sa u. 2.) 6-7\/2024<\/li>\n<li>Egyens\u00faly AE egyes\u00fclet \u2013 k\u00e9pvisel\u0151: Schriffertn\u00e9 L\u00f3cskai Henriett (5600 B\u00e9k\u00e9scsaba, Kolozsv\u00e1ri u. 62.) 6-6\/2024<\/li>\n<li>G\u00e1doros Nagyk\u00f6zs\u00e9g \u00d6nkorm\u00e1nyzata K\u00e9pvisel\u0151-test\u00fclet\u00e9nek Gondoz\u00e1si K\u00f6zpontja \u2013 mentor: Krivikn\u00e9 Zahorecz Anita (5932 G\u00e1doros, F\u0151 u. 30.) 6-10\/2022<\/li>\n<li>Forintos Alap\u00edtv\u00e1ny \u2013 k\u00e9pvisel\u0151: Kabain\u00e9 Cseresny\u00e9s \u00c1gnes (5931 Nagysz\u00e9n\u00e1s, T\u00e1ncsics M. u. 24\/1) 6-12\/2021.<\/li>\n<li>B\u00e9k\u00e9s Megyei K\u00f6r\u00f6s-menti Szoci\u00e1lis Centrum \u2013 k\u00e9pvisel\u0151: S\u00fct\u0151 M\u00e1ria M\u00e1rta (5800 Mez\u0151kov\u00e1csh\u00e1za, Tanya 36.) 6-8\/2021.<\/li>\n<li>Csorv\u00e1s V\u00e1ros \u00d6nkorm\u00e1nyzat\u00e1nak Egyes\u00edtett Szoci\u00e1lis Int\u00e9zm\u00e9nye \u2013 k\u00e9pvisel\u0151: Macz\u00e1k Istv\u00e1nn\u00e9 (5920 Csorv\u00e1s, R\u00e1k\u00f3czi u. 15.) 6-15\/2020.<\/li>\n<li>Nagym\u00e1gocsi Szoci\u00e1lis Szolg\u00e1ltat\u00f3 K\u00f6zpont \u2013 k\u00e9pvisel\u0151: Varga Di\u00e1na (6622 Nagym\u00e1gocs, Szentesi \u00fat 30.) 6-13\/2020<\/li>\n<li>Magyar V\u00f6r\u00f6skereszt B\u00e9k\u00e9s Megyei Szervezete \u2013 kapcsolattart\u00f3: Szil\u00e1gyin\u00e9 Horv\u00e1th Gizella, mentor: T\u00f3th Zolt\u00e1nn\u00e9 (5600 B\u00e9k\u00e9scsaba, Bajza u. 15. ) 6-16\/2016.<\/li>\n<li>Mag-H\u00e1z Egylet \u2013 kapcsolattart\u00f3: Moln\u00e1r Istv\u00e1n (5919 Pusztaf\u00f6ldv\u00e1r, J\u00f3kai u. 7. ) 6-9\/2016.<\/li>\n<li>Pet\u0151fi Kultur\u00e1lis K\u00f6zhaszn\u00fa Nonprofit Kft. \u2013 kapcsolattart\u00f3: Bobvosn\u00e9 Kis Emese, mentor: Lajti T\u00edmea (5900 Orosh\u00e1za, Kossuth L. u. 3. ) 6-6\/2016.<\/li>\n<li>Orosh\u00e1za V\u00e1ros \u00d6nkorm\u00e1nyzat Egys\u00e9ges Szoci\u00e1lis K\u00f6zpont \u2013 kapcsolattart\u00f3: Tarj\u00e1nn\u00e9 K\u00f3sa Rita, mentor: D\u00e9nes-F\u00f6ldesi M\u00f3nika (5900 Orosh\u00e1za, Ter\u00e9z u. 14. )6-14\/2015.<\/li>\n<li>T\u00f3tkoml\u00f3si Evang\u00e9likus Szeretetszolg\u00e1lat \u2013 kapcsolattart\u00f3: Ny\u00edregyh\u00e1zki Gy\u00f6rgy (5940 T\u00f3tkoml\u00f3s, F\u0151 u. 43. ) 6-16\/2015.<\/li>\n<li>K\u00f6r\u00f6s-menti Integr\u00e1lt Szoci\u00e1lis Int\u00e9zm\u00e9ny B\u00e9k\u00e9s V\u00e1rmegye \u2013 k\u00e9pvisel\u0151: Chugyikn\u00e9 B\u00f3nus Gabriella (5800 Mez\u0151kov\u00e1csh\u00e1za, Tanya 36.) 6-1\/2025<\/li>\n<\/ol>\n<\/li>\n<\/ol>\n<p><strong>c)\u00a0az oktat\u00e1si,<\/strong><\/p>\n<ol>\n<li style=\"list-style-type: none;\">\n<ol>\n<li>H\u00f3dmez\u0151v\u00e1s\u00e1rhelyi SZC Szentesi Poll\u00e1k Antal Technikum \u2013 k\u00e9pvisel\u0151: Kov\u00e1cs Attila (6600 Szentes, Apponyi t\u00e9r 1.) 6-10\/2024<\/li>\n<li>Orosh\u00e1zi Liszt Ferenc Alapfok\u00fa M\u0171v\u00e9szeti Iskola \u2013 k\u00e9pvisel\u0151: Kardosn\u00e9 B\u00e1nhidi \u00c9va (5900 Orosh\u00e1za, V\u00f6r\u00f6smarty u. 3\/A) 6-13\/2022<\/li>\n<li>Nagym\u00e1gocsi Hunyadi J\u00e1nos \u00c1ltal\u00e1nos Iskola \u2013 Varga Ferenc (6622 Nagym\u00e1gocs, R\u00e1k\u00f3czi Ferenc u. 27.) 6-7\/2022.<\/li>\n<li>Forr\u00e1s Reform\u00e1tus \u00d3voda \u2013 k\u00e9pvisel\u0151: T\u00f3th M\u00f3nika (5900 Orosh\u00e1za, Lehel u. 39.) 6-25\/2019.<\/li>\n<li>Csorv\u00e1s V\u00e1ros \u00d6nkorm\u00e1nyzat\u00e1nak \u00d3vod\u00e1ja \u00e9s B\u00f6lcs\u0151d\u00e9je \u2013 k\u00e9pvisel\u0151 Viczi\u00e1nn\u00e9 Vincze M\u00f3nika (5920, Csorv\u00e1s, Bocskai u. 2. ) 6-10\/2019.<\/li>\n<li>G\u00e1doros Nagyk\u00f6zs\u00e9g \u00d6nkorm\u00e1nyzat K\u00e9pvisel\u0151 Test\u00fclet\u00e9nek Napk\u00f6zi Otthonos \u00d3vod\u00e1ja \u2013 k\u00e9pvisel\u0151 Prozlik M\u00e1rta (5932 G\u00e1doros, B\u00e9ke t\u00e9r 6. ) 6-14\/2018.<\/li>\n<li>Csorv\u00e1si Guly\u00e1s Mih\u00e1ly \u00c1ltal\u00e1nos Iskola \u00e9s Alapfok\u00fa M\u0171v\u00e9szeti Iskola \u2013 k\u00e9pvisel\u0151: Macz\u00e1k M\u00e1ria (5920 Csorv\u00e1s, Istv\u00e1n kir\u00e1ly u. 34. ) 6-7\/2018.<\/li>\n<li>Orosh\u00e1zi V\u00f6r\u00f6smarty Mih\u00e1ly \u00c1ltal\u00e1nos Iskola &#8211; kapcsolattart\u00f3: Pusk\u00e1s Tiborn\u00e9 (5900 Orosh\u00e1za, V\u00f6r\u00f6smarty u. 4. ) 6-27\/2016.<\/li>\n<li>Sz\u00e9kkutasi L\u00edbor Ilona \u00d3voda \u2013 kapcsolattart\u00f3: Hegyi Ildik\u00f3, mentor: L\u00e1z\u00e1r Judit (6821 Sz\u00e9kkutas, Murg\u00e1cs K\u00e1lm\u00e1n u. 20. ) 6-18\/2016.<\/li>\n<li>Kisboldogasszony Katolikus \u00c1ltal\u00e1nos Iskola \u2013 kapcsolattart\u00f3, mentor: Kissn\u00e9 Horv\u00e1th Hajnalka (5932 G\u00e1doros, Iskola u. 4. ) 6-13\/2016.<\/li>\n<li>Wesley J\u00e1nos Gy\u00f3gypedag\u00f3giai \u00d3voda, Fejleszt\u0151 Nevel\u00e9s-oktat\u00e1st V\u00e9gz\u0151 Iskola<br \/>\n\u2013 kapcsolattart\u00f3: Kacsala Gy\u00f6ngyi, mentor: Szemenyein\u00e9 Farkas Szilvia (5900 Orosh\u00e1za, Pacsirta u. 1. ) 6-8\/2016.<\/li>\n<li>T\u00f3tkoml\u00f3si Alapfok\u00fa M\u0171v\u00e9szeti Iskola \u2013 kapcsolattart\u00f3: Krcsm\u00e9ri J\u00e1nos, mentor: Lovas Ad\u00e9l<br \/>\n( 5940 T\u00f3tkoml\u00f3s, F\u0151 utca 1. ) 6-5\/2014.<\/li>\n<li>Sch\u00e9ner Mih\u00e1ly Evang\u00e9likus \u00c1ltal\u00e1nos Iskola \u2013 k\u00e9pvisel\u0151: Futaki J\u00e1nos (5666 Medgyesegyh\u00e1za, Luther u. 7.) 6-11\/2025<\/li>\n<li>Kardosk\u00fati Napk\u00f6ziotthonos \u00d3voda \u2013 k\u00e9pvisel\u0151: Nyitrain\u00e9 Baranyi Gabriella (5945 Kardosk\u00fat, Kossuth u. 4.) 6-3\/2025<\/li>\n<li>H\u00f3dmez\u0151v\u00e1s\u00e1rhelyi SZC Szentesi Poll\u00e1k Antal Technikum \u2013 k\u00e9pvisel\u0151: Kov\u00e1cs Attila (6600 Szentes, Apponyi t\u00e9r 1.) 6-10\/2024<\/li>\n<\/ol>\n<\/li>\n<\/ol>\n<p><strong>d) a kultur\u00e1lis \u00e9s k\u00f6z\u00f6ss\u00e9gi,\u00a0<\/strong><\/p>\n<p><strong>&#8211; \u00f6nkorm\u00e1nyzatok: <\/strong><\/p>\n<ol>\n<li>Nagym\u00e1gocs Nagyk\u00f6zs\u00e9g \u00d6nkorm\u00e1nyzata &#8211; k\u00e9pvisel\u0151: Szebell\u00e9di Endre (6622 Nagym\u00e1gocs, Szentesi \u00fat 42.) 6-18\/2023.<\/li>\n<li>Csan\u00e1dap\u00e1ca K\u00f6zs\u00e9g \u00d6nkorm\u00e1nyzata \u2013 k\u00e9pvisel\u0151: Ol\u00e1h K\u00e1lm\u00e1n (5662 Csan\u00e1dap\u00e1ca, Szent Gell\u00e9rt \u00fat 31.) 6-5\/2023<\/li>\n<li>Eperjes K\u00f6zs\u00e9g \u00d6nkorm\u00e1nyzata- k\u00e9pvisel\u0151: Kabai M\u00e1ty\u00e1s (6624 Eperjes, Pet\u0151fi u. 1.) 6-21\/2020<\/li>\n<li>G\u00e1doros Nagyk\u00f6zs\u00e9g Roma Nemzetis\u00e9gi \u00d6nkorm\u00e1nyzat \u2013 k\u00e9pvisel\u0151: Farkas Zita (5932 G\u00e1doros, Kossuth u. 16. ) 6-8\/2018.<\/li>\n<li>Nagyb\u00e1nhegyes K\u00f6zs\u00e9g \u00d6nkorm\u00e1nyzata \u2013 kapcsolattart\u00f3: Pajk\u00f3 Alexandra (5668 Nagyb\u00e1nhegyes, Kossuth u. 64. ) 6-14\/2017.<\/li>\n<li>Kardosk\u00fat K\u00f6zs\u00e9g \u00d6nkorm\u00e1nyzata \u2013 kapcsolattart\u00f3: Fekete Zita, mentor: Varga P\u00e1l ( 5945 Kardosk\u00fat, M\u00e1rcius 15. t\u00e9r 3. ) 6-8\/2017.<\/li>\n<li>Mez\u0151kov\u00e1csh\u00e1za V\u00e1ros \u00d6nkorm\u00e1nyzata &#8211; kapcsolattart\u00f3: Szab\u00f3n\u00e9 Farag\u00f3 Julianna, mentor: N\u00e9methn\u00e9 Jegyin\u00e1k T\u00edmea ( 5800 Mez\u0151kov\u00e1csh\u00e1za, \u00c1rp\u00e1d u. 176. ) 6-1\/2017.<\/li>\n<li>Sz\u00e9kkutas K\u00f6zs\u00e9gi \u00d6nkorm\u00e1nyzat \u2013 kapcsolattart\u00f3: Kov\u00e1csn\u00e9 Hegyi Ildik\u00f3, mentor: Lud\u00e1nyi Roz\u00e1lia (6821 Sz\u00e9kkutas, B\u00e9ke u. 2. ) 6-15\/2016.<\/li>\n<li>Pusztaf\u00f6ldv\u00e1r K\u00f6zs\u00e9gi \u00d6nkorm\u00e1nyzat \u2013 kapcsolattart\u00f3: Kvak M\u00e1ria, mentor: Gyarmatin\u00e9 Laduver M\u00e1rta (5919 Pusztaf\u00f6ldv\u00e1r, R\u00e1k\u00f3czi u. 66. ) 6-14\/2016.<\/li>\n<li>N\u00e9met Nemzetis\u00e9gi \u00d6nkorm\u00e1nyzat \u2013 kapcsolattart\u00f3: Dr. Abonyi Lajos (5900 Orosh\u00e1za, Pacsirta u. 8. ) 6-7\/2016.<\/li>\n<li>Csorv\u00e1s V\u00e1ros \u00d6nkorm\u00e1nyzata \u2013 kapcsolattart\u00f3: Zatyk\u00f3n\u00e9 Kecskem\u00e9ti Erika (5920 Csorv\u00e1s, R\u00e1k\u00f3czi u. 17. ) 6-2\/2016.<\/li>\n<li>B\u00e9k\u00e9ss\u00e1mson K\u00f6zs\u00e9g \u00d6nkorm\u00e1nyzata \u2013 k\u00e9pvisel\u0151: Annus Istv\u00e1n (5946 B\u00e9k\u00e9ss\u00e1mson, H\u0151s\u00f6k tere 10-12.) 6-10\/2025.<\/li>\n<\/ol>\n<p><strong>&#8211; egyh\u00e1zak<\/strong><\/p>\n<ol start=\"13\">\n<li>Szolnoki Evang\u00e9likus Egyh\u00e1zk\u00f6zs\u00e9g \u2013 k\u00e9pvisel\u0151: Gy\u0151ri P\u00e9ter Benj\u00e1min (5000 Szolnok, Verseghy park 2.) 6-12\/2023.<\/li>\n<li>Krisztusban H\u00edv\u0151 Nazar\u00e9nus Gy\u00fclekezetek Orosh\u00e1zi Gy\u00fclekezete \u2013 K\u00e9pvisel\u0151: Kov\u00e1cs Ibolya (5900 Orosh\u00e1za, De\u00e1k F. u. 9.) 6-6\/2023<\/li>\n<li>Mez\u0151hegyesi Reform\u00e1tus Egyh\u00e1zk\u00f6zs\u00e9g \u2013 k\u00e9pvisel\u0151: Erd\u0151si Tibor (5820 Mez\u0151hegyes, Kossuth u. 7.) 6-14\/2022<\/li>\n<li>Magyarorsz\u00e1gi Evang\u00e9likus Egyh\u00e1z \u2013 k\u00e9pvisel\u0151: Kr\u00e1mer Gy\u00f6rgy (1085 Budapest, \u00dcll\u0151i \u00fat 24.) 6-12\/2022<\/li>\n<li>Medgyesegyh\u00e1zi Evang\u00e9likus Egyh\u00e1zk\u00f6zs\u00e9g \u2013 k\u00e9pvisel\u0151: Szigethy Szil\u00e1rd (5666, Medgyesegyh\u00e1za, Kossuth t\u00e9r 3.) 6-13\/2021.<\/li>\n<li>Nagy Szent Ter\u00e9z Pl\u00e9b\u00e1nia \u2013 k\u00e9pvisel\u0151: Kannerer Tibor (5920 Csorv\u00e1s, Istv\u00e1n Kir\u00e1ly u. 28.) 6-5\/2021.<\/li>\n<li>Orosh\u00e1zi Kereszt\u00e9ny Klub Alap\u00edtv\u00e1ny \u2013 k\u00e9pvisel\u0151: B\u00e1nkin\u00e9 dr. Borb\u00e9ly M\u00e1ria (5900 Orosh\u00e1za, Zombai utca 59.) \u2013 6-2\/2021.<\/li>\n<li>J\u00e9zus Sz\u00edve Pl\u00e9b\u00e1nia \u2013 Iv\u00e1nyi L\u00e1szl\u00f3 (5900 Orosh\u00e1za, De\u00e1k Ferenc u. 18.) 6-20\/2020<\/li>\n<li>T\u00f3tkoml\u00f3si Evang\u00e9likus Egyh\u00e1zk\u00f6zs\u00e9g \u2013 k\u00e9pvisel\u0151 Szpis\u00e1k Attila (5940 T\u00f3tkoml\u00f3s, Luther u. 1. ) 6-5\/2019.<\/li>\n<li>Nagyboldogasszony Pl\u00e9b\u00e1nia \u2013 k\u00e9pvisel\u0151: Bl\u0151sz Attila (5662 Csan\u00e1dap\u00e1ca, Gell\u00e9rt \u00fat 32. ) 6-13\/2018.<\/li>\n<li>Hetednapi Adventista Egyh\u00e1z Orosh\u00e1zi Gy\u00fclekezete &#8211; kapcsolattart\u00f3: Bicskei R\u00f3bert<br \/>\n(5900 Orosh\u00e1za, Zombai u. 45. ) 6-4\/2017.<\/li>\n<li>Orosh\u00e1zi Reform\u00e1tus Egyh\u00e1zk\u00f6zs\u00e9g \u2013 kapcsolattart\u00f3: Szalkay R\u00f3bert (5900 Orosh\u00e1za, K\u00f6nd u. 5. ) 6-17\/2015.<\/li>\n<\/ol>\n<p><strong>&#8211; m\u00fazeumok, k\u00f6nyvt\u00e1rak, di\u00e1ktanya<\/strong><\/p>\n<ol start=\"25\">\n<li>Tornyai J\u00e1nos M\u00fazeum, K\u00f6nyvt\u00e1r \u00e9s M\u0171vel\u0151d\u00e9si K\u00f6zpont \u2013 k\u00e9pvisel\u0151: Megyesi Be\u00e1ta (6800 H\u00f3dmez\u0151v\u00e1s\u00e1rhely, Dr. Rapcs\u00e1k Andr\u00e1s \u00fat 16-18.) 6-11\/2022<\/li>\n<li>B\u00e9k\u00e9s V\u00e1rosi Kultur\u00e1lis K\u00f6zpont, K\u00f6nyvt\u00e1r, M\u00fazeum \u00e9s Sport Nonprofit Kft. \u2013 k\u00e9pvisel\u0151: Dr. Pappn\u00e9 Darida Andrea (5630 B\u00e9k\u00e9s, Jantyik M. u. 23-25.) 6-6\/2021.<\/li>\n<li>Justh Zsigmond M\u0171vel\u0151d\u00e9si H\u00e1z \u00e9s K\u00f6nyvt\u00e1r \u2013 k\u00e9pvisel\u0151 Sebesty\u00e9n L\u00e1szl\u00f3n\u00e9 (5900 Orosh\u00e1za, Kossuth utca 18. ) 6-4\/2019.<\/li>\n<li>Orosh\u00e1za V\u00e1ros \u00d6nkorm\u00e1nyzata Nagy Gyula Ter\u00fcleti M\u00fazeum &#8211; k\u00e9pvisel\u0151 R\u00f3zsa Zolt\u00e1n, kapcsolattart\u00f3: Joz\u00f3 Tam\u00e1sn\u00e9 ( 5900 Orosh\u00e1za, D\u00f3zsa Gy\u00f6rgy u. 5. ) 6-11\/2018.<\/li>\n<li>T\u00f6rt\u00e9nelmi Gell\u00e9rtegyh\u00e1z\u00e1\u00e9rt Alap\u00edtv\u00e1ny \u2013 kapcsolattart\u00f3: Muszka K\u00e1lm\u00e1n ( 5900 Orosh\u00e1za, T\u00e1ncsics u. 24. ) 6-31\/2017.<\/li>\n<li>Nagysz\u00e9n\u00e1si K\u00f6zs\u00e9gi K\u00f6nyvt\u00e1r \u2013 kapcsolattart\u00f3: Sz\u0171rszab\u00f3n\u00e9 Benk\u0151 \u00c9va, mentor: T\u00f3th Kitti<br \/>\n(5931 Nagysz\u00e9n\u00e1s, Szabads\u00e1g u. 25 ) 6-4\/2016.<\/li>\n<li>Orosh\u00e1zi Di\u00e1ktanya \u2013 kapcsolattart\u00f3: <strong>Simon N\u00f3ra<\/strong> (5900 Orosh\u00e1za, Ond u. 18. ) 6-3\/2016.<\/li>\n<li>AFS Magyarorsz\u00e1g Nemzetk\u00f6zi Csereprogram Alap\u00edtv\u00e1ny \u2013 kapcsolattart\u00f3: Tis\u00f3czki Petra, mentor<strong>: Patyin\u00e9 Bogd\u00e1nffy \u00c1gnes<\/strong> ( 1123 Budapest, Alkot\u00e1s u. 37. I\/6. ) 6-5\/2015.<\/li>\n<li>Czab\u00e1n Samu M\u0171vel\u0151d\u00e9si H\u00e1z \u00e9s K\u00f6nyvt\u00e1r \u2013 kapcsolattart\u00f3: Sz\u00e9ln\u00e9 Baki Etelka ( 5931 Nagysz\u00e9n\u00e1s, M\u00e1rcius 15. t\u00e9r 7. ) 6-6\/2014.<\/li>\n<li>Koml\u00f3s Telep\u00fcl\u00e9sszolg\u00e1ltat\u00e1si Kft. \u2013 R\u00f3zsa F\u00fcrd\u0151 \u2013 kapcsolattart\u00f3: Hercegn\u00e9 Mih\u00e1ly Rita<br \/>\n( 5940 T\u00f3tkoml\u00f3s, Kossuth u. 2. ) 6-4\/2014. <strong>????<\/strong><\/li>\n<li>K\u00f6r\u00f6s Tehets\u00e9ggondoz\u00f3 Egyes\u00fclet \u2013 kapcsolattart\u00f3: K\u0151r\u00f6si Tibor, 6-33\/2017.<\/li>\n<li>B\u00e9k\u00e9s Megyei Kereskedelmi \u00e9s Iparkamara \u2013 k\u00e9pvisel\u0151: T\u00f3th Zsolt (5600 B\u00e9k\u00e9scsaba, Penza ltp. 5.) 6-7\/2021.<\/li>\n<\/ol>\n<p><strong>e)\u00a0a k\u00f6rnyezet- \u00e9s term\u00e9szetv\u00e9delemi,<\/strong><\/p>\n<ol start=\"25\">\n<li>Orosh\u00e1zi \u00c1llatment\u0151 Alap\u00edtv\u00e1ny \u2013 k\u00e9pvisel\u0151: Dr. Munty\u00e1nn\u00e9 Pusk\u00e1s Krisztina (5900 Orosh\u00e1za, Bajcsy-Zs. u. 25.) 6-16\/2023<\/li>\n<li>Viharsarki \u00c1llat\u0151rs\u00e9g K\u00f6zhaszn\u00fa Alap\u00edtv\u00e1ny K\u00e9pvisel\u0151: Baranyi Kopp\u00e1ny (5900 Orosh\u00e1za, Hajnal k\u00f6z 16.) 6-3\/2023<\/li>\n<li>K\u00f6r\u00f6s-Maros Nemzeti Park Igazgat\u00f3s\u00e1g \u2013 k\u00e9pvisel\u0151: Marosi Be\u00e1ta (5540 Szarvas, Anna-liget 1.) 6-15\/2019<\/li>\n<\/ol>\n<p><strong>f) a katasztr\u00f3fav\u00e9delmi,<\/strong><\/p>\n<ol start=\"25\">\n<li>Pusztaf\u00f6ldv\u00e1ri \u00d6nk\u00e9ntes T\u0171zolt\u00f3 Egyes\u00fclet \u2013 Gyulai Istv\u00e1n (5919 Pusztaf\u00f6ldv\u00e1r, R\u00e1k\u00f3czi u. 66.) 6-6\/2022.<\/li>\n<li>B\u00e9k\u00e9s Megyei Katasztr\u00f3fav\u00e9delmi Igazgat\u00f3s\u00e1g \u2013 k\u00e9pvisel\u0151: T\u00f3th Tibor (5600 B\u00e9k\u00e9scsaba, Kazinczy u. 9. ) 6-5\/2016.<\/li>\n<\/ol>\n<p><strong>g) k\u00f6z\u00f6s sport- \u00e9s szabadid\u0151s,<\/strong><\/p>\n<ol start=\"25\">\n<li>B\u00e9k\u00e9s Megyei N\u00e9pt\u00e1ncosok Sz\u00f6vets\u00e9ge K\u00f6zhaszn\u00fa Egyes\u00fclet \u2013 k\u00e9pvisel\u0151: Farkas Lilla (5600 B\u00e9k\u00e9scsaba, Andr\u00e1ssy \u00fat 3.) 6-9\/2024<\/li>\n<li>Magyar Testnevel\u00e9si \u00e9s Sporttudom\u00e1nyi Egyetem 6-13\/2023<\/li>\n<li>Orosh\u00e1zi Munk\u00e1s Testedz\u0151 K\u00f6r \u2013 Ut\u00e1np\u00f3tl\u00e1s Labdar\u00fag\u00f3 Egyes\u00fclet 1913 \u2013 k\u00e9pvisel\u0151: T\u00f3th-K\u00e1sa S\u00e1ndor (5904 Orosh\u00e1za, Gyop\u00e1rosi \u00fat 3.) 6-9\/2021.<\/li>\n<li>T\u00f3tkoml\u00f3si L\u00f6v\u00e9sz Klub \u2013 k\u00e9pvisel\u0151: Bed\u0151 Zolt\u00e1n (5940 T\u00f3tkoml\u00f3s, Kossuth u. 24.) 6-16\/2020.<\/li>\n<li>Orosh\u00e1zi Kyokushin Karate Szabadid\u0151k\u00f6r Sportegyes\u00fclet- k\u00e9pvisel\u0151: Balogh Jenifer (5900 Orosh\u00e1za, K\u00f6nd u. 1.) 6-11\/2020<\/li>\n<li>Orosh\u00e1za V\u00e1rosi Tenisz Klub \u2013 kapcsolattart\u00f3: N\u00e9meth Istv\u00e1n (5900 Orosh\u00e1za, B\u00e1thory u. 9.) 6-16\/2017.<\/li>\n<li>Barangol\u00f3 K\u00f6zhaszn\u00fa Egyes\u00fclet \u2013 kapcsolattart\u00f3: Horv\u00e1th Judit Csilla (5811 V\u00e9gegyh\u00e1za) 6-15\/2017.<\/li>\n<li>Bety\u00e1r Lovas K\u00f6zhaszn\u00fa Alap\u00edtv\u00e1ny Nagysz\u00e9n\u00e1s \u2013 k\u00e9pvisel\u0151: Bagi Anita (5931 Nagysz\u00e9n\u00e1s, Csokonai u. 15.) 6-12\/2025<\/li>\n<li>Orosh\u00e1zi K\u00e9zilabda Club Egyes\u00fclet \u2013 k\u00e9pvisel\u0151: Dancs\u00f3 Attila (5900 Orosh\u00e1za, Bajnok u. 3.) 6-7\/2025<\/li>\n<li>Kedvenc Sporthorg\u00e1sz Egyes\u00fclet \u2013 k\u00e9pvisel\u0151: Vigh Mih\u00e1ly (5900 Orosh\u00e1za, Kossuth u. 25.) 6-4\/2025<\/li>\n<li>Szolnoki Sportcentrum Nonprofit Kft. \u2013 k\u00e9pvisel\u0151: R\u00f3zsa J\u00f3zsef (5000 Szolnok, Tiszaligeti s\u00e9t\u00e1ny 2.) 6-8\/2024<\/li>\n<\/ol>\n<p><strong>h) b\u0171n- \u00e9s baleset-megel\u0151z\u00e9si ter\u00fclet.<\/strong><\/p>\n<p>&nbsp;<\/p>\n<\/div>\n<\/div><\/div>\n<\/div>\n<\/div>\n<\/div>\n<\/div>\n<\/div>\n<div id=\"cmsmasters_row_7bm53vt4ns\" class=\"cmsmasters_row cmsmasters_color_scheme_default cmsmasters_row_top_default cmsmasters_row_bot_default cmsmasters_row_boxed\">\n<div class=\"cmsmasters_row_outer_parent\">\n<div class=\"cmsmasters_row_outer\">\n<div class=\"cmsmasters_row_inner\">\n<div class=\"cmsmasters_row_margin\">\n<div id=\"cmsmasters_column_y6zdr26hiy\" class=\"cmsmasters_column one_first\">\n<div class=\"cmsmasters_column_inner\"><\/div><\/div>\n<\/div>\n<\/div>\n<\/div>\n<\/div>\n<\/div>\n\n","protected":false},"excerpt":{"rendered":"","protected":false},"author":1,"featured_media":0,"parent":0,"menu_order":0,"comment_status":"closed","ping_status":"closed","template":"","meta":{"footnotes":""},"class_list":["post-19810","page","type-page","status-publish","hentry"],"yoast_head":"<!-- This site is optimized with the Yoast SEO plugin v26.2 - https:\/\/yoast.com\/wordpress\/plugins\/seo\/ -->\n<title>Egy\u00fcttm\u0171k\u00f6d\u00e9si meg\u00e1llapod\u00e1sok - Sz\u00e9k\u00e1cs J\u00f3zsef Evang\u00e9likus \u00d3voda, \u00c1ltal\u00e1nos Iskola \u00e9s Gimn\u00e1zium<\/title>\n<meta name=\"robots\" content=\"index, follow, max-snippet:-1, max-image-preview:large, max-video-preview:-1\" \/>\n<link rel=\"canonical\" href=\"https:\/\/szekacs.lutheran.hu\/iskola\/egyuttmukodesi-megallapodasok\/\" \/>\n<meta property=\"og:locale\" content=\"hu_HU\" \/>\n<meta property=\"og:type\" content=\"article\" \/>\n<meta property=\"og:title\" content=\"Egy\u00fcttm\u0171k\u00f6d\u00e9si meg\u00e1llapod\u00e1sok - Sz\u00e9k\u00e1cs J\u00f3zsef Evang\u00e9likus \u00d3voda, \u00c1ltal\u00e1nos Iskola \u00e9s Gimn\u00e1zium\" \/>\n<meta property=\"og:url\" content=\"https:\/\/szekacs.lutheran.hu\/iskola\/egyuttmukodesi-megallapodasok\/\" \/>\n<meta property=\"og:site_name\" content=\"Sz\u00e9k\u00e1cs J\u00f3zsef Evang\u00e9likus \u00d3voda, \u00c1ltal\u00e1nos Iskola \u00e9s Gimn\u00e1zium\" \/>\n<meta property=\"article:modified_time\" content=\"2025-10-14T12:52:58+00:00\" \/>\n<meta name=\"twitter:card\" content=\"summary_large_image\" \/>\n<meta name=\"twitter:label1\" content=\"Becs\u00fclt olvas\u00e1si id\u0151\" \/>\n\t<meta name=\"twitter:data1\" content=\"11 perc\" \/>\n<script type=\"application\/ld+json\" class=\"yoast-schema-graph\">{\"@context\":\"https:\/\/schema.org\",\"@graph\":[{\"@type\":\"WebPage\",\"@id\":\"https:\/\/szekacs.lutheran.hu\/iskola\/egyuttmukodesi-megallapodasok\/\",\"url\":\"https:\/\/szekacs.lutheran.hu\/iskola\/egyuttmukodesi-megallapodasok\/\",\"name\":\"Egy\u00fcttm\u0171k\u00f6d\u00e9si meg\u00e1llapod\u00e1sok - Sz\u00e9k\u00e1cs J\u00f3zsef Evang\u00e9likus \u00d3voda, \u00c1ltal\u00e1nos Iskola \u00e9s Gimn\u00e1zium\",\"isPartOf\":{\"@id\":\"https:\/\/szekacs.lutheran.hu\/iskola\/#website\"},\"datePublished\":\"2019-12-13T11:11:44+00:00\",\"dateModified\":\"2025-10-14T12:52:58+00:00\",\"breadcrumb\":{\"@id\":\"https:\/\/szekacs.lutheran.hu\/iskola\/egyuttmukodesi-megallapodasok\/#breadcrumb\"},\"inLanguage\":\"hu\",\"potentialAction\":[{\"@type\":\"ReadAction\",\"target\":[\"https:\/\/szekacs.lutheran.hu\/iskola\/egyuttmukodesi-megallapodasok\/\"]}]},{\"@type\":\"BreadcrumbList\",\"@id\":\"https:\/\/szekacs.lutheran.hu\/iskola\/egyuttmukodesi-megallapodasok\/#breadcrumb\",\"itemListElement\":[{\"@type\":\"ListItem\",\"position\":1,\"name\":\"Home\",\"item\":\"https:\/\/szekacs.lutheran.hu\/iskola\/\"},{\"@type\":\"ListItem\",\"position\":2,\"name\":\"Egy\u00fcttm\u0171k\u00f6d\u00e9si meg\u00e1llapod\u00e1sok\"}]},{\"@type\":\"WebSite\",\"@id\":\"https:\/\/szekacs.lutheran.hu\/iskola\/#website\",\"url\":\"https:\/\/szekacs.lutheran.hu\/iskola\/\",\"name\":\"Sz\u00e9k\u00e1cs J\u00f3zsef Evang\u00e9likus \u00d3voda, \u00c1ltal\u00e1nos Iskola \u00e9s Gimn\u00e1zium\",\"description\":\"\",\"potentialAction\":[{\"@type\":\"SearchAction\",\"target\":{\"@type\":\"EntryPoint\",\"urlTemplate\":\"https:\/\/szekacs.lutheran.hu\/iskola\/?s={search_term_string}\"},\"query-input\":{\"@type\":\"PropertyValueSpecification\",\"valueRequired\":true,\"valueName\":\"search_term_string\"}}],\"inLanguage\":\"hu\"}]}<\/script>\n<!-- \/ Yoast SEO plugin. -->","yoast_head_json":{"title":"Egy\u00fcttm\u0171k\u00f6d\u00e9si meg\u00e1llapod\u00e1sok - Sz\u00e9k\u00e1cs J\u00f3zsef Evang\u00e9likus \u00d3voda, \u00c1ltal\u00e1nos Iskola \u00e9s Gimn\u00e1zium","robots":{"index":"index","follow":"follow","max-snippet":"max-snippet:-1","max-image-preview":"max-image-preview:large","max-video-preview":"max-video-preview:-1"},"canonical":"https:\/\/szekacs.lutheran.hu\/iskola\/egyuttmukodesi-megallapodasok\/","og_locale":"hu_HU","og_type":"article","og_title":"Egy\u00fcttm\u0171k\u00f6d\u00e9si meg\u00e1llapod\u00e1sok - Sz\u00e9k\u00e1cs J\u00f3zsef Evang\u00e9likus \u00d3voda, \u00c1ltal\u00e1nos Iskola \u00e9s Gimn\u00e1zium","og_url":"https:\/\/szekacs.lutheran.hu\/iskola\/egyuttmukodesi-megallapodasok\/","og_site_name":"Sz\u00e9k\u00e1cs J\u00f3zsef Evang\u00e9likus \u00d3voda, \u00c1ltal\u00e1nos Iskola \u00e9s Gimn\u00e1zium","article_modified_time":"2025-10-14T12:52:58+00:00","twitter_card":"summary_large_image","twitter_misc":{"Becs\u00fclt olvas\u00e1si id\u0151":"11 perc"},"schema":{"@context":"https:\/\/schema.org","@graph":[{"@type":"WebPage","@id":"https:\/\/szekacs.lutheran.hu\/iskola\/egyuttmukodesi-megallapodasok\/","url":"https:\/\/szekacs.lutheran.hu\/iskola\/egyuttmukodesi-megallapodasok\/","name":"Egy\u00fcttm\u0171k\u00f6d\u00e9si meg\u00e1llapod\u00e1sok - Sz\u00e9k\u00e1cs J\u00f3zsef Evang\u00e9likus \u00d3voda, \u00c1ltal\u00e1nos Iskola \u00e9s Gimn\u00e1zium","isPartOf":{"@id":"https:\/\/szekacs.lutheran.hu\/iskola\/#website"},"datePublished":"2019-12-13T11:11:44+00:00","dateModified":"2025-10-14T12:52:58+00:00","breadcrumb":{"@id":"https:\/\/szekacs.lutheran.hu\/iskola\/egyuttmukodesi-megallapodasok\/#breadcrumb"},"inLanguage":"hu","potentialAction":[{"@type":"ReadAction","target":["https:\/\/szekacs.lutheran.hu\/iskola\/egyuttmukodesi-megallapodasok\/"]}]},{"@type":"BreadcrumbList","@id":"https:\/\/szekacs.lutheran.hu\/iskola\/egyuttmukodesi-megallapodasok\/#breadcrumb","itemListElement":[{"@type":"ListItem","position":1,"name":"Home","item":"https:\/\/szekacs.lutheran.hu\/iskola\/"},{"@type":"ListItem","position":2,"name":"Egy\u00fcttm\u0171k\u00f6d\u00e9si meg\u00e1llapod\u00e1sok"}]},{"@type":"WebSite","@id":"https:\/\/szekacs.lutheran.hu\/iskola\/#website","url":"https:\/\/szekacs.lutheran.hu\/iskola\/","name":"Sz\u00e9k\u00e1cs J\u00f3zsef Evang\u00e9likus \u00d3voda, \u00c1ltal\u00e1nos Iskola \u00e9s Gimn\u00e1zium","description":"","potentialAction":[{"@type":"SearchAction","target":{"@type":"EntryPoint","urlTemplate":"https:\/\/szekacs.lutheran.hu\/iskola\/?s={search_term_string}"},"query-input":{"@type":"PropertyValueSpecification","valueRequired":true,"valueName":"search_term_string"}}],"inLanguage":"hu"}]}},"_links":{"self":[{"href":"https:\/\/szekacs.lutheran.hu\/iskola\/wp-json\/wp\/v2\/pages\/19810","targetHints":{"allow":["GET"]}}],"collection":[{"href":"https:\/\/szekacs.lutheran.hu\/iskola\/wp-json\/wp\/v2\/pages"}],"about":[{"href":"https:\/\/szekacs.lutheran.hu\/iskola\/wp-json\/wp\/v2\/types\/page"}],"author":[{"embeddable":true,"href":"https:\/\/szekacs.lutheran.hu\/iskola\/wp-json\/wp\/v2\/users\/1"}],"replies":[{"embeddable":true,"href":"https:\/\/szekacs.lutheran.hu\/iskola\/wp-json\/wp\/v2\/comments?post=19810"}],"version-history":[{"count":8,"href":"https:\/\/szekacs.lutheran.hu\/iskola\/wp-json\/wp\/v2\/pages\/19810\/revisions"}],"predecessor-version":[{"id":33000,"href":"https:\/\/szekacs.lutheran.hu\/iskola\/wp-json\/wp\/v2\/pages\/19810\/revisions\/33000"}],"wp:attachment":[{"href":"https:\/\/szekacs.lutheran.hu\/iskola\/wp-json\/wp\/v2\/media?parent=19810"}],"curies":[{"name":"wp","href":"https:\/\/api.w.org\/{rel}","templated":true}]}}