{"id":19805,"date":"2019-12-13T10:58:09","date_gmt":"2019-12-13T10:58:09","guid":{"rendered":"https:\/\/szekacs.lutheran.hu\/iskola\/?page_id=19805"},"modified":"2020-10-22T12:05:04","modified_gmt":"2020-10-22T12:05:04","slug":"dok-munkaterv-2020-2021","status":"publish","type":"page","link":"https:\/\/szekacs.lutheran.hu\/iskola\/dok-munkaterv-2020-2021\/","title":{"rendered":"D\u00d6K Munkaterv  &#8211; 2020\/2021."},"content":{"rendered":"<div id=\"cmsmasters_row_9f4qscaft\" class=\"cmsmasters_row cmsmasters_color_scheme_default cmsmasters_row_top_default cmsmasters_row_bot_default cmsmasters_row_boxed\">\n<div class=\"cmsmasters_row_outer_parent\">\n<div class=\"cmsmasters_row_outer\">\n<div class=\"cmsmasters_row_inner\">\n<div class=\"cmsmasters_row_margin\">\n<div id=\"cmsmasters_column_9d3n648rho\" class=\"cmsmasters_column one_first\">\n<div class=\"cmsmasters_column_inner\"><div id=\"cmsmasters_heading_w0vv1l24x\" class=\"cmsmasters_heading_wrap cmsmasters_heading_align_left\">\n\t<h1 class=\"cmsmasters_heading\">A Di\u00e1k\u00f6nkorm\u00e1nyzat 2020-2021-es munkaterve <\/h1>\n<\/div><div class=\"cmsmasters_img  cmsmasters_image_l\"><img decoding=\"async\" src=\"https:\/\/szekacs.lutheran.hu\/iskola\/wp-content\/uploads\/2015\/04\/67F3F4728A7E1EE0D41B5F00BF650076E67E200CC98451EF9Epimgpsh_fullsize_distr.png\" alt=\"Picture\" \/><\/div><div class=\"custom_html\">\n<p>&nbsp;<\/p>\n<\/div>\n<div class=\"cmsmasters_text\">\n<p><strong>Egym\u00e1s terh\u00e9t hordozz\u00e1tok, \u00e9s \u00edgy t\u00f6lts\u00e9tek be a Krisztus t\u00f6rv\u00e9ny\u00e9t. <\/strong><strong>\/Gal.6,2\/<\/strong><\/p>\n<p><em>\u00a0<\/em>Iskol\u00e1nk di\u00e1k\u00f6nkorm\u00e1nyzata, a D\u00d6K, alulr\u00f3l \u00e9p\u00edtkez\u0151, kereszt\u00e9ny elvekre \u00e9p\u00fcl\u0151 k\u00f6z\u00f6ss\u00e9gi szervezet, tev\u00e9kenys\u00e9ge a tanul\u00f3kat \u00e9rint\u0151 valamennyi k\u00e9rd\u00e9sre kiterjed.<\/p>\n<p>Feladatul t\u0171zt\u00fck ki az iskola di\u00e1ks\u00e1g\u00e1nak \u00e9rdekk\u00e9pviselet\u00e9t, \u00e9rdekv\u00e9delm\u00e9t, az iskola szellemis\u00e9g\u00e9hez igazodva a kereszt\u00e9ny \u00e9rt\u00e9kek k\u00f6zvet\u00edt\u00e9s\u00e9t, az iskolai k\u00f6z\u00f6ss\u00e9gi \u00e9let szervez\u00e9s\u00e9t, min\u00e9l sz\u00ednvonalasabb\u00e1 t\u00e9tel\u00e9t, a di\u00e1ks\u00e1got \u00e9rint\u0151 valamennyi program seg\u00edt\u00e9s\u00e9t, n\u00e9pszer\u0171s\u00edt\u00e9s\u00e9t, kapcsolattart\u00e1st \u00e9s egy\u00fcttm\u0171k\u00f6d\u00e9s a v\u00e1rosi Gyermek \u00e9s Ifj\u00fas\u00e1gi \u00d6nkorm\u00e1nyzattal \u00e9s karitat\u00edv tev\u00e9kenys\u00e9get is.<\/p>\n<p>Havi \u00f6sszej\u00f6veteleinken k\u00e9r\u00e9seinket, javaslatainkat terjesztj\u00fck el\u0151, melyre k\u00f6z\u00f6s megold\u00e1st igyeksz\u00fcnk tal\u00e1lni.<\/p>\n<p>A D\u00d6K di\u00e1kvezet\u0151s\u00e9ge \u00e1lland\u00f3 vezet\u0151s\u00e9gi tagokkal \u00fcl\u00e9sezik, \u00e9s \u00edgy a feladatokat sokkal hat\u00e9konyabban tudjuk beosztani \u00e9s megoldani.<\/p>\n<p>A D\u00d6K magj\u00e1t az IDB \/Iskolai Di\u00e1kbizotts\u00e1g\/ tagok jelentik, oszt\u00e1lyonk\u00e9nt 1-1 f\u0151, \u0151k rendelkeznek az oszt\u00e1lyuk k\u00e9pviseleti \u00e9s szavazati jogaival, \u0151k a f\u0151 szervez\u0151k.<\/p>\n<p>Ezen k\u00edv\u00fcl a D\u00d6K-\u00f6s\u00f6k, oszt\u00e1lyonk\u00e9nt 1-1 f\u0151, pedig mindebben seg\u00e9dkeznek. A tavalyi tan\u00e9vt\u0151l \u0151k nem \u00e1lland\u00f3 szem\u00e9lyek, hanem minden gy\u0171l\u00e9s alkalm\u00e1val m\u00e1s-m\u00e1s di\u00e1kok, \u00edgy a tan\u00e9vben mindenkire r\u00e1ker\u00fclhet a sor, rem\u00e9lv\u00e9n, hogy kedvet kapnak a di\u00e1k\u00e9letben val\u00f3 akt\u00edv k\u00f6zrem\u0171k\u00f6d\u00e9shez.<\/p>\n<p>Az \u00e1ltal\u00e1nos- \u00e9s k\u00f6z\u00e9piskolai di\u00e1kok rendezv\u00e9nyeinek megszervez\u00e9s\u00e9ben \u00e9s lebonyol\u00edt\u00e1s\u00e1ban a d\u00f6k\u00f6s\u00f6k\u00f6n k\u00edv\u00fcl oszt\u00e1lyk\u00f6z\u00f6ss\u00e9gek is beseg\u00edtenek.<\/p>\n<p><strong><em>Rendezv\u00e9nyeinket eddig h\u00e1rom korcsoportban tartottuk, de a v\u00edrus helyzet \u00e9s a v\u00e1ltoz\u00f3 rendelkez\u00e9sek ezt b\u00e1rmikor fel\u00fcl\u00edrhatj\u00e1k.<\/em><\/strong><\/p>\n<p>&nbsp;<\/p>\n<p>Az Orosh\u00e1zi Gyermek \u2013\u00e9s Ifj\u00fas\u00e1gi \u00d6nkorm\u00e1nyzat \/a GYI\u00d6K\/ di\u00e1kpolg\u00e1rmester-helyettese iskol\u00e1nk tanul\u00f3ja, <em>T\u00f3th Loretta<\/em>, k\u00e9pviseli iskol\u00e1nkat v\u00e1rosi \u00e9s megyei ifj\u00fas\u00e1gi f\u00f3rumokon.<\/p>\n<p><strong>A D\u00d6K tervezett programja a 2020\/2021-es tan\u00e9vben<\/strong><\/p>\n<p>&nbsp;<\/p>\n<table>\n<tbody>\n<tr>\n<td width=\"135\"><strong>Id\u0151pont<\/strong><\/td>\n<td width=\"179\"><strong>Programok <\/strong><\/td>\n<td width=\"252\"><strong>Seg\u00edt\u0151k<\/strong><\/td>\n<\/tr>\n<tr>\n<td width=\"135\"><strong>Szeptember 8. <\/strong><\/td>\n<td width=\"179\">Alakul\u00f3 \u00fcl\u00e9s: tiszt\u00faj\u00edt\u00e1s, \u00e9ves program, munkaterv \u00f6ssze\u00e1ll\u00edt\u00e1sa<\/td>\n<td width=\"252\">IDB tagok, D\u00d6K vezet\u0151k, k\u00e9pvisel\u0151k<\/td>\n<\/tr>\n<tr>\n<td width=\"135\"><strong>Szeptember 16-30. <\/strong><\/td>\n<td width=\"179\">\u0150szi focibajnoks\u00e1g<\/p>\n<p>ALS\u00d3+FELS\u0150<\/td>\n<td width=\"252\">D\u00d6K vezet\u0151k+ Zsoldi Lajos<\/td>\n<\/tr>\n<tr>\n<td width=\"135\"><strong>Szeptember 18. <\/strong><\/td>\n<td width=\"179\">Logikaszin\u00f3<\/td>\n<td width=\"252\">D\u00d6K vezet\u0151k + Kort\u00e1rs seg\u00edt\u0151 csoportosok<\/td>\n<\/tr>\n<tr>\n<td width=\"135\"><strong>Okt\u00f3ber 2.<\/strong><\/td>\n<td width=\"179\">M\u00f3ricka-b\u00e1l<\/td>\n<td width=\"252\">10\/6+10\/4<\/td>\n<\/tr>\n<tr>\n<td width=\"135\"><strong>Okt\u00f3ber 5. <\/strong><\/td>\n<td width=\"179\">D\u00d6K gy\u0171l\u00e9s<\/td>\n<td width=\"252\">D\u00d6K k\u00e9pvisel\u0151k<\/td>\n<\/tr>\n<tr>\n<td width=\"135\"><strong>Okt\u00f3ber 6-november 4.<\/strong><\/td>\n<td width=\"179\">D\u00d6K Log\u00f3 digitaliz\u00e1l\u00f3 p\u00e1ly\u00e1zat<\/td>\n<td width=\"252\">D\u00d6K vezet\u0151k, k\u00e9pvisel\u0151k<\/td>\n<\/tr>\n<tr>\n<td width=\"135\"><strong>Okt\u00f3ber 8-11<\/strong><\/p>\n<p><strong>Okt\u00f3ber 9.<\/strong><\/td>\n<td width=\"179\">72 \u00f3ra<\/p>\n<p>\u0150szi kupakgy\u0171jt\u00e9s<\/td>\n<td width=\"252\">D\u00d6K vezet\u0151k<\/td>\n<\/tr>\n<tr>\n<td width=\"135\"><strong>November 2.<\/strong><\/td>\n<td width=\"179\">D\u00d6K gy\u0171l\u00e9s<\/td>\n<td width=\"252\">D\u00d6K k\u00e9pvisel\u0151k<\/td>\n<\/tr>\n<tr>\n<td width=\"135\"><strong>November 20.<\/strong><\/td>\n<td width=\"179\">Logikaszin\u00f3<\/td>\n<td width=\"252\">D\u00d6K vezet\u0151k<\/td>\n<\/tr>\n<tr>\n<td width=\"135\"><strong>December 1.<\/strong><\/p>\n<p><strong>\u00a0<\/strong><\/td>\n<td width=\"179\">D\u00d6K gy\u0171l\u00e9s<\/td>\n<td width=\"252\">D\u00d6K k\u00e9pvisel\u0151k<\/p>\n<p>&nbsp;<\/td>\n<\/tr>\n<tr>\n<td width=\"135\"><strong>December k\u00f6zepe<\/strong><\/td>\n<td width=\"179\">Adom\u00e1nygy\u0171jt\u00e9s-OKIK klub<\/td>\n<td width=\"252\">Mindenki<\/td>\n<\/tr>\n<tr>\n<td width=\"135\"><strong>December 4.<\/strong><\/td>\n<td width=\"179\">Mikul\u00e1s k\u00e9zm\u0171ves ALS\u00d3<\/td>\n<td width=\"252\">8. \u00e9vfolyam<\/td>\n<\/tr>\n<tr>\n<td width=\"135\"><strong>December 14-18.<\/strong><\/td>\n<td width=\"179\">Kar\u00e1csonyi v\u00e1s\u00e1r<\/td>\n<td width=\"252\">6.a +6.b<\/td>\n<\/tr>\n<tr>\n<td width=\"135\"><strong>Janu\u00e1r 4.<\/strong><\/td>\n<td width=\"179\">D\u00d6K gy\u0171l\u00e9s<\/td>\n<td width=\"252\">D\u00d6K-k\u00e9pvisel\u0151k<\/td>\n<\/tr>\n<tr>\n<td width=\"135\"><strong>Janu\u00e1r 22. <\/strong><\/td>\n<td width=\"179\">Logikaszin\u00f3<\/td>\n<td width=\"252\">D\u00d6K vezet\u0151k<\/td>\n<\/tr>\n<tr>\n<td width=\"135\"><strong>Febru\u00e0r 1.<\/strong><\/td>\n<td width=\"179\">D\u00d6K gy\u0171l\u00e9s<\/p>\n<p>&nbsp;<\/td>\n<td width=\"252\">D\u00d6K-k\u00e9pvisel\u0151k<\/p>\n<p>&nbsp;<\/td>\n<\/tr>\n<tr>\n<td width=\"135\"><strong>Febru\u00e1r 19.<\/strong><\/td>\n<td width=\"179\">Farsang \u2013 ALS\u00d3+FELS\u0150+GIMI<\/td>\n<td width=\"252\">9\/4 \u00e9s 9\/6<\/td>\n<\/tr>\n<tr>\n<td width=\"135\"><strong>Febru\u00e1r 22.<\/strong><\/td>\n<td width=\"179\">K\u00f6zgy\u0171l\u00e9s 2-12 oszt\u00e1ly-\u00e9vfolyamonk\u00e9nt<\/td>\n<td width=\"252\">D\u00d6K vezet\u0151s\u00e9g + oszt\u00e1lyok k\u00e9pvisel\u0151i<\/td>\n<\/tr>\n<tr>\n<td width=\"135\"><strong>M\u00e1rcius 1.<\/strong><\/td>\n<td width=\"179\">D\u00d6K gy\u0171l\u00e9s<\/p>\n<p>&nbsp;<\/td>\n<td width=\"252\">D\u00d6K-k\u00e9pvisel\u0151k<\/td>\n<\/tr>\n<tr>\n<td width=\"135\"><strong>M\u00e1rcius 19.<\/strong><\/td>\n<td width=\"179\">Logikaszin\u00f3<\/td>\n<td width=\"252\">D\u00d6K vezet\u0151k<\/td>\n<\/tr>\n<tr>\n<td width=\"135\"><strong>H\u00fasv\u00e9t el\u0151tt<\/strong><\/p>\n<p><strong>\u00c1prilis 12.<\/strong><\/p>\n<p><strong>\u00a0<\/strong><\/td>\n<td width=\"179\">Adom\u00e1nygy\u0171jt\u00e9s-OKIK klub<\/p>\n<p>D\u00d6K gy\u0171l\u00e9s<\/td>\n<td width=\"252\">D\u00d6K-k\u00e9pvisel\u0151k<\/td>\n<\/tr>\n<tr>\n<td width=\"135\"><strong>\u00c1prilis 19 \u201323.<\/strong><\/p>\n<p><strong>\u00a0<\/strong><\/td>\n<td width=\"179\">Fenntarthat\u00f3s\u00e1gi t\u00e9mah\u00e9t<\/td>\n<td width=\"252\">D\u00d6K vezet\u0151k +\u00d6KO csoport<\/td>\n<\/tr>\n<tr>\n<td width=\"135\"><strong>\u00c1prilis 28 \u2013m\u00e1jus 5.<\/strong><\/p>\n<p><strong>\u00a0<\/strong><\/td>\n<td width=\"179\">Tavaszi focibajnoks\u00e1g<\/td>\n<td width=\"252\">D\u00d6K vezet\u0151k + Zsoldi Lajos<\/td>\n<\/tr>\n<tr>\n<td width=\"135\"><strong>M\u00e1jus 11.<\/strong><\/td>\n<td width=\"179\">D\u00d6K gy\u0171l\u00e9s<\/p>\n<p>&nbsp;<\/td>\n<td width=\"252\">D\u00d6K-k\u00e9pvisel\u0151k<\/td>\n<\/tr>\n<tr>\n<td width=\"135\"><strong>\u00a0<\/strong><\/p>\n<p><strong>M\u00e1jus v\u00e9ge<\/strong><\/td>\n<td width=\"179\">25 \u00f3ra sport \u2013jubileumi\u00a0 sportnap<\/td>\n<td width=\"252\">D\u00d6K vezet\u0151k+testnevel\u0151k<\/td>\n<\/tr>\n<tr>\n<td width=\"135\"><strong>M\u00e1jus 29. <\/strong><\/td>\n<td width=\"179\">Sz\u00e9k\u00e1cs 25<\/td>\n<td width=\"252\">D\u00d6K vezet\u0151s\u00e9g+ mindenki<\/td>\n<\/tr>\n<tr>\n<td width=\"135\"><strong>J\u00fanius 15.<\/strong><\/td>\n<td width=\"179\">D\u00d6K nap<\/td>\n<td width=\"252\">D\u00d6K vezet\u0151s\u00e9g+ mindenki<\/td>\n<\/tr>\n<\/tbody>\n<\/table>\n<p><em>\u00a0\u00a0\u00a0\u00a0\u00a0\u00a0\u00a0\u00a0\u00a0\u00a0\u00a0\u00a0\u00a0\u00a0\u00a0\u00a0\u00a0\u00a0\u00a0\u00a0\u00a0\u00a0\u00a0\u00a0\u00a0\u00a0\u00a0\u00a0\u00a0\u00a0\u00a0\u00a0\u00a0\u00a0\u00a0\u00a0\u00a0\u00a0\u00a0\u00a0\u00a0\u00a0\u00a0\u00a0\u00a0\u00a0\u00a0\u00a0\u00a0\u00a0\u00a0\u00a0\u00a0\u00a0\u00a0\u00a0\u00a0\u00a0\u00a0\u00a0\u00a0\u00a0\u00a0\u00a0\u00a0\u00a0\u00a0\u00a0\u00a0\u00a0\u00a0\u00a0 <\/em><\/p>\n<p><em>\u00a0<\/em><em>\u201e<\/em>Mindeddig megseg\u00edtett minket az \u00dar!\u201d-hissz\u00fck, tudjuk, valljuk \u00e9s v\u00e1rjuk, hogy ezut\u00e1n is \u00edgy t\u00f6rt\u00e9nik, mert a mostani t\u00e9nyleg neh\u00e9z \u00e9s bizonytalan helyzetben v\u00e9gleg csak r\u00e1 t\u00e1maszkodhatunk. J\u00f3 \u00f6tletek\u00e9rt, tan\u00e1csok\u00e9rt, \u00fatmutat\u00e1sok\u00e9rt \u00e9s emberek\u00e9rt.<\/p>\n<p>M\u00e1r az \u00e9v elej\u00e9n is \u00e9reztem ezt a seg\u00edts\u00e9get, hisz Szigethy P\u00e9ter vezet\u0151nk befejezte a k\u00f6z\u00e9piskolai tanulm\u00e1nyait \u00e9s helyette kellett keresn\u00fcnk embert, akit meg is tal\u00e1ltunk (T\u00f6r\u00f6k Vir\u00e1g lemond\u00e1sa ut\u00e1n) T\u00f3th Loretta szem\u00e9ly\u00e9ben. \u00c1ltal\u00e1nos iskolai helyettes is kellett. K\u00e9t lelkes \u00f6t\u00f6dik a-s gyermek v\u00e1llalta ezt a feladatot: K\u00e1s\u00e1s Bianka \u00e9s M\u00e1t\u00e9 Z\u00e9t\u00e9ny.<\/p>\n<p><u>A D\u00d6K di\u00e1k vezet\u0151s\u00e9ge<\/u>:<\/p>\n<h1>Vezet\u0151: T\u00f3th Loretta 9\/6<\/h1>\n<p>helyettes- gimn\u00e1zium: Heged\u0171s Regina 9\/6<\/p>\n<p>helyettes- \u00e1ltal\u00e1nos iskola: K\u00e1s\u00e1s Bianka 5.a\u00a0\u00a0 \u00e9s M\u00e1t\u00e9 Z\u00e9t\u00e9ny 5.a<\/p>\n<p>GYI\u00d6K k\u00e9pvisel\u0151: T\u00f3th Loretta 9\/6<\/p>\n<p><u>A D\u00d6K gy\u0171l\u00e9sek id\u0151pontjai:<\/u><\/p>\n<h2>&#8211; Minden h\u00f3nap els\u0151 h\u00e9tf\u0151je az IDB \u00e9s az oszt\u00e1lyok k\u00fcld\u00f6tteinek, 14:15, 9\/6-os terem<\/h2>\n<p>&#8211; IDB gy\u0171l\u00e9s b\u00e1rmikor \u00f6sszeh\u00edvhat\u00f3<\/p>\n<p>Az els\u0151 \u00fcl\u00e9sen megszavaztuk az \u00faj tiszts\u00e9gvisel\u0151ket \u00e9s elkezdt\u00fck a k\u00f6z\u00f6s egy\u00fctt gondolkod\u00e1st, a di\u00e1k\u00e9let szervez\u00e9s\u00e9t az eg\u00e9sz tan\u00e9vre.<\/p>\n<p>Az iskolai \u00f6ko csoportnak a di\u00e1k\u00f6nkorm\u00e1nyzat is tagja. \u00d6tletekkel \u00e9s akt\u00edv k\u00f6zrem\u0171k\u00f6d\u00e9s felaj\u00e1nl\u00e1s\u00e1val kapcsol\u00f3dtunk be a csoport munk\u00e1j\u00e1ba \u00e9s a r\u00e1nk b\u00edzott feladatot igyeksz\u00fcnk j\u00f3l elv\u00e9gezni.<\/p>\n<p>A karitat\u00edv tev\u00e9kenys\u00e9get is feladat\u00e1nak \u00e9rzi a di\u00e1k\u00f6nkorm\u00e1nyzat. Adom\u00e1nyokat, tart\u00f3s \u00e9lelmiszert gy\u0171jt\u00fcnk majd az adventi \u00e9s a b\u00f6jti id\u0151szakba a nagyszalontai \u00e1rvah\u00e1znak kapcsolatot tartva az OKIK klub vezet\u0151j\u00e9vel B\u00e1nkin\u00e9 Dr. Borb\u00e9ly M\u00e1ri\u00e1val.<\/p>\n<p>Tanul\u00f3ink kompetenci\u00e1j\u00e1nak fejleszt\u00e9se kiemelt oktat\u00e1si feladat. Ez\u00e9rt a D\u00d6K \u00fagy \u00e9rzi, hogy minden m\u00e1sodik h\u00f3napban egy alkalommal \u201eLogikaszin\u00f3\u201d szervez\u00e9s\u00e9vel hozz\u00e1j\u00e1rulhat ehhez.<\/p>\n<p>A tov\u00e1bbtanul\u00e1si b\u00f6rz\u00e9n B\u00e9k\u00e9scsab\u00e1n m\u00e1r tavaly is jelen voltunk \u00e9s az id\u00e9n is nagyon sz\u00edvesen megy\u00fcnk \u00e9s k\u00e9pviselj\u00fck az iskol\u00e1t, ahogyan a ny\u00edlt napon is bemutatjuk a D\u00d6K munk\u00e1j\u00e1t, az iskolai di\u00e1k\u00e9letet.<\/p>\n<p>Az id\u00e9n is megh\u00edv\u00e1st kaptunk az Evang\u00e9likus Di\u00e1kparlamentre szeptember v\u00e9g\u00e9re, de sajnos a v\u00edrushelyzet miatt elmarad.<\/p>\n<p>A M\u00f3ricka\u2013b\u00e1l fontos eleme az iskolai \u00e9letnek, hisz ekkor ker\u00fclnek felavat\u00e1sra a gimn\u00e1zium kilencedikes tanul\u00f3i vicces, j\u00e1t\u00e9kos form\u00e1ban. Az id\u00e9n szabadt\u00e9ri rendezv\u00e9nyt tervez\u00fcnk, k\u00f6z\u00f6ns\u00e9g n\u00e9lk\u00fcl.<\/p>\n<p>A 72 \u00f3ra keretein bel\u00fcl kupakot is gy\u0171jt\u00fcnk, melyet beteg gyerekeknek tov\u00e1bb\u00edtunk. Tervez\u00fcnk egy \u00e1lland\u00f3 \u201ekupakpont\u201d fel\u00e1ll\u00edt\u00e1s\u00e1t, melyhez kivitelez\u0151t keres\u00fcnk.<\/p>\n<p>Mindenfajta iskolai rendezv\u00e9ny szervez\u00e9s\u00e9ben, lebonyol\u00edt\u00e1s\u00e1ban, ismertet\u00e9s\u00e9ben \u00e9s n\u00e9pszer\u0171s\u00edt\u00e9s\u00e9ben is seg\u00edt\u0151 kezet k\u00edv\u00e1nunk ny\u00fajtani.<\/p>\n<p>Szeretn\u00e9nk kihaszn\u00e1lni a sportp\u00e1ly\u00e1t, sportd\u00e9lut\u00e1n, focibajnoks\u00e1g szervez\u00e9s\u00e9n\u00e9l, \u00f6sszedolgozva a testnevel\u0151kkel. H\u00e1tha a tavasszal meg tud val\u00f3sulni.<\/p>\n<p>A Mikul\u00e1s k\u00e9zm\u0171ves d\u00e9lut\u00e1n az id\u00e9n is a nyolcadik \u00e9vfolyam reszortja lesz.<\/p>\n<p>A kar\u00e1csonyi v\u00e1s\u00e1r marad a hatodikosok feladata, finoms\u00e1gokkal, apr\u00f3 aj\u00e1nd\u00e9kokkal \u00e9s \u00fajrahasznos\u00edtott term\u00e9kekkel.<\/p>\n<p>A hagyom\u00e1nyos febru\u00e1ri D\u00d6K k\u00f6zgy\u0171l\u00e9st egy\u00fctt bonyol\u00edtjuk le, \u00fagy, hogy az \u00e9vfolyamok k\u00f6z\u00f6sen k\u00e9sz\u00fclnek. A k\u00f6sz\u00f6n\u0151 szavak ut\u00e1n a di\u00e1k\u00f6nkorm\u00e1nyzat vezet\u0151s\u00e9ge egy prezent\u00e1ci\u00f3 seg\u00edts\u00e9g\u00e9vel besz\u00e1mol az els\u0151 f\u00e9l\u00e9ves munk\u00e1r\u00f3l \u00e9s t\u00e1j\u00e9koztat a tov\u00e1bbi tervekr\u0151l is. \u00a0Ezt k\u00f6vet\u0151en a di\u00e1kok v\u00e9lem\u00e9nyez\u00e9si \u00e9s javaslatt\u00e9teli jogukkal \u00e9lve mondj\u00e1k el gondolataikat, melyre az iskola igazgat\u00f3ja v\u00e1laszol.<\/p>\n<p>Farsangot a r\u00e9gi menetrend szerint, k\u00e9t korcsoportban rendez\u00fcnk als\u00f3 \u00e9s fels\u0151s-gimis \u00e9vfolyamoknak.\u00a0 Bev\u00e1lt kezdem\u00e9nyez\u00e9s, hogy az als\u00f3sok oszt\u00e1lyonk\u00e9nt farsangolnak k\u00f6z\u00f6s discoval. A fels\u0151s\u00f6k \u00e9s a gimnazist\u00e1k oszt\u00e1lyprodukci\u00f3kkal k\u00e9sz\u00fclnek, mellyel k\u00f6zelebb hozhatjuk egym\u00e1shoz az \u00e9vfolyamokat, er\u0151s\u00edthetj\u00fck oszt\u00e1lyk\u00f6z\u00f6ss\u00e9geket. \u00d6ko iskolak\u00e9nt, \u201e\u00f6kojelmez\u201d\u00a0 kateg\u00f3ri\u00e1t is ind\u00edtunk a jelmezversenyen.<\/p>\n<p>A suli-b\u00e1l k\u00e9t\u00e9venk\u00e9nti sz\u00fcks\u00e9gess\u00e9g\u00e9t \u00e1tgondol\u00e1sra bocs\u00e1jtjuk, \u00a0\u00e9s egy k\u00e9s\u0151bbi gy\u0171l\u00e9sen szavazzuk meg (az id\u00e9n lenne aktu\u00e1lis a n\u00e9metek \u00e9rkez\u00e9se miatt).<\/p>\n<p>Sz\u00e9p hagyom\u00e1ny, hogy a ballag\u00f3 12-eseknek k\u00f6z\u00fcl a legakt\u00edvabb tagoknak aj\u00e1nd\u00e9kkal k\u00f6sz\u00f6nj\u00fck meg munk\u00e1jukat a tan\u00e9vz\u00e1r\u00f3n. \/D\u00d6K toll\/. \u00daj hagyom\u00e1ny pedig, hogy az adott tan\u00e9vben egy D\u00d6K log\u00f3s p\u00f3l\u00f3val k\u00f6sz\u00f6nj\u00fck meg k\u00e9t tanul\u00f3nak a lelkes munk\u00e1j\u00e1t.<\/p>\n<p>L\u00e9nyeges az egym\u00e1s k\u00f6z\u00f6tti kommunik\u00e1ci\u00f3, melynek egyik sz\u00edntere a D\u00d6K H\u00cdRMOND\u00d3 fali\u00fajs\u00e1g, ahol minden, a di\u00e1k\u00e9lettel kapcsolatos inform\u00e1ci\u00f3 teret fog kapni az id\u00e9n is. Tervezz\u00fck a honlap di\u00e1k\u00f6nkorm\u00e1nyzatos r\u00e9sz\u00e9nek friss\u00edt\u00e9s\u00e9t is.<\/p>\n<p>A di\u00e1k\u00e9let szervez\u00e9s\u00e9ben fontos a kapcsolattart\u00e1s di\u00e1k-di\u00e1k \u00e9s di\u00e1k &#8211; pedag\u00f3gus k\u00f6z\u00f6tt is, hisz ez a g\u00f6rd\u00fcl\u00e9keny szervez\u00e9s alapfelt\u00e9tele \u00edgy az id\u00e9n is j\u00f3 lenne, ha minden gy\u0171l\u00e9s ut\u00e1n az oszt\u00e1lyf\u0151n\u00f6k\u00f6k meghallgatn\u00e1k a d\u00f6k\u00f6s\u00f6k besz\u00e1mol\u00f3j\u00e1t.<\/p>\n<p>A tan\u00e9v utols\u00f3 esem\u00e9nye a D\u00d6K nap, melyre -figyelembe v\u00e9ve a di\u00e1ks\u00e1g ig\u00e9nyeit- mindannyian k\u00e9sz\u00fcl\u00fcnk.<\/p>\n<p>Kiemelt feladat az iskola 25. sz\u00fclet\u00e9s napj\u00e1nak m\u00e9lt\u00f3 meg\u00fcnnepl\u00e9se. 25 \u00f3r\u00e1s sport napot, \u201e\u00d6reg d\u00f6k\u00f6s\u201d tal\u00e1lkoz\u00f3t is tervez\u00fcnk, term\u00e9szetesen mindent a lehet\u0151s\u00e9gekhez m\u00e9rten.<\/p>\n<p>A munkatervb\u0151l \u00edgy kihagytam a l\u00e9pcs\u0151s \u00e9nekl\u00e9st \u00e9s a vet\u00e9lked\u0151t. Minden m\u00e1s is a\u201d HA\u201d f\u00fcggv\u00e9nye \u00e9s esetleges.<\/p>\n<p>Orosh\u00e1za, 2020. szeptember 9.<\/p>\n<p style=\"text-align: right;\">Fazekasn\u00e9 Jankov Ildik\u00f3 &#8211; Di\u00e1k\u00f6nkorm\u00e1nyzatot seg\u00edt\u0151 pedag\u00f3gus<\/p>\n<\/div>\n<\/div><\/div>\n<\/div>\n<\/div>\n<\/div>\n<\/div>\n<\/div>\n<div id=\"cmsmasters_row_7bm53vt4ns\" class=\"cmsmasters_row cmsmasters_color_scheme_default cmsmasters_row_top_default cmsmasters_row_bot_default cmsmasters_row_boxed\">\n<div class=\"cmsmasters_row_outer_parent\">\n<div class=\"cmsmasters_row_outer\">\n<div class=\"cmsmasters_row_inner\">\n<div class=\"cmsmasters_row_margin\">\n<div id=\"cmsmasters_column_y6zdr26hiy\" class=\"cmsmasters_column one_first\">\n<div class=\"cmsmasters_column_inner\"><\/div><\/div>\n<\/div>\n<\/div>\n<\/div>\n<\/div>\n<\/div>\n\n","protected":false},"excerpt":{"rendered":"","protected":false},"author":1,"featured_media":0,"parent":0,"menu_order":0,"comment_status":"closed","ping_status":"closed","template":"","meta":{"footnotes":""},"class_list":["post-19805","page","type-page","status-publish","hentry"],"yoast_head":"<!-- This site is optimized with the Yoast SEO plugin v26.2 - https:\/\/yoast.com\/wordpress\/plugins\/seo\/ -->\n<title>D\u00d6K Munkaterv - 2020\/2021. - Sz\u00e9k\u00e1cs J\u00f3zsef Evang\u00e9likus \u00d3voda, \u00c1ltal\u00e1nos Iskola \u00e9s Gimn\u00e1zium<\/title>\n<meta name=\"robots\" content=\"index, follow, max-snippet:-1, max-image-preview:large, max-video-preview:-1\" \/>\n<link rel=\"canonical\" href=\"https:\/\/szekacs.lutheran.hu\/iskola\/dok-munkaterv-2020-2021\/\" \/>\n<meta property=\"og:locale\" content=\"hu_HU\" \/>\n<meta property=\"og:type\" content=\"article\" \/>\n<meta property=\"og:title\" content=\"D\u00d6K Munkaterv - 2020\/2021. - Sz\u00e9k\u00e1cs J\u00f3zsef Evang\u00e9likus \u00d3voda, \u00c1ltal\u00e1nos Iskola \u00e9s Gimn\u00e1zium\" \/>\n<meta property=\"og:url\" content=\"https:\/\/szekacs.lutheran.hu\/iskola\/dok-munkaterv-2020-2021\/\" \/>\n<meta property=\"og:site_name\" content=\"Sz\u00e9k\u00e1cs J\u00f3zsef Evang\u00e9likus \u00d3voda, \u00c1ltal\u00e1nos Iskola \u00e9s Gimn\u00e1zium\" \/>\n<meta property=\"article:modified_time\" content=\"2020-10-22T12:05:04+00:00\" \/>\n<meta name=\"twitter:card\" content=\"summary_large_image\" \/>\n<meta name=\"twitter:label1\" content=\"Becs\u00fclt olvas\u00e1si id\u0151\" \/>\n\t<meta name=\"twitter:data1\" content=\"11 perc\" \/>\n<script type=\"application\/ld+json\" class=\"yoast-schema-graph\">{\"@context\":\"https:\/\/schema.org\",\"@graph\":[{\"@type\":\"WebPage\",\"@id\":\"https:\/\/szekacs.lutheran.hu\/iskola\/dok-munkaterv-2020-2021\/\",\"url\":\"https:\/\/szekacs.lutheran.hu\/iskola\/dok-munkaterv-2020-2021\/\",\"name\":\"D\u00d6K Munkaterv - 2020\/2021. - Sz\u00e9k\u00e1cs J\u00f3zsef Evang\u00e9likus \u00d3voda, \u00c1ltal\u00e1nos Iskola \u00e9s Gimn\u00e1zium\",\"isPartOf\":{\"@id\":\"https:\/\/szekacs.lutheran.hu\/iskola\/#website\"},\"datePublished\":\"2019-12-13T10:58:09+00:00\",\"dateModified\":\"2020-10-22T12:05:04+00:00\",\"breadcrumb\":{\"@id\":\"https:\/\/szekacs.lutheran.hu\/iskola\/dok-munkaterv-2020-2021\/#breadcrumb\"},\"inLanguage\":\"hu\",\"potentialAction\":[{\"@type\":\"ReadAction\",\"target\":[\"https:\/\/szekacs.lutheran.hu\/iskola\/dok-munkaterv-2020-2021\/\"]}]},{\"@type\":\"BreadcrumbList\",\"@id\":\"https:\/\/szekacs.lutheran.hu\/iskola\/dok-munkaterv-2020-2021\/#breadcrumb\",\"itemListElement\":[{\"@type\":\"ListItem\",\"position\":1,\"name\":\"Home\",\"item\":\"https:\/\/szekacs.lutheran.hu\/iskola\/\"},{\"@type\":\"ListItem\",\"position\":2,\"name\":\"D\u00d6K Munkaterv &#8211; 2020\/2021.\"}]},{\"@type\":\"WebSite\",\"@id\":\"https:\/\/szekacs.lutheran.hu\/iskola\/#website\",\"url\":\"https:\/\/szekacs.lutheran.hu\/iskola\/\",\"name\":\"Sz\u00e9k\u00e1cs J\u00f3zsef Evang\u00e9likus \u00d3voda, \u00c1ltal\u00e1nos Iskola \u00e9s Gimn\u00e1zium\",\"description\":\"\",\"potentialAction\":[{\"@type\":\"SearchAction\",\"target\":{\"@type\":\"EntryPoint\",\"urlTemplate\":\"https:\/\/szekacs.lutheran.hu\/iskola\/?s={search_term_string}\"},\"query-input\":{\"@type\":\"PropertyValueSpecification\",\"valueRequired\":true,\"valueName\":\"search_term_string\"}}],\"inLanguage\":\"hu\"}]}<\/script>\n<!-- \/ Yoast SEO plugin. -->","yoast_head_json":{"title":"D\u00d6K Munkaterv - 2020\/2021. - Sz\u00e9k\u00e1cs J\u00f3zsef Evang\u00e9likus \u00d3voda, \u00c1ltal\u00e1nos Iskola \u00e9s Gimn\u00e1zium","robots":{"index":"index","follow":"follow","max-snippet":"max-snippet:-1","max-image-preview":"max-image-preview:large","max-video-preview":"max-video-preview:-1"},"canonical":"https:\/\/szekacs.lutheran.hu\/iskola\/dok-munkaterv-2020-2021\/","og_locale":"hu_HU","og_type":"article","og_title":"D\u00d6K Munkaterv - 2020\/2021. - Sz\u00e9k\u00e1cs J\u00f3zsef Evang\u00e9likus \u00d3voda, \u00c1ltal\u00e1nos Iskola \u00e9s Gimn\u00e1zium","og_url":"https:\/\/szekacs.lutheran.hu\/iskola\/dok-munkaterv-2020-2021\/","og_site_name":"Sz\u00e9k\u00e1cs J\u00f3zsef Evang\u00e9likus \u00d3voda, \u00c1ltal\u00e1nos Iskola \u00e9s Gimn\u00e1zium","article_modified_time":"2020-10-22T12:05:04+00:00","twitter_card":"summary_large_image","twitter_misc":{"Becs\u00fclt olvas\u00e1si id\u0151":"11 perc"},"schema":{"@context":"https:\/\/schema.org","@graph":[{"@type":"WebPage","@id":"https:\/\/szekacs.lutheran.hu\/iskola\/dok-munkaterv-2020-2021\/","url":"https:\/\/szekacs.lutheran.hu\/iskola\/dok-munkaterv-2020-2021\/","name":"D\u00d6K Munkaterv - 2020\/2021. - Sz\u00e9k\u00e1cs J\u00f3zsef Evang\u00e9likus \u00d3voda, \u00c1ltal\u00e1nos Iskola \u00e9s Gimn\u00e1zium","isPartOf":{"@id":"https:\/\/szekacs.lutheran.hu\/iskola\/#website"},"datePublished":"2019-12-13T10:58:09+00:00","dateModified":"2020-10-22T12:05:04+00:00","breadcrumb":{"@id":"https:\/\/szekacs.lutheran.hu\/iskola\/dok-munkaterv-2020-2021\/#breadcrumb"},"inLanguage":"hu","potentialAction":[{"@type":"ReadAction","target":["https:\/\/szekacs.lutheran.hu\/iskola\/dok-munkaterv-2020-2021\/"]}]},{"@type":"BreadcrumbList","@id":"https:\/\/szekacs.lutheran.hu\/iskola\/dok-munkaterv-2020-2021\/#breadcrumb","itemListElement":[{"@type":"ListItem","position":1,"name":"Home","item":"https:\/\/szekacs.lutheran.hu\/iskola\/"},{"@type":"ListItem","position":2,"name":"D\u00d6K Munkaterv &#8211; 2020\/2021."}]},{"@type":"WebSite","@id":"https:\/\/szekacs.lutheran.hu\/iskola\/#website","url":"https:\/\/szekacs.lutheran.hu\/iskola\/","name":"Sz\u00e9k\u00e1cs J\u00f3zsef Evang\u00e9likus \u00d3voda, \u00c1ltal\u00e1nos Iskola \u00e9s Gimn\u00e1zium","description":"","potentialAction":[{"@type":"SearchAction","target":{"@type":"EntryPoint","urlTemplate":"https:\/\/szekacs.lutheran.hu\/iskola\/?s={search_term_string}"},"query-input":{"@type":"PropertyValueSpecification","valueRequired":true,"valueName":"search_term_string"}}],"inLanguage":"hu"}]}},"_links":{"self":[{"href":"https:\/\/szekacs.lutheran.hu\/iskola\/wp-json\/wp\/v2\/pages\/19805","targetHints":{"allow":["GET"]}}],"collection":[{"href":"https:\/\/szekacs.lutheran.hu\/iskola\/wp-json\/wp\/v2\/pages"}],"about":[{"href":"https:\/\/szekacs.lutheran.hu\/iskola\/wp-json\/wp\/v2\/types\/page"}],"author":[{"embeddable":true,"href":"https:\/\/szekacs.lutheran.hu\/iskola\/wp-json\/wp\/v2\/users\/1"}],"replies":[{"embeddable":true,"href":"https:\/\/szekacs.lutheran.hu\/iskola\/wp-json\/wp\/v2\/comments?post=19805"}],"version-history":[{"count":5,"href":"https:\/\/szekacs.lutheran.hu\/iskola\/wp-json\/wp\/v2\/pages\/19805\/revisions"}],"predecessor-version":[{"id":22716,"href":"https:\/\/szekacs.lutheran.hu\/iskola\/wp-json\/wp\/v2\/pages\/19805\/revisions\/22716"}],"wp:attachment":[{"href":"https:\/\/szekacs.lutheran.hu\/iskola\/wp-json\/wp\/v2\/media?parent=19805"}],"curies":[{"name":"wp","href":"https:\/\/api.w.org\/{rel}","templated":true}]}}