{"id":19729,"date":"2019-12-09T16:59:05","date_gmt":"2019-12-09T16:59:05","guid":{"rendered":"https:\/\/szekacs.lutheran.hu\/iskola\/?page_id=19729"},"modified":"2019-12-13T10:08:28","modified_gmt":"2019-12-13T10:08:28","slug":"konyvtar","status":"publish","type":"page","link":"https:\/\/szekacs.lutheran.hu\/iskola\/konyvtar\/","title":{"rendered":"K\u00f6nyvt\u00e1r"},"content":{"rendered":"<div id=\"cmsmasters_row_9f4qscaft\" class=\"cmsmasters_row cmsmasters_color_scheme_default cmsmasters_row_top_default cmsmasters_row_bot_default cmsmasters_row_boxed\">\n<div class=\"cmsmasters_row_outer_parent\">\n<div class=\"cmsmasters_row_outer\">\n<div class=\"cmsmasters_row_inner\">\n<div class=\"cmsmasters_row_margin\">\n<div id=\"cmsmasters_column_9d3n648rho\" class=\"cmsmasters_column one_first\">\n<div class=\"cmsmasters_column_inner\"><div id=\"cmsmasters_heading_w0vv1l24x\" class=\"cmsmasters_heading_wrap cmsmasters_heading_align_left\">\n\t<h1 class=\"cmsmasters_heading\">K\u00f6nyvt\u00e1r<\/h1>\n<\/div><div class=\"cmsmasters_img  cmsmasters_image_l\"><img decoding=\"async\" src=\"https:\/\/szekacs.lutheran.hu\/iskola\/wp-content\/uploads\/2015\/04\/67F3F4728A7E1EE0D41B5F00BF650076E67E200CC98451EF9Epimgpsh_fullsize_distr.png\" alt=\"Picture\" \/><\/div><div class=\"cmsmasters_text\">\n<p>&nbsp;<\/p>\n<p>&nbsp;<\/p>\n<p><strong>Iskol\u00e1nk k\u00f6nyvt\u00e1ra<\/strong><br \/>\n<img loading=\"lazy\" decoding=\"async\" class=\"alignleft wp-image-19730 size-thumbnail\" src=\"https:\/\/szekacs.lutheran.hu\/iskola\/wp-content\/uploads\/2019\/12\/konyvtar7-150x150.jpg\" alt=\"\" width=\"150\" height=\"150\" srcset=\"https:\/\/szekacs.lutheran.hu\/iskola\/wp-content\/uploads\/2019\/12\/konyvtar7-150x150.jpg 150w, https:\/\/szekacs.lutheran.hu\/iskola\/wp-content\/uploads\/2019\/12\/konyvtar7-75x75.jpg 75w\" sizes=\"auto, (max-width: 150px) 100vw, 150px\" \/>\u00a0K\u00f6nyvt\u00e1runk h\u00e1rom helyis\u00e9gb\u0151l \u00e1ll. A legnagyobb k\u00f6z\u00fcl\u00fck 30 f\u0151 befogad\u00e1s\u00e1ra alkalmas olvas\u00f3terem, ahol vide\u00f3t \u00e9s dvd-t is n\u00e9zhetnek. Ebben a helyis\u00e9gben tartjuk a k\u00f6nyvt\u00e1ri \u00f3r\u00e1kat is \u00e9s a h\u00e9tf\u0151i tan\u00e1ri \u00e1h\u00edtatot is. Az iskola k\u00f6nyvt\u00e1ri \u00e1llom\u00e1nya jelenleg tank\u00f6nyvekkel egy\u00fctt meghaladja a 10.000 db dokumentumot. A k\u00f6nyvt\u00e1ri \u00e1llom\u00e1ny az ut\u00f3bbi \u00e9vekben jelent\u0151s fejl\u0151d\u00e9st mutat ami k\u00f6sz\u00f6nhet\u0151 a fenntart\u00f3 egyh\u00e1zunknak \u00e9s a sikeresen meg\u00edrt p\u00e1ly\u00e1zatainknak.<br \/>\nK\u00f6nyvt\u00e1runk a Sziren integr\u00e1lt k\u00f6nyvt\u00e1rkezel\u0151 programot haszn\u00e1lja. A k\u00f6nyvt\u00e1rban 4db sz\u00e1m\u00edt\u00f3g\u00e9p van internet hozz\u00e1f\u00e9r\u00e9ssel. A 2007\/2008 -as tan\u00e9vben siker\u00fclt p\u00e1ly\u00e1zat \u00fatj\u00e1n lecser\u00e9lni r\u00e9gi polcainkat.<\/p>\n<p><strong>A k\u00f6nyvt\u00e1r szolg\u00e1ltat\u00e1sai<\/strong><br \/>\n<img loading=\"lazy\" decoding=\"async\" class=\"alignleft wp-image-19731 size-thumbnail\" src=\"https:\/\/szekacs.lutheran.hu\/iskola\/wp-content\/uploads\/2019\/12\/konyvtar1-150x150.jpg\" alt=\"\" width=\"150\" height=\"150\" srcset=\"https:\/\/szekacs.lutheran.hu\/iskola\/wp-content\/uploads\/2019\/12\/konyvtar1-150x150.jpg 150w, https:\/\/szekacs.lutheran.hu\/iskola\/wp-content\/uploads\/2019\/12\/konyvtar1-75x75.jpg 75w\" sizes=\"auto, (max-width: 150px) 100vw, 150px\" \/>Az iskolai k\u00f6nyvt\u00e1rban lehet\u0151s\u00e9g van az \u00e1llom\u00e1ny egy\u00e9ni \u00e9s csoportos haszn\u00e1lat\u00e1ra \u00e9s csoportos foglalkoz\u00e1sok megtart\u00e1s\u00e1ra. A k\u00f6nyvt\u00e1rban tartand\u00f3 csoportos foglalkoz\u00e1sokra el\u0151re meghat\u00e1rozott &#8211; \u00e9s a k\u00f6nyvt\u00e1rostan\u00e1r \u00e1ltal \u00f6ssze\u00e1ll\u00edtott &#8211; \u00fctemterv szerint ker\u00fcl sor.<br \/>\nAz iskolai k\u00f6nyvt\u00e1r dokumentumai k\u00f6z\u00fcl csak helyben haszn\u00e1lhat\u00f3k:<\/p>\n<p>&nbsp;<\/p>\n<ul>\n<li>k\u00e9zik\u00f6nyvt\u00e1ri k\u00f6nyvek<\/li>\n<li>foly\u00f3iratok<\/li>\n<li>audiovizu\u00e1lis, elektronikus inform\u00e1ci\u00f3hordoz\u00f3k<\/li>\n<\/ul>\n<p>&nbsp;<\/p>\n<p>A csak helyben haszn\u00e1lhat\u00f3 dokumentumokat a szaktan\u00e1rok egy-egy tan\u00edt\u00e1si \u00f3r\u00e1ra, indokolt esetben a k\u00f6nyvt\u00e1r z\u00e1r\u00e1sa \u00e9s nyit\u00e1sa k\u00f6z\u00f6tti id\u0151re kik\u00f6lcs\u00f6n\u00f6zhetik.<br \/>\nAz iskolai k\u00f6nyvt\u00e1r t\u00e1j\u00e9koztat\u00f3 szolg\u00e1lata keret\u00e9ben eligaz\u00edt\u00e1st ad a haszn\u00e1lat\u00e1hoz sz\u00fcks\u00e9ges ismeretekr\u0151l. Seg\u00edti a nevel\u0151ket \u00e9s a tanul\u00f3kat az iskolai munk\u00e1hoz sz\u00fcks\u00e9ges irodalom (inform\u00e1ci\u00f3k) kutat\u00e1s\u00e1ban.<\/p>\n<p>&nbsp;<\/p>\n<ul>\n<li>Seg\u00edts\u00e9gny\u00fajt\u00e1s bibliogr\u00e1fi\u00e1k \u00f6ssze\u00e1ll\u00edt\u00e1s\u00e1ban<\/li>\n<li>Internetes inform\u00e1ci\u00f3 keres\u00e9s<\/li>\n<\/ul>\n<p>&nbsp;<\/p>\n<p><strong>K\u00f6lcs\u00f6nz\u00e9s<\/strong><\/p>\n<p>&nbsp;<\/p>\n<ul>\n<li>A k\u00f6nyvt\u00e1rb\u00f3l k\u00f6nyvet vagy egy\u00e9b dokumentumot csak a k\u00f6nyvt\u00e1ros tudt\u00e1val szabad kivinni.<\/li>\n<li>Dokumentumo(ka)t k\u00f6lcs\u00f6n\u00f6zni csak a k\u00f6lcs\u00f6nz\u00e9si nyilv\u00e1ntart\u00e1sban val\u00f3 r\u00f6gz\u00edt\u00e9ssel szabad.<\/li>\n<li>Az elvesz\u00edtett vagy er\u0151sen megrong\u00e1lt k\u00f6nyvet, dokumentumot az olvas\u00f3 k\u00f6teles egy kifog\u00e1stalan p\u00e9ld\u00e1nnyal p\u00f3tolni vagy a mindenkori beszerz\u00e9si \u00e1r\u00e1t megfizetni. Egy\u00e9b esetekben ir\u00e1nyad\u00f3 a 3\/1975. KM-PM sz. egy\u00fcttes rendelet 20. \u00e9s 21. paragrafusa.<\/li>\n<li>A k\u00f6lcs\u00f6nz\u00e9sben l\u00e9v\u0151 m\u0171veket az olvas\u00f3 el\u0151jegyeztetheti.<\/li>\n<\/ul>\n<p>&nbsp;<\/p>\n<p><strong>Nyitva tart\u00e1s:<\/strong><\/p>\n<p>&nbsp;<\/p>\n<ul>\n<li>H\u00e9tf\u0151: 7:30-t\u00f3l 15:30-ig<\/li>\n<li>Kedd: 7:30-t\u00f3l 15:30-ig<\/li>\n<li>Szerda: 7:30-t\u00f3l 15:30-ig<\/li>\n<li>Cs\u00fct\u00f6rt\u00f6k: 7:30-t\u00f3l 16:00-ig<\/li>\n<li>P\u00e9ntek: 7:30-t\u00f3l 16:00-ig<\/li>\n<\/ul>\n<p>&nbsp;<\/p>\n<p><strong>El\u00e9rhet\u0151s\u00e9g:<\/strong><\/p>\n<p>&nbsp;<\/p>\n<ul>\n<li>C\u00edm: F\u00f6ldszint (a f\u0151bej\u00e1ratt\u00f3l balra)<\/li>\n<li>Tel., fax:<\/li>\n<li>E-mail:<\/li>\n<\/ul>\n<p>&nbsp;<\/p>\n<p><strong>Munkat\u00e1rsak:<\/strong><br \/>\nPatakfalvi J\u00e1nos &#8211; k\u00f6nyvt\u00e1rostan\u00e1r \/ k\u00f6nyvt\u00e1ri informatikus\/<\/p>\n<p><strong>K\u00f6nyvt\u00e1ri katal\u00f3gus:<br \/>\n<\/strong>A kik\u00f6lcs\u00f6n\u00f6zhet\u0151<strong>\u00a0<\/strong>k\u00f6nyvekr\u0151l az al\u00e1bbi katal\u00f3gusban kereshet\u00fcnk:<\/p>\n<p><a href=\"http:\/\/94.199.48.18\/sziren_1373.htm\"><strong>Tov\u00e1bb a katal\u00f3gushoz &gt;&gt;&gt;\u00a0<\/strong><\/a><\/p>\n<\/div>\n<\/div><\/div>\n<\/div>\n<\/div>\n<\/div>\n<\/div>\n<\/div>\n<div id=\"cmsmasters_row_7bm53vt4ns\" class=\"cmsmasters_row cmsmasters_color_scheme_default cmsmasters_row_top_default cmsmasters_row_bot_default cmsmasters_row_boxed\">\n<div class=\"cmsmasters_row_outer_parent\">\n<div class=\"cmsmasters_row_outer\">\n<div class=\"cmsmasters_row_inner\">\n<div class=\"cmsmasters_row_margin\">\n<div id=\"cmsmasters_column_y6zdr26hiy\" class=\"cmsmasters_column one_first\">\n<div class=\"cmsmasters_column_inner\"><\/div><\/div>\n<\/div>\n<\/div>\n<\/div>\n<\/div>\n<\/div>\n\n","protected":false},"excerpt":{"rendered":"","protected":false},"author":1,"featured_media":0,"parent":0,"menu_order":0,"comment_status":"closed","ping_status":"closed","template":"","meta":{"footnotes":""},"class_list":["post-19729","page","type-page","status-publish","hentry"],"yoast_head":"<!-- This site is optimized with the Yoast SEO plugin v26.2 - https:\/\/yoast.com\/wordpress\/plugins\/seo\/ -->\n<title>K\u00f6nyvt\u00e1r - Sz\u00e9k\u00e1cs J\u00f3zsef Evang\u00e9likus \u00d3voda, \u00c1ltal\u00e1nos Iskola \u00e9s Gimn\u00e1zium<\/title>\n<meta name=\"robots\" content=\"index, follow, max-snippet:-1, max-image-preview:large, max-video-preview:-1\" \/>\n<link rel=\"canonical\" href=\"https:\/\/szekacs.lutheran.hu\/iskola\/konyvtar\/\" \/>\n<meta property=\"og:locale\" content=\"hu_HU\" \/>\n<meta property=\"og:type\" content=\"article\" \/>\n<meta property=\"og:title\" content=\"K\u00f6nyvt\u00e1r - Sz\u00e9k\u00e1cs J\u00f3zsef Evang\u00e9likus \u00d3voda, \u00c1ltal\u00e1nos Iskola \u00e9s Gimn\u00e1zium\" \/>\n<meta property=\"og:url\" content=\"https:\/\/szekacs.lutheran.hu\/iskola\/konyvtar\/\" \/>\n<meta property=\"og:site_name\" content=\"Sz\u00e9k\u00e1cs J\u00f3zsef Evang\u00e9likus \u00d3voda, \u00c1ltal\u00e1nos Iskola \u00e9s Gimn\u00e1zium\" \/>\n<meta property=\"article:modified_time\" content=\"2019-12-13T10:08:28+00:00\" \/>\n<meta property=\"og:image\" content=\"https:\/\/szekacs.lutheran.hu\/iskola\/wp-content\/uploads\/2019\/12\/konyvtar7-150x150.jpg\" \/>\n<meta name=\"twitter:card\" content=\"summary_large_image\" \/>\n<meta name=\"twitter:label1\" content=\"Becs\u00fclt olvas\u00e1si id\u0151\" \/>\n\t<meta name=\"twitter:data1\" content=\"4 perc\" \/>\n<script type=\"application\/ld+json\" class=\"yoast-schema-graph\">{\"@context\":\"https:\/\/schema.org\",\"@graph\":[{\"@type\":\"WebPage\",\"@id\":\"https:\/\/szekacs.lutheran.hu\/iskola\/konyvtar\/\",\"url\":\"https:\/\/szekacs.lutheran.hu\/iskola\/konyvtar\/\",\"name\":\"K\u00f6nyvt\u00e1r - Sz\u00e9k\u00e1cs J\u00f3zsef Evang\u00e9likus \u00d3voda, \u00c1ltal\u00e1nos Iskola \u00e9s Gimn\u00e1zium\",\"isPartOf\":{\"@id\":\"https:\/\/szekacs.lutheran.hu\/iskola\/#website\"},\"primaryImageOfPage\":{\"@id\":\"https:\/\/szekacs.lutheran.hu\/iskola\/konyvtar\/#primaryimage\"},\"image\":{\"@id\":\"https:\/\/szekacs.lutheran.hu\/iskola\/konyvtar\/#primaryimage\"},\"thumbnailUrl\":\"https:\/\/szekacs.lutheran.hu\/iskola\/wp-content\/uploads\/2019\/12\/konyvtar7-150x150.jpg\",\"datePublished\":\"2019-12-09T16:59:05+00:00\",\"dateModified\":\"2019-12-13T10:08:28+00:00\",\"breadcrumb\":{\"@id\":\"https:\/\/szekacs.lutheran.hu\/iskola\/konyvtar\/#breadcrumb\"},\"inLanguage\":\"hu\",\"potentialAction\":[{\"@type\":\"ReadAction\",\"target\":[\"https:\/\/szekacs.lutheran.hu\/iskola\/konyvtar\/\"]}]},{\"@type\":\"ImageObject\",\"inLanguage\":\"hu\",\"@id\":\"https:\/\/szekacs.lutheran.hu\/iskola\/konyvtar\/#primaryimage\",\"url\":\"https:\/\/szekacs.lutheran.hu\/iskola\/wp-content\/uploads\/2019\/12\/konyvtar7.jpg\",\"contentUrl\":\"https:\/\/szekacs.lutheran.hu\/iskola\/wp-content\/uploads\/2019\/12\/konyvtar7.jpg\",\"width\":409,\"height\":274},{\"@type\":\"BreadcrumbList\",\"@id\":\"https:\/\/szekacs.lutheran.hu\/iskola\/konyvtar\/#breadcrumb\",\"itemListElement\":[{\"@type\":\"ListItem\",\"position\":1,\"name\":\"Home\",\"item\":\"https:\/\/szekacs.lutheran.hu\/iskola\/\"},{\"@type\":\"ListItem\",\"position\":2,\"name\":\"K\u00f6nyvt\u00e1r\"}]},{\"@type\":\"WebSite\",\"@id\":\"https:\/\/szekacs.lutheran.hu\/iskola\/#website\",\"url\":\"https:\/\/szekacs.lutheran.hu\/iskola\/\",\"name\":\"Sz\u00e9k\u00e1cs J\u00f3zsef Evang\u00e9likus \u00d3voda, \u00c1ltal\u00e1nos Iskola \u00e9s Gimn\u00e1zium\",\"description\":\"\",\"potentialAction\":[{\"@type\":\"SearchAction\",\"target\":{\"@type\":\"EntryPoint\",\"urlTemplate\":\"https:\/\/szekacs.lutheran.hu\/iskola\/?s={search_term_string}\"},\"query-input\":{\"@type\":\"PropertyValueSpecification\",\"valueRequired\":true,\"valueName\":\"search_term_string\"}}],\"inLanguage\":\"hu\"}]}<\/script>\n<!-- \/ Yoast SEO plugin. -->","yoast_head_json":{"title":"K\u00f6nyvt\u00e1r - Sz\u00e9k\u00e1cs J\u00f3zsef Evang\u00e9likus \u00d3voda, \u00c1ltal\u00e1nos Iskola \u00e9s Gimn\u00e1zium","robots":{"index":"index","follow":"follow","max-snippet":"max-snippet:-1","max-image-preview":"max-image-preview:large","max-video-preview":"max-video-preview:-1"},"canonical":"https:\/\/szekacs.lutheran.hu\/iskola\/konyvtar\/","og_locale":"hu_HU","og_type":"article","og_title":"K\u00f6nyvt\u00e1r - Sz\u00e9k\u00e1cs J\u00f3zsef Evang\u00e9likus \u00d3voda, \u00c1ltal\u00e1nos Iskola \u00e9s Gimn\u00e1zium","og_url":"https:\/\/szekacs.lutheran.hu\/iskola\/konyvtar\/","og_site_name":"Sz\u00e9k\u00e1cs J\u00f3zsef Evang\u00e9likus \u00d3voda, \u00c1ltal\u00e1nos Iskola \u00e9s Gimn\u00e1zium","article_modified_time":"2019-12-13T10:08:28+00:00","og_image":[{"url":"https:\/\/szekacs.lutheran.hu\/iskola\/wp-content\/uploads\/2019\/12\/konyvtar7-150x150.jpg","type":"","width":"","height":""}],"twitter_card":"summary_large_image","twitter_misc":{"Becs\u00fclt olvas\u00e1si id\u0151":"4 perc"},"schema":{"@context":"https:\/\/schema.org","@graph":[{"@type":"WebPage","@id":"https:\/\/szekacs.lutheran.hu\/iskola\/konyvtar\/","url":"https:\/\/szekacs.lutheran.hu\/iskola\/konyvtar\/","name":"K\u00f6nyvt\u00e1r - Sz\u00e9k\u00e1cs J\u00f3zsef Evang\u00e9likus \u00d3voda, \u00c1ltal\u00e1nos Iskola \u00e9s Gimn\u00e1zium","isPartOf":{"@id":"https:\/\/szekacs.lutheran.hu\/iskola\/#website"},"primaryImageOfPage":{"@id":"https:\/\/szekacs.lutheran.hu\/iskola\/konyvtar\/#primaryimage"},"image":{"@id":"https:\/\/szekacs.lutheran.hu\/iskola\/konyvtar\/#primaryimage"},"thumbnailUrl":"https:\/\/szekacs.lutheran.hu\/iskola\/wp-content\/uploads\/2019\/12\/konyvtar7-150x150.jpg","datePublished":"2019-12-09T16:59:05+00:00","dateModified":"2019-12-13T10:08:28+00:00","breadcrumb":{"@id":"https:\/\/szekacs.lutheran.hu\/iskola\/konyvtar\/#breadcrumb"},"inLanguage":"hu","potentialAction":[{"@type":"ReadAction","target":["https:\/\/szekacs.lutheran.hu\/iskola\/konyvtar\/"]}]},{"@type":"ImageObject","inLanguage":"hu","@id":"https:\/\/szekacs.lutheran.hu\/iskola\/konyvtar\/#primaryimage","url":"https:\/\/szekacs.lutheran.hu\/iskola\/wp-content\/uploads\/2019\/12\/konyvtar7.jpg","contentUrl":"https:\/\/szekacs.lutheran.hu\/iskola\/wp-content\/uploads\/2019\/12\/konyvtar7.jpg","width":409,"height":274},{"@type":"BreadcrumbList","@id":"https:\/\/szekacs.lutheran.hu\/iskola\/konyvtar\/#breadcrumb","itemListElement":[{"@type":"ListItem","position":1,"name":"Home","item":"https:\/\/szekacs.lutheran.hu\/iskola\/"},{"@type":"ListItem","position":2,"name":"K\u00f6nyvt\u00e1r"}]},{"@type":"WebSite","@id":"https:\/\/szekacs.lutheran.hu\/iskola\/#website","url":"https:\/\/szekacs.lutheran.hu\/iskola\/","name":"Sz\u00e9k\u00e1cs J\u00f3zsef Evang\u00e9likus \u00d3voda, \u00c1ltal\u00e1nos Iskola \u00e9s Gimn\u00e1zium","description":"","potentialAction":[{"@type":"SearchAction","target":{"@type":"EntryPoint","urlTemplate":"https:\/\/szekacs.lutheran.hu\/iskola\/?s={search_term_string}"},"query-input":{"@type":"PropertyValueSpecification","valueRequired":true,"valueName":"search_term_string"}}],"inLanguage":"hu"}]}},"_links":{"self":[{"href":"https:\/\/szekacs.lutheran.hu\/iskola\/wp-json\/wp\/v2\/pages\/19729","targetHints":{"allow":["GET"]}}],"collection":[{"href":"https:\/\/szekacs.lutheran.hu\/iskola\/wp-json\/wp\/v2\/pages"}],"about":[{"href":"https:\/\/szekacs.lutheran.hu\/iskola\/wp-json\/wp\/v2\/types\/page"}],"author":[{"embeddable":true,"href":"https:\/\/szekacs.lutheran.hu\/iskola\/wp-json\/wp\/v2\/users\/1"}],"replies":[{"embeddable":true,"href":"https:\/\/szekacs.lutheran.hu\/iskola\/wp-json\/wp\/v2\/comments?post=19729"}],"version-history":[{"count":5,"href":"https:\/\/szekacs.lutheran.hu\/iskola\/wp-json\/wp\/v2\/pages\/19729\/revisions"}],"predecessor-version":[{"id":19799,"href":"https:\/\/szekacs.lutheran.hu\/iskola\/wp-json\/wp\/v2\/pages\/19729\/revisions\/19799"}],"wp:attachment":[{"href":"https:\/\/szekacs.lutheran.hu\/iskola\/wp-json\/wp\/v2\/media?parent=19729"}],"curies":[{"name":"wp","href":"https:\/\/api.w.org\/{rel}","templated":true}]}}