{"id":19723,"date":"2019-12-09T09:18:38","date_gmt":"2019-12-09T09:18:38","guid":{"rendered":"https:\/\/szekacs.lutheran.hu\/iskola\/?page_id=19723"},"modified":"2019-12-09T16:53:49","modified_gmt":"2019-12-09T16:53:49","slug":"a-harang","status":"publish","type":"page","link":"https:\/\/szekacs.lutheran.hu\/iskola\/a-harang\/","title":{"rendered":"A Harang"},"content":{"rendered":"<div id=\"cmsmasters_row_9f4qscaft\" class=\"cmsmasters_row cmsmasters_color_scheme_default cmsmasters_row_top_default cmsmasters_row_bot_default cmsmasters_row_boxed\">\n<div class=\"cmsmasters_row_outer_parent\">\n<div class=\"cmsmasters_row_outer\">\n<div class=\"cmsmasters_row_inner\">\n<div class=\"cmsmasters_row_margin\">\n<div id=\"cmsmasters_column_9d3n648rho\" class=\"cmsmasters_column one_first\">\n<div class=\"cmsmasters_column_inner\"><div id=\"cmsmasters_heading_w0vv1l24x\" class=\"cmsmasters_heading_wrap cmsmasters_heading_align_left\">\n\t<h1 class=\"cmsmasters_heading\">A Harang<\/h1>\n<\/div><div class=\"cmsmasters_img  cmsmasters_image_l\"><img decoding=\"async\" src=\"https:\/\/szekacs.lutheran.hu\/iskola\/wp-content\/uploads\/2015\/04\/67F3F4728A7E1EE0D41B5F00BF650076E67E200CC98451EF9Epimgpsh_fullsize_distr.png\" alt=\"Picture\" \/><\/div><div class=\"cmsmasters_text\">\n<p>&nbsp;<\/p>\n<p><strong>A Harang \u00fatja<\/strong><br \/>\n<img loading=\"lazy\" decoding=\"async\" class=\"size-full wp-image-19725 alignright\" src=\"https:\/\/szekacs.lutheran.hu\/iskola\/wp-content\/uploads\/2019\/12\/harang_kicsi.jpg\" alt=\"\" width=\"100\" height=\"112\" \/>\u00c9let\u00fcnk sor\u00e1n \u00e1t\u00e9l\u00fcnk olyan napokat, amelyek k\u00fcl\u00f6nleges esem\u00e9nyeket hordoznak. Ezek teszik \u00fcnnepnapokk\u00e1 a h\u00e9tk\u00f6znapokat, s meghittebb\u00e9 az \u00fcnnepeket. Egyszeri \u00e9s a maga nem\u00e9ben megism\u00e9telhetetlen volt a jubileumi \u00fcnneps\u00e9gen a harang szentel\u00e9se. A harang\u00e9, melyet a gy\u00fclekezett\u0151l kapott az iskola. Akik ott voltunk mind \u00e9rezhett\u00fck Isten szeretet\u00e9t, v\u00e9gtelen, megtart\u00f3 kegyelm\u00e9t. Ez a szeretet adhat rem\u00e9nyt, bizakod\u00e1st a j\u00f6v\u0151ben, amely a m\u00faltb\u00f3l t\u00e1pl\u00e1lkozik.<\/p>\n<p><strong>\u00d6r\u00f6ks\u00e9g\u00fcnk<\/strong><br \/>\n<img loading=\"lazy\" decoding=\"async\" class=\"alignleft size-full wp-image-19726\" src=\"https:\/\/szekacs.lutheran.hu\/iskola\/wp-content\/uploads\/2019\/12\/harang_t_kicsi.jpg\" alt=\"\" width=\"80\" height=\"121\" \/>Az orosh\u00e1zi evang\u00e9likus templomban \u0151rizz\u00fck e m\u00falt egy darabj\u00e1t, egy kisharangot. Az evang\u00e9likus hit\u00fck miatt Zomb\u00e1r\u00f3l el\u00fcld\u00f6z\u00f6ttek 1744. \u00e1prilis 24-\u00e9n, Szent-Gy\u00f6rgy napj\u00e1n alap\u00edtott\u00e1k \u00fajra v\u00e1rosunkat. A zombaiak D\u00e9nes S\u00e1ndor tan\u00edt\u00f3 vezet\u00e9s\u00e9vel j\u00f6ttek Orosh\u00e1z\u00e1ra \u00faj otthont teremteni. A magukkal hozott harangra v\u00e9sett ige adott rem\u00e9nys\u00e9get a neh\u00e9z id\u0151kben: &#8222;Mindeddig megseg\u00edtett minket az \u00dar&#8221; (1 S\u00e1m 7,12)<\/p>\n<p><strong>Harang \u00e9s tan\u00edt\u00f3<\/strong><br \/>\n&#8222;Templom \u00e9s iskola.&#8221; Az els\u0151 telepesek ilyen fontosnak tartott\u00e1k gyermekeik tan\u00edt\u00e1s\u00e1t. Ez a m\u00falt, ezek a gy\u00f6kereink, ez adja az er\u0151t a mostani neh\u00e9z id\u0151kben. Ott \u00e1ll a harang a templomban az olt\u00e1r k\u00f6zel\u00e9ben. M\u00e1r r\u00e9g\u00f3ta hallgat, megrepedt. Szerep\u00e9t \u00e1tvette a mi harangunk, mely az els\u0151 emeleten a sz\u00e1m\u00e1ra \u00e9p\u00edtett harangl\u00e1bon szolg\u00e1l. A kereszty\u00e9n emberek \u00e9let\u00e9nek, mindennapjainak kezdett\u0151l sz\u00fcntelen k\u00eds\u00e9r\u0151je volt a harangsz\u00f3. Tavasz \u00f3ta a mi iskolai \u00e9let\u00fcnket is harangsz\u00f3 teszi \u00fcnnep\u00e9lyesebb\u00e9. Harangj\u00e1ra kezd\u0151d\u00f6tt v\u00e9gz\u0151s di\u00e1kjaink ballag\u00e1sa. <img loading=\"lazy\" decoding=\"async\" class=\"alignright size-full wp-image-19724\" src=\"https:\/\/szekacs.lutheran.hu\/iskola\/wp-content\/uploads\/2019\/12\/templomkert_kicsi.jpg\" alt=\"\" width=\"150\" height=\"100\" \/>Megkondult a harang j\u00fanius 4-\u00e9n a r\u00e1nk er\u0151szakolt trianoni b\u00e9ke al\u00e1\u00edr\u00e1s\u00e1nak 86. \u00e9vfordul\u00f3j\u00e1n. A harangsz\u00f3 h\u00edvja a di\u00e1kokat minden h\u00e9t elej\u00e9n a k\u00f6z\u00f6s \u00e1h\u00edtatra. Hangja nemcsak h\u00edv, de eml\u00e9keztet is. Eml\u00e9keztet azokra, akiknek k\u00f6sz\u00f6nhetj\u00fck l\u00e9t\u00e9t: az \u0151seinkre, a gy\u00fclekezet\u00fcnkre. Eml\u00e9kez\u00fcnk, s nem feledj\u00fck: Egyed\u00fcl Isten\u00e9 a dics\u0151s\u00e9g.<\/p>\n<div id=\"text_alairas\"><i>Feh\u00e9r Borb\u00e1la<\/i><br \/>\nigazgat\u00f3helyettes<\/div>\n<\/div>\n<\/div><\/div>\n<\/div>\n<\/div>\n<\/div>\n<\/div>\n<\/div>\n<div id=\"cmsmasters_row_7bm53vt4ns\" class=\"cmsmasters_row cmsmasters_color_scheme_default cmsmasters_row_top_default cmsmasters_row_bot_default cmsmasters_row_boxed\">\n<div class=\"cmsmasters_row_outer_parent\">\n<div class=\"cmsmasters_row_outer\">\n<div class=\"cmsmasters_row_inner\">\n<div class=\"cmsmasters_row_margin\">\n<div id=\"cmsmasters_column_y6zdr26hiy\" class=\"cmsmasters_column one_first\">\n<div class=\"cmsmasters_column_inner\"><\/div><\/div>\n<\/div>\n<\/div>\n<\/div>\n<\/div>\n<\/div>\n\n","protected":false},"excerpt":{"rendered":"","protected":false},"author":1,"featured_media":0,"parent":0,"menu_order":0,"comment_status":"closed","ping_status":"closed","template":"","meta":{"footnotes":""},"class_list":["post-19723","page","type-page","status-publish","hentry"],"yoast_head":"<!-- This site is optimized with the Yoast SEO plugin v26.2 - https:\/\/yoast.com\/wordpress\/plugins\/seo\/ -->\n<title>A Harang - Sz\u00e9k\u00e1cs J\u00f3zsef Evang\u00e9likus \u00d3voda, \u00c1ltal\u00e1nos Iskola \u00e9s Gimn\u00e1zium<\/title>\n<meta name=\"robots\" content=\"index, follow, max-snippet:-1, max-image-preview:large, max-video-preview:-1\" \/>\n<link rel=\"canonical\" href=\"https:\/\/szekacs.lutheran.hu\/iskola\/a-harang\/\" \/>\n<meta property=\"og:locale\" content=\"hu_HU\" \/>\n<meta property=\"og:type\" content=\"article\" \/>\n<meta property=\"og:title\" content=\"A Harang - Sz\u00e9k\u00e1cs J\u00f3zsef Evang\u00e9likus \u00d3voda, \u00c1ltal\u00e1nos Iskola \u00e9s Gimn\u00e1zium\" \/>\n<meta property=\"og:url\" content=\"https:\/\/szekacs.lutheran.hu\/iskola\/a-harang\/\" \/>\n<meta property=\"og:site_name\" content=\"Sz\u00e9k\u00e1cs J\u00f3zsef Evang\u00e9likus \u00d3voda, \u00c1ltal\u00e1nos Iskola \u00e9s Gimn\u00e1zium\" \/>\n<meta property=\"article:modified_time\" content=\"2019-12-09T16:53:49+00:00\" \/>\n<meta property=\"og:image\" content=\"https:\/\/szekacs.lutheran.hu\/iskola\/wp-content\/uploads\/2019\/12\/harang_kicsi.jpg\" \/>\n<meta name=\"twitter:card\" content=\"summary_large_image\" \/>\n<meta name=\"twitter:label1\" content=\"Becs\u00fclt olvas\u00e1si id\u0151\" \/>\n\t<meta name=\"twitter:data1\" content=\"4 perc\" \/>\n<script type=\"application\/ld+json\" class=\"yoast-schema-graph\">{\"@context\":\"https:\/\/schema.org\",\"@graph\":[{\"@type\":\"WebPage\",\"@id\":\"https:\/\/szekacs.lutheran.hu\/iskola\/a-harang\/\",\"url\":\"https:\/\/szekacs.lutheran.hu\/iskola\/a-harang\/\",\"name\":\"A Harang - Sz\u00e9k\u00e1cs J\u00f3zsef Evang\u00e9likus \u00d3voda, \u00c1ltal\u00e1nos Iskola \u00e9s Gimn\u00e1zium\",\"isPartOf\":{\"@id\":\"https:\/\/szekacs.lutheran.hu\/iskola\/#website\"},\"primaryImageOfPage\":{\"@id\":\"https:\/\/szekacs.lutheran.hu\/iskola\/a-harang\/#primaryimage\"},\"image\":{\"@id\":\"https:\/\/szekacs.lutheran.hu\/iskola\/a-harang\/#primaryimage\"},\"thumbnailUrl\":\"https:\/\/szekacs.lutheran.hu\/iskola\/wp-content\/uploads\/2019\/12\/harang_kicsi.jpg\",\"datePublished\":\"2019-12-09T09:18:38+00:00\",\"dateModified\":\"2019-12-09T16:53:49+00:00\",\"breadcrumb\":{\"@id\":\"https:\/\/szekacs.lutheran.hu\/iskola\/a-harang\/#breadcrumb\"},\"inLanguage\":\"hu\",\"potentialAction\":[{\"@type\":\"ReadAction\",\"target\":[\"https:\/\/szekacs.lutheran.hu\/iskola\/a-harang\/\"]}]},{\"@type\":\"ImageObject\",\"inLanguage\":\"hu\",\"@id\":\"https:\/\/szekacs.lutheran.hu\/iskola\/a-harang\/#primaryimage\",\"url\":\"https:\/\/szekacs.lutheran.hu\/iskola\/wp-content\/uploads\/2019\/12\/harang_kicsi.jpg\",\"contentUrl\":\"https:\/\/szekacs.lutheran.hu\/iskola\/wp-content\/uploads\/2019\/12\/harang_kicsi.jpg\",\"width\":100,\"height\":112},{\"@type\":\"BreadcrumbList\",\"@id\":\"https:\/\/szekacs.lutheran.hu\/iskola\/a-harang\/#breadcrumb\",\"itemListElement\":[{\"@type\":\"ListItem\",\"position\":1,\"name\":\"Home\",\"item\":\"https:\/\/szekacs.lutheran.hu\/iskola\/\"},{\"@type\":\"ListItem\",\"position\":2,\"name\":\"A Harang\"}]},{\"@type\":\"WebSite\",\"@id\":\"https:\/\/szekacs.lutheran.hu\/iskola\/#website\",\"url\":\"https:\/\/szekacs.lutheran.hu\/iskola\/\",\"name\":\"Sz\u00e9k\u00e1cs J\u00f3zsef Evang\u00e9likus \u00d3voda, \u00c1ltal\u00e1nos Iskola \u00e9s Gimn\u00e1zium\",\"description\":\"\",\"potentialAction\":[{\"@type\":\"SearchAction\",\"target\":{\"@type\":\"EntryPoint\",\"urlTemplate\":\"https:\/\/szekacs.lutheran.hu\/iskola\/?s={search_term_string}\"},\"query-input\":{\"@type\":\"PropertyValueSpecification\",\"valueRequired\":true,\"valueName\":\"search_term_string\"}}],\"inLanguage\":\"hu\"}]}<\/script>\n<!-- \/ Yoast SEO plugin. -->","yoast_head_json":{"title":"A Harang - Sz\u00e9k\u00e1cs J\u00f3zsef Evang\u00e9likus \u00d3voda, \u00c1ltal\u00e1nos Iskola \u00e9s Gimn\u00e1zium","robots":{"index":"index","follow":"follow","max-snippet":"max-snippet:-1","max-image-preview":"max-image-preview:large","max-video-preview":"max-video-preview:-1"},"canonical":"https:\/\/szekacs.lutheran.hu\/iskola\/a-harang\/","og_locale":"hu_HU","og_type":"article","og_title":"A Harang - Sz\u00e9k\u00e1cs J\u00f3zsef Evang\u00e9likus \u00d3voda, \u00c1ltal\u00e1nos Iskola \u00e9s Gimn\u00e1zium","og_url":"https:\/\/szekacs.lutheran.hu\/iskola\/a-harang\/","og_site_name":"Sz\u00e9k\u00e1cs J\u00f3zsef Evang\u00e9likus \u00d3voda, \u00c1ltal\u00e1nos Iskola \u00e9s Gimn\u00e1zium","article_modified_time":"2019-12-09T16:53:49+00:00","og_image":[{"url":"https:\/\/szekacs.lutheran.hu\/iskola\/wp-content\/uploads\/2019\/12\/harang_kicsi.jpg","type":"","width":"","height":""}],"twitter_card":"summary_large_image","twitter_misc":{"Becs\u00fclt olvas\u00e1si id\u0151":"4 perc"},"schema":{"@context":"https:\/\/schema.org","@graph":[{"@type":"WebPage","@id":"https:\/\/szekacs.lutheran.hu\/iskola\/a-harang\/","url":"https:\/\/szekacs.lutheran.hu\/iskola\/a-harang\/","name":"A Harang - Sz\u00e9k\u00e1cs J\u00f3zsef Evang\u00e9likus \u00d3voda, \u00c1ltal\u00e1nos Iskola \u00e9s Gimn\u00e1zium","isPartOf":{"@id":"https:\/\/szekacs.lutheran.hu\/iskola\/#website"},"primaryImageOfPage":{"@id":"https:\/\/szekacs.lutheran.hu\/iskola\/a-harang\/#primaryimage"},"image":{"@id":"https:\/\/szekacs.lutheran.hu\/iskola\/a-harang\/#primaryimage"},"thumbnailUrl":"https:\/\/szekacs.lutheran.hu\/iskola\/wp-content\/uploads\/2019\/12\/harang_kicsi.jpg","datePublished":"2019-12-09T09:18:38+00:00","dateModified":"2019-12-09T16:53:49+00:00","breadcrumb":{"@id":"https:\/\/szekacs.lutheran.hu\/iskola\/a-harang\/#breadcrumb"},"inLanguage":"hu","potentialAction":[{"@type":"ReadAction","target":["https:\/\/szekacs.lutheran.hu\/iskola\/a-harang\/"]}]},{"@type":"ImageObject","inLanguage":"hu","@id":"https:\/\/szekacs.lutheran.hu\/iskola\/a-harang\/#primaryimage","url":"https:\/\/szekacs.lutheran.hu\/iskola\/wp-content\/uploads\/2019\/12\/harang_kicsi.jpg","contentUrl":"https:\/\/szekacs.lutheran.hu\/iskola\/wp-content\/uploads\/2019\/12\/harang_kicsi.jpg","width":100,"height":112},{"@type":"BreadcrumbList","@id":"https:\/\/szekacs.lutheran.hu\/iskola\/a-harang\/#breadcrumb","itemListElement":[{"@type":"ListItem","position":1,"name":"Home","item":"https:\/\/szekacs.lutheran.hu\/iskola\/"},{"@type":"ListItem","position":2,"name":"A Harang"}]},{"@type":"WebSite","@id":"https:\/\/szekacs.lutheran.hu\/iskola\/#website","url":"https:\/\/szekacs.lutheran.hu\/iskola\/","name":"Sz\u00e9k\u00e1cs J\u00f3zsef Evang\u00e9likus \u00d3voda, \u00c1ltal\u00e1nos Iskola \u00e9s Gimn\u00e1zium","description":"","potentialAction":[{"@type":"SearchAction","target":{"@type":"EntryPoint","urlTemplate":"https:\/\/szekacs.lutheran.hu\/iskola\/?s={search_term_string}"},"query-input":{"@type":"PropertyValueSpecification","valueRequired":true,"valueName":"search_term_string"}}],"inLanguage":"hu"}]}},"_links":{"self":[{"href":"https:\/\/szekacs.lutheran.hu\/iskola\/wp-json\/wp\/v2\/pages\/19723","targetHints":{"allow":["GET"]}}],"collection":[{"href":"https:\/\/szekacs.lutheran.hu\/iskola\/wp-json\/wp\/v2\/pages"}],"about":[{"href":"https:\/\/szekacs.lutheran.hu\/iskola\/wp-json\/wp\/v2\/types\/page"}],"author":[{"embeddable":true,"href":"https:\/\/szekacs.lutheran.hu\/iskola\/wp-json\/wp\/v2\/users\/1"}],"replies":[{"embeddable":true,"href":"https:\/\/szekacs.lutheran.hu\/iskola\/wp-json\/wp\/v2\/comments?post=19723"}],"version-history":[{"count":2,"href":"https:\/\/szekacs.lutheran.hu\/iskola\/wp-json\/wp\/v2\/pages\/19723\/revisions"}],"predecessor-version":[{"id":19728,"href":"https:\/\/szekacs.lutheran.hu\/iskola\/wp-json\/wp\/v2\/pages\/19723\/revisions\/19728"}],"wp:attachment":[{"href":"https:\/\/szekacs.lutheran.hu\/iskola\/wp-json\/wp\/v2\/media?parent=19723"}],"curies":[{"name":"wp","href":"https:\/\/api.w.org\/{rel}","templated":true}]}}