{"id":16637,"date":"2019-12-01T23:18:08","date_gmt":"2019-12-01T23:18:08","guid":{"rendered":"https:\/\/szekacs.lutheran.hu\/iskola\/?page_id=16637"},"modified":"2024-10-07T13:22:01","modified_gmt":"2024-10-07T13:22:01","slug":"iskolapszichologus","status":"publish","type":"page","link":"https:\/\/szekacs.lutheran.hu\/iskola\/iskolapszichologus\/","title":{"rendered":"Iskolapszichol\u00f3gus"},"content":{"rendered":"<div id=\"cmsmasters_row_p95ex8ngkg\" class=\"cmsmasters_row cmsmasters_color_scheme_default cmsmasters_row_top_default cmsmasters_row_bot_default cmsmasters_row_boxed\">\n<div class=\"cmsmasters_row_outer_parent\">\n<div class=\"cmsmasters_row_outer\">\n<div class=\"cmsmasters_row_inner\">\n<div class=\"cmsmasters_row_margin\">\n<div id=\"cmsmasters_column_expo93tf3\" class=\"cmsmasters_column one_first\">\n<div class=\"cmsmasters_column_inner\"><div id=\"cmsmasters_heading_h8rv2vilqk\" class=\"cmsmasters_heading_wrap cmsmasters_heading_align_left\">\n\t<h2 class=\"cmsmasters_heading\">Iskolapszichol\u00f3gus<\/h2>\n<\/div>\n<\/div><\/div>\n<\/div>\n<\/div>\n<\/div>\n<\/div>\n<\/div>\n<div id=\"cmsmasters_row_jkavj8pqbr\" class=\"cmsmasters_row cmsmasters_color_scheme_default cmsmasters_row_top_default cmsmasters_row_bot_default cmsmasters_row_boxed\">\n<div class=\"cmsmasters_row_outer_parent\">\n<div class=\"cmsmasters_row_outer\">\n<div class=\"cmsmasters_row_inner\">\n<div class=\"cmsmasters_row_margin\">\n<div id=\"cmsmasters_column_k7423p18bh\" class=\"cmsmasters_column one_fourth\">\n<div class=\"cmsmasters_column_inner\"><div class=\"cmsmasters_img  cmsmasters_image_l\"><a href=\"https:\/\/szekacs.lutheran.hu\/iskola\/wp-content\/uploads\/2024\/02\/BR_nagy.jpg\"><img decoding=\"async\" src=\"https:\/\/szekacs.lutheran.hu\/iskola\/wp-content\/uploads\/2024\/02\/BR_nagy-225x300.jpg\" \/><\/a><\/div>\n<\/div><\/div>\n<div id=\"cmsmasters_column_gdf1igrawa\" class=\"cmsmasters_column three_fourth\">\n<div class=\"cmsmasters_column_inner\"><div id=\"cmsmasters_heading_49n5xf2pxj\" class=\"cmsmasters_heading_wrap cmsmasters_heading_align_left\">\n\t<h3 class=\"cmsmasters_heading\">Bag\u00f3czki Ram\u00f3na<\/h3>\n<\/div><div class=\"cmsmasters_text\">\n<p>Kedves Di\u00e1kok!<\/p>\n<p><strong>Bag\u00f3czki Ram\u00f3na<\/strong> vagyok, 2024 janu\u00e1rj\u00e1t\u00f3l \u00e9n l\u00e1tom el az iskolapszichol\u00f3gusi feladatokat az iskol\u00e1ban.<\/p>\n<p>Ha \u00fagy \u00e9rzed, hogy valamilyen iskolai vagy mag\u00e1n\u00e9leti probl\u00e9ma meg\u00e9rt\u00e9s\u00e9ben, megold\u00e1s\u00e1ban seg\u00edts\u00e9gre lenne sz\u00fcks\u00e9ged, keress b\u00e1tran!<\/p>\n<p>Felsorolok n\u00e9h\u00e1ny helyzetet, amivel hozz\u00e1m fordulhatsz:<\/p>\n<p>&#8211; \u00fagy \u00e9rzed, hogy egyed\u00fcl vagy, nincs kivel megbesz\u00e9lni a probl\u00e9m\u00e1id,<\/p>\n<p>&#8211; mostan\u00e1ban motiv\u00e1latlan vagy, nehezen koncentr\u00e1lsz a tanul\u00e1sra,<\/p>\n<p>&#8211; t\u00fals\u00e1gosan izgulsz az iskolai sz\u00e1monk\u00e9r\u00e9sek el\u0151tt,<\/p>\n<p>&#8211; gyakran \u00e9rzed magad levertnek, szomor\u00fanak,<\/p>\n<p>&#8211; nehezen j\u00f6ssz ki valamelyik oszt\u00e1lyt\u00e1rsaddal, vagy csal\u00f3dt\u00e1l valakiben,<\/p>\n<p>&#8211; olyan v\u00e1ltoz\u00e1s t\u00f6rt\u00e9nt az \u00e9letedben, amihez neh\u00e9z alkalmazkodni.<\/p>\n<p>Ha ilyen, vagy ezekhez hasonl\u00f3 probl\u00e9m\u00e1d van, tudd, hogy nem vagy egyed\u00fcl. K\u00e9rj b\u00e1tran seg\u00edts\u00e9get! Az, hogy felkeresel, nem jelent hossz\u00fat\u00e1v\u00fa elk\u00f6telez\u0151d\u00e9st.<\/p>\n<p>Kereshetsz az iskol\u00e1ban sz\u00fcnetekben, telefonon, \u00edrhatsz emailt vagy \u00fczenhetsz a facebook oldalamon kereszt\u00fcl.<\/p>\n<p><strong>El\u00e9rhet\u0151s\u00e9geim: <\/strong><\/p>\n<p><strong>Tel.<\/strong>: +36 70 272 9696 (h\u00e9tk\u00f6znapokon 9-15 \u00f3ra k\u00f6z\u00f6tt)<\/p>\n<p><strong>Email<\/strong>: bagoczkiramona@gmail.com<\/p>\n<\/div>\n<\/div><\/div>\n<\/div>\n<\/div>\n<\/div>\n<\/div>\n<\/div>\n\n","protected":false},"excerpt":{"rendered":"","protected":false},"author":1,"featured_media":0,"parent":0,"menu_order":0,"comment_status":"closed","ping_status":"closed","template":"","meta":{"footnotes":""},"class_list":["post-16637","page","type-page","status-publish","hentry"],"yoast_head":"<!-- This site is optimized with the Yoast SEO plugin v26.2 - https:\/\/yoast.com\/wordpress\/plugins\/seo\/ -->\n<title>Iskolapszichol\u00f3gus - Sz\u00e9k\u00e1cs J\u00f3zsef Evang\u00e9likus \u00d3voda, \u00c1ltal\u00e1nos Iskola \u00e9s Gimn\u00e1zium<\/title>\n<meta name=\"robots\" content=\"index, follow, max-snippet:-1, max-image-preview:large, max-video-preview:-1\" \/>\n<link rel=\"canonical\" href=\"https:\/\/szekacs.lutheran.hu\/iskola\/iskolapszichologus\/\" \/>\n<meta property=\"og:locale\" content=\"hu_HU\" \/>\n<meta property=\"og:type\" content=\"article\" \/>\n<meta property=\"og:title\" content=\"Iskolapszichol\u00f3gus - Sz\u00e9k\u00e1cs J\u00f3zsef Evang\u00e9likus \u00d3voda, \u00c1ltal\u00e1nos Iskola \u00e9s Gimn\u00e1zium\" \/>\n<meta property=\"og:url\" content=\"https:\/\/szekacs.lutheran.hu\/iskola\/iskolapszichologus\/\" \/>\n<meta property=\"og:site_name\" content=\"Sz\u00e9k\u00e1cs J\u00f3zsef Evang\u00e9likus \u00d3voda, \u00c1ltal\u00e1nos Iskola \u00e9s Gimn\u00e1zium\" \/>\n<meta property=\"article:modified_time\" content=\"2024-10-07T13:22:01+00:00\" \/>\n<meta name=\"twitter:card\" content=\"summary_large_image\" \/>\n<meta name=\"twitter:label1\" content=\"Becs\u00fclt olvas\u00e1si id\u0151\" \/>\n\t<meta name=\"twitter:data1\" content=\"3 perc\" \/>\n<script type=\"application\/ld+json\" class=\"yoast-schema-graph\">{\"@context\":\"https:\/\/schema.org\",\"@graph\":[{\"@type\":\"WebPage\",\"@id\":\"https:\/\/szekacs.lutheran.hu\/iskola\/iskolapszichologus\/\",\"url\":\"https:\/\/szekacs.lutheran.hu\/iskola\/iskolapszichologus\/\",\"name\":\"Iskolapszichol\u00f3gus - Sz\u00e9k\u00e1cs J\u00f3zsef Evang\u00e9likus \u00d3voda, \u00c1ltal\u00e1nos Iskola \u00e9s Gimn\u00e1zium\",\"isPartOf\":{\"@id\":\"https:\/\/szekacs.lutheran.hu\/iskola\/#website\"},\"datePublished\":\"2019-12-01T23:18:08+00:00\",\"dateModified\":\"2024-10-07T13:22:01+00:00\",\"breadcrumb\":{\"@id\":\"https:\/\/szekacs.lutheran.hu\/iskola\/iskolapszichologus\/#breadcrumb\"},\"inLanguage\":\"hu\",\"potentialAction\":[{\"@type\":\"ReadAction\",\"target\":[\"https:\/\/szekacs.lutheran.hu\/iskola\/iskolapszichologus\/\"]}]},{\"@type\":\"BreadcrumbList\",\"@id\":\"https:\/\/szekacs.lutheran.hu\/iskola\/iskolapszichologus\/#breadcrumb\",\"itemListElement\":[{\"@type\":\"ListItem\",\"position\":1,\"name\":\"Home\",\"item\":\"https:\/\/szekacs.lutheran.hu\/iskola\/\"},{\"@type\":\"ListItem\",\"position\":2,\"name\":\"Iskolapszichol\u00f3gus\"}]},{\"@type\":\"WebSite\",\"@id\":\"https:\/\/szekacs.lutheran.hu\/iskola\/#website\",\"url\":\"https:\/\/szekacs.lutheran.hu\/iskola\/\",\"name\":\"Sz\u00e9k\u00e1cs J\u00f3zsef Evang\u00e9likus \u00d3voda, \u00c1ltal\u00e1nos Iskola \u00e9s Gimn\u00e1zium\",\"description\":\"\",\"potentialAction\":[{\"@type\":\"SearchAction\",\"target\":{\"@type\":\"EntryPoint\",\"urlTemplate\":\"https:\/\/szekacs.lutheran.hu\/iskola\/?s={search_term_string}\"},\"query-input\":{\"@type\":\"PropertyValueSpecification\",\"valueRequired\":true,\"valueName\":\"search_term_string\"}}],\"inLanguage\":\"hu\"}]}<\/script>\n<!-- \/ Yoast SEO plugin. -->","yoast_head_json":{"title":"Iskolapszichol\u00f3gus - Sz\u00e9k\u00e1cs J\u00f3zsef Evang\u00e9likus \u00d3voda, \u00c1ltal\u00e1nos Iskola \u00e9s Gimn\u00e1zium","robots":{"index":"index","follow":"follow","max-snippet":"max-snippet:-1","max-image-preview":"max-image-preview:large","max-video-preview":"max-video-preview:-1"},"canonical":"https:\/\/szekacs.lutheran.hu\/iskola\/iskolapszichologus\/","og_locale":"hu_HU","og_type":"article","og_title":"Iskolapszichol\u00f3gus - Sz\u00e9k\u00e1cs J\u00f3zsef Evang\u00e9likus \u00d3voda, \u00c1ltal\u00e1nos Iskola \u00e9s Gimn\u00e1zium","og_url":"https:\/\/szekacs.lutheran.hu\/iskola\/iskolapszichologus\/","og_site_name":"Sz\u00e9k\u00e1cs J\u00f3zsef Evang\u00e9likus \u00d3voda, \u00c1ltal\u00e1nos Iskola \u00e9s Gimn\u00e1zium","article_modified_time":"2024-10-07T13:22:01+00:00","twitter_card":"summary_large_image","twitter_misc":{"Becs\u00fclt olvas\u00e1si id\u0151":"3 perc"},"schema":{"@context":"https:\/\/schema.org","@graph":[{"@type":"WebPage","@id":"https:\/\/szekacs.lutheran.hu\/iskola\/iskolapszichologus\/","url":"https:\/\/szekacs.lutheran.hu\/iskola\/iskolapszichologus\/","name":"Iskolapszichol\u00f3gus - Sz\u00e9k\u00e1cs J\u00f3zsef Evang\u00e9likus \u00d3voda, \u00c1ltal\u00e1nos Iskola \u00e9s Gimn\u00e1zium","isPartOf":{"@id":"https:\/\/szekacs.lutheran.hu\/iskola\/#website"},"datePublished":"2019-12-01T23:18:08+00:00","dateModified":"2024-10-07T13:22:01+00:00","breadcrumb":{"@id":"https:\/\/szekacs.lutheran.hu\/iskola\/iskolapszichologus\/#breadcrumb"},"inLanguage":"hu","potentialAction":[{"@type":"ReadAction","target":["https:\/\/szekacs.lutheran.hu\/iskola\/iskolapszichologus\/"]}]},{"@type":"BreadcrumbList","@id":"https:\/\/szekacs.lutheran.hu\/iskola\/iskolapszichologus\/#breadcrumb","itemListElement":[{"@type":"ListItem","position":1,"name":"Home","item":"https:\/\/szekacs.lutheran.hu\/iskola\/"},{"@type":"ListItem","position":2,"name":"Iskolapszichol\u00f3gus"}]},{"@type":"WebSite","@id":"https:\/\/szekacs.lutheran.hu\/iskola\/#website","url":"https:\/\/szekacs.lutheran.hu\/iskola\/","name":"Sz\u00e9k\u00e1cs J\u00f3zsef Evang\u00e9likus \u00d3voda, \u00c1ltal\u00e1nos Iskola \u00e9s Gimn\u00e1zium","description":"","potentialAction":[{"@type":"SearchAction","target":{"@type":"EntryPoint","urlTemplate":"https:\/\/szekacs.lutheran.hu\/iskola\/?s={search_term_string}"},"query-input":{"@type":"PropertyValueSpecification","valueRequired":true,"valueName":"search_term_string"}}],"inLanguage":"hu"}]}},"_links":{"self":[{"href":"https:\/\/szekacs.lutheran.hu\/iskola\/wp-json\/wp\/v2\/pages\/16637","targetHints":{"allow":["GET"]}}],"collection":[{"href":"https:\/\/szekacs.lutheran.hu\/iskola\/wp-json\/wp\/v2\/pages"}],"about":[{"href":"https:\/\/szekacs.lutheran.hu\/iskola\/wp-json\/wp\/v2\/types\/page"}],"author":[{"embeddable":true,"href":"https:\/\/szekacs.lutheran.hu\/iskola\/wp-json\/wp\/v2\/users\/1"}],"replies":[{"embeddable":true,"href":"https:\/\/szekacs.lutheran.hu\/iskola\/wp-json\/wp\/v2\/comments?post=16637"}],"version-history":[{"count":16,"href":"https:\/\/szekacs.lutheran.hu\/iskola\/wp-json\/wp\/v2\/pages\/16637\/revisions"}],"predecessor-version":[{"id":31042,"href":"https:\/\/szekacs.lutheran.hu\/iskola\/wp-json\/wp\/v2\/pages\/16637\/revisions\/31042"}],"wp:attachment":[{"href":"https:\/\/szekacs.lutheran.hu\/iskola\/wp-json\/wp\/v2\/media?parent=16637"}],"curies":[{"name":"wp","href":"https:\/\/api.w.org\/{rel}","templated":true}]}}