{"id":16391,"date":"2019-11-28T09:45:50","date_gmt":"2019-11-28T09:45:50","guid":{"rendered":"https:\/\/szekacs.lutheran.hu\/iskola\/?page_id=16391"},"modified":"2019-11-28T10:06:23","modified_gmt":"2019-11-28T10:06:23","slug":"sola-fide-alapitvany","status":"publish","type":"page","link":"https:\/\/szekacs.lutheran.hu\/iskola\/sola-fide-alapitvany\/","title":{"rendered":"Sola Fide Alap\u00edtv\u00e1ny"},"content":{"rendered":"<div id=\"cmsmasters_row_9f4qscaft\" class=\"cmsmasters_row cmsmasters_color_scheme_default cmsmasters_row_top_default cmsmasters_row_bot_default cmsmasters_row_boxed\">\n<div class=\"cmsmasters_row_outer_parent\">\n<div class=\"cmsmasters_row_outer\">\n<div class=\"cmsmasters_row_inner\">\n<div class=\"cmsmasters_row_margin\">\n<div id=\"cmsmasters_column_9d3n648rho\" class=\"cmsmasters_column one_first\">\n<div class=\"cmsmasters_column_inner\"><div id=\"cmsmasters_heading_w0vv1l24x\" class=\"cmsmasters_heading_wrap cmsmasters_heading_align_left\">\n\t<h1 class=\"cmsmasters_heading\">Sola Fide Alap\u00edtv\u00e1ny<\/h1>\n<\/div><div class=\"cmsmasters_img  cmsmasters_image_l\"><img decoding=\"async\" src=\"https:\/\/szekacs.lutheran.hu\/iskola\/wp-content\/uploads\/2015\/04\/67F3F4728A7E1EE0D41B5F00BF650076E67E200CC98451EF9Epimgpsh_fullsize_distr.png\" alt=\"Picture\" \/><\/div>\n<\/div><\/div>\n<\/div>\n<\/div>\n<\/div>\n<\/div>\n<\/div>\n<div id=\"cmsmasters_row_7bm53vt4ns\" class=\"cmsmasters_row cmsmasters_color_scheme_default cmsmasters_row_top_default cmsmasters_row_bot_default cmsmasters_row_boxed\">\n<div class=\"cmsmasters_row_outer_parent\">\n<div class=\"cmsmasters_row_outer\">\n<div class=\"cmsmasters_row_inner\">\n<div class=\"cmsmasters_row_margin\">\n<div id=\"cmsmasters_column_y6zdr26hiy\" class=\"cmsmasters_column two_third\">\n<div class=\"cmsmasters_column_inner\"><div class=\"cmsmasters_text\">\n<p style=\"text-align: justify;\">2000 okt\u00f3ber\u00e9ben j\u00f6tt l\u00e9tre ez az alap\u00edtv\u00e1ny, mely szint\u00e9n az Orosh\u00e1zi Evang\u00e9likus \u00c1ltal\u00e1nos Iskola \u00e9s Gimn\u00e1zium oktat\u00f3-nevel\u0151 munk\u00e1j\u00e1t k\u00edv\u00e1nja seg\u00edteni. Az alap\u00edtv\u00e1nyt tev\u0151 dr. Czegl\u00e9di Jank\u00f3 G\u00e9z\u00e1n\u00e9 ezzel k\u00edv\u00e1nta tisztelet\u00e9t kifejezni ap\u00f3sa \u00e9s f\u00e9rje (Jank\u00f3 B\u00e1lint egykori orosh\u00e1zi evang\u00e9likus k\u00e1ntortan\u00edt\u00f3 \u00e9s dr. Czegl\u00e9di Jank\u00f3 G\u00e9za) eml\u00e9ke el\u0151tt. A szervezet nev\u00e9\u00fcl Luther M\u00e1rton reform\u00e1tori hitvall\u00e1s\u00e1t v\u00e1lasztotta: Sola Fide \u2013 Egyed\u00fcl hit \u00e1ltal. R\u00e1ad\u00e1sul ez a k\u00e9t sz\u00f3 olvashat\u00f3 az egykori Orosh\u00e1zi Evang\u00e9likus Gimn\u00e1zium \u00e9s ut\u00f3da, a mai Orosh\u00e1zi Evang\u00e9likus \u00c1ltal\u00e1nos Iskola \u00e9s Gimn\u00e1zium b\u00e9lyegz\u0151j\u00e9n is. E k\u00e9t sz\u00f3 hat\u00e1rozza meg az alap\u00edtv\u00e1ny t\u00f6rekv\u00e9seit is: a hittel val\u00f3 ismerked\u00e9st \u00e9s a hitben val\u00f3 elm\u00e9ly\u00fcl\u00e9st seg\u00edti. Els\u0151 alkalommal, 2003-ban az iskolai k\u00f6nyvt\u00e1rat t\u00e1mogatta bibli\u00e1k \u00e9s \u00e9nekesk\u00f6nyvek adom\u00e1nyoz\u00e1s\u00e1val, az\u00f3ta pedig minden \u00e9vben az \u00faj oszt\u00e1lyok (az 1. \u00e9s a 9. \u00e9vfolyamok) tanul\u00f3i kapnak saj\u00e1t haszn\u00e1lat\u00fa \u00e9s tulajdon\u00fa Evang\u00e9likus \u00e9nekesk\u00f6nyvet. Munk\u00e1juk r\u00e9v\u00e9n sz\u00e9p hagyom\u00e1ny alakult ki iskol\u00e1nkban: a tan\u00e9vnyit\u00f3 istentiszteleten az \u00e9nekesk\u00f6nyv \u00e1tv\u00e9tel\u00e9vel &#8222;bemutatkoznak&#8221; az \u00faj di\u00e1kok nemcsak az iskola, de az eg\u00e9sz gy\u00fclekezet sz\u00edne el\u0151tt.<\/p>\n<p><strong>Az alap\u00edtv\u00e1ny ad\u00f3sz\u00e1ma: 18383771-1-04<\/strong><\/p>\n<p>&nbsp;<\/p>\n<p>&nbsp;<\/p>\n<p>&nbsp;<\/p>\n<\/div>\n<\/div><\/div>\n<div id=\"cmsmasters_column_1dxweckapa\" class=\"cmsmasters_column one_third\">\n<div class=\"cmsmasters_column_inner\"><div id=\"cmsmasters_heading_01vda7cv7t\" class=\"cmsmasters_heading_wrap cmsmasters_heading_align_left\">\n\t<h2 class=\"cmsmasters_heading\">Tov\u00e1bbi alap\u00edtv\u00e1nyaink<\/h2>\n<\/div><div class=\"cmsmasters_text\">\n<ul>\n<li><a href=\"https:\/\/szekacs.lutheran.hu\/iskola\/evangelikus-altalanos-iskola-alapitvany\/\">Evang\u00e9likus \u00c1ltal\u00e1nos Iskola Alap\u00edtv\u00e1ny<\/a><\/li>\n<li><a href=\"https:\/\/szekacs.lutheran.hu\/iskola\/evangelikus-gimnazium-alapitvany\/\">Evang\u00e9likus Gimn\u00e1zium Alap\u00edtv\u00e1ny<\/a><\/li>\n<li><a href=\"https:\/\/szekacs.lutheran.hu\/iskola\/ravasz-antal-alapitvany\/\">Ravasz Antal Alap\u00edtv\u00e1ny<\/a><\/li>\n<li><a href=\"https:\/\/szekacs.lutheran.hu\/iskola\/ravasz-erzsebet-helyesirasi-alapitvany\/\">Ravasz Erzs\u00e9bet Helyes\u00edr\u00e1si Alap\u00edtv\u00e1ny<\/a><\/li>\n<li><a href=\"https:\/\/szekacs.lutheran.hu\/iskola\/sola-fide-alapitvany\/\">Sola Fide Alap\u00edtv\u00e1ny<\/a><\/li>\n<\/ul>\n<\/div>\n<\/div><\/div>\n<\/div>\n<\/div>\n<\/div>\n<\/div>\n<\/div>\n\n","protected":false},"excerpt":{"rendered":"","protected":false},"author":1,"featured_media":0,"parent":0,"menu_order":0,"comment_status":"closed","ping_status":"closed","template":"","meta":{"footnotes":""},"class_list":["post-16391","page","type-page","status-publish","hentry"],"yoast_head":"<!-- This site is optimized with the Yoast SEO plugin v26.2 - https:\/\/yoast.com\/wordpress\/plugins\/seo\/ -->\n<title>Sola Fide Alap\u00edtv\u00e1ny - Sz\u00e9k\u00e1cs J\u00f3zsef Evang\u00e9likus \u00d3voda, \u00c1ltal\u00e1nos Iskola \u00e9s Gimn\u00e1zium<\/title>\n<meta name=\"robots\" content=\"index, follow, max-snippet:-1, max-image-preview:large, max-video-preview:-1\" \/>\n<link rel=\"canonical\" href=\"https:\/\/szekacs.lutheran.hu\/iskola\/sola-fide-alapitvany\/\" \/>\n<meta property=\"og:locale\" content=\"hu_HU\" \/>\n<meta property=\"og:type\" content=\"article\" \/>\n<meta property=\"og:title\" content=\"Sola Fide Alap\u00edtv\u00e1ny - Sz\u00e9k\u00e1cs J\u00f3zsef Evang\u00e9likus \u00d3voda, \u00c1ltal\u00e1nos Iskola \u00e9s Gimn\u00e1zium\" \/>\n<meta property=\"og:url\" content=\"https:\/\/szekacs.lutheran.hu\/iskola\/sola-fide-alapitvany\/\" \/>\n<meta property=\"og:site_name\" content=\"Sz\u00e9k\u00e1cs J\u00f3zsef Evang\u00e9likus \u00d3voda, \u00c1ltal\u00e1nos Iskola \u00e9s Gimn\u00e1zium\" \/>\n<meta property=\"article:modified_time\" content=\"2019-11-28T10:06:23+00:00\" \/>\n<meta name=\"twitter:card\" content=\"summary_large_image\" \/>\n<meta name=\"twitter:label1\" content=\"Becs\u00fclt olvas\u00e1si id\u0151\" \/>\n\t<meta name=\"twitter:data1\" content=\"4 perc\" \/>\n<script type=\"application\/ld+json\" class=\"yoast-schema-graph\">{\"@context\":\"https:\/\/schema.org\",\"@graph\":[{\"@type\":\"WebPage\",\"@id\":\"https:\/\/szekacs.lutheran.hu\/iskola\/sola-fide-alapitvany\/\",\"url\":\"https:\/\/szekacs.lutheran.hu\/iskola\/sola-fide-alapitvany\/\",\"name\":\"Sola Fide Alap\u00edtv\u00e1ny - Sz\u00e9k\u00e1cs J\u00f3zsef Evang\u00e9likus \u00d3voda, \u00c1ltal\u00e1nos Iskola \u00e9s Gimn\u00e1zium\",\"isPartOf\":{\"@id\":\"https:\/\/szekacs.lutheran.hu\/iskola\/#website\"},\"datePublished\":\"2019-11-28T09:45:50+00:00\",\"dateModified\":\"2019-11-28T10:06:23+00:00\",\"breadcrumb\":{\"@id\":\"https:\/\/szekacs.lutheran.hu\/iskola\/sola-fide-alapitvany\/#breadcrumb\"},\"inLanguage\":\"hu\",\"potentialAction\":[{\"@type\":\"ReadAction\",\"target\":[\"https:\/\/szekacs.lutheran.hu\/iskola\/sola-fide-alapitvany\/\"]}]},{\"@type\":\"BreadcrumbList\",\"@id\":\"https:\/\/szekacs.lutheran.hu\/iskola\/sola-fide-alapitvany\/#breadcrumb\",\"itemListElement\":[{\"@type\":\"ListItem\",\"position\":1,\"name\":\"Home\",\"item\":\"https:\/\/szekacs.lutheran.hu\/iskola\/\"},{\"@type\":\"ListItem\",\"position\":2,\"name\":\"Sola Fide Alap\u00edtv\u00e1ny\"}]},{\"@type\":\"WebSite\",\"@id\":\"https:\/\/szekacs.lutheran.hu\/iskola\/#website\",\"url\":\"https:\/\/szekacs.lutheran.hu\/iskola\/\",\"name\":\"Sz\u00e9k\u00e1cs J\u00f3zsef Evang\u00e9likus \u00d3voda, \u00c1ltal\u00e1nos Iskola \u00e9s Gimn\u00e1zium\",\"description\":\"\",\"potentialAction\":[{\"@type\":\"SearchAction\",\"target\":{\"@type\":\"EntryPoint\",\"urlTemplate\":\"https:\/\/szekacs.lutheran.hu\/iskola\/?s={search_term_string}\"},\"query-input\":{\"@type\":\"PropertyValueSpecification\",\"valueRequired\":true,\"valueName\":\"search_term_string\"}}],\"inLanguage\":\"hu\"}]}<\/script>\n<!-- \/ Yoast SEO plugin. -->","yoast_head_json":{"title":"Sola Fide Alap\u00edtv\u00e1ny - Sz\u00e9k\u00e1cs J\u00f3zsef Evang\u00e9likus \u00d3voda, \u00c1ltal\u00e1nos Iskola \u00e9s Gimn\u00e1zium","robots":{"index":"index","follow":"follow","max-snippet":"max-snippet:-1","max-image-preview":"max-image-preview:large","max-video-preview":"max-video-preview:-1"},"canonical":"https:\/\/szekacs.lutheran.hu\/iskola\/sola-fide-alapitvany\/","og_locale":"hu_HU","og_type":"article","og_title":"Sola Fide Alap\u00edtv\u00e1ny - Sz\u00e9k\u00e1cs J\u00f3zsef Evang\u00e9likus \u00d3voda, \u00c1ltal\u00e1nos Iskola \u00e9s Gimn\u00e1zium","og_url":"https:\/\/szekacs.lutheran.hu\/iskola\/sola-fide-alapitvany\/","og_site_name":"Sz\u00e9k\u00e1cs J\u00f3zsef Evang\u00e9likus \u00d3voda, \u00c1ltal\u00e1nos Iskola \u00e9s Gimn\u00e1zium","article_modified_time":"2019-11-28T10:06:23+00:00","twitter_card":"summary_large_image","twitter_misc":{"Becs\u00fclt olvas\u00e1si id\u0151":"4 perc"},"schema":{"@context":"https:\/\/schema.org","@graph":[{"@type":"WebPage","@id":"https:\/\/szekacs.lutheran.hu\/iskola\/sola-fide-alapitvany\/","url":"https:\/\/szekacs.lutheran.hu\/iskola\/sola-fide-alapitvany\/","name":"Sola Fide Alap\u00edtv\u00e1ny - Sz\u00e9k\u00e1cs J\u00f3zsef Evang\u00e9likus \u00d3voda, \u00c1ltal\u00e1nos Iskola \u00e9s Gimn\u00e1zium","isPartOf":{"@id":"https:\/\/szekacs.lutheran.hu\/iskola\/#website"},"datePublished":"2019-11-28T09:45:50+00:00","dateModified":"2019-11-28T10:06:23+00:00","breadcrumb":{"@id":"https:\/\/szekacs.lutheran.hu\/iskola\/sola-fide-alapitvany\/#breadcrumb"},"inLanguage":"hu","potentialAction":[{"@type":"ReadAction","target":["https:\/\/szekacs.lutheran.hu\/iskola\/sola-fide-alapitvany\/"]}]},{"@type":"BreadcrumbList","@id":"https:\/\/szekacs.lutheran.hu\/iskola\/sola-fide-alapitvany\/#breadcrumb","itemListElement":[{"@type":"ListItem","position":1,"name":"Home","item":"https:\/\/szekacs.lutheran.hu\/iskola\/"},{"@type":"ListItem","position":2,"name":"Sola Fide Alap\u00edtv\u00e1ny"}]},{"@type":"WebSite","@id":"https:\/\/szekacs.lutheran.hu\/iskola\/#website","url":"https:\/\/szekacs.lutheran.hu\/iskola\/","name":"Sz\u00e9k\u00e1cs J\u00f3zsef Evang\u00e9likus \u00d3voda, \u00c1ltal\u00e1nos Iskola \u00e9s Gimn\u00e1zium","description":"","potentialAction":[{"@type":"SearchAction","target":{"@type":"EntryPoint","urlTemplate":"https:\/\/szekacs.lutheran.hu\/iskola\/?s={search_term_string}"},"query-input":{"@type":"PropertyValueSpecification","valueRequired":true,"valueName":"search_term_string"}}],"inLanguage":"hu"}]}},"_links":{"self":[{"href":"https:\/\/szekacs.lutheran.hu\/iskola\/wp-json\/wp\/v2\/pages\/16391","targetHints":{"allow":["GET"]}}],"collection":[{"href":"https:\/\/szekacs.lutheran.hu\/iskola\/wp-json\/wp\/v2\/pages"}],"about":[{"href":"https:\/\/szekacs.lutheran.hu\/iskola\/wp-json\/wp\/v2\/types\/page"}],"author":[{"embeddable":true,"href":"https:\/\/szekacs.lutheran.hu\/iskola\/wp-json\/wp\/v2\/users\/1"}],"replies":[{"embeddable":true,"href":"https:\/\/szekacs.lutheran.hu\/iskola\/wp-json\/wp\/v2\/comments?post=16391"}],"version-history":[{"count":3,"href":"https:\/\/szekacs.lutheran.hu\/iskola\/wp-json\/wp\/v2\/pages\/16391\/revisions"}],"predecessor-version":[{"id":16408,"href":"https:\/\/szekacs.lutheran.hu\/iskola\/wp-json\/wp\/v2\/pages\/16391\/revisions\/16408"}],"wp:attachment":[{"href":"https:\/\/szekacs.lutheran.hu\/iskola\/wp-json\/wp\/v2\/media?parent=16391"}],"curies":[{"name":"wp","href":"https:\/\/api.w.org\/{rel}","templated":true}]}}