{"id":16387,"date":"2019-11-28T09:38:02","date_gmt":"2019-11-28T09:38:02","guid":{"rendered":"https:\/\/szekacs.lutheran.hu\/iskola\/?page_id=16387"},"modified":"2019-11-28T10:07:19","modified_gmt":"2019-11-28T10:07:19","slug":"ravasz-antal-alapitvany","status":"publish","type":"page","link":"https:\/\/szekacs.lutheran.hu\/iskola\/ravasz-antal-alapitvany\/","title":{"rendered":"Ravasz Antal Alap\u00edtv\u00e1ny"},"content":{"rendered":"<div id=\"cmsmasters_row_9f4qscaft\" class=\"cmsmasters_row cmsmasters_color_scheme_default cmsmasters_row_top_default cmsmasters_row_bot_default cmsmasters_row_boxed\">\n<div class=\"cmsmasters_row_outer_parent\">\n<div class=\"cmsmasters_row_outer\">\n<div class=\"cmsmasters_row_inner\">\n<div class=\"cmsmasters_row_margin\">\n<div id=\"cmsmasters_column_9d3n648rho\" class=\"cmsmasters_column one_first\">\n<div class=\"cmsmasters_column_inner\"><div id=\"cmsmasters_heading_w0vv1l24x\" class=\"cmsmasters_heading_wrap cmsmasters_heading_align_left\">\n\t<h1 class=\"cmsmasters_heading\">Ravasz Antal Alap\u00edtv\u00e1ny<\/h1>\n<\/div><div class=\"cmsmasters_img  cmsmasters_image_l\"><img decoding=\"async\" src=\"https:\/\/szekacs.lutheran.hu\/iskola\/wp-content\/uploads\/2015\/04\/67F3F4728A7E1EE0D41B5F00BF650076E67E200CC98451EF9Epimgpsh_fullsize_distr.png\" alt=\"Picture\" \/><\/div>\n<\/div><\/div>\n<\/div>\n<\/div>\n<\/div>\n<\/div>\n<\/div>\n<div id=\"cmsmasters_row_7bm53vt4ns\" class=\"cmsmasters_row cmsmasters_color_scheme_default cmsmasters_row_top_default cmsmasters_row_bot_default cmsmasters_row_boxed\">\n<div class=\"cmsmasters_row_outer_parent\">\n<div class=\"cmsmasters_row_outer\">\n<div class=\"cmsmasters_row_inner\">\n<div class=\"cmsmasters_row_margin\">\n<div id=\"cmsmasters_column_y6zdr26hiy\" class=\"cmsmasters_column two_third\">\n<div class=\"cmsmasters_column_inner\"><div class=\"cmsmasters_text\">\n<p style=\"text-align: justify;\">Az alap\u00edtv\u00e1ny az Orosh\u00e1zi Evang\u00e9likus Egyh\u00e1zk\u00f6zs\u00e9g fel\u00fcgyelet\u00e9vel 1994-ben, Orosh\u00e1za v\u00e1ros alap\u00edt\u00e1s\u00e1nak 250. \u00e9vfordul\u00f3ja alkalm\u00e1b\u00f3l j\u00f6tt l\u00e9tre. Az \u00fcnnep idej\u00e9n ism\u00e9t el\u0151ker\u00fclt iratok \u00e9s megb\u00edzhat\u00f3 feljegyz\u00e9sek igazolj\u00e1k, hogy az evang\u00e9likus vall\u00e1suk miatt Zomb\u00e1r\u00f3l el\u00fcld\u00f6z\u00f6tt \u00e9s Orosh\u00e1z\u00e1n leteleped\u0151 csal\u00e1dok nyolctag\u00fa bizotts\u00e1gi vezet\u0151je Ravasz Gy\u00f6rgy volt. Az \u0151 egyenes \u00e1gi hetedik lesz\u00e1rmazottja Ravasz Antal gazd\u00e1lkod\u00f3, m\u00e9rn\u00f6k, az evang\u00e9likus gy\u00fclekezet presbitere volt, ez\u00e9rt kezdem\u00e9nyezt\u00e9k gyermekei az evang\u00e9likus gimn\u00e1zium anyagi t\u00e1mogat\u00e1s\u00e1ra az alap\u00edtv\u00e1ny l\u00e9trehoz\u00e1s\u00e1t. Az alap\u00edtv\u00e1ny eredeti c\u00e9lja, hogy a gimn\u00e1zium j\u00f3l tanul\u00f3, szorgalmas, szer\u00e9nyebb anyagi k\u00f6r\u00fclm\u00e9nyek k\u00f6z\u00f6tt \u00e9l\u0151 tanul\u00f3i r\u00e9sz\u00e9re \u00f6szt\u00f6nd\u00edjat foly\u00f3s\u00edtson. Ez a c\u00e9l annyiban m\u00f3dosult a kurat\u00f3rium d\u00f6nt\u00e9se nyom\u00e1n \u2013 \u00e9s \u00edgy elv\u00e1lt egym\u00e1st\u00f3l a k\u00e9t hasonl\u00f3 alap\u00edtv\u00e1ny m\u0171k\u00f6d\u00e9se \u2013, hogy 2004-t\u0151l, az els\u0151 \u00e9retts\u00e9gi \u00e9v\u00e9t\u0151l a legjobban \u00e9retts\u00e9giz\u0151k kapj\u00e1k meg ezt a nagy \u00f6sszeg\u0171 t\u00e1mogat\u00e1st.<\/p>\n<p><strong>Az alap\u00edtv\u00e1ny ad\u00f3sz\u00e1ma: 18375200-1-04<\/strong><\/p>\n<p>&nbsp;<\/p>\n<p>&nbsp;<\/p>\n<p>&nbsp;<\/p>\n<\/div>\n<\/div><\/div>\n<div id=\"cmsmasters_column_1dxweckapa\" class=\"cmsmasters_column one_third\">\n<div class=\"cmsmasters_column_inner\"><div id=\"cmsmasters_heading_01vda7cv7t\" class=\"cmsmasters_heading_wrap cmsmasters_heading_align_left\">\n\t<h2 class=\"cmsmasters_heading\">Tov\u00e1bbi alap\u00edtv\u00e1nyaink<\/h2>\n<\/div><div class=\"cmsmasters_text\">\n<ul>\n<li><a href=\"https:\/\/szekacs.lutheran.hu\/iskola\/evangelikus-altalanos-iskola-alapitvany\/\">Evang\u00e9likus \u00c1ltal\u00e1nos Iskola Alap\u00edtv\u00e1ny<\/a><\/li>\n<li><a href=\"https:\/\/szekacs.lutheran.hu\/iskola\/evangelikus-gimnazium-alapitvany\/\">Evang\u00e9likus Gimn\u00e1zium Alap\u00edtv\u00e1ny<\/a><\/li>\n<li><a href=\"https:\/\/szekacs.lutheran.hu\/iskola\/ravasz-antal-alapitvany\/\">Ravasz Antal Alap\u00edtv\u00e1ny<\/a><\/li>\n<li><a href=\"https:\/\/szekacs.lutheran.hu\/iskola\/ravasz-erzsebet-helyesirasi-alapitvany\/\">Ravasz Erzs\u00e9bet Helyes\u00edr\u00e1si Alap\u00edtv\u00e1ny<\/a><\/li>\n<li><a href=\"https:\/\/szekacs.lutheran.hu\/iskola\/sola-fide-alapitvany\/\">Sola Fide Alap\u00edtv\u00e1ny<\/a><\/li>\n<\/ul>\n<\/div>\n<\/div><\/div>\n<\/div>\n<\/div>\n<\/div>\n<\/div>\n<\/div>\n<div id=\"cmsmasters_row_7uwwauw6zq\" class=\"cmsmasters_row cmsmasters_color_scheme_default cmsmasters_row_top_default cmsmasters_row_bot_default cmsmasters_row_boxed\">\n<div class=\"cmsmasters_row_outer_parent\">\n<div class=\"cmsmasters_row_outer\">\n<div class=\"cmsmasters_row_inner\">\n<div class=\"cmsmasters_row_margin\">\n<div id=\"cmsmasters_column_tn15wl1exr\" class=\"cmsmasters_column one_first\">\n<div class=\"cmsmasters_column_inner\"><\/div><\/div>\n<\/div>\n<\/div>\n<\/div>\n<\/div>\n<\/div>\n\n","protected":false},"excerpt":{"rendered":"","protected":false},"author":1,"featured_media":0,"parent":0,"menu_order":0,"comment_status":"closed","ping_status":"closed","template":"","meta":{"footnotes":""},"class_list":["post-16387","page","type-page","status-publish","hentry"],"yoast_head":"<!-- This site is optimized with the Yoast SEO plugin v26.2 - https:\/\/yoast.com\/wordpress\/plugins\/seo\/ -->\n<title>Ravasz Antal Alap\u00edtv\u00e1ny - Sz\u00e9k\u00e1cs J\u00f3zsef Evang\u00e9likus \u00d3voda, \u00c1ltal\u00e1nos Iskola \u00e9s Gimn\u00e1zium<\/title>\n<meta name=\"robots\" content=\"index, follow, max-snippet:-1, max-image-preview:large, max-video-preview:-1\" \/>\n<link rel=\"canonical\" href=\"https:\/\/szekacs.lutheran.hu\/iskola\/ravasz-antal-alapitvany\/\" \/>\n<meta property=\"og:locale\" content=\"hu_HU\" \/>\n<meta property=\"og:type\" content=\"article\" \/>\n<meta property=\"og:title\" content=\"Ravasz Antal Alap\u00edtv\u00e1ny - Sz\u00e9k\u00e1cs J\u00f3zsef Evang\u00e9likus \u00d3voda, \u00c1ltal\u00e1nos Iskola \u00e9s Gimn\u00e1zium\" \/>\n<meta property=\"og:url\" content=\"https:\/\/szekacs.lutheran.hu\/iskola\/ravasz-antal-alapitvany\/\" \/>\n<meta property=\"og:site_name\" content=\"Sz\u00e9k\u00e1cs J\u00f3zsef Evang\u00e9likus \u00d3voda, \u00c1ltal\u00e1nos Iskola \u00e9s Gimn\u00e1zium\" \/>\n<meta property=\"article:modified_time\" content=\"2019-11-28T10:07:19+00:00\" \/>\n<meta name=\"twitter:card\" content=\"summary_large_image\" \/>\n<meta name=\"twitter:label1\" content=\"Becs\u00fclt olvas\u00e1si id\u0151\" \/>\n\t<meta name=\"twitter:data1\" content=\"4 perc\" \/>\n<script type=\"application\/ld+json\" class=\"yoast-schema-graph\">{\"@context\":\"https:\/\/schema.org\",\"@graph\":[{\"@type\":\"WebPage\",\"@id\":\"https:\/\/szekacs.lutheran.hu\/iskola\/ravasz-antal-alapitvany\/\",\"url\":\"https:\/\/szekacs.lutheran.hu\/iskola\/ravasz-antal-alapitvany\/\",\"name\":\"Ravasz Antal Alap\u00edtv\u00e1ny - Sz\u00e9k\u00e1cs J\u00f3zsef Evang\u00e9likus \u00d3voda, \u00c1ltal\u00e1nos Iskola \u00e9s Gimn\u00e1zium\",\"isPartOf\":{\"@id\":\"https:\/\/szekacs.lutheran.hu\/iskola\/#website\"},\"datePublished\":\"2019-11-28T09:38:02+00:00\",\"dateModified\":\"2019-11-28T10:07:19+00:00\",\"breadcrumb\":{\"@id\":\"https:\/\/szekacs.lutheran.hu\/iskola\/ravasz-antal-alapitvany\/#breadcrumb\"},\"inLanguage\":\"hu\",\"potentialAction\":[{\"@type\":\"ReadAction\",\"target\":[\"https:\/\/szekacs.lutheran.hu\/iskola\/ravasz-antal-alapitvany\/\"]}]},{\"@type\":\"BreadcrumbList\",\"@id\":\"https:\/\/szekacs.lutheran.hu\/iskola\/ravasz-antal-alapitvany\/#breadcrumb\",\"itemListElement\":[{\"@type\":\"ListItem\",\"position\":1,\"name\":\"Home\",\"item\":\"https:\/\/szekacs.lutheran.hu\/iskola\/\"},{\"@type\":\"ListItem\",\"position\":2,\"name\":\"Ravasz Antal Alap\u00edtv\u00e1ny\"}]},{\"@type\":\"WebSite\",\"@id\":\"https:\/\/szekacs.lutheran.hu\/iskola\/#website\",\"url\":\"https:\/\/szekacs.lutheran.hu\/iskola\/\",\"name\":\"Sz\u00e9k\u00e1cs J\u00f3zsef Evang\u00e9likus \u00d3voda, \u00c1ltal\u00e1nos Iskola \u00e9s Gimn\u00e1zium\",\"description\":\"\",\"potentialAction\":[{\"@type\":\"SearchAction\",\"target\":{\"@type\":\"EntryPoint\",\"urlTemplate\":\"https:\/\/szekacs.lutheran.hu\/iskola\/?s={search_term_string}\"},\"query-input\":{\"@type\":\"PropertyValueSpecification\",\"valueRequired\":true,\"valueName\":\"search_term_string\"}}],\"inLanguage\":\"hu\"}]}<\/script>\n<!-- \/ Yoast SEO plugin. -->","yoast_head_json":{"title":"Ravasz Antal Alap\u00edtv\u00e1ny - Sz\u00e9k\u00e1cs J\u00f3zsef Evang\u00e9likus \u00d3voda, \u00c1ltal\u00e1nos Iskola \u00e9s Gimn\u00e1zium","robots":{"index":"index","follow":"follow","max-snippet":"max-snippet:-1","max-image-preview":"max-image-preview:large","max-video-preview":"max-video-preview:-1"},"canonical":"https:\/\/szekacs.lutheran.hu\/iskola\/ravasz-antal-alapitvany\/","og_locale":"hu_HU","og_type":"article","og_title":"Ravasz Antal Alap\u00edtv\u00e1ny - Sz\u00e9k\u00e1cs J\u00f3zsef Evang\u00e9likus \u00d3voda, \u00c1ltal\u00e1nos Iskola \u00e9s Gimn\u00e1zium","og_url":"https:\/\/szekacs.lutheran.hu\/iskola\/ravasz-antal-alapitvany\/","og_site_name":"Sz\u00e9k\u00e1cs J\u00f3zsef Evang\u00e9likus \u00d3voda, \u00c1ltal\u00e1nos Iskola \u00e9s Gimn\u00e1zium","article_modified_time":"2019-11-28T10:07:19+00:00","twitter_card":"summary_large_image","twitter_misc":{"Becs\u00fclt olvas\u00e1si id\u0151":"4 perc"},"schema":{"@context":"https:\/\/schema.org","@graph":[{"@type":"WebPage","@id":"https:\/\/szekacs.lutheran.hu\/iskola\/ravasz-antal-alapitvany\/","url":"https:\/\/szekacs.lutheran.hu\/iskola\/ravasz-antal-alapitvany\/","name":"Ravasz Antal Alap\u00edtv\u00e1ny - Sz\u00e9k\u00e1cs J\u00f3zsef Evang\u00e9likus \u00d3voda, \u00c1ltal\u00e1nos Iskola \u00e9s Gimn\u00e1zium","isPartOf":{"@id":"https:\/\/szekacs.lutheran.hu\/iskola\/#website"},"datePublished":"2019-11-28T09:38:02+00:00","dateModified":"2019-11-28T10:07:19+00:00","breadcrumb":{"@id":"https:\/\/szekacs.lutheran.hu\/iskola\/ravasz-antal-alapitvany\/#breadcrumb"},"inLanguage":"hu","potentialAction":[{"@type":"ReadAction","target":["https:\/\/szekacs.lutheran.hu\/iskola\/ravasz-antal-alapitvany\/"]}]},{"@type":"BreadcrumbList","@id":"https:\/\/szekacs.lutheran.hu\/iskola\/ravasz-antal-alapitvany\/#breadcrumb","itemListElement":[{"@type":"ListItem","position":1,"name":"Home","item":"https:\/\/szekacs.lutheran.hu\/iskola\/"},{"@type":"ListItem","position":2,"name":"Ravasz Antal Alap\u00edtv\u00e1ny"}]},{"@type":"WebSite","@id":"https:\/\/szekacs.lutheran.hu\/iskola\/#website","url":"https:\/\/szekacs.lutheran.hu\/iskola\/","name":"Sz\u00e9k\u00e1cs J\u00f3zsef Evang\u00e9likus \u00d3voda, \u00c1ltal\u00e1nos Iskola \u00e9s Gimn\u00e1zium","description":"","potentialAction":[{"@type":"SearchAction","target":{"@type":"EntryPoint","urlTemplate":"https:\/\/szekacs.lutheran.hu\/iskola\/?s={search_term_string}"},"query-input":{"@type":"PropertyValueSpecification","valueRequired":true,"valueName":"search_term_string"}}],"inLanguage":"hu"}]}},"_links":{"self":[{"href":"https:\/\/szekacs.lutheran.hu\/iskola\/wp-json\/wp\/v2\/pages\/16387","targetHints":{"allow":["GET"]}}],"collection":[{"href":"https:\/\/szekacs.lutheran.hu\/iskola\/wp-json\/wp\/v2\/pages"}],"about":[{"href":"https:\/\/szekacs.lutheran.hu\/iskola\/wp-json\/wp\/v2\/types\/page"}],"author":[{"embeddable":true,"href":"https:\/\/szekacs.lutheran.hu\/iskola\/wp-json\/wp\/v2\/users\/1"}],"replies":[{"embeddable":true,"href":"https:\/\/szekacs.lutheran.hu\/iskola\/wp-json\/wp\/v2\/comments?post=16387"}],"version-history":[{"count":4,"href":"https:\/\/szekacs.lutheran.hu\/iskola\/wp-json\/wp\/v2\/pages\/16387\/revisions"}],"predecessor-version":[{"id":16410,"href":"https:\/\/szekacs.lutheran.hu\/iskola\/wp-json\/wp\/v2\/pages\/16387\/revisions\/16410"}],"wp:attachment":[{"href":"https:\/\/szekacs.lutheran.hu\/iskola\/wp-json\/wp\/v2\/media?parent=16387"}],"curies":[{"name":"wp","href":"https:\/\/api.w.org\/{rel}","templated":true}]}}