{"id":16375,"date":"2019-11-28T09:15:48","date_gmt":"2019-11-28T09:15:48","guid":{"rendered":"https:\/\/szekacs.lutheran.hu\/iskola\/?page_id=16375"},"modified":"2026-02-26T08:42:03","modified_gmt":"2026-02-26T08:42:03","slug":"alapitvanyok","status":"publish","type":"page","link":"https:\/\/szekacs.lutheran.hu\/iskola\/alapitvanyok\/","title":{"rendered":"Alap\u00edtv\u00e1nyok"},"content":{"rendered":"<div id=\"cmsmasters_row_9f4qscaft\" class=\"cmsmasters_row cmsmasters_color_scheme_default cmsmasters_row_top_default cmsmasters_row_bot_default cmsmasters_row_boxed\">\n<div class=\"cmsmasters_row_outer_parent\">\n<div class=\"cmsmasters_row_outer\">\n<div class=\"cmsmasters_row_inner\">\n<div class=\"cmsmasters_row_margin\">\n<div id=\"cmsmasters_column_9d3n648rho\" class=\"cmsmasters_column one_first\">\n<div class=\"cmsmasters_column_inner\"><div id=\"cmsmasters_heading_w0vv1l24x\" class=\"cmsmasters_heading_wrap cmsmasters_heading_align_left\">\n\t<h1 class=\"cmsmasters_heading\">Egy iskola &#8211; n\u00e9gy alap\u00edtv\u00e1ny<\/h1>\n<\/div><div class=\"cmsmasters_img  cmsmasters_image_l\"><img decoding=\"async\" src=\"https:\/\/szekacs.lutheran.hu\/iskola\/wp-content\/uploads\/2015\/04\/67F3F4728A7E1EE0D41B5F00BF650076E67E200CC98451EF9Epimgpsh_fullsize_distr.png\" alt=\"Picture\" \/><\/div><div class=\"cmsmasters_text\">\n<p>&nbsp;<\/p>\n<p>&nbsp;<\/p>\n<p style=\"text-align: justify;\">A Sz\u00e9k\u00e1cs J\u00f3zsef Evang\u00e9likus \u00d3voda, \u00c1ltal\u00e1nos Iskola \u00e9s Gimn\u00e1zium az egyh\u00e1zi iskol\u00e1kra jellemz\u0151 m\u00f3don t\u00f6bb alap\u00edtv\u00e1nnyal is rendelkezik. Ennek a szerkezetnek az oka t\u00f6bb t\u00e9nyez\u0151ben lelhet\u0151 fel. Egyr\u00e9szt abban tal\u00e1lhat\u00f3 meg a v\u00e1lasz, hogy eredetileg a T\u00e1ncsics Mih\u00e1ly Gimn\u00e1ziumban 1991-t\u0151l m\u0171k\u00f6d\u0151 evang\u00e9likus gimn\u00e1ziumi tagozat t\u00e1mogat\u00e1s\u00e1ra j\u00f6tt l\u00e9tre a gimn\u00e1ziumi alap\u00edtv\u00e1ny. Egy \u00e9vvel k\u00e9s\u0151bb ezzel p\u00e1rhuzamosan az Orosh\u00e1zi Evang\u00e9likus Egyh\u00e1zk\u00f6zs\u00e9g fenntart\u00e1s\u00e1val \u00f6n\u00e1ll\u00f3 \u00e1ltal\u00e1nos iskola indult, \u00e9s ehhez kapcsol\u00f3d\u00f3an egy \u00fajabb, imm\u00e1r \u00e1ltal\u00e1nos iskolai alap\u00edtv\u00e1ny is l\u00e9trej\u00f6tt. Teh\u00e1t egyr\u00e9szt az iskolaszerkezet v\u00e1ltoz\u00e1sa eredm\u00e9nyezte az alap\u00edtv\u00e1nyok t\u00f6bbsz\u00f6r\u00f6z\u0151d\u00e9s\u00e9t.<\/p>\n<p style=\"text-align: justify;\">M\u00e1sr\u00e9szt evang\u00e9likus iskol\u00e1nkban \u2013 mint az egyh\u00e1zi iskol\u00e1k z\u00f6m\u00e9ben \u2013 nagyon er\u0151s az int\u00e9zm\u00e9nyhez val\u00f3 lelki k\u00f6t\u0151d\u00e9s, \u00edgy gy\u00fclekezet\u00fcnk hajdani \u00e9s jelenlegi tagjai t\u00f6bb alap\u00edtv\u00e1nyt is tettek. Arr\u00f3l itt nem is k\u00edv\u00e1nok r\u00e9szletesebben sz\u00f3lni, hogy az egyh\u00e1zi adakoz\u00e1snak milyen sz\u00e9p m\u00faltbeli \u00e9s mai hagyom\u00e1nya van, tulajdonk\u00e9ppen ez az egyh\u00e1z gazdas\u00e1gi m\u0171k\u00f6d\u00e9s\u00e9nek egyik fontos t\u00e1masza. R\u00e1ad\u00e1sul az adom\u00e1nyoz\u00f3k sz\u00e1m\u00e1ra nagy jelent\u0151s\u00e9ggel b\u00edr az, hogy szem\u00e9lyesen hozz\u00e1juk, illetve az \u00e1ltaluk v\u00e1lasztott, p\u00e9ldak\u00e9p\u00fcl \u00e1ll\u00edtott, n\u00e9vad\u00f3 szem\u00e9lyhez k\u00f6t\u0151dik egy-egy alap\u00edtv\u00e1ny.<\/p>\n<p>Alap\u00edtv\u00e1nyaink r\u00e9szletes bemutat\u00e1sa:<\/p>\n<p>&nbsp;<\/p>\n<ul>\n<li><strong><a href=\"https:\/\/szekacs.lutheran.hu\/iskola\/evangelikus-altalanos-iskola-alapitvany\/\">Evang\u00e9likus \u00c1ltal\u00e1nos Iskola Alap\u00edtv\u00e1ny<\/a><\/strong><\/li>\n<li><strong><a href=\"https:\/\/szekacs.lutheran.hu\/iskola\/evangelikus-gimnazium-alapitvany\/\">Evang\u00e9likus Gimn\u00e1zium Alap\u00edtv\u00e1ny<\/a><\/strong><\/li>\n<li><strong><a href=\"https:\/\/szekacs.lutheran.hu\/iskola\/ravasz-antal-alapitvany\/\">Ravasz Antal Alap\u00edtv\u00e1ny<\/a><\/strong><\/li>\n<li><strong><a href=\"https:\/\/szekacs.lutheran.hu\/iskola\/sola-fide-alapitvany\/\">Sola Fide Alap\u00edtv\u00e1ny<\/a><\/strong><\/li>\n<\/ul>\n<p>&nbsp;<\/p>\n<p style=\"text-align: justify;\">Saj\u00e1t tapasztalataim alapj\u00e1n mondhatom, hogy iskol\u00e1nkban az alap\u00edtv\u00e1nyok szerepe t\u00f6bb mint egy gazd\u00e1lkod\u00e1st seg\u00edt\u0151 int\u00e9zm\u00e9ny: az iskola lelkis\u00e9g\u00e9t, a mindenkori di\u00e1kok \u00e9s tan\u00e1rok \u00f6sszetartoz\u00e1s\u00e1t is jelk\u00e9pezi, munk\u00e1juk gener\u00e1ci\u00f3kon \u00e1t\u00edvel, \u00e9rt\u00e9ket teremt \u00e9s meg\u0151rzi azt. Az alap\u00edtv\u00e1nyt tev\u0151k gondoskod\u00e1sa nem mer\u00fclt ki a p\u00e9nz\u00f6sszeg adom\u00e1nyoz\u00e1s\u00e1ban, hanem az\u00f3ta is figyelemmel k\u00eds\u00e9rik az iskol\u00e1ban v\u00e9gzett pedag\u00f3giai munk\u00e1t, seg\u00edt\u0151 figyelm\u00fck minden ter\u00fcletre kiterjed. K\u00f6sz\u00f6nj\u00fck az iskola \u00e9s a di\u00e1ks\u00e1g ir\u00e1nti szeretet\u00fck minden megnyilv\u00e1nul\u00e1s\u00e1t, k\u00f6z\u00f6mb\u00f6ss\u00e9 v\u00e1l\u00f3 vil\u00e1gunkban n\u00e9lk\u00fcl\u00f6zhetetlenek az ilyen \u00f6nzetlen, az anyagi \u00e9s a lelki t\u00e1mogat\u00e1ssal sem fukarkod\u00f3 emberek. Nem lelk\u00e9szek \u0151k, m\u00e9gis az evang\u00e9lium terjeszt\u00e9s\u00e9nek eszk\u00f6zei. K\u00eds\u00e9rje Isten gazdag \u00e1ld\u00e1sa \u00e9let\u00fcket!<\/p>\n<div id=\"text_alairas\" style=\"text-align: right;\">Sz\u0151ke-Kili\u00e1n Szilvia<br \/>\n<em>magyartan\u00e1r<\/em><\/div>\n<\/div>\n<\/div><\/div>\n<\/div>\n<\/div>\n<\/div>\n<\/div>\n<\/div>\n<div id=\"cmsmasters_row_7bm53vt4ns\" class=\"cmsmasters_row cmsmasters_color_scheme_default cmsmasters_row_top_default cmsmasters_row_bot_default cmsmasters_row_boxed\">\n<div class=\"cmsmasters_row_outer_parent\">\n<div class=\"cmsmasters_row_outer\">\n<div class=\"cmsmasters_row_inner\">\n<div class=\"cmsmasters_row_margin\">\n<div id=\"cmsmasters_column_y6zdr26hiy\" class=\"cmsmasters_column one_first\">\n<div class=\"cmsmasters_column_inner\"><\/div><\/div>\n<\/div>\n<\/div>\n<\/div>\n<\/div>\n<\/div>\n\n","protected":false},"excerpt":{"rendered":"","protected":false},"author":1,"featured_media":0,"parent":0,"menu_order":0,"comment_status":"closed","ping_status":"closed","template":"","meta":{"footnotes":""},"class_list":["post-16375","page","type-page","status-publish","hentry"],"yoast_head":"<!-- This site is optimized with the Yoast SEO plugin v26.2 - https:\/\/yoast.com\/wordpress\/plugins\/seo\/ -->\n<title>Alap\u00edtv\u00e1nyok - Sz\u00e9k\u00e1cs J\u00f3zsef Evang\u00e9likus \u00d3voda, \u00c1ltal\u00e1nos Iskola \u00e9s Gimn\u00e1zium<\/title>\n<meta name=\"robots\" content=\"index, follow, max-snippet:-1, max-image-preview:large, max-video-preview:-1\" \/>\n<link rel=\"canonical\" href=\"https:\/\/szekacs.lutheran.hu\/iskola\/alapitvanyok\/\" \/>\n<meta property=\"og:locale\" content=\"hu_HU\" \/>\n<meta property=\"og:type\" content=\"article\" \/>\n<meta property=\"og:title\" content=\"Alap\u00edtv\u00e1nyok - Sz\u00e9k\u00e1cs J\u00f3zsef Evang\u00e9likus \u00d3voda, \u00c1ltal\u00e1nos Iskola \u00e9s Gimn\u00e1zium\" \/>\n<meta property=\"og:url\" content=\"https:\/\/szekacs.lutheran.hu\/iskola\/alapitvanyok\/\" \/>\n<meta property=\"og:site_name\" content=\"Sz\u00e9k\u00e1cs J\u00f3zsef Evang\u00e9likus \u00d3voda, \u00c1ltal\u00e1nos Iskola \u00e9s Gimn\u00e1zium\" \/>\n<meta property=\"article:modified_time\" content=\"2026-02-26T08:42:03+00:00\" \/>\n<meta name=\"twitter:card\" content=\"summary_large_image\" \/>\n<meta name=\"twitter:label1\" content=\"Becs\u00fclt olvas\u00e1si id\u0151\" \/>\n\t<meta name=\"twitter:data1\" content=\"2 perc\" \/>\n<script type=\"application\/ld+json\" class=\"yoast-schema-graph\">{\"@context\":\"https:\/\/schema.org\",\"@graph\":[{\"@type\":\"WebPage\",\"@id\":\"https:\/\/szekacs.lutheran.hu\/iskola\/alapitvanyok\/\",\"url\":\"https:\/\/szekacs.lutheran.hu\/iskola\/alapitvanyok\/\",\"name\":\"Alap\u00edtv\u00e1nyok - Sz\u00e9k\u00e1cs J\u00f3zsef Evang\u00e9likus \u00d3voda, \u00c1ltal\u00e1nos Iskola \u00e9s Gimn\u00e1zium\",\"isPartOf\":{\"@id\":\"https:\/\/szekacs.lutheran.hu\/iskola\/#website\"},\"datePublished\":\"2019-11-28T09:15:48+00:00\",\"dateModified\":\"2026-02-26T08:42:03+00:00\",\"breadcrumb\":{\"@id\":\"https:\/\/szekacs.lutheran.hu\/iskola\/alapitvanyok\/#breadcrumb\"},\"inLanguage\":\"hu\",\"potentialAction\":[{\"@type\":\"ReadAction\",\"target\":[\"https:\/\/szekacs.lutheran.hu\/iskola\/alapitvanyok\/\"]}]},{\"@type\":\"BreadcrumbList\",\"@id\":\"https:\/\/szekacs.lutheran.hu\/iskola\/alapitvanyok\/#breadcrumb\",\"itemListElement\":[{\"@type\":\"ListItem\",\"position\":1,\"name\":\"Home\",\"item\":\"https:\/\/szekacs.lutheran.hu\/iskola\/\"},{\"@type\":\"ListItem\",\"position\":2,\"name\":\"Alap\u00edtv\u00e1nyok\"}]},{\"@type\":\"WebSite\",\"@id\":\"https:\/\/szekacs.lutheran.hu\/iskola\/#website\",\"url\":\"https:\/\/szekacs.lutheran.hu\/iskola\/\",\"name\":\"Sz\u00e9k\u00e1cs J\u00f3zsef Evang\u00e9likus \u00d3voda, \u00c1ltal\u00e1nos Iskola \u00e9s Gimn\u00e1zium\",\"description\":\"\",\"potentialAction\":[{\"@type\":\"SearchAction\",\"target\":{\"@type\":\"EntryPoint\",\"urlTemplate\":\"https:\/\/szekacs.lutheran.hu\/iskola\/?s={search_term_string}\"},\"query-input\":{\"@type\":\"PropertyValueSpecification\",\"valueRequired\":true,\"valueName\":\"search_term_string\"}}],\"inLanguage\":\"hu\"}]}<\/script>\n<!-- \/ Yoast SEO plugin. -->","yoast_head_json":{"title":"Alap\u00edtv\u00e1nyok - Sz\u00e9k\u00e1cs J\u00f3zsef Evang\u00e9likus \u00d3voda, \u00c1ltal\u00e1nos Iskola \u00e9s Gimn\u00e1zium","robots":{"index":"index","follow":"follow","max-snippet":"max-snippet:-1","max-image-preview":"max-image-preview:large","max-video-preview":"max-video-preview:-1"},"canonical":"https:\/\/szekacs.lutheran.hu\/iskola\/alapitvanyok\/","og_locale":"hu_HU","og_type":"article","og_title":"Alap\u00edtv\u00e1nyok - Sz\u00e9k\u00e1cs J\u00f3zsef Evang\u00e9likus \u00d3voda, \u00c1ltal\u00e1nos Iskola \u00e9s Gimn\u00e1zium","og_url":"https:\/\/szekacs.lutheran.hu\/iskola\/alapitvanyok\/","og_site_name":"Sz\u00e9k\u00e1cs J\u00f3zsef Evang\u00e9likus \u00d3voda, \u00c1ltal\u00e1nos Iskola \u00e9s Gimn\u00e1zium","article_modified_time":"2026-02-26T08:42:03+00:00","twitter_card":"summary_large_image","twitter_misc":{"Becs\u00fclt olvas\u00e1si id\u0151":"2 perc"},"schema":{"@context":"https:\/\/schema.org","@graph":[{"@type":"WebPage","@id":"https:\/\/szekacs.lutheran.hu\/iskola\/alapitvanyok\/","url":"https:\/\/szekacs.lutheran.hu\/iskola\/alapitvanyok\/","name":"Alap\u00edtv\u00e1nyok - Sz\u00e9k\u00e1cs J\u00f3zsef Evang\u00e9likus \u00d3voda, \u00c1ltal\u00e1nos Iskola \u00e9s Gimn\u00e1zium","isPartOf":{"@id":"https:\/\/szekacs.lutheran.hu\/iskola\/#website"},"datePublished":"2019-11-28T09:15:48+00:00","dateModified":"2026-02-26T08:42:03+00:00","breadcrumb":{"@id":"https:\/\/szekacs.lutheran.hu\/iskola\/alapitvanyok\/#breadcrumb"},"inLanguage":"hu","potentialAction":[{"@type":"ReadAction","target":["https:\/\/szekacs.lutheran.hu\/iskola\/alapitvanyok\/"]}]},{"@type":"BreadcrumbList","@id":"https:\/\/szekacs.lutheran.hu\/iskola\/alapitvanyok\/#breadcrumb","itemListElement":[{"@type":"ListItem","position":1,"name":"Home","item":"https:\/\/szekacs.lutheran.hu\/iskola\/"},{"@type":"ListItem","position":2,"name":"Alap\u00edtv\u00e1nyok"}]},{"@type":"WebSite","@id":"https:\/\/szekacs.lutheran.hu\/iskola\/#website","url":"https:\/\/szekacs.lutheran.hu\/iskola\/","name":"Sz\u00e9k\u00e1cs J\u00f3zsef Evang\u00e9likus \u00d3voda, \u00c1ltal\u00e1nos Iskola \u00e9s Gimn\u00e1zium","description":"","potentialAction":[{"@type":"SearchAction","target":{"@type":"EntryPoint","urlTemplate":"https:\/\/szekacs.lutheran.hu\/iskola\/?s={search_term_string}"},"query-input":{"@type":"PropertyValueSpecification","valueRequired":true,"valueName":"search_term_string"}}],"inLanguage":"hu"}]}},"_links":{"self":[{"href":"https:\/\/szekacs.lutheran.hu\/iskola\/wp-json\/wp\/v2\/pages\/16375","targetHints":{"allow":["GET"]}}],"collection":[{"href":"https:\/\/szekacs.lutheran.hu\/iskola\/wp-json\/wp\/v2\/pages"}],"about":[{"href":"https:\/\/szekacs.lutheran.hu\/iskola\/wp-json\/wp\/v2\/types\/page"}],"author":[{"embeddable":true,"href":"https:\/\/szekacs.lutheran.hu\/iskola\/wp-json\/wp\/v2\/users\/1"}],"replies":[{"embeddable":true,"href":"https:\/\/szekacs.lutheran.hu\/iskola\/wp-json\/wp\/v2\/comments?post=16375"}],"version-history":[{"count":9,"href":"https:\/\/szekacs.lutheran.hu\/iskola\/wp-json\/wp\/v2\/pages\/16375\/revisions"}],"predecessor-version":[{"id":33307,"href":"https:\/\/szekacs.lutheran.hu\/iskola\/wp-json\/wp\/v2\/pages\/16375\/revisions\/33307"}],"wp:attachment":[{"href":"https:\/\/szekacs.lutheran.hu\/iskola\/wp-json\/wp\/v2\/media?parent=16375"}],"curies":[{"name":"wp","href":"https:\/\/api.w.org\/{rel}","templated":true}]}}