{"id":16369,"date":"2019-11-28T09:01:30","date_gmt":"2019-11-28T09:01:30","guid":{"rendered":"https:\/\/szekacs.lutheran.hu\/iskola\/?page_id=16369"},"modified":"2025-10-22T13:00:51","modified_gmt":"2025-10-22T13:00:51","slug":"dokumentumok","status":"publish","type":"page","link":"https:\/\/szekacs.lutheran.hu\/iskola\/dokumentumok\/","title":{"rendered":"Dokumentumok"},"content":{"rendered":"<div id=\"cmsmasters_row_\" class=\"cmsmasters_row cmsmasters_color_scheme_default cmsmasters_row_top_default cmsmasters_row_bot_default cmsmasters_row_boxed\">\n<div class=\"cmsmasters_row_outer_parent\">\n<div class=\"cmsmasters_row_outer\">\n<div class=\"cmsmasters_row_inner\">\n<div class=\"cmsmasters_row_margin\">\n<div id=\"cmsmasters_column_\" class=\"cmsmasters_column one_first\">\n<div class=\"cmsmasters_column_inner\"><div class=\"cmsmasters_text\">\n<p>&nbsp;<\/p>\n<\/div>\n<\/div><\/div>\n<\/div>\n<\/div>\n<\/div>\n<\/div>\n<\/div>\n<div id=\"cmsmasters_row_j01ldky1od\" class=\"cmsmasters_row cmsmasters_color_scheme_default cmsmasters_row_top_default cmsmasters_row_bot_default cmsmasters_row_boxed\">\n<div class=\"cmsmasters_row_outer_parent\">\n<div class=\"cmsmasters_row_outer\">\n<div class=\"cmsmasters_row_inner\">\n<div class=\"cmsmasters_row_margin\">\n<div id=\"cmsmasters_column_se668btizj\" class=\"cmsmasters_column one_first\">\n<div class=\"cmsmasters_column_inner\"><div class=\"cmsmasters_text\">\n<p>Az al\u00e1bbiakban megtal\u00e1lhatj\u00e1k iskol\u00e1nkkal kapcsolatos legfontosabb dokumentumainkat.<\/p>\n<ul>\n<li><a href=\"https:\/\/szekacs.lutheran.hu\/iskola\/szekacs-pp-2024\/\" target=\"_blank\" rel=\"noopener noreferrer\">Pedag\u00f3giai program<\/a><\/li>\n<li><a href=\"https:\/\/szekacs.lutheran.hu\/iskola\/egyuttmukodesi-megallapodasok\/\">Egy\u00fcttm\u0171k\u00f6d\u00e9si meg\u00e1llapod\u00e1sok a k\u00f6z\u00f6ss\u00e9gi szolg\u00e1latr\u00f3l<\/a><\/li>\n<li><a href=\"https:\/\/szekacs.lutheran.hu\/iskola\/szmsz-szekacs-2025\/\" target=\"_blank\" rel=\"noopener noreferrer\">SZMSZ<\/a><\/li>\n<li><a href=\"https:\/\/szekacs.lutheran.hu\/iskola\/hazirend-szekacs-2025\/\" target=\"_blank\" rel=\"noopener noreferrer\">H\u00e1zirend<\/a><\/li>\n<li><a href=\"https:\/\/szekacs.lutheran.hu\/iskola\/wp-content\/uploads\/2025\/10\/Felveteli-tajekoztato-KIFIR-2025.pdf\" target=\"_blank\" rel=\"noopener noreferrer\">Felv\u00e9teli t\u00e1j\u00e9koztat\u00f3<\/a><\/li>\n<\/ul>\n<p><a href=\"https:\/\/szekacs.lutheran.hu\/ovoda\/index.php?cid=9550\" target=\"_blank\" rel=\"noopener noreferrer\"><strong>\u00bb<\/strong>\u00a0\u00d3vodai dokumentumok<\/a><\/p>\n<p>A tanfel\u00fcgyeleti ellen\u0151rz\u00e9sek eredm\u00e9nyei itt olvashat\u00f3ak:<\/p>\n<p><a href=\"https:\/\/szekacs.lutheran.hu\/iskola\/vezetoi-tanfelugyelet-2022-ertekelese\/\" target=\"_blank\" rel=\"noopener noreferrer\">Vezet\u0151i tanfel\u00fcgyelet 2022<\/a><\/p>\n<p><a href=\"https:\/\/szekacs.lutheran.hu\/iskola\/tanfelugyelet-megallapitasai-gimnazium-2024\/\" target=\"_blank\" rel=\"noopener noreferrer\">Gimn\u00e1ziumi tanfel\u00fcgyelet 2024<\/a><\/p>\n<p><a href=\"https:\/\/szekacs.lutheran.hu\/iskola\/alt-isk-pem-eredmenyek-2025-teruletek-ertekelese\/\" target=\"_blank\" rel=\"noopener noreferrer\">\u00c1ltal\u00e1nos iskolai tanfel\u00fcgyelet 2025<\/a><\/p>\n<p><a href=\"https:\/\/szekacs.lutheran.hu\/iskola\/ovodai-pem-eredmenyek-2025-teruletek\/\" target=\"_blank\" rel=\"noopener noreferrer\">\u00d3vodai tanfel\u00fcgyelet 2025<\/a><\/p>\n<p>Az Nkt. 81.\u00a7-ban foglalt k\u00f6telezetts\u00e9g\u00fcnk nyom\u00e1n a Sz\u00e9k\u00e1cs Evang\u00e9likus Iskola a honlapj\u00e1n nyilv\u00e1noss\u00e1gra hozza, hogy milyen eredm\u00e9nyt \u00e9rtek el az el\u0151z\u0151 k\u00e9t \u00e9vfolyam tanul\u00f3i azokban a k\u00f6z\u00e9piskol\u00e1kban, ahol tov\u00e1bbtanultak. Az adatok azokt\u00f3l a k\u00f6z\u00e9piskol\u00e1kt\u00f3l \u00e9rkeztek, ahol kor\u00e1bbi di\u00e1kjaink jelenleg tanulnak. Az adatokat di\u00e1kokhoz nem kapcsolhat\u00f3, nem azonos\u00edthat\u00f3 form\u00e1ban jelentetj\u00fck meg.<\/p>\n<p>A v\u00e9gzett \u00e1ltal\u00e1nos iskolai di\u00e1kok k\u00f6z\u00e9piskolai eredm\u00e9nyei itt tal\u00e1lhat\u00f3ak:<\/p>\n<p><a href=\"https:\/\/szekacs.lutheran.hu\/iskola\/nyolcadikosok-eredmenyei\/\" target=\"_blank\" rel=\"noopener noreferrer\">A 2017\/2018. \u00e9s 2018\/2019. tan\u00e9vben v\u00e9gzett nyolcadik oszt\u00e1ly<\/a><\/p>\n<p><a href=\"https:\/\/szekacs.lutheran.hu\/iskola\/nyolcadikosok-eredmenyei-2\/\" target=\"_blank\" rel=\"noopener noreferrer\">A 2018\/2019. \u00e9s 2019\/2020. tan\u00e9vben v\u00e9gzett nyolcadik oszt\u00e1ly<\/a><\/p>\n<p><a href=\"https:\/\/szekacs.lutheran.hu\/iskola\/volt-diakok-eredmenyei\/\" target=\"_blank\" rel=\"noopener noreferrer\">A 2019\/2020. \u00e9s 2020\/2021. tan\u00e9vben v\u00e9gzett nyolcadik oszt\u00e1ly<\/a><\/p>\n<p><a href=\"https:\/\/szekacs.lutheran.hu\/iskola\/nyolcadikosok-eredmenyei-2023\/\" target=\"_blank\" rel=\"noopener noreferrer\">A 2020\/2021. \u00e9s 2021\/2022. tan\u00e9vben v\u00e9gzett nyolcadik oszt\u00e1ly<\/a><\/p>\n<p><a href=\"https:\/\/szekacs.lutheran.hu\/iskola\/nyolcadikosok-eredmenyei-3\/\" target=\"_blank\" rel=\"noopener noreferrer\">A 2021\/2022. \u00e9s 2022\/2023. tan\u00e9vben v\u00e9gzett nyolcadik oszt\u00e1ly<\/a><\/p>\n<\/div>\n<\/div><\/div>\n<\/div>\n<\/div>\n<\/div>\n<\/div>\n<\/div>\n<div id=\"cmsmasters_row_\" class=\"cmsmasters_row cmsmasters_color_scheme_default cmsmasters_row_top_default cmsmasters_row_bot_default cmsmasters_row_boxed\">\n<div class=\"cmsmasters_row_outer_parent\">\n<div class=\"cmsmasters_row_outer\">\n<div class=\"cmsmasters_row_inner\">\n<div class=\"cmsmasters_row_margin\">\n<div id=\"cmsmasters_column_\" class=\"cmsmasters_column one_first\">\n<div class=\"cmsmasters_column_inner\"><div class=\"cmsmasters_text\">\n<p>&nbsp;<\/p>\n<\/div>\n<\/div><\/div>\n<\/div>\n<\/div>\n<\/div>\n<\/div>\n<\/div>\n\n","protected":false},"excerpt":{"rendered":"","protected":false},"author":1,"featured_media":0,"parent":0,"menu_order":0,"comment_status":"closed","ping_status":"closed","template":"","meta":{"footnotes":""},"class_list":["post-16369","page","type-page","status-publish","hentry"],"yoast_head":"<!-- This site is optimized with the Yoast SEO plugin v26.2 - https:\/\/yoast.com\/wordpress\/plugins\/seo\/ -->\n<title>Dokumentumok - Sz\u00e9k\u00e1cs J\u00f3zsef Evang\u00e9likus \u00d3voda, \u00c1ltal\u00e1nos Iskola \u00e9s Gimn\u00e1zium<\/title>\n<meta name=\"robots\" content=\"index, follow, max-snippet:-1, max-image-preview:large, max-video-preview:-1\" \/>\n<link rel=\"canonical\" href=\"https:\/\/szekacs.lutheran.hu\/iskola\/dokumentumok\/\" \/>\n<meta property=\"og:locale\" content=\"hu_HU\" \/>\n<meta property=\"og:type\" content=\"article\" \/>\n<meta property=\"og:title\" content=\"Dokumentumok - Sz\u00e9k\u00e1cs J\u00f3zsef Evang\u00e9likus \u00d3voda, \u00c1ltal\u00e1nos Iskola \u00e9s Gimn\u00e1zium\" \/>\n<meta property=\"og:url\" content=\"https:\/\/szekacs.lutheran.hu\/iskola\/dokumentumok\/\" \/>\n<meta property=\"og:site_name\" content=\"Sz\u00e9k\u00e1cs J\u00f3zsef Evang\u00e9likus \u00d3voda, \u00c1ltal\u00e1nos Iskola \u00e9s Gimn\u00e1zium\" \/>\n<meta property=\"article:modified_time\" content=\"2025-10-22T13:00:51+00:00\" \/>\n<meta name=\"twitter:card\" content=\"summary_large_image\" \/>\n<meta name=\"twitter:label1\" content=\"Becs\u00fclt olvas\u00e1si id\u0151\" \/>\n\t<meta name=\"twitter:data1\" content=\"1 perc\" \/>\n<script type=\"application\/ld+json\" class=\"yoast-schema-graph\">{\"@context\":\"https:\/\/schema.org\",\"@graph\":[{\"@type\":\"WebPage\",\"@id\":\"https:\/\/szekacs.lutheran.hu\/iskola\/dokumentumok\/\",\"url\":\"https:\/\/szekacs.lutheran.hu\/iskola\/dokumentumok\/\",\"name\":\"Dokumentumok - Sz\u00e9k\u00e1cs J\u00f3zsef Evang\u00e9likus \u00d3voda, \u00c1ltal\u00e1nos Iskola \u00e9s Gimn\u00e1zium\",\"isPartOf\":{\"@id\":\"https:\/\/szekacs.lutheran.hu\/iskola\/#website\"},\"datePublished\":\"2019-11-28T09:01:30+00:00\",\"dateModified\":\"2025-10-22T13:00:51+00:00\",\"breadcrumb\":{\"@id\":\"https:\/\/szekacs.lutheran.hu\/iskola\/dokumentumok\/#breadcrumb\"},\"inLanguage\":\"hu\",\"potentialAction\":[{\"@type\":\"ReadAction\",\"target\":[\"https:\/\/szekacs.lutheran.hu\/iskola\/dokumentumok\/\"]}]},{\"@type\":\"BreadcrumbList\",\"@id\":\"https:\/\/szekacs.lutheran.hu\/iskola\/dokumentumok\/#breadcrumb\",\"itemListElement\":[{\"@type\":\"ListItem\",\"position\":1,\"name\":\"Home\",\"item\":\"https:\/\/szekacs.lutheran.hu\/iskola\/\"},{\"@type\":\"ListItem\",\"position\":2,\"name\":\"Dokumentumok\"}]},{\"@type\":\"WebSite\",\"@id\":\"https:\/\/szekacs.lutheran.hu\/iskola\/#website\",\"url\":\"https:\/\/szekacs.lutheran.hu\/iskola\/\",\"name\":\"Sz\u00e9k\u00e1cs J\u00f3zsef Evang\u00e9likus \u00d3voda, \u00c1ltal\u00e1nos Iskola \u00e9s Gimn\u00e1zium\",\"description\":\"\",\"potentialAction\":[{\"@type\":\"SearchAction\",\"target\":{\"@type\":\"EntryPoint\",\"urlTemplate\":\"https:\/\/szekacs.lutheran.hu\/iskola\/?s={search_term_string}\"},\"query-input\":{\"@type\":\"PropertyValueSpecification\",\"valueRequired\":true,\"valueName\":\"search_term_string\"}}],\"inLanguage\":\"hu\"}]}<\/script>\n<!-- \/ Yoast SEO plugin. -->","yoast_head_json":{"title":"Dokumentumok - Sz\u00e9k\u00e1cs J\u00f3zsef Evang\u00e9likus \u00d3voda, \u00c1ltal\u00e1nos Iskola \u00e9s Gimn\u00e1zium","robots":{"index":"index","follow":"follow","max-snippet":"max-snippet:-1","max-image-preview":"max-image-preview:large","max-video-preview":"max-video-preview:-1"},"canonical":"https:\/\/szekacs.lutheran.hu\/iskola\/dokumentumok\/","og_locale":"hu_HU","og_type":"article","og_title":"Dokumentumok - Sz\u00e9k\u00e1cs J\u00f3zsef Evang\u00e9likus \u00d3voda, \u00c1ltal\u00e1nos Iskola \u00e9s Gimn\u00e1zium","og_url":"https:\/\/szekacs.lutheran.hu\/iskola\/dokumentumok\/","og_site_name":"Sz\u00e9k\u00e1cs J\u00f3zsef Evang\u00e9likus \u00d3voda, \u00c1ltal\u00e1nos Iskola \u00e9s Gimn\u00e1zium","article_modified_time":"2025-10-22T13:00:51+00:00","twitter_card":"summary_large_image","twitter_misc":{"Becs\u00fclt olvas\u00e1si id\u0151":"1 perc"},"schema":{"@context":"https:\/\/schema.org","@graph":[{"@type":"WebPage","@id":"https:\/\/szekacs.lutheran.hu\/iskola\/dokumentumok\/","url":"https:\/\/szekacs.lutheran.hu\/iskola\/dokumentumok\/","name":"Dokumentumok - Sz\u00e9k\u00e1cs J\u00f3zsef Evang\u00e9likus \u00d3voda, \u00c1ltal\u00e1nos Iskola \u00e9s Gimn\u00e1zium","isPartOf":{"@id":"https:\/\/szekacs.lutheran.hu\/iskola\/#website"},"datePublished":"2019-11-28T09:01:30+00:00","dateModified":"2025-10-22T13:00:51+00:00","breadcrumb":{"@id":"https:\/\/szekacs.lutheran.hu\/iskola\/dokumentumok\/#breadcrumb"},"inLanguage":"hu","potentialAction":[{"@type":"ReadAction","target":["https:\/\/szekacs.lutheran.hu\/iskola\/dokumentumok\/"]}]},{"@type":"BreadcrumbList","@id":"https:\/\/szekacs.lutheran.hu\/iskola\/dokumentumok\/#breadcrumb","itemListElement":[{"@type":"ListItem","position":1,"name":"Home","item":"https:\/\/szekacs.lutheran.hu\/iskola\/"},{"@type":"ListItem","position":2,"name":"Dokumentumok"}]},{"@type":"WebSite","@id":"https:\/\/szekacs.lutheran.hu\/iskola\/#website","url":"https:\/\/szekacs.lutheran.hu\/iskola\/","name":"Sz\u00e9k\u00e1cs J\u00f3zsef Evang\u00e9likus \u00d3voda, \u00c1ltal\u00e1nos Iskola \u00e9s Gimn\u00e1zium","description":"","potentialAction":[{"@type":"SearchAction","target":{"@type":"EntryPoint","urlTemplate":"https:\/\/szekacs.lutheran.hu\/iskola\/?s={search_term_string}"},"query-input":{"@type":"PropertyValueSpecification","valueRequired":true,"valueName":"search_term_string"}}],"inLanguage":"hu"}]}},"_links":{"self":[{"href":"https:\/\/szekacs.lutheran.hu\/iskola\/wp-json\/wp\/v2\/pages\/16369","targetHints":{"allow":["GET"]}}],"collection":[{"href":"https:\/\/szekacs.lutheran.hu\/iskola\/wp-json\/wp\/v2\/pages"}],"about":[{"href":"https:\/\/szekacs.lutheran.hu\/iskola\/wp-json\/wp\/v2\/types\/page"}],"author":[{"embeddable":true,"href":"https:\/\/szekacs.lutheran.hu\/iskola\/wp-json\/wp\/v2\/users\/1"}],"replies":[{"embeddable":true,"href":"https:\/\/szekacs.lutheran.hu\/iskola\/wp-json\/wp\/v2\/comments?post=16369"}],"version-history":[{"count":34,"href":"https:\/\/szekacs.lutheran.hu\/iskola\/wp-json\/wp\/v2\/pages\/16369\/revisions"}],"predecessor-version":[{"id":33102,"href":"https:\/\/szekacs.lutheran.hu\/iskola\/wp-json\/wp\/v2\/pages\/16369\/revisions\/33102"}],"wp:attachment":[{"href":"https:\/\/szekacs.lutheran.hu\/iskola\/wp-json\/wp\/v2\/media?parent=16369"}],"curies":[{"name":"wp","href":"https:\/\/api.w.org\/{rel}","templated":true}]}}